{"id":114,"date":"2020-07-02T18:19:37","date_gmt":"2020-07-02T16:19:37","guid":{"rendered":"http:\/\/www.cent.uo.edu.cu\/cbm\/?page_id=114"},"modified":"2021-11-03T15:23:30","modified_gmt":"2021-11-03T14:23:30","slug":"colaboracion-internacional","status":"publish","type":"page","link":"https:\/\/www.cent.uo.edu.cu\/cbm\/colaboracion-internacional\/","title":{"rendered":"Colaboraci\u00f3n Internacional"},"content":{"rendered":"\n<h2 class=\"wp-block-heading\"><strong>Relaciones internacionales con universidades<\/strong><\/h2>\n\n\n\n<ul class=\"wp-block-list\"><li>Universidad Complutense de Madrid (dpto. f\u00edsica), Espa\u00f1a<\/li><li>Universidad Pablo de Olavide, Sevilla, Espa\u00f1a<\/li><li>Colegio Imperial de Londres, Inglaterra<\/li><li>Universidad Claude Bernal (dpto. f\u00edsica) Lyon, Francia<\/li><li>Universidad de Carleton (dpto. f\u00edsica) Ottawa Canad\u00e1<\/li><li>Universidad de New Brunswick, Fredericton. Canad\u00e1<\/li><li>Universidad de Brasilia, Brasil<\/li><li>Universidad Nacional de Entre Rios, Argentina<\/li><li>Universidad do Litoral, Argentina<\/li><li>Universidad de C\u00f3rdoba, Argentina&nbsp;&nbsp; &nbsp;&nbsp;<\/li><li>Universidad Federal do Espirito Santo, Brasil<\/li><li>Universidad Antonio Nari\u00f1o, Colombia<\/li><\/ul>\n","protected":false},"excerpt":{"rendered":"<p>Relaciones internacionales con universidades Universidad Complutense de Madrid (dpto. f\u00edsica), Espa\u00f1a Universidad Pablo de Olavide, Sevilla, Espa\u00f1a Colegio Imperial de Londres, Inglaterra Universidad Claude Bernal (dpto. f\u00edsica) Lyon, Francia Universidad de Carleton (dpto. f\u00edsica) Ottawa Canad\u00e1 Universidad de New Brunswick, Fredericton. Canad\u00e1 Universidad de Brasilia, Brasil Universidad Nacional de Entre Rios, Argentina Universidad do Litoral, [&hellip;]<\/p>\n","protected":false},"author":19,"featured_media":0,"parent":0,"menu_order":0,"comment_status":"closed","ping_status":"closed","template":"","meta":{"site-sidebar-layout":"default","site-content-layout":"","ast-site-content-layout":"default","site-content-style":"default","site-sidebar-style":"default","ast-global-header-display":"","ast-banner-title-visibility":"","ast-main-header-display":"","ast-hfb-above-header-display":"","ast-hfb-below-header-display":"","ast-hfb-mobile-header-display":"","site-post-title":"","ast-breadcrumbs-content":"","ast-featured-img":"","footer-sml-layout":"","ast-disable-related-posts":"","theme-transparent-header-meta":"","adv-header-id-meta":"","stick-header-meta":"","header-above-stick-meta":"","header-main-stick-meta":"","header-below-stick-meta":"","astra-migrate-meta-layouts":"default","ast-page-background-enabled":"default","ast-page-background-meta":{"desktop":{"background-color":"var(--ast-global-color-4)","background-image":"","background-repeat":"repeat","background-position":"center center","background-size":"auto","background-attachment":"scroll","background-type":"","background-media":"","overlay-type":"","overlay-color":"","overlay-opacity":"","overlay-gradient":""},"tablet":{"background-color":"","background-image":"","background-repeat":"repeat","background-position":"center center","background-size":"auto","background-attachment":"scroll","background-type":"","background-media":"","overlay-type":"","overlay-color":"","overlay-opacity":"","overlay-gradient":""},"mobile":{"background-color":"","background-image":"","background-repeat":"repeat","background-position":"center center","background-size":"auto","background-attachment":"scroll","background-type":"","background-media":"","overlay-type":"","overlay-color":"","overlay-opacity":"","overlay-gradient":""}},"ast-content-background-meta":{"desktop":{"background-color":"var(--ast-global-color-5)","background-image":"","background-repeat":"repeat","background-position":"center center","background-size":"auto","background-attachment":"scroll","background-type":"","background-media":"","overlay-type":"","overlay-color":"","overlay-opacity":"","overlay-gradient":""},"tablet":{"background-color":"var(--ast-global-color-5)","background-image":"","background-repeat":"repeat","background-position":"center center","background-size":"auto","background-attachment":"scroll","background-type":"","background-media":"","overlay-type":"","overlay-color":"","overlay-opacity":"","overlay-gradient":""},"mobile":{"background-color":"var(--ast-global-color-5)","background-image":"","background-repeat":"repeat","background-position":"center center","background-size":"auto","background-attachment":"scroll","background-type":"","background-media":"","overlay-type":"","overlay-color":"","overlay-opacity":"","overlay-gradient":""}},"ngg_post_thumbnail":0,"footnotes":""},"class_list":["post-114","page","type-page","status-publish","hentry"],"_links":{"self":[{"href":"https:\/\/www.cent.uo.edu.cu\/cbm\/wp-json\/wp\/v2\/pages\/114","targetHints":{"allow":["GET"]}}],"collection":[{"href":"https:\/\/www.cent.uo.edu.cu\/cbm\/wp-json\/wp\/v2\/pages"}],"about":[{"href":"https:\/\/www.cent.uo.edu.cu\/cbm\/wp-json\/wp\/v2\/types\/page"}],"author":[{"embeddable":true,"href":"https:\/\/www.cent.uo.edu.cu\/cbm\/wp-json\/wp\/v2\/users\/19"}],"replies":[{"embeddable":true,"href":"https:\/\/www.cent.uo.edu.cu\/cbm\/wp-json\/wp\/v2\/comments?post=114"}],"version-history":[{"count":2,"href":"https:\/\/www.cent.uo.edu.cu\/cbm\/wp-json\/wp\/v2\/pages\/114\/revisions"}],"predecessor-version":[{"id":1028,"href":"https:\/\/www.cent.uo.edu.cu\/cbm\/wp-json\/wp\/v2\/pages\/114\/revisions\/1028"}],"wp:attachment":[{"href":"https:\/\/www.cent.uo.edu.cu\/cbm\/wp-json\/wp\/v2\/media?parent=114"}],"curies":[{"name":"wp","href":"https:\/\/api.w.org\/{rel}","templated":true}]}}