{"id":115,"date":"2020-07-02T18:19:37","date_gmt":"2020-07-02T16:19:37","guid":{"rendered":"http:\/\/www.cent.uo.edu.cu\/cbm\/?page_id=115"},"modified":"2021-03-29T15:50:19","modified_gmt":"2021-03-29T13:50:19","slug":"estructura-organizativa-3","status":"publish","type":"page","link":"https:\/\/www.cent.uo.edu.cu\/cbm\/estructura-organizativa-3\/","title":{"rendered":"Estructura organizativa"},"content":{"rendered":"\n<p class=\"has-text-align-center\"><\/p>\n\n\n\n<div class=\"wp-block-group\"><div class=\"wp-block-group__inner-container is-layout-flow wp-block-group-is-layout-flow\">\n<p><a rel=\"noreferrer noopener\" href=\"https:\/\/www.cent.uo.edu.cu\/cbm\/director-cientifico\/\" target=\"_blank\"><\/a><\/p>\n<\/div><\/div>\n\n\n\n<p class=\"has-text-align-right\">&nbsp;<\/p>\n\n\n\n<p class=\"has-text-align-center\"><strong>Composici\u00f3n por categor\u00edas docentes y acad\u00e9micas:<\/strong><\/p>\n\n\n\n<figure class=\"wp-block-table is-style-stripes\"><table><tbody><tr><td><strong><em>Potencial Humano<\/em><\/strong><\/td><td class=\"has-text-align-left\" data-align=\"left\"><strong><em>Nivel de Escolaridad<\/em><\/strong><\/td><td><strong><em>Categor\u00eda Ocupacional<\/em><\/strong><\/td><td class=\"has-text-align-left\" data-align=\"left\"><em><strong>Categor\u00eda de Investigaci\u00f3n<\/strong><\/em><\/td><td class=\"has-text-align-center\" data-align=\"center\"><strong><em>Profesores Categor\u00eda Docente<\/em><\/strong><\/td><\/tr><tr><td>Femenino: 30<\/td><td class=\"has-text-align-left\" data-align=\"left\">Educaci\u00f3n Superior: 53<\/td><td>Dirigentes: 9<\/td><td class=\"has-text-align-left\" data-align=\"left\">Investigador Titular: 2<\/td><td class=\"has-text-align-center\" data-align=\"center\">Profesor Titular: 3<\/td><\/tr><tr><td>Masculino: 65<\/td><td class=\"has-text-align-left\" data-align=\"left\">Educaci\u00f3n Media Superior: 14<\/td><td>T\u00e9cnicos: 67<\/td><td class=\"has-text-align-left\" data-align=\"left\">Investigador Auxiliar: 3<\/td><td class=\"has-text-align-center\" data-align=\"center\">Profesor Auxiliar: 3<\/td><\/tr><tr><td>Total de trabajadores: 95<\/td><td class=\"has-text-align-left\" data-align=\"left\">Educaci\u00f3n T\u00e9cnico Profesional: 24<\/td><td>Obreros: 9<\/td><td class=\"has-text-align-left\" data-align=\"left\">Investigador Agregado: 9<\/td><td class=\"has-text-align-center\" data-align=\"center\">Profesor Asistente: 5<\/td><\/tr><tr><td><\/td><td class=\"has-text-align-left\" data-align=\"left\">Secundaria B\u00e1sica: 5<\/td><td>Servicios: 4<\/td><td class=\"has-text-align-left\" data-align=\"left\">Aspirante a Investigador: 6<\/td><td class=\"has-text-align-center\" data-align=\"center\">Profesor Instructor: 7<\/td><\/tr><tr><td><\/td><td class=\"has-text-align-left\" data-align=\"left\">Obrero Calificado: 5<\/td><td><\/td><td class=\"has-text-align-left\" data-align=\"left\"><\/td><td class=\"has-text-align-center\" data-align=\"center\"><\/td><\/tr><tr><td><\/td><td class=\"has-text-align-left\" data-align=\"left\">Doctor en Ciencias: 6<\/td><td><\/td><td class=\"has-text-align-left\" data-align=\"left\"><\/td><td class=\"has-text-align-center\" data-align=\"center\"><\/td><\/tr><tr><td><\/td><td class=\"has-text-align-left\" data-align=\"left\">Master en Ciencias: 23<\/td><td><\/td><td class=\"has-text-align-left\" data-align=\"left\"><\/td><td class=\"has-text-align-center\" data-align=\"center\"><\/td><\/tr><\/tbody><\/table><\/figure>\n","protected":false},"excerpt":{"rendered":"<p>&nbsp; Composici\u00f3n por categor\u00edas docentes y acad\u00e9micas: Potencial Humano Nivel de Escolaridad Categor\u00eda Ocupacional Categor\u00eda de Investigaci\u00f3n Profesores Categor\u00eda Docente Femenino: 30 Educaci\u00f3n Superior: 53 Dirigentes: 9 Investigador Titular: 2 Profesor Titular: 3 Masculino: 65 Educaci\u00f3n Media Superior: 14 T\u00e9cnicos: 67 Investigador Auxiliar: 3 Profesor Auxiliar: 3 Total de trabajadores: 95 Educaci\u00f3n T\u00e9cnico Profesional: 24 [&hellip;]<\/p>\n","protected":false},"author":19,"featured_media":0,"parent":0,"menu_order":0,"comment_status":"closed","ping_status":"closed","template":"","meta":{"site-sidebar-layout":"default","site-content-layout":"","ast-site-content-layout":"default","site-content-style":"default","site-sidebar-style":"default","ast-global-header-display":"","ast-banner-title-visibility":"","ast-main-header-display":"","ast-hfb-above-header-display":"","ast-hfb-below-header-display":"","ast-hfb-mobile-header-display":"","site-post-title":"","ast-breadcrumbs-content":"","ast-featured-img":"","footer-sml-layout":"","ast-disable-related-posts":"","theme-transparent-header-meta":"","adv-header-id-meta":"","stick-header-meta":"","header-above-stick-meta":"","header-main-stick-meta":"","header-below-stick-meta":"","astra-migrate-meta-layouts":"default","ast-page-background-enabled":"default","ast-page-background-meta":{"desktop":{"background-color":"var(--ast-global-color-4)","background-image":"","background-repeat":"repeat","background-position":"center center","background-size":"auto","background-attachment":"scroll","background-type":"","background-media":"","overlay-type":"","overlay-color":"","overlay-opacity":"","overlay-gradient":""},"tablet":{"background-color":"","background-image":"","background-repeat":"repeat","background-position":"center center","background-size":"auto","background-attachment":"scroll","background-type":"","background-media":"","overlay-type":"","overlay-color":"","overlay-opacity":"","overlay-gradient":""},"mobile":{"background-color":"","background-image":"","background-repeat":"repeat","background-position":"center center","background-size":"auto","background-attachment":"scroll","background-type":"","background-media":"","overlay-type":"","overlay-color":"","overlay-opacity":"","overlay-gradient":""}},"ast-content-background-meta":{"desktop":{"background-color":"var(--ast-global-color-5)","background-image":"","background-repeat":"repeat","background-position":"center center","background-size":"auto","background-attachment":"scroll","background-type":"","background-media":"","overlay-type":"","overlay-color":"","overlay-opacity":"","overlay-gradient":""},"tablet":{"background-color":"var(--ast-global-color-5)","background-image":"","background-repeat":"repeat","background-position":"center center","background-size":"auto","background-attachment":"scroll","background-type":"","background-media":"","overlay-type":"","overlay-color":"","overlay-opacity":"","overlay-gradient":""},"mobile":{"background-color":"var(--ast-global-color-5)","background-image":"","background-repeat":"repeat","background-position":"center center","background-size":"auto","background-attachment":"scroll","background-type":"","background-media":"","overlay-type":"","overlay-color":"","overlay-opacity":"","overlay-gradient":""}},"ngg_post_thumbnail":0,"footnotes":""},"class_list":["post-115","page","type-page","status-publish","hentry"],"_links":{"self":[{"href":"https:\/\/www.cent.uo.edu.cu\/cbm\/wp-json\/wp\/v2\/pages\/115","targetHints":{"allow":["GET"]}}],"collection":[{"href":"https:\/\/www.cent.uo.edu.cu\/cbm\/wp-json\/wp\/v2\/pages"}],"about":[{"href":"https:\/\/www.cent.uo.edu.cu\/cbm\/wp-json\/wp\/v2\/types\/page"}],"author":[{"embeddable":true,"href":"https:\/\/www.cent.uo.edu.cu\/cbm\/wp-json\/wp\/v2\/users\/19"}],"replies":[{"embeddable":true,"href":"https:\/\/www.cent.uo.edu.cu\/cbm\/wp-json\/wp\/v2\/comments?post=115"}],"version-history":[{"count":14,"href":"https:\/\/www.cent.uo.edu.cu\/cbm\/wp-json\/wp\/v2\/pages\/115\/revisions"}],"predecessor-version":[{"id":841,"href":"https:\/\/www.cent.uo.edu.cu\/cbm\/wp-json\/wp\/v2\/pages\/115\/revisions\/841"}],"wp:attachment":[{"href":"https:\/\/www.cent.uo.edu.cu\/cbm\/wp-json\/wp\/v2\/media?parent=115"}],"curies":[{"name":"wp","href":"https:\/\/api.w.org\/{rel}","templated":true}]}}