{"id":116,"date":"2020-07-02T18:19:37","date_gmt":"2020-07-02T16:19:37","guid":{"rendered":"http:\/\/www.cent.uo.edu.cu\/cbm\/?page_id=116"},"modified":"2021-10-13T14:35:54","modified_gmt":"2021-10-13T12:35:54","slug":"productos-y-servicios","status":"publish","type":"page","link":"https:\/\/www.cent.uo.edu.cu\/cbm\/productos-y-servicios\/","title":{"rendered":"productos-y-servicios\/"},"content":{"rendered":"\n<p>La Direcci\u00f3n de <strong>Producci\u00f3n \u2013 Comercializaci\u00f3n<\/strong> tiene como misi\u00f3n suministrar los productos y servicios demandados por el mercado nacional e internacional, basados en tecnolog\u00edas biom\u00e9dicas y de resonancia magn\u00e9tica, contribuyendo al bienestar social y al desarrollo econ\u00f3mico del pa\u00eds, apoyados en un personal calificado y comprometido. Cumplimos con las normas de Buenas Pr\u00e1cticas de Producci\u00f3n y las regulaciones de calidad, que incluyen las certificaciones y registros de nuestros productos, a partir de inspecciones y auditorias internas y nacionales.<\/p>\n\n\n\n<p>Las \u00e1reas que se subordinan a la Direcci\u00f3n de Producci\u00f3n \u2013 Comercializaci\u00f3n<\/p>\n\n\n\n<ul class=\"wp-block-list\"><li>Grupo de Montaje Electr\u00f3nico<\/li><li>Taller de Mec\u00e1nica<\/li><li>Grupo de Instalaci\u00f3n y Postventa<\/li><li>Departamento Comercial<\/li><\/ul>\n\n\n\n<p>Los principales procesos que desarrollan en esta Direcci\u00f3n son:<\/p>\n\n\n\n<ul class=\"wp-block-list\"><li>Transferencia de Tecnolog\u00eda<\/li><li>Producci\u00f3n de tecnolog\u00eda biom\u00e9dica<\/li><li>Contrataci\u00f3n de productos y servicios<\/li><li>Introducci\u00f3n de nuevos productos al proceso productivo por transferencia de desarrollo<\/li><li>Instalaci\u00f3n y Servicio postventa<\/li><li>Investigaci\u00f3n de Mercado<\/li><\/ul>\n","protected":false},"excerpt":{"rendered":"<p>La Direcci\u00f3n de Producci\u00f3n \u2013 Comercializaci\u00f3n tiene como misi\u00f3n suministrar los productos y servicios demandados por el mercado nacional e internacional, basados en tecnolog\u00edas biom\u00e9dicas y de resonancia magn\u00e9tica, contribuyendo al bienestar social y al desarrollo econ\u00f3mico del pa\u00eds, apoyados en un personal calificado y comprometido. Cumplimos con las normas de Buenas Pr\u00e1cticas de Producci\u00f3n [&hellip;]<\/p>\n","protected":false},"author":19,"featured_media":0,"parent":0,"menu_order":0,"comment_status":"closed","ping_status":"closed","template":"","meta":{"site-sidebar-layout":"default","site-content-layout":"","ast-site-content-layout":"default","site-content-style":"default","site-sidebar-style":"default","ast-global-header-display":"","ast-banner-title-visibility":"","ast-main-header-display":"","ast-hfb-above-header-display":"","ast-hfb-below-header-display":"","ast-hfb-mobile-header-display":"","site-post-title":"","ast-breadcrumbs-content":"","ast-featured-img":"","footer-sml-layout":"","ast-disable-related-posts":"","theme-transparent-header-meta":"","adv-header-id-meta":"","stick-header-meta":"","header-above-stick-meta":"","header-main-stick-meta":"","header-below-stick-meta":"","astra-migrate-meta-layouts":"default","ast-page-background-enabled":"default","ast-page-background-meta":{"desktop":{"background-color":"var(--ast-global-color-4)","background-image":"","background-repeat":"repeat","background-position":"center center","background-size":"auto","background-attachment":"scroll","background-type":"","background-media":"","overlay-type":"","overlay-color":"","overlay-opacity":"","overlay-gradient":""},"tablet":{"background-color":"","background-image":"","background-repeat":"repeat","background-position":"center center","background-size":"auto","background-attachment":"scroll","background-type":"","background-media":"","overlay-type":"","overlay-color":"","overlay-opacity":"","overlay-gradient":""},"mobile":{"background-color":"","background-image":"","background-repeat":"repeat","background-position":"center center","background-size":"auto","background-attachment":"scroll","background-type":"","background-media":"","overlay-type":"","overlay-color":"","overlay-opacity":"","overlay-gradient":""}},"ast-content-background-meta":{"desktop":{"background-color":"var(--ast-global-color-5)","background-image":"","background-repeat":"repeat","background-position":"center center","background-size":"auto","background-attachment":"scroll","background-type":"","background-media":"","overlay-type":"","overlay-color":"","overlay-opacity":"","overlay-gradient":""},"tablet":{"background-color":"var(--ast-global-color-5)","background-image":"","background-repeat":"repeat","background-position":"center center","background-size":"auto","background-attachment":"scroll","background-type":"","background-media":"","overlay-type":"","overlay-color":"","overlay-opacity":"","overlay-gradient":""},"mobile":{"background-color":"var(--ast-global-color-5)","background-image":"","background-repeat":"repeat","background-position":"center center","background-size":"auto","background-attachment":"scroll","background-type":"","background-media":"","overlay-type":"","overlay-color":"","overlay-opacity":"","overlay-gradient":""}},"ngg_post_thumbnail":0,"footnotes":""},"class_list":["post-116","page","type-page","status-publish","hentry"],"_links":{"self":[{"href":"https:\/\/www.cent.uo.edu.cu\/cbm\/wp-json\/wp\/v2\/pages\/116","targetHints":{"allow":["GET"]}}],"collection":[{"href":"https:\/\/www.cent.uo.edu.cu\/cbm\/wp-json\/wp\/v2\/pages"}],"about":[{"href":"https:\/\/www.cent.uo.edu.cu\/cbm\/wp-json\/wp\/v2\/types\/page"}],"author":[{"embeddable":true,"href":"https:\/\/www.cent.uo.edu.cu\/cbm\/wp-json\/wp\/v2\/users\/19"}],"replies":[{"embeddable":true,"href":"https:\/\/www.cent.uo.edu.cu\/cbm\/wp-json\/wp\/v2\/comments?post=116"}],"version-history":[{"count":5,"href":"https:\/\/www.cent.uo.edu.cu\/cbm\/wp-json\/wp\/v2\/pages\/116\/revisions"}],"predecessor-version":[{"id":1005,"href":"https:\/\/www.cent.uo.edu.cu\/cbm\/wp-json\/wp\/v2\/pages\/116\/revisions\/1005"}],"wp:attachment":[{"href":"https:\/\/www.cent.uo.edu.cu\/cbm\/wp-json\/wp\/v2\/media?parent=116"}],"curies":[{"name":"wp","href":"https:\/\/api.w.org\/{rel}","templated":true}]}}