{"id":117,"date":"2020-07-02T18:19:38","date_gmt":"2020-07-02T16:19:38","guid":{"rendered":"http:\/\/www.cent.uo.edu.cu\/cbm\/?page_id=117"},"modified":"2021-10-25T19:09:05","modified_gmt":"2021-10-25T17:09:05","slug":"control-de-la-calidad","status":"publish","type":"page","link":"https:\/\/www.cent.uo.edu.cu\/cbm\/control-de-la-calidad\/","title":{"rendered":"Gesti\u00f3n de la Calidad"},"content":{"rendered":"\n<h2 class=\"wp-block-heading\"><strong>Pol\u00edtica de Calidad del Centro de Biof\u00edsica M\u00e9dica<\/strong><\/h2>\n\n\n\n<p>Biof\u00edsica M\u00e9dica se compromete a investigar y desarrollar bienes y servicios para el diagn\u00f3stico y tratamiento m\u00e9dico, que cumplan con las regulaciones nacionales e internacionales dictadas por organizaciones competentes para garantizar la protecci\u00f3n y satisfacci\u00f3n de los clientes. Para ello cuenta con un personal comprometido y competitivo identificando un profundo respeto al medio ambiente.<\/p>\n\n\n\n<p>La Alta Direcci\u00f3n se encuentra comprometida a:<\/p>\n\n\n\n<p>Cumplir los requisitos acordados con los clientes y partes interesadas.<\/p>\n\n\n\n<p>Cumplir la legislaci\u00f3n vigente y aplicable a sus actividades y productos.<\/p>\n\n\n\n<p>Garantizar la competencia del personal de la organizaci\u00f3n por medio de su motivaci\u00f3n y compromiso hacia el cumplimiento de la pol\u00edtica y objetivos de calidad.<\/p>\n\n\n\n<p>Revisar y mejorar continuamente el Sistema Integrado de Gesti\u00f3n.<\/p>\n\n\n\n<h2 class=\"wp-block-heading\"><strong>Alcance del Sistema de Gesti\u00f3n de la Calidad<\/strong><\/h2>\n\n\n\n<p>Producci\u00f3n de equipos m\u00e9dicos, servicios acad\u00e9micos y&nbsp; servicios cient\u00edficos-t\u00e9cnicos<\/p>\n\n\n\n<h2 class=\"wp-block-heading\"><strong>Sistema de Gesti\u00f3n de la Calidad. Estructura a procesos<\/strong><\/h2>\n\n\n\n<p>El CBM tiene determinados los procesos necesarios para el desarrollo e implantaci\u00f3n del SGC al alcance declarado y se han elaborado Fichas de Procesos para apoyar y controlar la operaci\u00f3n de cada uno de ellos. Estas Fichas de Procesos detallan los elementos de entrada y salidas, las actividades internas, los recursos necesarios para su correcto desempe\u00f1o, la documentaci\u00f3n de referencia y otros procesos con que se interrelacionan, as\u00ed como los indicadores para garantizar el seguimiento y medici\u00f3n de la eficacia de los mismos.<\/p>\n\n\n\n<p>El Mapa de procesos describe la interacci\u00f3n de los procesos estrat\u00e9gicos y de apoyo con los procesos claves definidos en el alcance.<\/p>\n\n\n\n<h2 class=\"wp-block-heading\"><strong>Tomar el mapa de procesos del &nbsp;Manual o dise\u00f1ar uno mejor<\/strong><\/h2>\n\n\n\n<p>Para lograr definir, divulgar, seguir y evaluar el cumplimiento de la Pol\u00edtica de Calidad, los objetivos y lo establecido para la realizaci\u00f3n de las actividades y\/o procesos, el SGC cuenta con:<\/p>\n\n\n\n<p>Un Manual de Gesti\u00f3n de la Calidad: Proporciona informaci\u00f3n consistente, interna y externa, acerca del SGC, constituye la descripci\u00f3n general del Sistema de Gesti\u00f3n de la calidad.<\/p>\n\n\n\n<p>\uf0fc Procedimientos por procesos: Proporcionan informaci\u00f3n de c\u00f3mo realizar las actividades y los procesos de forma consistente, incluye los Procedimientos espec\u00edficos para las necesidades del servicio.<\/p>\n\n\n\n<p>\uf0fc Fichas de Procesos: Presentan los indicadores para evaluar la eficacia de los procesos. \uf0fc Registros de calidad: Permiten evidenciar y garantizar la planificaci\u00f3n, ejecuci\u00f3n y verificaci\u00f3n de los procesos. Estos permiten proporcionar evidencia de la conformidad con los requisitos, as\u00ed como la operaci\u00f3n eficaz del Sistema.<\/p>\n","protected":false},"excerpt":{"rendered":"<p>Pol\u00edtica de Calidad del Centro de Biof\u00edsica M\u00e9dica Biof\u00edsica M\u00e9dica se compromete a investigar y desarrollar bienes y servicios para el diagn\u00f3stico y tratamiento m\u00e9dico, que cumplan con las regulaciones nacionales e internacionales dictadas por organizaciones competentes para garantizar la protecci\u00f3n y satisfacci\u00f3n de los clientes. Para ello cuenta con un personal comprometido y competitivo [&hellip;]<\/p>\n","protected":false},"author":19,"featured_media":0,"parent":0,"menu_order":0,"comment_status":"closed","ping_status":"closed","template":"","meta":{"site-sidebar-layout":"default","site-content-layout":"","ast-site-content-layout":"default","site-content-style":"default","site-sidebar-style":"default","ast-global-header-display":"","ast-banner-title-visibility":"","ast-main-header-display":"","ast-hfb-above-header-display":"","ast-hfb-below-header-display":"","ast-hfb-mobile-header-display":"","site-post-title":"","ast-breadcrumbs-content":"","ast-featured-img":"","footer-sml-layout":"","ast-disable-related-posts":"","theme-transparent-header-meta":"","adv-header-id-meta":"","stick-header-meta":"","header-above-stick-meta":"","header-main-stick-meta":"","header-below-stick-meta":"","astra-migrate-meta-layouts":"default","ast-page-background-enabled":"default","ast-page-background-meta":{"desktop":{"background-color":"var(--ast-global-color-4)","background-image":"","background-repeat":"repeat","background-position":"center center","background-size":"auto","background-attachment":"scroll","background-type":"","background-media":"","overlay-type":"","overlay-color":"","overlay-opacity":"","overlay-gradient":""},"tablet":{"background-color":"","background-image":"","background-repeat":"repeat","background-position":"center center","background-size":"auto","background-attachment":"scroll","background-type":"","background-media":"","overlay-type":"","overlay-color":"","overlay-opacity":"","overlay-gradient":""},"mobile":{"background-color":"","background-image":"","background-repeat":"repeat","background-position":"center center","background-size":"auto","background-attachment":"scroll","background-type":"","background-media":"","overlay-type":"","overlay-color":"","overlay-opacity":"","overlay-gradient":""}},"ast-content-background-meta":{"desktop":{"background-color":"var(--ast-global-color-5)","background-image":"","background-repeat":"repeat","background-position":"center center","background-size":"auto","background-attachment":"scroll","background-type":"","background-media":"","overlay-type":"","overlay-color":"","overlay-opacity":"","overlay-gradient":""},"tablet":{"background-color":"var(--ast-global-color-5)","background-image":"","background-repeat":"repeat","background-position":"center center","background-size":"auto","background-attachment":"scroll","background-type":"","background-media":"","overlay-type":"","overlay-color":"","overlay-opacity":"","overlay-gradient":""},"mobile":{"background-color":"var(--ast-global-color-5)","background-image":"","background-repeat":"repeat","background-position":"center center","background-size":"auto","background-attachment":"scroll","background-type":"","background-media":"","overlay-type":"","overlay-color":"","overlay-opacity":"","overlay-gradient":""}},"ngg_post_thumbnail":0,"footnotes":""},"class_list":["post-117","page","type-page","status-publish","hentry"],"_links":{"self":[{"href":"https:\/\/www.cent.uo.edu.cu\/cbm\/wp-json\/wp\/v2\/pages\/117","targetHints":{"allow":["GET"]}}],"collection":[{"href":"https:\/\/www.cent.uo.edu.cu\/cbm\/wp-json\/wp\/v2\/pages"}],"about":[{"href":"https:\/\/www.cent.uo.edu.cu\/cbm\/wp-json\/wp\/v2\/types\/page"}],"author":[{"embeddable":true,"href":"https:\/\/www.cent.uo.edu.cu\/cbm\/wp-json\/wp\/v2\/users\/19"}],"replies":[{"embeddable":true,"href":"https:\/\/www.cent.uo.edu.cu\/cbm\/wp-json\/wp\/v2\/comments?post=117"}],"version-history":[{"count":4,"href":"https:\/\/www.cent.uo.edu.cu\/cbm\/wp-json\/wp\/v2\/pages\/117\/revisions"}],"predecessor-version":[{"id":1018,"href":"https:\/\/www.cent.uo.edu.cu\/cbm\/wp-json\/wp\/v2\/pages\/117\/revisions\/1018"}],"wp:attachment":[{"href":"https:\/\/www.cent.uo.edu.cu\/cbm\/wp-json\/wp\/v2\/media?parent=117"}],"curies":[{"name":"wp","href":"https:\/\/api.w.org\/{rel}","templated":true}]}}