{"id":307,"date":"2021-03-01T16:05:09","date_gmt":"2021-03-01T15:05:09","guid":{"rendered":"http:\/\/www.cent.uo.edu.cu\/cbm\/?page_id=307"},"modified":"2021-10-13T14:34:46","modified_gmt":"2021-10-13T12:34:46","slug":"productos","status":"publish","type":"page","link":"https:\/\/www.cent.uo.edu.cu\/cbm\/productos\/","title":{"rendered":"Productos"},"content":{"rendered":"\n<p><strong>Imagis 2.0, un sistema de informaci\u00f3n PACS basado en DICOM<\/strong><\/p>\n\n\n\n<p>Imagis 2.0 es un sistema de informaci\u00f3n PACS desarrollado en el \u201cCentro de Biof\u00edsica M\u00e9dica (CMB), uno de los centros de investigaci\u00f3n m\u00e1s importantes de Santiago de Cuba (ver figura 1). Este sistema ayuda a los radi\u00f3logos a tener un acceso seguro y r\u00e1pido a los estudios de im\u00e1genes m\u00e9dicas almacenados en un servidor PACS basado en DICOM. Adem\u00e1s, el sistema facilita la visualizaci\u00f3n y comunicaci\u00f3n de im\u00e1genes m\u00e9dicas en un entorno de red, lo cual es muy importante para mejorar el flujo de trabajo de informaci\u00f3n en los departamentos de radiolog\u00eda. CBM ha implementado este sistema de informaci\u00f3n m\u00e9dica durante los \u00faltimos 17 a\u00f1os en 30 de los hospitales m\u00e1s importantes del pa\u00eds, as\u00ed como en algunos pa\u00edses latinoamericanos como Rep\u00fablica Dominicana, Ecuador y Venezuela.<\/p>\n\n\n\n<p><strong>Algunos de los beneficios m\u00e1s importantes proporcionados por Imagis son:<\/strong><br><strong>Mejora el flujo de trabajo del departamento de radiolog\u00eda. Espec\u00edficamente por:<\/strong><\/p>\n\n\n\n<ol class=\"wp-block-list\" type=\"1\"><li>Reducir el tiempo de respuesta del paciente (por ejemplo, de d\u00edas a horas). Esto significa una entrega oportuna y r\u00e1pida de im\u00e1genes m\u00e9dicas e informes a los pacientes. Por lo tanto, los pacientes experimentan una estancia hospitalaria m\u00e1s corta.- Reducci\u00f3n del tiempo de respuesta para los radi\u00f3logos y los m\u00e9dicos de referencia. Es decir, el sistema contribuye a acortar las tareas diagn\u00f3sticas y terap\u00e9uticas.<\/li><li>Proporcionar un acceso m\u00e1s r\u00e1pido y seguro a im\u00e1genes e informes m\u00e9dicos.<br>Se puede acceder a los estudios de im\u00e1genes m\u00e9dicas en cualquier momento y en cualquier lugar dentro de la red del hospital local (por ejemplo, unidad de emergencia, UCI, etc.).<\/li><li>Facilitar la interpretaci\u00f3n, la segunda opini\u00f3n de los m\u00e9dicos y la discusi\u00f3n sobre los estudios de imagen, lo que mejora la calidad del diagn\u00f3stico en los departamentos de radiolog\u00eda.<\/li><li>Soportes de gesti\u00f3n de archivos de ense\u00f1anza de radiolog\u00eda digital. Es decir, este sistema PACS facilita la creaci\u00f3n y conservaci\u00f3n de estudios de imagen cl\u00ednicamente interesantes, lo cual es extremadamente importante para dar conferencias y desarrollar actividades acad\u00e9micas.<\/li><\/ol>\n\n\n\n<p><strong>Imagis 2.0 Caracter\u00edsticas principales<\/strong><br>IMagis 2.0, no tiene dependencias en bibliotecas o sistemas operativos propietarios, lo que hace que la implementaci\u00f3n y las tareas relacionadas sean m\u00e1s flexibles para diferentes escenarios.<\/p>\n\n\n\n<p><strong>Imagis 2.0 se divide en seis m\u00f3dulos principales:<br><\/strong>1. Responsable del estudio de imagen. El usuario (por ejemplo, un radi\u00f3logo) puede buscar estudios de im\u00e1genes que cumplan con algunos criterios de b\u00fasqueda, como: Nombre del paciente, Edad del paciente, Sexo, Modalidad, etc. Los estudios de im\u00e1genes solicitados se almacenan en un servidor de im\u00e1genes basado en DICOM.<br>2. Visor de im\u00e1genes m\u00e9dicas 2D. Se pueden representar diferentes tipos de im\u00e1genes m\u00e9dicas, como:<br>&#8211; Tomograf\u00eda Computarizada (TC)<br>&#8211; Resonancia magn\u00e9tica (MR)<br>&#8211; Ultrasonido (US)<br>&#8211; Angiograf\u00eda (XA), entre otras.<br>Adem\u00e1s, iMagis 2.0 ayuda a un radi\u00f3logo a realizar mediciones en una imagen m\u00e9dica, como: \u00e1rea, distancia, \u00e1ngulo, densidad del tejido, entre otros.<br>3. Visor de im\u00e1genes m\u00e9dicas 3D. Este m\u00f3dulo proporciona una funcionalidad de Reconstrucci\u00f3n Multiplanar (MPR). Esta opci\u00f3n genera nuevas vistas de imagen (por ejemplo, vistas sagital, coronal u oblicua) reconstruidas a partir de las vistas originales (es decir, vista axial) producidas t\u00edpicamente por un dispositivo de im\u00e1genes m\u00e9dicas.<br>4. Gesti\u00f3n de medios. Los estudios de im\u00e1genes pueden almacenarse en memorias flash o grabarse en un CD<\/p>\n\n\n\n<figure class=\"wp-block-gallery columns-1 is-cropped wp-block-gallery-1 is-layout-flex wp-block-gallery-is-layout-flex\"><ul class=\"blocks-gallery-grid\"><li class=\"blocks-gallery-item\"><figure><img fetchpriority=\"high\" decoding=\"async\" width=\"1366\" height=\"768\" src=\"https:\/\/www.cent.uo.edu.cu\/cbm\/files\/2021\/10\/Screenshot-from-2021-05-12-13-29-27-1.png\" alt=\"\" data-id=\"1001\" data-full-url=\"https:\/\/www.cent.uo.edu.cu\/cbm\/files\/2021\/10\/Screenshot-from-2021-05-12-13-29-27-1.png\" data-link=\"https:\/\/www.cent.uo.edu.cu\/cbm\/productos\/screenshot-from-2021-05-12-13-29-27-1\/\" class=\"wp-image-1001\" srcset=\"https:\/\/www.cent.uo.edu.cu\/cbm\/files\/2021\/10\/Screenshot-from-2021-05-12-13-29-27-1.png 1366w, https:\/\/www.cent.uo.edu.cu\/cbm\/files\/2021\/10\/Screenshot-from-2021-05-12-13-29-27-1-1280x720.png 1280w, https:\/\/www.cent.uo.edu.cu\/cbm\/files\/2021\/10\/Screenshot-from-2021-05-12-13-29-27-1-768x432.png 768w\" sizes=\"(max-width: 1366px) 100vw, 1366px\" \/><\/figure><\/li><\/ul><\/figure>\n\n\n\n<figure class=\"wp-block-gallery columns-1 is-cropped wp-block-gallery-2 is-layout-flex wp-block-gallery-is-layout-flex\"><ul class=\"blocks-gallery-grid\"><li class=\"blocks-gallery-item\"><figure><img decoding=\"async\" width=\"1366\" height=\"768\" src=\"https:\/\/www.cent.uo.edu.cu\/cbm\/files\/2021\/10\/Screenshot-from-2021-05-12-13-30-30-1.png\" alt=\"\" data-id=\"1002\" data-full-url=\"https:\/\/www.cent.uo.edu.cu\/cbm\/files\/2021\/10\/Screenshot-from-2021-05-12-13-30-30-1.png\" data-link=\"https:\/\/www.cent.uo.edu.cu\/cbm\/productos\/screenshot-from-2021-05-12-13-30-30-1\/\" class=\"wp-image-1002\" srcset=\"https:\/\/www.cent.uo.edu.cu\/cbm\/files\/2021\/10\/Screenshot-from-2021-05-12-13-30-30-1.png 1366w, https:\/\/www.cent.uo.edu.cu\/cbm\/files\/2021\/10\/Screenshot-from-2021-05-12-13-30-30-1-1280x720.png 1280w, https:\/\/www.cent.uo.edu.cu\/cbm\/files\/2021\/10\/Screenshot-from-2021-05-12-13-30-30-1-768x432.png 768w\" sizes=\"(max-width: 1366px) 100vw, 1366px\" \/><\/figure><\/li><\/ul><\/figure>\n","protected":false},"excerpt":{"rendered":"<p>Imagis 2.0, un sistema de informaci\u00f3n PACS basado en DICOM Imagis 2.0 es un sistema de informaci\u00f3n PACS desarrollado en el \u201cCentro de Biof\u00edsica M\u00e9dica (CMB), uno de los centros de investigaci\u00f3n m\u00e1s importantes de Santiago de Cuba (ver figura 1). Este sistema ayuda a los radi\u00f3logos a tener un acceso seguro y r\u00e1pido a [&hellip;]<\/p>\n","protected":false},"author":20,"featured_media":0,"parent":0,"menu_order":0,"comment_status":"closed","ping_status":"closed","template":"","meta":{"site-sidebar-layout":"default","site-content-layout":"","ast-site-content-layout":"default","site-content-style":"default","site-sidebar-style":"default","ast-global-header-display":"","ast-banner-title-visibility":"","ast-main-header-display":"","ast-hfb-above-header-display":"","ast-hfb-below-header-display":"","ast-hfb-mobile-header-display":"","site-post-title":"","ast-breadcrumbs-content":"","ast-featured-img":"","footer-sml-layout":"","ast-disable-related-posts":"","theme-transparent-header-meta":"","adv-header-id-meta":"","stick-header-meta":"","header-above-stick-meta":"","header-main-stick-meta":"","header-below-stick-meta":"","astra-migrate-meta-layouts":"default","ast-page-background-enabled":"default","ast-page-background-meta":{"desktop":{"background-color":"var(--ast-global-color-4)","background-image":"","background-repeat":"repeat","background-position":"center center","background-size":"auto","background-attachment":"scroll","background-type":"","background-media":"","overlay-type":"","overlay-color":"","overlay-opacity":"","overlay-gradient":""},"tablet":{"background-color":"","background-image":"","background-repeat":"repeat","background-position":"center center","background-size":"auto","background-attachment":"scroll","background-type":"","background-media":"","overlay-type":"","overlay-color":"","overlay-opacity":"","overlay-gradient":""},"mobile":{"background-color":"","background-image":"","background-repeat":"repeat","background-position":"center center","background-size":"auto","background-attachment":"scroll","background-type":"","background-media":"","overlay-type":"","overlay-color":"","overlay-opacity":"","overlay-gradient":""}},"ast-content-background-meta":{"desktop":{"background-color":"var(--ast-global-color-5)","background-image":"","background-repeat":"repeat","background-position":"center center","background-size":"auto","background-attachment":"scroll","background-type":"","background-media":"","overlay-type":"","overlay-color":"","overlay-opacity":"","overlay-gradient":""},"tablet":{"background-color":"var(--ast-global-color-5)","background-image":"","background-repeat":"repeat","background-position":"center center","background-size":"auto","background-attachment":"scroll","background-type":"","background-media":"","overlay-type":"","overlay-color":"","overlay-opacity":"","overlay-gradient":""},"mobile":{"background-color":"var(--ast-global-color-5)","background-image":"","background-repeat":"repeat","background-position":"center center","background-size":"auto","background-attachment":"scroll","background-type":"","background-media":"","overlay-type":"","overlay-color":"","overlay-opacity":"","overlay-gradient":""}},"ngg_post_thumbnail":0,"footnotes":""},"class_list":["post-307","page","type-page","status-publish","hentry"],"_links":{"self":[{"href":"https:\/\/www.cent.uo.edu.cu\/cbm\/wp-json\/wp\/v2\/pages\/307","targetHints":{"allow":["GET"]}}],"collection":[{"href":"https:\/\/www.cent.uo.edu.cu\/cbm\/wp-json\/wp\/v2\/pages"}],"about":[{"href":"https:\/\/www.cent.uo.edu.cu\/cbm\/wp-json\/wp\/v2\/types\/page"}],"author":[{"embeddable":true,"href":"https:\/\/www.cent.uo.edu.cu\/cbm\/wp-json\/wp\/v2\/users\/20"}],"replies":[{"embeddable":true,"href":"https:\/\/www.cent.uo.edu.cu\/cbm\/wp-json\/wp\/v2\/comments?post=307"}],"version-history":[{"count":4,"href":"https:\/\/www.cent.uo.edu.cu\/cbm\/wp-json\/wp\/v2\/pages\/307\/revisions"}],"predecessor-version":[{"id":1004,"href":"https:\/\/www.cent.uo.edu.cu\/cbm\/wp-json\/wp\/v2\/pages\/307\/revisions\/1004"}],"wp:attachment":[{"href":"https:\/\/www.cent.uo.edu.cu\/cbm\/wp-json\/wp\/v2\/media?parent=307"}],"curies":[{"name":"wp","href":"https:\/\/api.w.org\/{rel}","templated":true}]}}