{"id":361,"date":"2021-03-10T17:14:26","date_gmt":"2021-03-10T16:14:26","guid":{"rendered":"http:\/\/www.cent.uo.edu.cu\/cbm\/?page_id=361"},"modified":"2021-03-18T21:22:31","modified_gmt":"2021-03-18T20:22:31","slug":"director-del-centro","status":"publish","type":"page","link":"https:\/\/www.cent.uo.edu.cu\/cbm\/director-del-centro\/","title":{"rendered":"Director del centro"},"content":{"rendered":"\n<p><strong>Ingeniero en M\u00e1quinas Computadoras. M\u00e1ster en Autom\u00e1tica. Doctor en Ingenier\u00eda El\u00e9ctrica. Investigador Titular, Profesor Auxiliar.<\/strong><\/p>\n\n\n\n<p><strong>S\u00edntesis:<\/strong><\/p>\n\n\n\n<p><strong>Posee una experiencia laboral de 28 a\u00f1os en la profesi\u00f3n. Recibi\u00f3 el t\u00edtulo de Ingeniero en M\u00e1quinas Computadora en la Habana-Cuba, en 1992, en el Instituto Superior Polit\u00e9cnico Jos\u00e9 Antonio Hecheverr\u00eda. Curs\u00f3 el Maestrado en Autom\u00e1tica en la Universidad de Oriente en 2004 en Santiago de Cuba-Cuba y el Doctorado en Ingenier\u00eda El\u00e9ctrica en la Universidad de Brasilia, Brasilia-Brasil. Actualmente es Investigador titular y Profesor Auxiliar del Centro de Biof\u00edsica M\u00e9dica en la Universidad de Oriente donde se desempe\u00f1a como director general. Ha trabajado en el desarrollo de equipamientos biom\u00e9dicos. Sus t\u00f3picos de investigaci\u00f3n corriente incluyen el Procesamiento de Se\u00f1ales Bio-el\u00e9ctricas, Reconocimiento de Patrones para Interfaces Cerebro-Computador e Interfaces Humano-M\u00e1quina para Tecnolog\u00edas Asistidas y de Rehabilitaci\u00f3n, Estimulaci\u00f3n El\u00e9ctrica Funcional e Instrumentaci\u00f3n Biom\u00e9dica. Posee m\u00e1s de 30 art\u00edculos publicados en la <em>Web<\/em> de ciencias, en base de datos de reconocimiento internacional, as\u00ed como cap\u00edtulo de libros publicados en editoriales de prestigio internacional. Ha participado en disimiles congresos internacionales dentro de los que se destacan los congresos IEEE de Ingenier\u00eda en la Medicina y la Sociedad Biol\u00f3gica, as\u00ed como congresos regionales. Obtuvo un premio internacional (<em>Best Paper Award Certificate<\/em>) en el congreso internacional BIODEVICE\/BIOSTEC\u00b42009. Ha obtenido Premio Nacional de Salud en la modalidad de mejor art\u00edculo cient\u00edfico. Presenta un certificado de patente y un registro de modelo industrial. Ha conformado tribunales de defensas de pregrado, maestr\u00eda y pre-defensas de doctorado. Actualmente se desempe\u00f1a como \u00e1rbitro de la revista <em>Biomedical Signal, Processing and Control<\/em> y trabaja como coordinador en proyectos (institucionales y territorailes) relacionados con Tecnolog\u00edas Asistidas y de Rehabilitaci\u00f3n (exoesqueletos y pr\u00f3tesis). \u00a0Es profesor Colaborador Internacional de la Facultad de El\u00e9ctrica de la Universidad de Brasilia.<\/strong><\/p>\n","protected":false},"excerpt":{"rendered":"<p>Ingeniero en M\u00e1quinas Computadoras. M\u00e1ster en Autom\u00e1tica. Doctor en Ingenier\u00eda El\u00e9ctrica. Investigador Titular, Profesor Auxiliar. S\u00edntesis: Posee una experiencia laboral de 28 a\u00f1os en la profesi\u00f3n. Recibi\u00f3 el t\u00edtulo de Ingeniero en M\u00e1quinas Computadora en la Habana-Cuba, en 1992, en el Instituto Superior Polit\u00e9cnico Jos\u00e9 Antonio Hecheverr\u00eda. Curs\u00f3 el Maestrado en Autom\u00e1tica en la Universidad [&hellip;]<\/p>\n","protected":false},"author":20,"featured_media":0,"parent":0,"menu_order":0,"comment_status":"closed","ping_status":"closed","template":"","meta":{"site-sidebar-layout":"default","site-content-layout":"","ast-site-content-layout":"default","site-content-style":"default","site-sidebar-style":"default","ast-global-header-display":"","ast-banner-title-visibility":"","ast-main-header-display":"","ast-hfb-above-header-display":"","ast-hfb-below-header-display":"","ast-hfb-mobile-header-display":"","site-post-title":"","ast-breadcrumbs-content":"","ast-featured-img":"","footer-sml-layout":"","ast-disable-related-posts":"","theme-transparent-header-meta":"","adv-header-id-meta":"","stick-header-meta":"","header-above-stick-meta":"","header-main-stick-meta":"","header-below-stick-meta":"","astra-migrate-meta-layouts":"default","ast-page-background-enabled":"default","ast-page-background-meta":{"desktop":{"background-color":"var(--ast-global-color-4)","background-image":"","background-repeat":"repeat","background-position":"center center","background-size":"auto","background-attachment":"scroll","background-type":"","background-media":"","overlay-type":"","overlay-color":"","overlay-opacity":"","overlay-gradient":""},"tablet":{"background-color":"","background-image":"","background-repeat":"repeat","background-position":"center center","background-size":"auto","background-attachment":"scroll","background-type":"","background-media":"","overlay-type":"","overlay-color":"","overlay-opacity":"","overlay-gradient":""},"mobile":{"background-color":"","background-image":"","background-repeat":"repeat","background-position":"center center","background-size":"auto","background-attachment":"scroll","background-type":"","background-media":"","overlay-type":"","overlay-color":"","overlay-opacity":"","overlay-gradient":""}},"ast-content-background-meta":{"desktop":{"background-color":"var(--ast-global-color-5)","background-image":"","background-repeat":"repeat","background-position":"center center","background-size":"auto","background-attachment":"scroll","background-type":"","background-media":"","overlay-type":"","overlay-color":"","overlay-opacity":"","overlay-gradient":""},"tablet":{"background-color":"var(--ast-global-color-5)","background-image":"","background-repeat":"repeat","background-position":"center center","background-size":"auto","background-attachment":"scroll","background-type":"","background-media":"","overlay-type":"","overlay-color":"","overlay-opacity":"","overlay-gradient":""},"mobile":{"background-color":"var(--ast-global-color-5)","background-image":"","background-repeat":"repeat","background-position":"center center","background-size":"auto","background-attachment":"scroll","background-type":"","background-media":"","overlay-type":"","overlay-color":"","overlay-opacity":"","overlay-gradient":""}},"ngg_post_thumbnail":0,"footnotes":""},"class_list":["post-361","page","type-page","status-publish","hentry"],"_links":{"self":[{"href":"https:\/\/www.cent.uo.edu.cu\/cbm\/wp-json\/wp\/v2\/pages\/361","targetHints":{"allow":["GET"]}}],"collection":[{"href":"https:\/\/www.cent.uo.edu.cu\/cbm\/wp-json\/wp\/v2\/pages"}],"about":[{"href":"https:\/\/www.cent.uo.edu.cu\/cbm\/wp-json\/wp\/v2\/types\/page"}],"author":[{"embeddable":true,"href":"https:\/\/www.cent.uo.edu.cu\/cbm\/wp-json\/wp\/v2\/users\/20"}],"replies":[{"embeddable":true,"href":"https:\/\/www.cent.uo.edu.cu\/cbm\/wp-json\/wp\/v2\/comments?post=361"}],"version-history":[{"count":4,"href":"https:\/\/www.cent.uo.edu.cu\/cbm\/wp-json\/wp\/v2\/pages\/361\/revisions"}],"predecessor-version":[{"id":583,"href":"https:\/\/www.cent.uo.edu.cu\/cbm\/wp-json\/wp\/v2\/pages\/361\/revisions\/583"}],"wp:attachment":[{"href":"https:\/\/www.cent.uo.edu.cu\/cbm\/wp-json\/wp\/v2\/media?parent=361"}],"curies":[{"name":"wp","href":"https:\/\/api.w.org\/{rel}","templated":true}]}}