{"id":368,"date":"2021-03-10T17:25:39","date_gmt":"2021-03-10T16:25:39","guid":{"rendered":"http:\/\/www.cent.uo.edu.cu\/cbm\/?page_id=368"},"modified":"2021-03-18T21:24:32","modified_gmt":"2021-03-18T20:24:32","slug":"directora-produccion","status":"publish","type":"page","link":"https:\/\/www.cent.uo.edu.cu\/cbm\/directora-produccion\/","title":{"rendered":"Directora de producci\u00f3n y comercializaci\u00f3n"},"content":{"rendered":"\n<p><strong>Licenciada en Educaci\u00f3n. M\u00e1ster en Administraci\u00f3n de Negocios. Profesor Instructor.<\/strong><\/p>\n\n\n\n<p><strong>S\u00edntesis:<\/strong><\/p>\n\n\n\n<p><strong>Posee una experiencia laboral de 25 a\u00f1os. Recibi\u00f3 el T\u00edtulo de Licenciada en Educaci\u00f3n en Holgu\u00edn-Cuba en 1995. Curs\u00f3 la Maestr\u00eda en Administraci\u00f3n de Negocios en la Universidad de Oriente en 2017, en Santiago de Cuba-Cuba. Actualmente cursa el Doctorado en Ciencias Econ\u00f3micas, Financieras y Empresariales en la Universidad de Oriente. Es Profesor Instructor de la Facultad de Ciencias Sociales de la Universidad de Oriente y se desempe\u00f1a como Directora de Producci\u00f3n del Centro de Biof\u00edsica M\u00e9dica. Ha trabajado como Especialista de Gesti\u00f3n de Proyectos, Especialista Comercial y como Jefa de Departamento del \u00e1rea comercial. Se ha especializado en contrataci\u00f3n, negociaci\u00f3n de productos y servicios y vigilancia tecnol\u00f3gica. Ha cursado dis\u00edmiles cursos afines a la actividad que desempe\u00f1a como: Comercio Exterior e Inversi\u00f3n Extranjera, Seguridad y Salud en el Trabajo, Sistema de Control Interno y auditor\u00eda, Exportaci\u00f3n de Bienes y Servicios, Patentes y Vigilancia Tecnol\u00f3gica, Elaboraci\u00f3n y Evaluaci\u00f3n de Proyectos, Propiedad Intelectual, Gesti\u00f3n de Capital Humano e Innovaci\u00f3n. Ha participado en diferentes Talleres y Congresos nacionales e internacionales, dentro de los que se destacan, XI Taller Internacional sobre Ciencia, Tecnolog\u00eda e Innovaci\u00f3n (CIT@tenas 2019, XI Taller de Ciencias Econ\u00f3micas Regino Boti. 2016, 8vo Congreso Internacional de Educaci\u00f3n Superior. Universidad 2012, VII Congreso de la Sociedad Cubana de Bioingenier\u00eda 2007. Tiene cinco art\u00edculos publicados en memorias de eventos, cuatro nacionales y uno internacional, adem\u00e1s es autora de tres Informes T\u00e9cnicos del \u00e1rea productivo-comercial. Ha participado como miembro de tribunales de actividades de ciencia y t\u00e9cnica y es tutora de una Tesis de Maestr\u00eda que se desarrolla actualmente en la Maestr\u00eda de Direcci\u00f3n.<\/strong><\/p>\n","protected":false},"excerpt":{"rendered":"<p>Licenciada en Educaci\u00f3n. M\u00e1ster en Administraci\u00f3n de Negocios. Profesor Instructor. S\u00edntesis: Posee una experiencia laboral de 25 a\u00f1os. Recibi\u00f3 el T\u00edtulo de Licenciada en Educaci\u00f3n en Holgu\u00edn-Cuba en 1995. Curs\u00f3 la Maestr\u00eda en Administraci\u00f3n de Negocios en la Universidad de Oriente en 2017, en Santiago de Cuba-Cuba. Actualmente cursa el Doctorado en Ciencias Econ\u00f3micas, Financieras [&hellip;]<\/p>\n","protected":false},"author":20,"featured_media":0,"parent":0,"menu_order":0,"comment_status":"closed","ping_status":"closed","template":"","meta":{"site-sidebar-layout":"default","site-content-layout":"","ast-site-content-layout":"default","site-content-style":"default","site-sidebar-style":"default","ast-global-header-display":"","ast-banner-title-visibility":"","ast-main-header-display":"","ast-hfb-above-header-display":"","ast-hfb-below-header-display":"","ast-hfb-mobile-header-display":"","site-post-title":"","ast-breadcrumbs-content":"","ast-featured-img":"","footer-sml-layout":"","ast-disable-related-posts":"","theme-transparent-header-meta":"","adv-header-id-meta":"","stick-header-meta":"","header-above-stick-meta":"","header-main-stick-meta":"","header-below-stick-meta":"","astra-migrate-meta-layouts":"default","ast-page-background-enabled":"default","ast-page-background-meta":{"desktop":{"background-color":"var(--ast-global-color-4)","background-image":"","background-repeat":"repeat","background-position":"center center","background-size":"auto","background-attachment":"scroll","background-type":"","background-media":"","overlay-type":"","overlay-color":"","overlay-opacity":"","overlay-gradient":""},"tablet":{"background-color":"","background-image":"","background-repeat":"repeat","background-position":"center center","background-size":"auto","background-attachment":"scroll","background-type":"","background-media":"","overlay-type":"","overlay-color":"","overlay-opacity":"","overlay-gradient":""},"mobile":{"background-color":"","background-image":"","background-repeat":"repeat","background-position":"center center","background-size":"auto","background-attachment":"scroll","background-type":"","background-media":"","overlay-type":"","overlay-color":"","overlay-opacity":"","overlay-gradient":""}},"ast-content-background-meta":{"desktop":{"background-color":"var(--ast-global-color-5)","background-image":"","background-repeat":"repeat","background-position":"center center","background-size":"auto","background-attachment":"scroll","background-type":"","background-media":"","overlay-type":"","overlay-color":"","overlay-opacity":"","overlay-gradient":""},"tablet":{"background-color":"var(--ast-global-color-5)","background-image":"","background-repeat":"repeat","background-position":"center center","background-size":"auto","background-attachment":"scroll","background-type":"","background-media":"","overlay-type":"","overlay-color":"","overlay-opacity":"","overlay-gradient":""},"mobile":{"background-color":"var(--ast-global-color-5)","background-image":"","background-repeat":"repeat","background-position":"center center","background-size":"auto","background-attachment":"scroll","background-type":"","background-media":"","overlay-type":"","overlay-color":"","overlay-opacity":"","overlay-gradient":""}},"ngg_post_thumbnail":0,"footnotes":""},"class_list":["post-368","page","type-page","status-publish","hentry"],"_links":{"self":[{"href":"https:\/\/www.cent.uo.edu.cu\/cbm\/wp-json\/wp\/v2\/pages\/368","targetHints":{"allow":["GET"]}}],"collection":[{"href":"https:\/\/www.cent.uo.edu.cu\/cbm\/wp-json\/wp\/v2\/pages"}],"about":[{"href":"https:\/\/www.cent.uo.edu.cu\/cbm\/wp-json\/wp\/v2\/types\/page"}],"author":[{"embeddable":true,"href":"https:\/\/www.cent.uo.edu.cu\/cbm\/wp-json\/wp\/v2\/users\/20"}],"replies":[{"embeddable":true,"href":"https:\/\/www.cent.uo.edu.cu\/cbm\/wp-json\/wp\/v2\/comments?post=368"}],"version-history":[{"count":3,"href":"https:\/\/www.cent.uo.edu.cu\/cbm\/wp-json\/wp\/v2\/pages\/368\/revisions"}],"predecessor-version":[{"id":586,"href":"https:\/\/www.cent.uo.edu.cu\/cbm\/wp-json\/wp\/v2\/pages\/368\/revisions\/586"}],"wp:attachment":[{"href":"https:\/\/www.cent.uo.edu.cu\/cbm\/wp-json\/wp\/v2\/media?parent=368"}],"curies":[{"name":"wp","href":"https:\/\/api.w.org\/{rel}","templated":true}]}}