{"id":422,"date":"2021-03-15T15:07:24","date_gmt":"2021-03-15T14:07:24","guid":{"rendered":"http:\/\/www.cent.uo.edu.cu\/cbm\/?page_id=422"},"modified":"2021-03-15T17:16:32","modified_gmt":"2021-03-15T16:16:32","slug":"proyectos-asociados-a-lineas-de-investigacion-2","status":"publish","type":"page","link":"https:\/\/www.cent.uo.edu.cu\/cbm\/proyectos-asociados-a-lineas-de-investigacion-2\/","title":{"rendered":"Proyectos asociados a l\u00edneas de investigaci\u00f3n"},"content":{"rendered":"\n<ul class=\"wp-block-list\"><li><strong><u><span style=\"text-decoration: underline;\"><a href=\"https:\/\/www.cent.uo.edu.cu\/cbm\/456-2\/\" target=\"_blank\" rel=\"noreferrer noopener\">Aplicaciones m\u00e9dicas, industriales y agr\u00edcolas de la R.M.<\/a><\/span><\/u><\/strong><\/li><\/ul>\n\n\n\n<ul class=\"wp-block-list\"><li><strong><u><a href=\"https:\/\/www.cent.uo.edu.cu\/cbm\/459-2\/\" target=\"_blank\" rel=\"noreferrer noopener\">Sistema de control de temperatura para relax\u00f3metro de R.M\u00a0\u00a0\u00a0<\/a><\/u><\/strong><\/li><\/ul>\n\n\n\n<ul class=\"wp-block-list\"><li><span style=\"text-decoration: underline;\"><strong><a href=\"https:\/\/www.cent.uo.edu.cu\/cbm\/462-2\/\" target=\"_blank\" rel=\"noreferrer noopener\">Sistema para la adquisici\u00f3n y procesamiento de la se\u00f1al de fotopletismograf\u00eda adquirida a partir de un sensor inhal\u00e1mbrico v\u00eda Bluetooth<\/a><\/strong><\/span><\/li><\/ul>\n\n\n\n<ul class=\"wp-block-list\"><li><strong><u><a href=\"https:\/\/www.cent.uo.edu.cu\/cbm\/464-2\/\" target=\"_blank\" rel=\"noreferrer noopener\">Desarrollo de tecnolog\u00edas para\u00a0 rehabilitaci\u00f3n\u00a0 neuromuscular a partir de procesamiento de se\u00f1ales mioel\u00e9ctricas de superficie\u00a0 electroencefalograf\u00eda y sensores inerciales. \u00a0<\/a><\/u><\/strong><\/li><\/ul>\n\n\n\n<ul class=\"wp-block-list\"><li><strong><u><a href=\"https:\/\/www.cent.uo.edu.cu\/cbm\/467-2\/\" target=\"_blank\" rel=\"noreferrer noopener\">Desarrollo de m\u00e9todo y tecnolog\u00edas para el diagn\u00f3stico y terapia basados en im\u00e1genes de rayos X. DITERAX\u00a0<\/a><\/u><\/strong><\/li><\/ul>\n\n\n\n<ul class=\"wp-block-list\"><li><strong><span style=\"text-decoration: underline;\"><a href=\"https:\/\/www.cent.uo.edu.cu\/cbm\/469-2\/\" target=\"_blank\" rel=\"noreferrer noopener\">Red Oriental de Im\u00e1genes M\u00e9dica.<\/a><\/span><\/strong><\/li><\/ul>\n\n\n\n<ul class=\"wp-block-list\"><li><strong><span style=\"text-decoration: underline;\"><a href=\"https:\/\/www.cent.uo.edu.cu\/cbm\/472-2\/\" target=\"_blank\" rel=\"noreferrer noopener\">Imagis\u00a0 Lab<\/a><\/span><\/strong><\/li><\/ul>\n\n\n\n<p><\/p>\n","protected":false},"excerpt":{"rendered":"<p>Aplicaciones m\u00e9dicas, industriales y agr\u00edcolas de la R.M. Sistema de control de temperatura para relax\u00f3metro de R.M\u00a0\u00a0\u00a0 Sistema para la adquisici\u00f3n y procesamiento de la se\u00f1al de fotopletismograf\u00eda adquirida a partir de un sensor inhal\u00e1mbrico v\u00eda Bluetooth Desarrollo de tecnolog\u00edas para\u00a0 rehabilitaci\u00f3n\u00a0 neuromuscular a partir de procesamiento de se\u00f1ales mioel\u00e9ctricas de superficie\u00a0 electroencefalograf\u00eda y sensores [&hellip;]<\/p>\n","protected":false},"author":20,"featured_media":0,"parent":0,"menu_order":0,"comment_status":"closed","ping_status":"closed","template":"","meta":{"site-sidebar-layout":"default","site-content-layout":"","ast-site-content-layout":"default","site-content-style":"default","site-sidebar-style":"default","ast-global-header-display":"","ast-banner-title-visibility":"","ast-main-header-display":"","ast-hfb-above-header-display":"","ast-hfb-below-header-display":"","ast-hfb-mobile-header-display":"","site-post-title":"","ast-breadcrumbs-content":"","ast-featured-img":"","footer-sml-layout":"","ast-disable-related-posts":"","theme-transparent-header-meta":"","adv-header-id-meta":"","stick-header-meta":"","header-above-stick-meta":"","header-main-stick-meta":"","header-below-stick-meta":"","astra-migrate-meta-layouts":"default","ast-page-background-enabled":"default","ast-page-background-meta":{"desktop":{"background-color":"var(--ast-global-color-4)","background-image":"","background-repeat":"repeat","background-position":"center center","background-size":"auto","background-attachment":"scroll","background-type":"","background-media":"","overlay-type":"","overlay-color":"","overlay-opacity":"","overlay-gradient":""},"tablet":{"background-color":"","background-image":"","background-repeat":"repeat","background-position":"center center","background-size":"auto","background-attachment":"scroll","background-type":"","background-media":"","overlay-type":"","overlay-color":"","overlay-opacity":"","overlay-gradient":""},"mobile":{"background-color":"","background-image":"","background-repeat":"repeat","background-position":"center center","background-size":"auto","background-attachment":"scroll","background-type":"","background-media":"","overlay-type":"","overlay-color":"","overlay-opacity":"","overlay-gradient":""}},"ast-content-background-meta":{"desktop":{"background-color":"var(--ast-global-color-5)","background-image":"","background-repeat":"repeat","background-position":"center center","background-size":"auto","background-attachment":"scroll","background-type":"","background-media":"","overlay-type":"","overlay-color":"","overlay-opacity":"","overlay-gradient":""},"tablet":{"background-color":"var(--ast-global-color-5)","background-image":"","background-repeat":"repeat","background-position":"center center","background-size":"auto","background-attachment":"scroll","background-type":"","background-media":"","overlay-type":"","overlay-color":"","overlay-opacity":"","overlay-gradient":""},"mobile":{"background-color":"var(--ast-global-color-5)","background-image":"","background-repeat":"repeat","background-position":"center center","background-size":"auto","background-attachment":"scroll","background-type":"","background-media":"","overlay-type":"","overlay-color":"","overlay-opacity":"","overlay-gradient":""}},"ngg_post_thumbnail":0,"footnotes":""},"class_list":["post-422","page","type-page","status-publish","hentry"],"_links":{"self":[{"href":"https:\/\/www.cent.uo.edu.cu\/cbm\/wp-json\/wp\/v2\/pages\/422","targetHints":{"allow":["GET"]}}],"collection":[{"href":"https:\/\/www.cent.uo.edu.cu\/cbm\/wp-json\/wp\/v2\/pages"}],"about":[{"href":"https:\/\/www.cent.uo.edu.cu\/cbm\/wp-json\/wp\/v2\/types\/page"}],"author":[{"embeddable":true,"href":"https:\/\/www.cent.uo.edu.cu\/cbm\/wp-json\/wp\/v2\/users\/20"}],"replies":[{"embeddable":true,"href":"https:\/\/www.cent.uo.edu.cu\/cbm\/wp-json\/wp\/v2\/comments?post=422"}],"version-history":[{"count":3,"href":"https:\/\/www.cent.uo.edu.cu\/cbm\/wp-json\/wp\/v2\/pages\/422\/revisions"}],"predecessor-version":[{"id":474,"href":"https:\/\/www.cent.uo.edu.cu\/cbm\/wp-json\/wp\/v2\/pages\/422\/revisions\/474"}],"wp:attachment":[{"href":"https:\/\/www.cent.uo.edu.cu\/cbm\/wp-json\/wp\/v2\/media?parent=422"}],"curies":[{"name":"wp","href":"https:\/\/api.w.org\/{rel}","templated":true}]}}