{"id":427,"date":"2021-03-15T15:17:29","date_gmt":"2021-03-15T14:17:29","guid":{"rendered":"http:\/\/www.cent.uo.edu.cu\/cbm\/?page_id=427"},"modified":"2021-03-15T17:40:25","modified_gmt":"2021-03-15T16:40:25","slug":"proyectos-territoriales-citma","status":"publish","type":"page","link":"https:\/\/www.cent.uo.edu.cu\/cbm\/proyectos-territoriales-citma\/","title":{"rendered":"Proyectos territoriales CITMA"},"content":{"rendered":"\n<ul class=\"wp-block-list\"><li><span style=\"text-decoration: underline;\"><a href=\"https:\/\/www.cent.uo.edu.cu\/cbm\/483-2\/\" target=\"_blank\" rel=\"noreferrer noopener\"><strong>Desarrollo de Pedal motorizado orientado a la Neuro-Rehabiliatci\u00f3n y Biofeedback<\/strong>.<\/a><\/span><\/li><\/ul>\n\n\n\n<ul class=\"wp-block-list\"><li><strong><span style=\"text-decoration: underline;\"><a href=\"https:\/\/www.cent.uo.edu.cu\/cbm\/486-2\/\" target=\"_blank\" rel=\"noreferrer noopener\">Desarrollo de un sistema inal\u00e1mbrico para estudio del sistema cardiovascular<\/a><\/span><\/strong><\/li><\/ul>\n\n\n\n<ul class=\"wp-block-list\"><li><strong><span style=\"text-decoration: underline;\"><a href=\"https:\/\/www.cent.uo.edu.cu\/cbm\/489-2\/\" target=\"_blank\" rel=\"noreferrer noopener\">Desarrollo de tecnolog\u00eda rob\u00f3tica para Neuro-restauraci\u00f3n de marcha y equilibrio<\/a><\/span><\/strong><\/li><\/ul>\n\n\n\n<ul class=\"wp-block-list\"><li><strong><u><a href=\"https:\/\/www.cent.uo.edu.cu\/cbm\/492-2\/\" target=\"_blank\" rel=\"noreferrer noopener\">Implementaci\u00f3n cl\u00ednica de aplicaciones hematol\u00f3gicas de la Relajaci\u00f3n Magn\u00e9tica Nuclear.<\/a><\/u><\/strong><\/li><\/ul>\n","protected":false},"excerpt":{"rendered":"<p>Desarrollo de Pedal motorizado orientado a la Neuro-Rehabiliatci\u00f3n y Biofeedback. Desarrollo de un sistema inal\u00e1mbrico para estudio del sistema cardiovascular Desarrollo de tecnolog\u00eda rob\u00f3tica para Neuro-restauraci\u00f3n de marcha y equilibrio Implementaci\u00f3n cl\u00ednica de aplicaciones hematol\u00f3gicas de la Relajaci\u00f3n Magn\u00e9tica Nuclear.<\/p>\n","protected":false},"author":20,"featured_media":0,"parent":0,"menu_order":0,"comment_status":"closed","ping_status":"closed","template":"","meta":{"site-sidebar-layout":"default","site-content-layout":"","ast-site-content-layout":"default","site-content-style":"default","site-sidebar-style":"default","ast-global-header-display":"","ast-banner-title-visibility":"","ast-main-header-display":"","ast-hfb-above-header-display":"","ast-hfb-below-header-display":"","ast-hfb-mobile-header-display":"","site-post-title":"","ast-breadcrumbs-content":"","ast-featured-img":"","footer-sml-layout":"","ast-disable-related-posts":"","theme-transparent-header-meta":"","adv-header-id-meta":"","stick-header-meta":"","header-above-stick-meta":"","header-main-stick-meta":"","header-below-stick-meta":"","astra-migrate-meta-layouts":"default","ast-page-background-enabled":"default","ast-page-background-meta":{"desktop":{"background-color":"var(--ast-global-color-4)","background-image":"","background-repeat":"repeat","background-position":"center center","background-size":"auto","background-attachment":"scroll","background-type":"","background-media":"","overlay-type":"","overlay-color":"","overlay-opacity":"","overlay-gradient":""},"tablet":{"background-color":"","background-image":"","background-repeat":"repeat","background-position":"center center","background-size":"auto","background-attachment":"scroll","background-type":"","background-media":"","overlay-type":"","overlay-color":"","overlay-opacity":"","overlay-gradient":""},"mobile":{"background-color":"","background-image":"","background-repeat":"repeat","background-position":"center center","background-size":"auto","background-attachment":"scroll","background-type":"","background-media":"","overlay-type":"","overlay-color":"","overlay-opacity":"","overlay-gradient":""}},"ast-content-background-meta":{"desktop":{"background-color":"var(--ast-global-color-5)","background-image":"","background-repeat":"repeat","background-position":"center center","background-size":"auto","background-attachment":"scroll","background-type":"","background-media":"","overlay-type":"","overlay-color":"","overlay-opacity":"","overlay-gradient":""},"tablet":{"background-color":"var(--ast-global-color-5)","background-image":"","background-repeat":"repeat","background-position":"center center","background-size":"auto","background-attachment":"scroll","background-type":"","background-media":"","overlay-type":"","overlay-color":"","overlay-opacity":"","overlay-gradient":""},"mobile":{"background-color":"var(--ast-global-color-5)","background-image":"","background-repeat":"repeat","background-position":"center center","background-size":"auto","background-attachment":"scroll","background-type":"","background-media":"","overlay-type":"","overlay-color":"","overlay-opacity":"","overlay-gradient":""}},"ngg_post_thumbnail":0,"footnotes":""},"class_list":["post-427","page","type-page","status-publish","hentry"],"_links":{"self":[{"href":"https:\/\/www.cent.uo.edu.cu\/cbm\/wp-json\/wp\/v2\/pages\/427","targetHints":{"allow":["GET"]}}],"collection":[{"href":"https:\/\/www.cent.uo.edu.cu\/cbm\/wp-json\/wp\/v2\/pages"}],"about":[{"href":"https:\/\/www.cent.uo.edu.cu\/cbm\/wp-json\/wp\/v2\/types\/page"}],"author":[{"embeddable":true,"href":"https:\/\/www.cent.uo.edu.cu\/cbm\/wp-json\/wp\/v2\/users\/20"}],"replies":[{"embeddable":true,"href":"https:\/\/www.cent.uo.edu.cu\/cbm\/wp-json\/wp\/v2\/comments?post=427"}],"version-history":[{"count":3,"href":"https:\/\/www.cent.uo.edu.cu\/cbm\/wp-json\/wp\/v2\/pages\/427\/revisions"}],"predecessor-version":[{"id":494,"href":"https:\/\/www.cent.uo.edu.cu\/cbm\/wp-json\/wp\/v2\/pages\/427\/revisions\/494"}],"wp:attachment":[{"href":"https:\/\/www.cent.uo.edu.cu\/cbm\/wp-json\/wp\/v2\/media?parent=427"}],"curies":[{"name":"wp","href":"https:\/\/api.w.org\/{rel}","templated":true}]}}