{"id":456,"date":"2021-03-15T17:01:13","date_gmt":"2021-03-15T16:01:13","guid":{"rendered":"http:\/\/www.cent.uo.edu.cu\/cbm\/?page_id=456"},"modified":"2021-03-15T17:40:59","modified_gmt":"2021-03-15T16:40:59","slug":"456-2","status":"publish","type":"page","link":"https:\/\/www.cent.uo.edu.cu\/cbm\/456-2\/","title":{"rendered":""},"content":{"rendered":"\n<p><strong>Tipo de Proyecto: Institucional<\/strong>.<\/p>\n\n\n\n<p>Contacto: Jefe de proyecto Dr.C. Manuel Arsenio Lores Guevara<\/p>\n\n\n\n<p>Tel\u00e9fono(s): +53 22 631425 extensi\u00f3n 120 Fax: +53 22 632545<\/p>\n\n\n\n<p>Correo(s) electr\u00f3nico(s): lores@uo.edu.cu, manuelores2@gmail.com&nbsp;&nbsp;&nbsp;<\/p>\n\n\n\n<p>Seg\u00fan riesgo: Innovaci\u00f3n \/ Tecnol\u00f3gico<\/p>\n\n\n\n<p>Salida: Servicio.&nbsp;&nbsp;&nbsp;&nbsp;&nbsp;&nbsp;&nbsp;&nbsp;&nbsp;&nbsp;&nbsp;&nbsp;&nbsp;&nbsp;&nbsp;&nbsp;&nbsp;&nbsp;&nbsp;&nbsp;&nbsp;&nbsp;&nbsp;&nbsp;&nbsp;&nbsp;&nbsp;&nbsp;&nbsp;&nbsp;&nbsp;&nbsp;&nbsp;&nbsp;&nbsp;&nbsp;&nbsp;&nbsp;&nbsp;&nbsp;&nbsp;&nbsp;&nbsp;&nbsp;&nbsp;&nbsp;&nbsp;&nbsp;&nbsp;&nbsp;&nbsp;&nbsp;&nbsp;&nbsp;&nbsp;&nbsp;&nbsp;&nbsp;&nbsp;&nbsp;&nbsp;&nbsp;&nbsp;&nbsp;&nbsp;&nbsp;&nbsp;&nbsp;&nbsp;&nbsp;&nbsp;&nbsp;&nbsp;&nbsp;&nbsp;&nbsp;&nbsp;&nbsp;&nbsp;&nbsp;&nbsp;&nbsp;&nbsp;&nbsp;&nbsp;&nbsp;<\/p>\n\n\n\n<p><strong>OBJETIVO GENERAL:<\/strong><\/p>\n\n\n\n<p class=\"has-text-align-justify\">Ampliar las aplicaciones m\u00e9dicas, industriales y agr\u00edcolas de la Relajaci\u00f3n Magn\u00e9tica.<\/p>\n\n\n\n<p><strong>OBJETIVOS ESPEC\u00cdFICOS:<\/strong><\/p>\n\n\n\n<div class=\"wp-block-group\"><div class=\"wp-block-group__inner-container is-layout-flow wp-block-group-is-layout-flow\">\n<p>Validar y aplicar el m\u00e9todo de RMN desarrollado para la determinaci\u00f3n de la viscosidad din\u00e1mica en disoluciones acuosas de hemoglobina.<\/p>\n\n\n\n<div class=\"wp-block-group\"><div class=\"wp-block-group__inner-container is-layout-flow wp-block-group-is-layout-flow\">\n<p>Aplicar el m\u00e9todo de RMN desarrollado para la determinaci\u00f3n de la viscosidad din\u00e1mica en plasma sangu\u00edneo en patolog\u00edas como el ICTUS, la artritis reumatoidea, as\u00ed como, en mujeres en estado de gestaci\u00f3n.<\/p>\n\n\n\n<p class=\"has-text-align-justify\">Desarrollar m\u00e9todos de Resonancia magn\u00e9tica para la caracterizaci\u00f3n de aceites comestibles y lubricantes.<\/p>\n\n\n\n<p>Desarrollar nuevas aplicaciones de la RMN para el estudio del Carb\u00f3n Vegetal.<\/p>\n<\/div><\/div>\n<\/div><\/div>\n\n\n\n<p>Identificar potenciales nuevas aplicaciones agr\u00edcolas de la relajaci\u00f3n magn\u00e9tica.<\/p>\n","protected":false},"excerpt":{"rendered":"<p>Tipo de Proyecto: Institucional. Contacto: Jefe de proyecto Dr.C. Manuel Arsenio Lores Guevara Tel\u00e9fono(s): +53 22 631425 extensi\u00f3n 120 Fax: +53 22 632545 Correo(s) electr\u00f3nico(s): lores@uo.edu.cu, manuelores2@gmail.com&nbsp;&nbsp;&nbsp; Seg\u00fan riesgo: Innovaci\u00f3n \/ Tecnol\u00f3gico Salida: Servicio.&nbsp;&nbsp;&nbsp;&nbsp;&nbsp;&nbsp;&nbsp;&nbsp;&nbsp;&nbsp;&nbsp;&nbsp;&nbsp;&nbsp;&nbsp;&nbsp;&nbsp;&nbsp;&nbsp;&nbsp;&nbsp;&nbsp;&nbsp;&nbsp;&nbsp;&nbsp;&nbsp;&nbsp;&nbsp;&nbsp;&nbsp;&nbsp;&nbsp;&nbsp;&nbsp;&nbsp;&nbsp;&nbsp;&nbsp;&nbsp;&nbsp;&nbsp;&nbsp;&nbsp;&nbsp;&nbsp;&nbsp;&nbsp;&nbsp;&nbsp;&nbsp;&nbsp;&nbsp;&nbsp;&nbsp;&nbsp;&nbsp;&nbsp;&nbsp;&nbsp;&nbsp;&nbsp;&nbsp;&nbsp;&nbsp;&nbsp;&nbsp;&nbsp;&nbsp;&nbsp;&nbsp;&nbsp;&nbsp;&nbsp;&nbsp;&nbsp;&nbsp;&nbsp;&nbsp;&nbsp;&nbsp;&nbsp;&nbsp;&nbsp;&nbsp;&nbsp; OBJETIVO GENERAL: Ampliar las aplicaciones m\u00e9dicas, industriales y agr\u00edcolas de la Relajaci\u00f3n Magn\u00e9tica. OBJETIVOS ESPEC\u00cdFICOS: Validar y aplicar el m\u00e9todo de [&hellip;]<\/p>\n","protected":false},"author":20,"featured_media":0,"parent":0,"menu_order":0,"comment_status":"closed","ping_status":"closed","template":"","meta":{"site-sidebar-layout":"default","site-content-layout":"","ast-site-content-layout":"default","site-content-style":"default","site-sidebar-style":"default","ast-global-header-display":"","ast-banner-title-visibility":"","ast-main-header-display":"","ast-hfb-above-header-display":"","ast-hfb-below-header-display":"","ast-hfb-mobile-header-display":"","site-post-title":"","ast-breadcrumbs-content":"","ast-featured-img":"","footer-sml-layout":"","ast-disable-related-posts":"","theme-transparent-header-meta":"","adv-header-id-meta":"","stick-header-meta":"","header-above-stick-meta":"","header-main-stick-meta":"","header-below-stick-meta":"","astra-migrate-meta-layouts":"default","ast-page-background-enabled":"default","ast-page-background-meta":{"desktop":{"background-color":"var(--ast-global-color-4)","background-image":"","background-repeat":"repeat","background-position":"center center","background-size":"auto","background-attachment":"scroll","background-type":"","background-media":"","overlay-type":"","overlay-color":"","overlay-opacity":"","overlay-gradient":""},"tablet":{"background-color":"","background-image":"","background-repeat":"repeat","background-position":"center center","background-size":"auto","background-attachment":"scroll","background-type":"","background-media":"","overlay-type":"","overlay-color":"","overlay-opacity":"","overlay-gradient":""},"mobile":{"background-color":"","background-image":"","background-repeat":"repeat","background-position":"center center","background-size":"auto","background-attachment":"scroll","background-type":"","background-media":"","overlay-type":"","overlay-color":"","overlay-opacity":"","overlay-gradient":""}},"ast-content-background-meta":{"desktop":{"background-color":"var(--ast-global-color-5)","background-image":"","background-repeat":"repeat","background-position":"center center","background-size":"auto","background-attachment":"scroll","background-type":"","background-media":"","overlay-type":"","overlay-color":"","overlay-opacity":"","overlay-gradient":""},"tablet":{"background-color":"var(--ast-global-color-5)","background-image":"","background-repeat":"repeat","background-position":"center center","background-size":"auto","background-attachment":"scroll","background-type":"","background-media":"","overlay-type":"","overlay-color":"","overlay-opacity":"","overlay-gradient":""},"mobile":{"background-color":"var(--ast-global-color-5)","background-image":"","background-repeat":"repeat","background-position":"center center","background-size":"auto","background-attachment":"scroll","background-type":"","background-media":"","overlay-type":"","overlay-color":"","overlay-opacity":"","overlay-gradient":""}},"ngg_post_thumbnail":0,"footnotes":""},"class_list":["post-456","page","type-page","status-publish","hentry"],"_links":{"self":[{"href":"https:\/\/www.cent.uo.edu.cu\/cbm\/wp-json\/wp\/v2\/pages\/456","targetHints":{"allow":["GET"]}}],"collection":[{"href":"https:\/\/www.cent.uo.edu.cu\/cbm\/wp-json\/wp\/v2\/pages"}],"about":[{"href":"https:\/\/www.cent.uo.edu.cu\/cbm\/wp-json\/wp\/v2\/types\/page"}],"author":[{"embeddable":true,"href":"https:\/\/www.cent.uo.edu.cu\/cbm\/wp-json\/wp\/v2\/users\/20"}],"replies":[{"embeddable":true,"href":"https:\/\/www.cent.uo.edu.cu\/cbm\/wp-json\/wp\/v2\/comments?post=456"}],"version-history":[{"count":2,"href":"https:\/\/www.cent.uo.edu.cu\/cbm\/wp-json\/wp\/v2\/pages\/456\/revisions"}],"predecessor-version":[{"id":495,"href":"https:\/\/www.cent.uo.edu.cu\/cbm\/wp-json\/wp\/v2\/pages\/456\/revisions\/495"}],"wp:attachment":[{"href":"https:\/\/www.cent.uo.edu.cu\/cbm\/wp-json\/wp\/v2\/media?parent=456"}],"curies":[{"name":"wp","href":"https:\/\/api.w.org\/{rel}","templated":true}]}}