{"id":459,"date":"2021-03-15T17:05:07","date_gmt":"2021-03-15T16:05:07","guid":{"rendered":"http:\/\/www.cent.uo.edu.cu\/cbm\/?page_id=459"},"modified":"2021-03-15T17:05:14","modified_gmt":"2021-03-15T16:05:14","slug":"459-2","status":"publish","type":"page","link":"https:\/\/www.cent.uo.edu.cu\/cbm\/459-2\/","title":{"rendered":""},"content":{"rendered":"\n<p><strong>Tipo de Proyecto: Institucional.<\/strong><\/p>\n\n\n\n<p>Contacto: Jefe de proyecto. <strong>&nbsp;Ing: Yunier Prieur&nbsp; Coloma<\/strong><\/p>\n\n\n\n<p>Correo(s) electr\u00f3nico(s): yunier.prieur@uo.edu.cu&nbsp;&nbsp;&nbsp;&nbsp;&nbsp;&nbsp;&nbsp;<\/p>\n\n\n\n<figure class=\"wp-block-table is-style-regular\"><table><tbody><tr><td>Tel\u00e9fono(s): +53 22 631425 extensi\u00f3n 116 Fax: +53 22 632545 Seg\u00fan riesgo: Innovaci\u00f3n \/ Tecnol\u00f3gico Salida: Servicio &nbsp;<\/td><td>&nbsp;<\/td><\/tr><\/tbody><\/table><\/figure>\n\n\n\n<p><strong><u>OBJETIVOS GENERALES DEL PROYECTO:<\/u><\/strong><\/p>\n\n\n\n<p>Dise\u00f1ar y desarrollar un sistema que permita el control de temperatura de la muestra en los Relax\u00f3metros de RM.<\/p>\n\n\n\n<p>Dise\u00f1ar e implementar estrategias y alternativas de control que optimicen el funcionamiento del sistema de control de temperatura propuesto.<\/p>\n\n\n\n<p><strong><u>OBJETIVOS ESPEC\u00cdFICOS:<\/u><\/strong><\/p>\n\n\n\n<p>Analizarlos requerimientos y condiciones de operaci\u00f3n del sistema.<\/p>\n\n\n\n<p>Conceptualizaci\u00f3n del sistema propuesto y sus funcionalidades.<\/p>\n\n\n\n<p>Dise\u00f1arla &nbsp;y construir la maqueta para el control de temperatura de la muestra.<\/p>\n\n\n\n<p>Validar los componentes y accesorios a emplear en el sistema.<\/p>\n\n\n\n<p>Modelar el sistema de control de temperatura Y desarrollar las estrategias de control del sistema<\/p>\n\n\n\n<p>Realizar pruebas para validar la soluci\u00f3n propuesta<\/p>\n\n\n\n<p>Redactar el manual de usuario del sistema.<\/p>\n\n\n\n<p><strong><u>SALIDAS ESPERADAS:<\/u><\/strong><\/p>\n\n\n\n<p>Sistema para controlar la temperatura de la muestra en el Relax\u00f3metro.<\/p>\n\n\n\n<p>Medirlos tiempos de relajaci\u00f3n a diferentes temperaturas.<\/p>\n\n\n\n<p>Generar ingresos a partir de la inserci\u00f3n en equipamientos de otras entidades.<\/p>\n\n\n\n<p>Documento de instrucciones de puesta en marcha (IPM)<\/p>\n\n\n\n<p>Manual de usuario del sistema<\/p>\n\n\n\n<p>Apoyo a la docencia en estudios de pregrado: Realizar laboratorios y\/o pr\u00e1cticas laborales con estudiantes de la carrera de Ingenier\u00eda Autom\u00e1tica.<\/p>\n\n\n\n<p>Apoyo a la docencia en estudios de posgrado: Realizar laboratorios sobre estrategias avanzadas de control.<\/p>\n","protected":false},"excerpt":{"rendered":"<p>Tipo de Proyecto: Institucional. Contacto: Jefe de proyecto. &nbsp;Ing: Yunier Prieur&nbsp; Coloma Correo(s) electr\u00f3nico(s): yunier.prieur@uo.edu.cu&nbsp;&nbsp;&nbsp;&nbsp;&nbsp;&nbsp;&nbsp; Tel\u00e9fono(s): +53 22 631425 extensi\u00f3n 116 Fax: +53 22 632545 Seg\u00fan riesgo: Innovaci\u00f3n \/ Tecnol\u00f3gico Salida: Servicio &nbsp; &nbsp; OBJETIVOS GENERALES DEL PROYECTO: Dise\u00f1ar y desarrollar un sistema que permita el control de temperatura de la muestra en los Relax\u00f3metros [&hellip;]<\/p>\n","protected":false},"author":20,"featured_media":0,"parent":0,"menu_order":0,"comment_status":"closed","ping_status":"closed","template":"","meta":{"site-sidebar-layout":"default","site-content-layout":"","ast-site-content-layout":"default","site-content-style":"default","site-sidebar-style":"default","ast-global-header-display":"","ast-banner-title-visibility":"","ast-main-header-display":"","ast-hfb-above-header-display":"","ast-hfb-below-header-display":"","ast-hfb-mobile-header-display":"","site-post-title":"","ast-breadcrumbs-content":"","ast-featured-img":"","footer-sml-layout":"","ast-disable-related-posts":"","theme-transparent-header-meta":"","adv-header-id-meta":"","stick-header-meta":"","header-above-stick-meta":"","header-main-stick-meta":"","header-below-stick-meta":"","astra-migrate-meta-layouts":"default","ast-page-background-enabled":"default","ast-page-background-meta":{"desktop":{"background-color":"var(--ast-global-color-4)","background-image":"","background-repeat":"repeat","background-position":"center center","background-size":"auto","background-attachment":"scroll","background-type":"","background-media":"","overlay-type":"","overlay-color":"","overlay-opacity":"","overlay-gradient":""},"tablet":{"background-color":"","background-image":"","background-repeat":"repeat","background-position":"center center","background-size":"auto","background-attachment":"scroll","background-type":"","background-media":"","overlay-type":"","overlay-color":"","overlay-opacity":"","overlay-gradient":""},"mobile":{"background-color":"","background-image":"","background-repeat":"repeat","background-position":"center center","background-size":"auto","background-attachment":"scroll","background-type":"","background-media":"","overlay-type":"","overlay-color":"","overlay-opacity":"","overlay-gradient":""}},"ast-content-background-meta":{"desktop":{"background-color":"var(--ast-global-color-5)","background-image":"","background-repeat":"repeat","background-position":"center center","background-size":"auto","background-attachment":"scroll","background-type":"","background-media":"","overlay-type":"","overlay-color":"","overlay-opacity":"","overlay-gradient":""},"tablet":{"background-color":"var(--ast-global-color-5)","background-image":"","background-repeat":"repeat","background-position":"center center","background-size":"auto","background-attachment":"scroll","background-type":"","background-media":"","overlay-type":"","overlay-color":"","overlay-opacity":"","overlay-gradient":""},"mobile":{"background-color":"var(--ast-global-color-5)","background-image":"","background-repeat":"repeat","background-position":"center center","background-size":"auto","background-attachment":"scroll","background-type":"","background-media":"","overlay-type":"","overlay-color":"","overlay-opacity":"","overlay-gradient":""}},"ngg_post_thumbnail":0,"footnotes":""},"class_list":["post-459","page","type-page","status-publish","hentry"],"_links":{"self":[{"href":"https:\/\/www.cent.uo.edu.cu\/cbm\/wp-json\/wp\/v2\/pages\/459","targetHints":{"allow":["GET"]}}],"collection":[{"href":"https:\/\/www.cent.uo.edu.cu\/cbm\/wp-json\/wp\/v2\/pages"}],"about":[{"href":"https:\/\/www.cent.uo.edu.cu\/cbm\/wp-json\/wp\/v2\/types\/page"}],"author":[{"embeddable":true,"href":"https:\/\/www.cent.uo.edu.cu\/cbm\/wp-json\/wp\/v2\/users\/20"}],"replies":[{"embeddable":true,"href":"https:\/\/www.cent.uo.edu.cu\/cbm\/wp-json\/wp\/v2\/comments?post=459"}],"version-history":[{"count":1,"href":"https:\/\/www.cent.uo.edu.cu\/cbm\/wp-json\/wp\/v2\/pages\/459\/revisions"}],"predecessor-version":[{"id":461,"href":"https:\/\/www.cent.uo.edu.cu\/cbm\/wp-json\/wp\/v2\/pages\/459\/revisions\/461"}],"wp:attachment":[{"href":"https:\/\/www.cent.uo.edu.cu\/cbm\/wp-json\/wp\/v2\/media?parent=459"}],"curies":[{"name":"wp","href":"https:\/\/api.w.org\/{rel}","templated":true}]}}