{"id":462,"date":"2021-03-15T17:06:44","date_gmt":"2021-03-15T16:06:44","guid":{"rendered":"http:\/\/www.cent.uo.edu.cu\/cbm\/?page_id=462"},"modified":"2021-03-15T17:06:53","modified_gmt":"2021-03-15T16:06:53","slug":"462-2","status":"publish","type":"page","link":"https:\/\/www.cent.uo.edu.cu\/cbm\/462-2\/","title":{"rendered":""},"content":{"rendered":"\n<p><strong>Tipo de Proyecto: Institucional.<\/strong><\/p>\n\n\n\n<figure class=\"wp-block-table\"><table><tbody><tr><td>Seg\u00fan riesgo: Innovaci\u00f3n \/ Tecnol\u00f3gico Salida: Servicio <strong>&nbsp;<\/strong> <strong>Contacto: Jefe del Proyecto: <\/strong>Lic. Ram\u00f3n Reinoso Leblanch Correo(s) electr\u00f3nico(s) ramon.reinoso@cbiomed.cu &nbsp;Tel\u00e9fono(s ) (+53) 22631424, (+53) 22632787 &nbsp;<\/td><td>&nbsp;<\/td><\/tr><\/tbody><\/table><\/figure>\n\n\n\n<p><strong>OBJETIVOS<\/strong><\/p>\n\n\n\n<p>Desarrollar una aplicaci\u00f3n en Android para la adquisici\u00f3n y procesamiento de las se\u00f1ales adquiridas por el sensor inal\u00e1mbrico (de ahora en adelante APLICACI\u00d3N).<\/p>\n\n\n\n<p><strong>RESULTADOS ESPERADOS<\/strong><\/p>\n\n\n\n<p>Aplicaci\u00f3n Android para el procesamiento de la OP adquirida v\u00eda <em>Bluetooth<\/em> en la nueva versi\u00f3n de equipos ANGIODIN.<\/p>\n\n\n\n<p>Registro de software.<\/p>\n","protected":false},"excerpt":{"rendered":"<p>Tipo de Proyecto: Institucional. Seg\u00fan riesgo: Innovaci\u00f3n \/ Tecnol\u00f3gico Salida: Servicio &nbsp; Contacto: Jefe del Proyecto: Lic. Ram\u00f3n Reinoso Leblanch Correo(s) electr\u00f3nico(s) ramon.reinoso@cbiomed.cu &nbsp;Tel\u00e9fono(s ) (+53) 22631424, (+53) 22632787 &nbsp; &nbsp; OBJETIVOS Desarrollar una aplicaci\u00f3n en Android para la adquisici\u00f3n y procesamiento de las se\u00f1ales adquiridas por el sensor inal\u00e1mbrico (de ahora en adelante APLICACI\u00d3N). [&hellip;]<\/p>\n","protected":false},"author":20,"featured_media":0,"parent":0,"menu_order":0,"comment_status":"closed","ping_status":"closed","template":"","meta":{"site-sidebar-layout":"default","site-content-layout":"","ast-site-content-layout":"default","site-content-style":"default","site-sidebar-style":"default","ast-global-header-display":"","ast-banner-title-visibility":"","ast-main-header-display":"","ast-hfb-above-header-display":"","ast-hfb-below-header-display":"","ast-hfb-mobile-header-display":"","site-post-title":"","ast-breadcrumbs-content":"","ast-featured-img":"","footer-sml-layout":"","ast-disable-related-posts":"","theme-transparent-header-meta":"","adv-header-id-meta":"","stick-header-meta":"","header-above-stick-meta":"","header-main-stick-meta":"","header-below-stick-meta":"","astra-migrate-meta-layouts":"default","ast-page-background-enabled":"default","ast-page-background-meta":{"desktop":{"background-color":"var(--ast-global-color-4)","background-image":"","background-repeat":"repeat","background-position":"center center","background-size":"auto","background-attachment":"scroll","background-type":"","background-media":"","overlay-type":"","overlay-color":"","overlay-opacity":"","overlay-gradient":""},"tablet":{"background-color":"","background-image":"","background-repeat":"repeat","background-position":"center center","background-size":"auto","background-attachment":"scroll","background-type":"","background-media":"","overlay-type":"","overlay-color":"","overlay-opacity":"","overlay-gradient":""},"mobile":{"background-color":"","background-image":"","background-repeat":"repeat","background-position":"center center","background-size":"auto","background-attachment":"scroll","background-type":"","background-media":"","overlay-type":"","overlay-color":"","overlay-opacity":"","overlay-gradient":""}},"ast-content-background-meta":{"desktop":{"background-color":"var(--ast-global-color-5)","background-image":"","background-repeat":"repeat","background-position":"center center","background-size":"auto","background-attachment":"scroll","background-type":"","background-media":"","overlay-type":"","overlay-color":"","overlay-opacity":"","overlay-gradient":""},"tablet":{"background-color":"var(--ast-global-color-5)","background-image":"","background-repeat":"repeat","background-position":"center center","background-size":"auto","background-attachment":"scroll","background-type":"","background-media":"","overlay-type":"","overlay-color":"","overlay-opacity":"","overlay-gradient":""},"mobile":{"background-color":"var(--ast-global-color-5)","background-image":"","background-repeat":"repeat","background-position":"center center","background-size":"auto","background-attachment":"scroll","background-type":"","background-media":"","overlay-type":"","overlay-color":"","overlay-opacity":"","overlay-gradient":""}},"ngg_post_thumbnail":0,"footnotes":""},"class_list":["post-462","page","type-page","status-publish","hentry"],"_links":{"self":[{"href":"https:\/\/www.cent.uo.edu.cu\/cbm\/wp-json\/wp\/v2\/pages\/462","targetHints":{"allow":["GET"]}}],"collection":[{"href":"https:\/\/www.cent.uo.edu.cu\/cbm\/wp-json\/wp\/v2\/pages"}],"about":[{"href":"https:\/\/www.cent.uo.edu.cu\/cbm\/wp-json\/wp\/v2\/types\/page"}],"author":[{"embeddable":true,"href":"https:\/\/www.cent.uo.edu.cu\/cbm\/wp-json\/wp\/v2\/users\/20"}],"replies":[{"embeddable":true,"href":"https:\/\/www.cent.uo.edu.cu\/cbm\/wp-json\/wp\/v2\/comments?post=462"}],"version-history":[{"count":1,"href":"https:\/\/www.cent.uo.edu.cu\/cbm\/wp-json\/wp\/v2\/pages\/462\/revisions"}],"predecessor-version":[{"id":463,"href":"https:\/\/www.cent.uo.edu.cu\/cbm\/wp-json\/wp\/v2\/pages\/462\/revisions\/463"}],"wp:attachment":[{"href":"https:\/\/www.cent.uo.edu.cu\/cbm\/wp-json\/wp\/v2\/media?parent=462"}],"curies":[{"name":"wp","href":"https:\/\/api.w.org\/{rel}","templated":true}]}}