{"id":464,"date":"2021-03-15T17:09:37","date_gmt":"2021-03-15T16:09:37","guid":{"rendered":"http:\/\/www.cent.uo.edu.cu\/cbm\/?page_id=464"},"modified":"2021-03-15T17:09:46","modified_gmt":"2021-03-15T16:09:46","slug":"464-2","status":"publish","type":"page","link":"https:\/\/www.cent.uo.edu.cu\/cbm\/464-2\/","title":{"rendered":""},"content":{"rendered":"\n<p>Tipo de Proyecto: Institucional.<\/p>\n\n\n\n<p>Contacto: Jefe de proyecto. DrC. Alberto L\u00f3pez Delis.<\/p>\n\n\n\n<p>Correo(s) electr\u00f3nico(s): <a href=\"mailto:cbm@uo.edu.cu\">cbm@uo.edu.cu<\/a>, &nbsp;lopezdelis69@gmail.com, &nbsp;alberto.lopezd@uo.edu.cu&nbsp;&nbsp;&nbsp;&nbsp;&nbsp;&nbsp;<\/p>\n\n\n\n<figure class=\"wp-block-table\"><table><tbody><tr><td>Tel\u00e9fono(s): +53 22 631425 extensi\u00f3n 101 Fax: +53 22 632545 ,22632787 Seg\u00fan riesgo: Innovaci\u00f3n \/ Tecnol\u00f3gico Salida: Servicio &nbsp;<\/td><td>&nbsp;<\/td><\/tr><\/tbody><\/table><\/figure>\n\n\n\n<figure class=\"wp-block-table is-style-regular\"><table><tbody><tr><td><strong>OBJETIVO GENERAL DEL PROYECTO:<\/strong> Desarrollar tecnolog\u00edas asistidas y de rehabilitaci\u00f3n a partir de la implementaci\u00f3n de interfaces cerebro-computador e interfaces hombre-m\u00e1quina basado en el procesamiento de se\u00f1ales mioel\u00e9ctricas de superficie, electroencefalograf\u00eda y el uso de sensores inerciales para la detecci\u00f3n de la intencionalidad e imaginaci\u00f3n motora. <br><strong>RESULTADOS ESPERADOS<\/strong> Obtenci\u00f3n de nuevas bases de datos a partir del desarrollo de protocolos experimentales con el uso de se\u00f1ales electromiograf\u00edas de superficie, electroencefalograf\u00eda y sensores inerciales en sujetos saludables y con accidentes cerebro-vascular (ACV) para la detecci\u00f3n de la intencionalidad del movimiento e imaginaci\u00f3n motora. \u00a0 Desarrollo y validaci\u00f3n de nuevas propuestas algor\u00edtmicas basadas en interface cerebro-computador para la detecci\u00f3n de la imaginaci\u00f3n motora en miembros superiores. \u00a0 Desarrollo y validaci\u00f3n de nuevas propuestas algor\u00edtmicas basadas en interface hombre-m\u00e1quina para la detecci\u00f3n de la intencionalidad del movimiento en miembros superiores. \u00a0 Desarrollo y validaci\u00f3n de nuevas propuestas algor\u00edtmicas basadas en modelos h\u00edbridos para la detecci\u00f3n de la intencionalidad del movimiento e imaginaci\u00f3n motora en miembros superiores. \u00a0 Desarrollo y validaci\u00f3n de nuevas estrategias y modelos de control activo para tecnolog\u00edas de rehabilitaci\u00f3n de miembros superiores. \u00a0 Desarrollo de profesionales de alto nivel en el \u00e1rea de las tecnolog\u00edas asistidas y de rehabilitaci\u00f3n. \u00a0 Ampliaci\u00f3n de nuevos proyectos de investigaci\u00f3n en el \u00e1rea de las tecnolog\u00edas asistidas y la rehabilitaci\u00f3n que permitan consolidar la l\u00ednea de investigaci\u00f3n de Estudios del Movimiento y Rehabilitaci\u00f3n Muscular. \u00a0<\/td><td>&nbsp;<\/td><\/tr><\/tbody><\/table><\/figure>\n","protected":false},"excerpt":{"rendered":"<p>Tipo de Proyecto: Institucional. Contacto: Jefe de proyecto. DrC. Alberto L\u00f3pez Delis. Correo(s) electr\u00f3nico(s): cbm@uo.edu.cu, &nbsp;lopezdelis69@gmail.com, &nbsp;alberto.lopezd@uo.edu.cu&nbsp;&nbsp;&nbsp;&nbsp;&nbsp;&nbsp; Tel\u00e9fono(s): +53 22 631425 extensi\u00f3n 101 Fax: +53 22 632545 ,22632787 Seg\u00fan riesgo: Innovaci\u00f3n \/ Tecnol\u00f3gico Salida: Servicio &nbsp; &nbsp; OBJETIVO GENERAL DEL PROYECTO: Desarrollar tecnolog\u00edas asistidas y de rehabilitaci\u00f3n a partir de la implementaci\u00f3n de interfaces cerebro-computador [&hellip;]<\/p>\n","protected":false},"author":20,"featured_media":0,"parent":0,"menu_order":0,"comment_status":"closed","ping_status":"closed","template":"","meta":{"site-sidebar-layout":"default","site-content-layout":"","ast-site-content-layout":"default","site-content-style":"default","site-sidebar-style":"default","ast-global-header-display":"","ast-banner-title-visibility":"","ast-main-header-display":"","ast-hfb-above-header-display":"","ast-hfb-below-header-display":"","ast-hfb-mobile-header-display":"","site-post-title":"","ast-breadcrumbs-content":"","ast-featured-img":"","footer-sml-layout":"","ast-disable-related-posts":"","theme-transparent-header-meta":"","adv-header-id-meta":"","stick-header-meta":"","header-above-stick-meta":"","header-main-stick-meta":"","header-below-stick-meta":"","astra-migrate-meta-layouts":"default","ast-page-background-enabled":"default","ast-page-background-meta":{"desktop":{"background-color":"var(--ast-global-color-4)","background-image":"","background-repeat":"repeat","background-position":"center center","background-size":"auto","background-attachment":"scroll","background-type":"","background-media":"","overlay-type":"","overlay-color":"","overlay-opacity":"","overlay-gradient":""},"tablet":{"background-color":"","background-image":"","background-repeat":"repeat","background-position":"center center","background-size":"auto","background-attachment":"scroll","background-type":"","background-media":"","overlay-type":"","overlay-color":"","overlay-opacity":"","overlay-gradient":""},"mobile":{"background-color":"","background-image":"","background-repeat":"repeat","background-position":"center center","background-size":"auto","background-attachment":"scroll","background-type":"","background-media":"","overlay-type":"","overlay-color":"","overlay-opacity":"","overlay-gradient":""}},"ast-content-background-meta":{"desktop":{"background-color":"var(--ast-global-color-5)","background-image":"","background-repeat":"repeat","background-position":"center center","background-size":"auto","background-attachment":"scroll","background-type":"","background-media":"","overlay-type":"","overlay-color":"","overlay-opacity":"","overlay-gradient":""},"tablet":{"background-color":"var(--ast-global-color-5)","background-image":"","background-repeat":"repeat","background-position":"center center","background-size":"auto","background-attachment":"scroll","background-type":"","background-media":"","overlay-type":"","overlay-color":"","overlay-opacity":"","overlay-gradient":""},"mobile":{"background-color":"var(--ast-global-color-5)","background-image":"","background-repeat":"repeat","background-position":"center center","background-size":"auto","background-attachment":"scroll","background-type":"","background-media":"","overlay-type":"","overlay-color":"","overlay-opacity":"","overlay-gradient":""}},"ngg_post_thumbnail":0,"footnotes":""},"class_list":["post-464","page","type-page","status-publish","hentry"],"_links":{"self":[{"href":"https:\/\/www.cent.uo.edu.cu\/cbm\/wp-json\/wp\/v2\/pages\/464","targetHints":{"allow":["GET"]}}],"collection":[{"href":"https:\/\/www.cent.uo.edu.cu\/cbm\/wp-json\/wp\/v2\/pages"}],"about":[{"href":"https:\/\/www.cent.uo.edu.cu\/cbm\/wp-json\/wp\/v2\/types\/page"}],"author":[{"embeddable":true,"href":"https:\/\/www.cent.uo.edu.cu\/cbm\/wp-json\/wp\/v2\/users\/20"}],"replies":[{"embeddable":true,"href":"https:\/\/www.cent.uo.edu.cu\/cbm\/wp-json\/wp\/v2\/comments?post=464"}],"version-history":[{"count":1,"href":"https:\/\/www.cent.uo.edu.cu\/cbm\/wp-json\/wp\/v2\/pages\/464\/revisions"}],"predecessor-version":[{"id":465,"href":"https:\/\/www.cent.uo.edu.cu\/cbm\/wp-json\/wp\/v2\/pages\/464\/revisions\/465"}],"wp:attachment":[{"href":"https:\/\/www.cent.uo.edu.cu\/cbm\/wp-json\/wp\/v2\/media?parent=464"}],"curies":[{"name":"wp","href":"https:\/\/api.w.org\/{rel}","templated":true}]}}