{"id":467,"date":"2021-03-15T17:11:56","date_gmt":"2021-03-15T16:11:56","guid":{"rendered":"http:\/\/www.cent.uo.edu.cu\/cbm\/?page_id=467"},"modified":"2021-03-15T17:12:18","modified_gmt":"2021-03-15T16:12:18","slug":"467-2","status":"publish","type":"page","link":"https:\/\/www.cent.uo.edu.cu\/cbm\/467-2\/","title":{"rendered":""},"content":{"rendered":"\n<p>Tipo de Proyecto: Institucional.<\/p>\n\n\n\n<p>Contacto: Jefe de proyecto.&nbsp; Dr.C. &nbsp;Rafael Alejandro &nbsp;Miller&nbsp; Clemente.<\/p>\n\n\n\n<p>Correo(s) electr\u00f3nico(s): rafael.miller@uo.edu.cu<\/p>\n\n\n\n<p>Tel\u00e9fono(s): +53 22 631425, Fax: +53 22 632545<\/p>\n\n\n\n<p>Seg\u00fan riesgo: Innovaci\u00f3n \/ Tecnol\u00f3gico<\/p>\n\n\n\n<p>Salida: Servicio.<\/p>\n\n\n\n<p>&nbsp;<strong>OBJETIVO GENERAL<\/strong><\/p>\n\n\n\n<p>Desarrollar m\u00e9todos y tecnolog\u00edas para el mejoramiento de procedimientos cl\u00ednicos de diagn\u00f3stico y terapia, basados&nbsp; en im\u00e1genes de rayos x (RX).<\/p>\n\n\n\n<p><strong>OBJETIVOS ESPEC\u00cdFICOS<\/strong><\/p>\n\n\n\n<p>Generalizar metodolog\u00eda de optimizaci\u00f3n de protocolos cl\u00ednicos de tomograf\u00eda computarizada basada en modelos<\/p>\n\n\n\n<p>(OBM) de estimadores de calidad de imagen y dosis.<\/p>\n\n\n\n<p>Desarrollar prototipos de equipos m\u00e9dicos para la ense\u00f1anza, investigaci\u00f3n y control de calidad, en el \u00e1mbito del uso cl\u00ednico de haces de rayos x.<\/p>\n\n\n\n<p>Crear espacios de fase de haces cl\u00ednicos de rayos x.<\/p>\n\n\n\n<figure class=\"wp-block-table\"><table><tbody><tr><td><strong>Recursos Estimados:&nbsp;&nbsp;&nbsp;&nbsp;&nbsp;<\/strong> &nbsp; <strong><\/strong>&nbsp;&nbsp;&nbsp;&nbsp;&nbsp;&nbsp;&nbsp;&nbsp;&nbsp;&nbsp;&nbsp;&nbsp;&nbsp;&nbsp;&nbsp;&nbsp;&nbsp;&nbsp;&nbsp;&nbsp;&nbsp;&nbsp;&nbsp; <strong><\/strong> &nbsp; &nbsp; Equipamiento dosim\u00e9trico para medici\u00f3n de haces de rayos x.&nbsp; &nbsp; Maniqu\u00edes para mediciones de magnitudes de calidad de imagen. <strong>&nbsp;<\/strong> <strong>Salidas Esperadas:<\/strong> SERVICIOS Protocolos optimizados por tipo de estudios con TC en hospitales de la regi\u00f3n oriental. &nbsp;<\/td><td>&nbsp;<\/td><\/tr><\/tbody><\/table><\/figure>\n","protected":false},"excerpt":{"rendered":"<p>Tipo de Proyecto: Institucional. Contacto: Jefe de proyecto.&nbsp; Dr.C. &nbsp;Rafael Alejandro &nbsp;Miller&nbsp; Clemente. Correo(s) electr\u00f3nico(s): rafael.miller@uo.edu.cu Tel\u00e9fono(s): +53 22 631425, Fax: +53 22 632545 Seg\u00fan riesgo: Innovaci\u00f3n \/ Tecnol\u00f3gico Salida: Servicio. &nbsp;OBJETIVO GENERAL Desarrollar m\u00e9todos y tecnolog\u00edas para el mejoramiento de procedimientos cl\u00ednicos de diagn\u00f3stico y terapia, basados&nbsp; en im\u00e1genes de rayos x (RX). OBJETIVOS [&hellip;]<\/p>\n","protected":false},"author":20,"featured_media":0,"parent":0,"menu_order":0,"comment_status":"closed","ping_status":"closed","template":"","meta":{"site-sidebar-layout":"default","site-content-layout":"","ast-site-content-layout":"default","site-content-style":"default","site-sidebar-style":"default","ast-global-header-display":"","ast-banner-title-visibility":"","ast-main-header-display":"","ast-hfb-above-header-display":"","ast-hfb-below-header-display":"","ast-hfb-mobile-header-display":"","site-post-title":"","ast-breadcrumbs-content":"","ast-featured-img":"","footer-sml-layout":"","ast-disable-related-posts":"","theme-transparent-header-meta":"","adv-header-id-meta":"","stick-header-meta":"","header-above-stick-meta":"","header-main-stick-meta":"","header-below-stick-meta":"","astra-migrate-meta-layouts":"default","ast-page-background-enabled":"default","ast-page-background-meta":{"desktop":{"background-color":"var(--ast-global-color-4)","background-image":"","background-repeat":"repeat","background-position":"center center","background-size":"auto","background-attachment":"scroll","background-type":"","background-media":"","overlay-type":"","overlay-color":"","overlay-opacity":"","overlay-gradient":""},"tablet":{"background-color":"","background-image":"","background-repeat":"repeat","background-position":"center center","background-size":"auto","background-attachment":"scroll","background-type":"","background-media":"","overlay-type":"","overlay-color":"","overlay-opacity":"","overlay-gradient":""},"mobile":{"background-color":"","background-image":"","background-repeat":"repeat","background-position":"center center","background-size":"auto","background-attachment":"scroll","background-type":"","background-media":"","overlay-type":"","overlay-color":"","overlay-opacity":"","overlay-gradient":""}},"ast-content-background-meta":{"desktop":{"background-color":"var(--ast-global-color-5)","background-image":"","background-repeat":"repeat","background-position":"center center","background-size":"auto","background-attachment":"scroll","background-type":"","background-media":"","overlay-type":"","overlay-color":"","overlay-opacity":"","overlay-gradient":""},"tablet":{"background-color":"var(--ast-global-color-5)","background-image":"","background-repeat":"repeat","background-position":"center center","background-size":"auto","background-attachment":"scroll","background-type":"","background-media":"","overlay-type":"","overlay-color":"","overlay-opacity":"","overlay-gradient":""},"mobile":{"background-color":"var(--ast-global-color-5)","background-image":"","background-repeat":"repeat","background-position":"center center","background-size":"auto","background-attachment":"scroll","background-type":"","background-media":"","overlay-type":"","overlay-color":"","overlay-opacity":"","overlay-gradient":""}},"ngg_post_thumbnail":0,"footnotes":""},"class_list":["post-467","page","type-page","status-publish","hentry"],"_links":{"self":[{"href":"https:\/\/www.cent.uo.edu.cu\/cbm\/wp-json\/wp\/v2\/pages\/467","targetHints":{"allow":["GET"]}}],"collection":[{"href":"https:\/\/www.cent.uo.edu.cu\/cbm\/wp-json\/wp\/v2\/pages"}],"about":[{"href":"https:\/\/www.cent.uo.edu.cu\/cbm\/wp-json\/wp\/v2\/types\/page"}],"author":[{"embeddable":true,"href":"https:\/\/www.cent.uo.edu.cu\/cbm\/wp-json\/wp\/v2\/users\/20"}],"replies":[{"embeddable":true,"href":"https:\/\/www.cent.uo.edu.cu\/cbm\/wp-json\/wp\/v2\/comments?post=467"}],"version-history":[{"count":1,"href":"https:\/\/www.cent.uo.edu.cu\/cbm\/wp-json\/wp\/v2\/pages\/467\/revisions"}],"predecessor-version":[{"id":468,"href":"https:\/\/www.cent.uo.edu.cu\/cbm\/wp-json\/wp\/v2\/pages\/467\/revisions\/468"}],"wp:attachment":[{"href":"https:\/\/www.cent.uo.edu.cu\/cbm\/wp-json\/wp\/v2\/media?parent=467"}],"curies":[{"name":"wp","href":"https:\/\/api.w.org\/{rel}","templated":true}]}}