{"id":472,"date":"2021-03-15T17:15:34","date_gmt":"2021-03-15T16:15:34","guid":{"rendered":"http:\/\/www.cent.uo.edu.cu\/cbm\/?page_id=472"},"modified":"2021-03-15T17:15:47","modified_gmt":"2021-03-15T16:15:47","slug":"472-2","status":"publish","type":"page","link":"https:\/\/www.cent.uo.edu.cu\/cbm\/472-2\/","title":{"rendered":""},"content":{"rendered":"\n<p>Tipo de Proyecto: Institucional.<\/p>\n\n\n\n<p>Contacto: Jefe de proyecto. <strong>MsC. Henry Blanco Lores<\/strong><\/p>\n\n\n\n<p>Correo(s) electr\u00f3nico(s): henry.lores@uo.edu.cu, <a href=\"mailto:hblanco2009@gmail.com\">hblanco2009@gmail.com<\/a><\/p>\n\n\n\n<p>Tel\u00e9fono(s): +53 22 631425, 22633380, Fax: +53 22 632545<\/p>\n\n\n\n<p>Seg\u00fan riesgo: Innovaci\u00f3n \/ Tecnol\u00f3gico<\/p>\n\n\n\n<p>Salida: Servicio.<\/p>\n\n\n\n<p><strong>OBJETIVOS:<\/strong><\/p>\n\n\n\n<p>Desarrollar un prototipo experimental de un visor PACS que proporcione varias de las funciones m\u00e1s importantes de este tipo de sistema (e.g., MPR, MIP, VR, etc.)<\/p>\n\n\n\n<p>Realizar un estudio comparativo, en un ambiente experimental local, entre el prototipo desarrollado y el sistema imagis 2.0.<\/p>\n\n\n\n<p>Evaluar el prototipo desarrollado en un ambiente cl\u00ednico real.<\/p>\n\n\n\n<p><strong><u>RESULTADOS ESPERADOS<\/u><\/strong><strong>.<\/strong> <strong><\/strong><\/p>\n\n\n\n<p>Archivos fuente y ejecutables del prototipo<\/p>\n\n\n\n<p>Instalador del prototipo<\/p>\n\n\n\n<p>Manual de usuario del prototipo<\/p>\n\n\n\n<p>Reporte t\u00e9cnico de experimentos locales<\/p>\n\n\n\n<p>Reporte t\u00e9cnico de experimentos en entornos cl\u00ednicos.<\/p>\n","protected":false},"excerpt":{"rendered":"<p>Tipo de Proyecto: Institucional. Contacto: Jefe de proyecto. MsC. Henry Blanco Lores Correo(s) electr\u00f3nico(s): henry.lores@uo.edu.cu, hblanco2009@gmail.com Tel\u00e9fono(s): +53 22 631425, 22633380, Fax: +53 22 632545 Seg\u00fan riesgo: Innovaci\u00f3n \/ Tecnol\u00f3gico Salida: Servicio. OBJETIVOS: Desarrollar un prototipo experimental de un visor PACS que proporcione varias de las funciones m\u00e1s importantes de este tipo de sistema (e.g., [&hellip;]<\/p>\n","protected":false},"author":20,"featured_media":0,"parent":0,"menu_order":0,"comment_status":"closed","ping_status":"closed","template":"","meta":{"site-sidebar-layout":"default","site-content-layout":"","ast-site-content-layout":"default","site-content-style":"default","site-sidebar-style":"default","ast-global-header-display":"","ast-banner-title-visibility":"","ast-main-header-display":"","ast-hfb-above-header-display":"","ast-hfb-below-header-display":"","ast-hfb-mobile-header-display":"","site-post-title":"","ast-breadcrumbs-content":"","ast-featured-img":"","footer-sml-layout":"","ast-disable-related-posts":"","theme-transparent-header-meta":"","adv-header-id-meta":"","stick-header-meta":"","header-above-stick-meta":"","header-main-stick-meta":"","header-below-stick-meta":"","astra-migrate-meta-layouts":"default","ast-page-background-enabled":"default","ast-page-background-meta":{"desktop":{"background-color":"var(--ast-global-color-4)","background-image":"","background-repeat":"repeat","background-position":"center center","background-size":"auto","background-attachment":"scroll","background-type":"","background-media":"","overlay-type":"","overlay-color":"","overlay-opacity":"","overlay-gradient":""},"tablet":{"background-color":"","background-image":"","background-repeat":"repeat","background-position":"center center","background-size":"auto","background-attachment":"scroll","background-type":"","background-media":"","overlay-type":"","overlay-color":"","overlay-opacity":"","overlay-gradient":""},"mobile":{"background-color":"","background-image":"","background-repeat":"repeat","background-position":"center center","background-size":"auto","background-attachment":"scroll","background-type":"","background-media":"","overlay-type":"","overlay-color":"","overlay-opacity":"","overlay-gradient":""}},"ast-content-background-meta":{"desktop":{"background-color":"var(--ast-global-color-5)","background-image":"","background-repeat":"repeat","background-position":"center center","background-size":"auto","background-attachment":"scroll","background-type":"","background-media":"","overlay-type":"","overlay-color":"","overlay-opacity":"","overlay-gradient":""},"tablet":{"background-color":"var(--ast-global-color-5)","background-image":"","background-repeat":"repeat","background-position":"center center","background-size":"auto","background-attachment":"scroll","background-type":"","background-media":"","overlay-type":"","overlay-color":"","overlay-opacity":"","overlay-gradient":""},"mobile":{"background-color":"var(--ast-global-color-5)","background-image":"","background-repeat":"repeat","background-position":"center center","background-size":"auto","background-attachment":"scroll","background-type":"","background-media":"","overlay-type":"","overlay-color":"","overlay-opacity":"","overlay-gradient":""}},"ngg_post_thumbnail":0,"footnotes":""},"class_list":["post-472","page","type-page","status-publish","hentry"],"_links":{"self":[{"href":"https:\/\/www.cent.uo.edu.cu\/cbm\/wp-json\/wp\/v2\/pages\/472","targetHints":{"allow":["GET"]}}],"collection":[{"href":"https:\/\/www.cent.uo.edu.cu\/cbm\/wp-json\/wp\/v2\/pages"}],"about":[{"href":"https:\/\/www.cent.uo.edu.cu\/cbm\/wp-json\/wp\/v2\/types\/page"}],"author":[{"embeddable":true,"href":"https:\/\/www.cent.uo.edu.cu\/cbm\/wp-json\/wp\/v2\/users\/20"}],"replies":[{"embeddable":true,"href":"https:\/\/www.cent.uo.edu.cu\/cbm\/wp-json\/wp\/v2\/comments?post=472"}],"version-history":[{"count":1,"href":"https:\/\/www.cent.uo.edu.cu\/cbm\/wp-json\/wp\/v2\/pages\/472\/revisions"}],"predecessor-version":[{"id":473,"href":"https:\/\/www.cent.uo.edu.cu\/cbm\/wp-json\/wp\/v2\/pages\/472\/revisions\/473"}],"wp:attachment":[{"href":"https:\/\/www.cent.uo.edu.cu\/cbm\/wp-json\/wp\/v2\/media?parent=472"}],"curies":[{"name":"wp","href":"https:\/\/api.w.org\/{rel}","templated":true}]}}