{"id":475,"date":"2021-03-15T17:26:56","date_gmt":"2021-03-15T16:26:56","guid":{"rendered":"http:\/\/www.cent.uo.edu.cu\/cbm\/?page_id=475"},"modified":"2021-03-15T17:27:05","modified_gmt":"2021-03-15T16:27:05","slug":"475-2","status":"publish","type":"page","link":"https:\/\/www.cent.uo.edu.cu\/cbm\/475-2\/","title":{"rendered":""},"content":{"rendered":"\n<p>Tipo de Proyecto: Institucional.<\/p>\n\n\n\n<p>Contacto: Jefe de proyecto. MsC. Osmany Bicet Dorz\u00f3n.<\/p>\n\n\n\n<p>Tel\u00e9fonos: 53 22 631424&nbsp; &nbsp;EXT. 123, Fax: +53 22 632545<\/p>\n\n\n\n<p>email: <a href=\"mailto:osmanyb@uo.edu.cu\">osmanyb@uo.edu.cu<\/a><\/p>\n\n\n\n<p>Seg\u00fan riesgo: Formaci\u00f3n de Recursos humanos<\/p>\n\n\n\n<p>Salida: Servicio.<\/p>\n\n\n\n<p><strong>OBJETIVO GENERAL:<\/strong><\/p>\n\n\n\n<p>Implementar una estrategia de gesti\u00f3n, que permita integrar las actividades referidas a la propiedad industrial y derecho de autor a las pol\u00edticas internas y de desarrollo institucional para promover la creaci\u00f3n, la innovaci\u00f3n, la protecci\u00f3n y la comercializaci\u00f3n de los resultados cient\u00edficos- tecnol\u00f3gicos en funci\u00f3n del desarrollo en el Centro<\/p>\n\n\n\n<p><strong>OBJETIVOS ESPEC\u00cdFICOS:<\/strong><\/p>\n\n\n\n<p>Diagnosticar la situaci\u00f3n actual de la propiedad industrial y derecho de autor en el Centro.<\/p>\n\n\n\n<ul class=\"wp-block-list\"><li>Elaborar un procedimiento para la Preparaci\u00f3n para el Empleo de los adiestrados en carreras de Ciencias T\u00e9cnicas y otras afines que se incorporen al Centro en funci\u00f3n de los resultados cient\u00edficos tecnol\u00f3gicos.<\/li><li>Implementar un Programa para el Aprendizaje de la Propiedad Industrial (PAPI).<\/li><li>Construir instrumentos para medir la cultura de la propiedad industrial en los egresados de Ciencias T\u00e9cnicas y otras.<\/li><li>Implementar un plan de capacitaci\u00f3n a los recursos humanos del Centro en materia de propiedad industrial.<\/li><li>Confeccionar los procedimientos operativos para la tramitaci\u00f3n de las creaciones a proteger por derecho de autor.<\/li><\/ul>\n\n\n\n<p><strong>Impactos esperados de los resultados planificados<\/strong><\/p>\n\n\n\n<p>La implementaci\u00f3n del Sistema de Propiedad Industrial del Centro, debe proporcionar un cambio radical en la forma de actuar de la direcci\u00f3n general, los investigadores, as\u00ed como del personal de las \u00e1reas de comercial, econom\u00eda y otras.<\/p>\n\n\n\n<p>Por otra parte, se prev\u00e9 la aparici\u00f3n de nuevos resultados tecnol\u00f3gicos que permitan su comercializaci\u00f3n, lo cual contribuir\u00e1 al desarrollo econ\u00f3mico de la instituci\u00f3n, con los consiguientes impactos en lo social y medio ambiente.<\/p>\n","protected":false},"excerpt":{"rendered":"<p>Tipo de Proyecto: Institucional. Contacto: Jefe de proyecto. MsC. Osmany Bicet Dorz\u00f3n. Tel\u00e9fonos: 53 22 631424&nbsp; &nbsp;EXT. 123, Fax: +53 22 632545 email: osmanyb@uo.edu.cu Seg\u00fan riesgo: Formaci\u00f3n de Recursos humanos Salida: Servicio. OBJETIVO GENERAL: Implementar una estrategia de gesti\u00f3n, que permita integrar las actividades referidas a la propiedad industrial y derecho de autor a las [&hellip;]<\/p>\n","protected":false},"author":20,"featured_media":0,"parent":0,"menu_order":0,"comment_status":"closed","ping_status":"closed","template":"","meta":{"site-sidebar-layout":"default","site-content-layout":"","ast-site-content-layout":"default","site-content-style":"default","site-sidebar-style":"default","ast-global-header-display":"","ast-banner-title-visibility":"","ast-main-header-display":"","ast-hfb-above-header-display":"","ast-hfb-below-header-display":"","ast-hfb-mobile-header-display":"","site-post-title":"","ast-breadcrumbs-content":"","ast-featured-img":"","footer-sml-layout":"","ast-disable-related-posts":"","theme-transparent-header-meta":"","adv-header-id-meta":"","stick-header-meta":"","header-above-stick-meta":"","header-main-stick-meta":"","header-below-stick-meta":"","astra-migrate-meta-layouts":"default","ast-page-background-enabled":"default","ast-page-background-meta":{"desktop":{"background-color":"var(--ast-global-color-4)","background-image":"","background-repeat":"repeat","background-position":"center center","background-size":"auto","background-attachment":"scroll","background-type":"","background-media":"","overlay-type":"","overlay-color":"","overlay-opacity":"","overlay-gradient":""},"tablet":{"background-color":"","background-image":"","background-repeat":"repeat","background-position":"center center","background-size":"auto","background-attachment":"scroll","background-type":"","background-media":"","overlay-type":"","overlay-color":"","overlay-opacity":"","overlay-gradient":""},"mobile":{"background-color":"","background-image":"","background-repeat":"repeat","background-position":"center center","background-size":"auto","background-attachment":"scroll","background-type":"","background-media":"","overlay-type":"","overlay-color":"","overlay-opacity":"","overlay-gradient":""}},"ast-content-background-meta":{"desktop":{"background-color":"var(--ast-global-color-5)","background-image":"","background-repeat":"repeat","background-position":"center center","background-size":"auto","background-attachment":"scroll","background-type":"","background-media":"","overlay-type":"","overlay-color":"","overlay-opacity":"","overlay-gradient":""},"tablet":{"background-color":"var(--ast-global-color-5)","background-image":"","background-repeat":"repeat","background-position":"center center","background-size":"auto","background-attachment":"scroll","background-type":"","background-media":"","overlay-type":"","overlay-color":"","overlay-opacity":"","overlay-gradient":""},"mobile":{"background-color":"var(--ast-global-color-5)","background-image":"","background-repeat":"repeat","background-position":"center center","background-size":"auto","background-attachment":"scroll","background-type":"","background-media":"","overlay-type":"","overlay-color":"","overlay-opacity":"","overlay-gradient":""}},"ngg_post_thumbnail":0,"footnotes":""},"class_list":["post-475","page","type-page","status-publish","hentry"],"_links":{"self":[{"href":"https:\/\/www.cent.uo.edu.cu\/cbm\/wp-json\/wp\/v2\/pages\/475","targetHints":{"allow":["GET"]}}],"collection":[{"href":"https:\/\/www.cent.uo.edu.cu\/cbm\/wp-json\/wp\/v2\/pages"}],"about":[{"href":"https:\/\/www.cent.uo.edu.cu\/cbm\/wp-json\/wp\/v2\/types\/page"}],"author":[{"embeddable":true,"href":"https:\/\/www.cent.uo.edu.cu\/cbm\/wp-json\/wp\/v2\/users\/20"}],"replies":[{"embeddable":true,"href":"https:\/\/www.cent.uo.edu.cu\/cbm\/wp-json\/wp\/v2\/comments?post=475"}],"version-history":[{"count":1,"href":"https:\/\/www.cent.uo.edu.cu\/cbm\/wp-json\/wp\/v2\/pages\/475\/revisions"}],"predecessor-version":[{"id":477,"href":"https:\/\/www.cent.uo.edu.cu\/cbm\/wp-json\/wp\/v2\/pages\/475\/revisions\/477"}],"wp:attachment":[{"href":"https:\/\/www.cent.uo.edu.cu\/cbm\/wp-json\/wp\/v2\/media?parent=475"}],"curies":[{"name":"wp","href":"https:\/\/api.w.org\/{rel}","templated":true}]}}