{"id":479,"date":"2021-03-15T17:28:44","date_gmt":"2021-03-15T16:28:44","guid":{"rendered":"http:\/\/www.cent.uo.edu.cu\/cbm\/?page_id=479"},"modified":"2021-03-15T17:28:53","modified_gmt":"2021-03-15T16:28:53","slug":"479-2","status":"publish","type":"page","link":"https:\/\/www.cent.uo.edu.cu\/cbm\/479-2\/","title":{"rendered":""},"content":{"rendered":"\n<p>Tipo de Proyecto: Institucional.<\/p>\n\n\n\n<p>Contacto: Jefe de proyecto.&nbsp; MsC.Niela Gonz\u00e1lez Mu\u00f1oz<\/p>\n\n\n\n<p>Tel\u00e9fonos: 53 22 631424&nbsp;&nbsp; ext. 115, Fax: +53 22 632545<\/p>\n\n\n\n<p>&nbsp;e-mail: <a href=\"mailto:niela@cbiomed.cu\">niela@cbiomed.cu<\/a><\/p>\n\n\n\n<p><strong>OBJETIVO&nbsp; GENERAL:<\/strong><\/p>\n\n\n\n<p>Implementar un sistema integrado de gesti\u00f3n en el&nbsp; Centro de Biof\u00edsica M\u00e9dica seg\u00fan las normativas NC ISO 9001:2015,NC ISO 13485:2018, NC ISO 14001:2015 y NC ISO 45001:2018 que garantice desarrollar bienes y servicios con reconocimiento nacional e internacional que permitan la exportaci\u00f3n en el menor tiempo posible<\/p>\n\n\n\n<p><strong>OBJETIVOS&nbsp; ESPEC\u00cdFICOS:<\/strong><\/p>\n\n\n\n<p>Diagnosticar la situaci\u00f3n actual de la organizaci\u00f3n para el cumplimiento de las normativas vigentes.<\/p>\n\n\n\n<p>Dise\u00f1ar e i implementar &nbsp;el Sistema Integrado de Gesti\u00f3n.<\/p>\n\n\n\n<p>Evaluar y monitorear la implementaci\u00f3n.<\/p>\n\n\n\n<p>Solicitar la certificaci\u00f3n del sistema<\/p>\n","protected":false},"excerpt":{"rendered":"<p>Tipo de Proyecto: Institucional. Contacto: Jefe de proyecto.&nbsp; MsC.Niela Gonz\u00e1lez Mu\u00f1oz Tel\u00e9fonos: 53 22 631424&nbsp;&nbsp; ext. 115, Fax: +53 22 632545 &nbsp;e-mail: niela@cbiomed.cu OBJETIVO&nbsp; GENERAL: Implementar un sistema integrado de gesti\u00f3n en el&nbsp; Centro de Biof\u00edsica M\u00e9dica seg\u00fan las normativas NC ISO 9001:2015,NC ISO 13485:2018, NC ISO 14001:2015 y NC ISO 45001:2018 que garantice desarrollar [&hellip;]<\/p>\n","protected":false},"author":20,"featured_media":0,"parent":0,"menu_order":0,"comment_status":"closed","ping_status":"closed","template":"","meta":{"site-sidebar-layout":"default","site-content-layout":"","ast-site-content-layout":"default","site-content-style":"default","site-sidebar-style":"default","ast-global-header-display":"","ast-banner-title-visibility":"","ast-main-header-display":"","ast-hfb-above-header-display":"","ast-hfb-below-header-display":"","ast-hfb-mobile-header-display":"","site-post-title":"","ast-breadcrumbs-content":"","ast-featured-img":"","footer-sml-layout":"","ast-disable-related-posts":"","theme-transparent-header-meta":"","adv-header-id-meta":"","stick-header-meta":"","header-above-stick-meta":"","header-main-stick-meta":"","header-below-stick-meta":"","astra-migrate-meta-layouts":"default","ast-page-background-enabled":"default","ast-page-background-meta":{"desktop":{"background-color":"var(--ast-global-color-4)","background-image":"","background-repeat":"repeat","background-position":"center center","background-size":"auto","background-attachment":"scroll","background-type":"","background-media":"","overlay-type":"","overlay-color":"","overlay-opacity":"","overlay-gradient":""},"tablet":{"background-color":"","background-image":"","background-repeat":"repeat","background-position":"center center","background-size":"auto","background-attachment":"scroll","background-type":"","background-media":"","overlay-type":"","overlay-color":"","overlay-opacity":"","overlay-gradient":""},"mobile":{"background-color":"","background-image":"","background-repeat":"repeat","background-position":"center center","background-size":"auto","background-attachment":"scroll","background-type":"","background-media":"","overlay-type":"","overlay-color":"","overlay-opacity":"","overlay-gradient":""}},"ast-content-background-meta":{"desktop":{"background-color":"var(--ast-global-color-5)","background-image":"","background-repeat":"repeat","background-position":"center center","background-size":"auto","background-attachment":"scroll","background-type":"","background-media":"","overlay-type":"","overlay-color":"","overlay-opacity":"","overlay-gradient":""},"tablet":{"background-color":"var(--ast-global-color-5)","background-image":"","background-repeat":"repeat","background-position":"center center","background-size":"auto","background-attachment":"scroll","background-type":"","background-media":"","overlay-type":"","overlay-color":"","overlay-opacity":"","overlay-gradient":""},"mobile":{"background-color":"var(--ast-global-color-5)","background-image":"","background-repeat":"repeat","background-position":"center center","background-size":"auto","background-attachment":"scroll","background-type":"","background-media":"","overlay-type":"","overlay-color":"","overlay-opacity":"","overlay-gradient":""}},"ngg_post_thumbnail":0,"footnotes":""},"class_list":["post-479","page","type-page","status-publish","hentry"],"_links":{"self":[{"href":"https:\/\/www.cent.uo.edu.cu\/cbm\/wp-json\/wp\/v2\/pages\/479","targetHints":{"allow":["GET"]}}],"collection":[{"href":"https:\/\/www.cent.uo.edu.cu\/cbm\/wp-json\/wp\/v2\/pages"}],"about":[{"href":"https:\/\/www.cent.uo.edu.cu\/cbm\/wp-json\/wp\/v2\/types\/page"}],"author":[{"embeddable":true,"href":"https:\/\/www.cent.uo.edu.cu\/cbm\/wp-json\/wp\/v2\/users\/20"}],"replies":[{"embeddable":true,"href":"https:\/\/www.cent.uo.edu.cu\/cbm\/wp-json\/wp\/v2\/comments?post=479"}],"version-history":[{"count":1,"href":"https:\/\/www.cent.uo.edu.cu\/cbm\/wp-json\/wp\/v2\/pages\/479\/revisions"}],"predecessor-version":[{"id":481,"href":"https:\/\/www.cent.uo.edu.cu\/cbm\/wp-json\/wp\/v2\/pages\/479\/revisions\/481"}],"wp:attachment":[{"href":"https:\/\/www.cent.uo.edu.cu\/cbm\/wp-json\/wp\/v2\/media?parent=479"}],"curies":[{"name":"wp","href":"https:\/\/api.w.org\/{rel}","templated":true}]}}