{"id":486,"date":"2021-03-15T17:36:57","date_gmt":"2021-03-15T16:36:57","guid":{"rendered":"http:\/\/www.cent.uo.edu.cu\/cbm\/?page_id=486"},"modified":"2021-03-15T17:37:05","modified_gmt":"2021-03-15T16:37:05","slug":"486-2","status":"publish","type":"page","link":"https:\/\/www.cent.uo.edu.cu\/cbm\/486-2\/","title":{"rendered":""},"content":{"rendered":"\n<p><strong>Tipo de Proyecto: Territorial CITMA.<\/strong><\/p>\n\n\n\n<figure class=\"wp-block-table\"><table><tbody><tr><td>Seg\u00fan riesgo: Innovaci\u00f3n \/ Tecnol\u00f3gico Salida: Servicio <strong>&nbsp;<\/strong> <strong>Contacto: Jefe del Proyecto: <\/strong>DrC. Juan Carlos Garc\u00eda Naranjo. Correo(s) electr\u00f3nico(s) .jcgnaranjo@uo.edu.cu Tel\u00e9fono(s ) (+53) 22633380, 22631424- 22631425 ext 104, (+53) 22632787 &nbsp;<\/td><td>&nbsp;<\/td><\/tr><\/tbody><\/table><\/figure>\n\n\n\n<p>El presente proyecto se encamina a dar continuidad a uno de los sistemas m\u00e1s exitosos de nuestro centro. La propuesta realizada es actual y pretende abordar problemas ubicados en el l\u00edmite del conocimiento actual sobre el tema. La concreci\u00f3n exitosa del mismo abrir\u00eda una brecha importante en lo relacionado al monitoreo del sistema cardiovascular, lo cual, combinado con la forma de trabajo de nuestro sistema de salud podr\u00eda tener un gran impacto en la mejor\u00eda de los \u00edndices de salud de nuestro pa\u00eds. Los especialistas involucrados en el proyecto poseen experiencia y conocimientos para abordarlo. . La propuesta de desarrollar dos versiones del sensor inal\u00e1mbrico permitir\u00e1 comenzar a implementar los resultados del trabajo a\u00fan antes de que concluya el proyecto. El proyecto se enmarca en una de las l\u00edneas fundamentales de investigaci\u00f3n del CBM y es completamente coherente con la pol\u00edtica cient\u00edfica trazada por la direcci\u00f3n del centro tanto a corto como mediano plazo.&nbsp;&nbsp;<\/p>\n\n\n\n<p><strong>OBJETIVO GENERAL.<\/strong><\/p>\n\n\n\n<p>Mejorar las herramientas con que cuenta el sistema nacional de salud para el estudio del sistema cardiovascular.<\/p>\n\n\n\n<p><strong>OBJETIVOS ESPEC\u00cdFICOS<\/strong><\/p>\n\n\n\n<ol class=\"wp-block-list\" type=\"1\"><li>Estudiar la influencia de factores que influyen en la forma de onda de pulso medida por fotopletismograf\u00eda y proponer herramientas de procesamiento digital de se\u00f1ales para minimizar los mismos a trav\u00e9s de la adquisici\u00f3n multimodal.&nbsp;<\/li><li>Implementar nueva plataforma para comunicaci\u00f3n inal\u00e1mbrica para dispositivos portables cubanos basada en los est\u00e1ndares internacionales.<\/li><li>Desarrollar un nuevo sensor multimodal para estudios de fotopeltismograf\u00eda.<\/li><\/ol>\n","protected":false},"excerpt":{"rendered":"<p>Tipo de Proyecto: Territorial CITMA. Seg\u00fan riesgo: Innovaci\u00f3n \/ Tecnol\u00f3gico Salida: Servicio &nbsp; Contacto: Jefe del Proyecto: DrC. Juan Carlos Garc\u00eda Naranjo. Correo(s) electr\u00f3nico(s) .jcgnaranjo@uo.edu.cu Tel\u00e9fono(s ) (+53) 22633380, 22631424- 22631425 ext 104, (+53) 22632787 &nbsp; &nbsp; El presente proyecto se encamina a dar continuidad a uno de los sistemas m\u00e1s exitosos de nuestro centro. [&hellip;]<\/p>\n","protected":false},"author":20,"featured_media":0,"parent":0,"menu_order":0,"comment_status":"closed","ping_status":"closed","template":"","meta":{"site-sidebar-layout":"default","site-content-layout":"","ast-site-content-layout":"default","site-content-style":"default","site-sidebar-style":"default","ast-global-header-display":"","ast-banner-title-visibility":"","ast-main-header-display":"","ast-hfb-above-header-display":"","ast-hfb-below-header-display":"","ast-hfb-mobile-header-display":"","site-post-title":"","ast-breadcrumbs-content":"","ast-featured-img":"","footer-sml-layout":"","ast-disable-related-posts":"","theme-transparent-header-meta":"","adv-header-id-meta":"","stick-header-meta":"","header-above-stick-meta":"","header-main-stick-meta":"","header-below-stick-meta":"","astra-migrate-meta-layouts":"default","ast-page-background-enabled":"default","ast-page-background-meta":{"desktop":{"background-color":"var(--ast-global-color-4)","background-image":"","background-repeat":"repeat","background-position":"center center","background-size":"auto","background-attachment":"scroll","background-type":"","background-media":"","overlay-type":"","overlay-color":"","overlay-opacity":"","overlay-gradient":""},"tablet":{"background-color":"","background-image":"","background-repeat":"repeat","background-position":"center center","background-size":"auto","background-attachment":"scroll","background-type":"","background-media":"","overlay-type":"","overlay-color":"","overlay-opacity":"","overlay-gradient":""},"mobile":{"background-color":"","background-image":"","background-repeat":"repeat","background-position":"center center","background-size":"auto","background-attachment":"scroll","background-type":"","background-media":"","overlay-type":"","overlay-color":"","overlay-opacity":"","overlay-gradient":""}},"ast-content-background-meta":{"desktop":{"background-color":"var(--ast-global-color-5)","background-image":"","background-repeat":"repeat","background-position":"center center","background-size":"auto","background-attachment":"scroll","background-type":"","background-media":"","overlay-type":"","overlay-color":"","overlay-opacity":"","overlay-gradient":""},"tablet":{"background-color":"var(--ast-global-color-5)","background-image":"","background-repeat":"repeat","background-position":"center center","background-size":"auto","background-attachment":"scroll","background-type":"","background-media":"","overlay-type":"","overlay-color":"","overlay-opacity":"","overlay-gradient":""},"mobile":{"background-color":"var(--ast-global-color-5)","background-image":"","background-repeat":"repeat","background-position":"center center","background-size":"auto","background-attachment":"scroll","background-type":"","background-media":"","overlay-type":"","overlay-color":"","overlay-opacity":"","overlay-gradient":""}},"ngg_post_thumbnail":0,"footnotes":""},"class_list":["post-486","page","type-page","status-publish","hentry"],"_links":{"self":[{"href":"https:\/\/www.cent.uo.edu.cu\/cbm\/wp-json\/wp\/v2\/pages\/486","targetHints":{"allow":["GET"]}}],"collection":[{"href":"https:\/\/www.cent.uo.edu.cu\/cbm\/wp-json\/wp\/v2\/pages"}],"about":[{"href":"https:\/\/www.cent.uo.edu.cu\/cbm\/wp-json\/wp\/v2\/types\/page"}],"author":[{"embeddable":true,"href":"https:\/\/www.cent.uo.edu.cu\/cbm\/wp-json\/wp\/v2\/users\/20"}],"replies":[{"embeddable":true,"href":"https:\/\/www.cent.uo.edu.cu\/cbm\/wp-json\/wp\/v2\/comments?post=486"}],"version-history":[{"count":1,"href":"https:\/\/www.cent.uo.edu.cu\/cbm\/wp-json\/wp\/v2\/pages\/486\/revisions"}],"predecessor-version":[{"id":487,"href":"https:\/\/www.cent.uo.edu.cu\/cbm\/wp-json\/wp\/v2\/pages\/486\/revisions\/487"}],"wp:attachment":[{"href":"https:\/\/www.cent.uo.edu.cu\/cbm\/wp-json\/wp\/v2\/media?parent=486"}],"curies":[{"name":"wp","href":"https:\/\/api.w.org\/{rel}","templated":true}]}}