{"id":492,"date":"2021-03-15T17:39:46","date_gmt":"2021-03-15T16:39:46","guid":{"rendered":"http:\/\/www.cent.uo.edu.cu\/cbm\/?page_id=492"},"modified":"2021-03-15T17:39:57","modified_gmt":"2021-03-15T16:39:57","slug":"492-2","status":"publish","type":"page","link":"https:\/\/www.cent.uo.edu.cu\/cbm\/492-2\/","title":{"rendered":""},"content":{"rendered":"\n<p><strong>Tipo de Proyecto: Territorial CITMA.<\/strong><\/p>\n\n\n\n<figure class=\"wp-block-table\"><table><tbody><tr><td>Seg\u00fan riesgo: Innovaci\u00f3n \/ Tecnol\u00f3gico Salida: Servicio <strong>&nbsp;<\/strong> <strong>Contacto: Jefe del Proyecto: <\/strong>DrC. Manuel Arsenio Lores Guevara Correo(s) electr\u00f3nico(s). <a href=\"mailto:lores@uo.edu.cu,\">lores@uo.edu.cu,<\/a><strong><\/strong> Tel\u00e9fono(s ) (+53) 22633380, 22631424 \u2013 22631425&nbsp; ext 120, (+53) 22632787,Fax, 22632545 &nbsp;<\/td><td>&nbsp;<\/td><\/tr><\/tbody><\/table><\/figure>\n\n\n\n<p>Las investigaciones relacionadas con las aplicaciones hematol\u00f3gicas de la Resonancia Magn\u00e9tica Nuclear forman parte del tronco fundacional del Centro de Biof\u00edsica M\u00e9dica y se iniciaron en 1988 bajo el liderazgo de los doctores Carlos Alberto Cabal Mirabal (Premio Nacional de F\u00edsica por la obra de toda la vida) y Jorge Losada G\u00f3mez, referencia para la hematolog\u00eda santiaguera y nacional. Las mismas han permitido el desarrollo de metodolog\u00edas con aplicabilidad cl\u00ednica en enfermedades de alta incidencia en el territorio como la Anemia Drepanoc\u00edtica y el Mieloma M\u00faltiple.<\/p>\n\n\n\n<p>Este proyecto pretende llevar a la pr\u00e1ctica cl\u00ednica una parte importante, reciente y muy novedosa de las metodolog\u00edas, basadas en Relajaci\u00f3n Magn\u00e9tica Nuclear, desarrolladas por el Centro de Biof\u00edsica M\u00e9dica en estrecha colaboraci\u00f3n con varias entidades de salud del territorio. La utilidad de las mismas, y su potencial incidencia en la elevaci\u00f3n de la calidad del diagn\u00f3stico y del seguimiento del tratamiento, hacen a este proyecto extremadamente pertinente. Por otro lado, el uso de la Relajaci\u00f3n Magn\u00e9tica Nuclear (una modalidad de la Resonancia Magn\u00e9tica que no se basa en la obtenci\u00f3n de im\u00e1genes) para el diagn\u00f3stico hematol\u00f3gico en un ambiente cl\u00ednico es, que conozcamos, una primicia a escala mundial, lo cual garantiza la novedad de este empe\u00f1o.<\/p>\n\n\n\n<p><strong>OBJETIVO GENERAL<\/strong><\/p>\n\n\n\n<p>Convertir a Santiago de Cuba en territorio pionero en el uso de la Relajaci\u00f3n Magn\u00e9tica Nuclear como m\u00e9todo de diagn\u00f3stico m\u00e9dico y evaluaci\u00f3n terap\u00e9utica.<\/p>\n\n\n\n<p><strong>OBJETIVOS ESPEC\u00cdFICOS<\/strong><\/p>\n\n\n\n<ul class=\"wp-block-list\"><li>Crear infraestructura en el sistema de salud de la provincia Santiago de Cuba para el uso de la Relajaci\u00f3n Magn\u00e9tica Nuclear como m\u00e9todo de diagn\u00f3stico m\u00e9dico y evaluaci\u00f3n terap\u00e9utica.<\/li><li>Validar y registrar la tecnolog\u00eda de relajaci\u00f3n magn\u00e9tica nuclear para aplicaciones hematol\u00f3gicas, en particular la determinaci\u00f3n de la viscosidad en disoluciones acuosas de prote\u00ednas (Plasma Sangu\u00edneo, Suero y Hemoglobina).<\/li><li>Sistematizar el uso de la tecnolog\u00eda de relajaci\u00f3n magn\u00e9tica nuclear para aplicaciones hematol\u00f3gicas en el sistema de salud de Santiago de Cuba, en particular la determinaci\u00f3n de la viscosidad en disoluciones acuosas de prote\u00ednas (Plasma Sangu\u00edneo, Suero y Hemoglobina).<\/li><\/ul>\n","protected":false},"excerpt":{"rendered":"<p>Tipo de Proyecto: Territorial CITMA. Seg\u00fan riesgo: Innovaci\u00f3n \/ Tecnol\u00f3gico Salida: Servicio &nbsp; Contacto: Jefe del Proyecto: DrC. Manuel Arsenio Lores Guevara Correo(s) electr\u00f3nico(s). lores@uo.edu.cu, Tel\u00e9fono(s ) (+53) 22633380, 22631424 \u2013 22631425&nbsp; ext 120, (+53) 22632787,Fax, 22632545 &nbsp; &nbsp; Las investigaciones relacionadas con las aplicaciones hematol\u00f3gicas de la Resonancia Magn\u00e9tica Nuclear forman parte del tronco [&hellip;]<\/p>\n","protected":false},"author":20,"featured_media":0,"parent":0,"menu_order":0,"comment_status":"closed","ping_status":"closed","template":"","meta":{"site-sidebar-layout":"default","site-content-layout":"","ast-site-content-layout":"default","site-content-style":"default","site-sidebar-style":"default","ast-global-header-display":"","ast-banner-title-visibility":"","ast-main-header-display":"","ast-hfb-above-header-display":"","ast-hfb-below-header-display":"","ast-hfb-mobile-header-display":"","site-post-title":"","ast-breadcrumbs-content":"","ast-featured-img":"","footer-sml-layout":"","ast-disable-related-posts":"","theme-transparent-header-meta":"","adv-header-id-meta":"","stick-header-meta":"","header-above-stick-meta":"","header-main-stick-meta":"","header-below-stick-meta":"","astra-migrate-meta-layouts":"default","ast-page-background-enabled":"default","ast-page-background-meta":{"desktop":{"background-color":"var(--ast-global-color-4)","background-image":"","background-repeat":"repeat","background-position":"center center","background-size":"auto","background-attachment":"scroll","background-type":"","background-media":"","overlay-type":"","overlay-color":"","overlay-opacity":"","overlay-gradient":""},"tablet":{"background-color":"","background-image":"","background-repeat":"repeat","background-position":"center center","background-size":"auto","background-attachment":"scroll","background-type":"","background-media":"","overlay-type":"","overlay-color":"","overlay-opacity":"","overlay-gradient":""},"mobile":{"background-color":"","background-image":"","background-repeat":"repeat","background-position":"center center","background-size":"auto","background-attachment":"scroll","background-type":"","background-media":"","overlay-type":"","overlay-color":"","overlay-opacity":"","overlay-gradient":""}},"ast-content-background-meta":{"desktop":{"background-color":"var(--ast-global-color-5)","background-image":"","background-repeat":"repeat","background-position":"center center","background-size":"auto","background-attachment":"scroll","background-type":"","background-media":"","overlay-type":"","overlay-color":"","overlay-opacity":"","overlay-gradient":""},"tablet":{"background-color":"var(--ast-global-color-5)","background-image":"","background-repeat":"repeat","background-position":"center center","background-size":"auto","background-attachment":"scroll","background-type":"","background-media":"","overlay-type":"","overlay-color":"","overlay-opacity":"","overlay-gradient":""},"mobile":{"background-color":"var(--ast-global-color-5)","background-image":"","background-repeat":"repeat","background-position":"center center","background-size":"auto","background-attachment":"scroll","background-type":"","background-media":"","overlay-type":"","overlay-color":"","overlay-opacity":"","overlay-gradient":""}},"ngg_post_thumbnail":0,"footnotes":""},"class_list":["post-492","page","type-page","status-publish","hentry"],"_links":{"self":[{"href":"https:\/\/www.cent.uo.edu.cu\/cbm\/wp-json\/wp\/v2\/pages\/492","targetHints":{"allow":["GET"]}}],"collection":[{"href":"https:\/\/www.cent.uo.edu.cu\/cbm\/wp-json\/wp\/v2\/pages"}],"about":[{"href":"https:\/\/www.cent.uo.edu.cu\/cbm\/wp-json\/wp\/v2\/types\/page"}],"author":[{"embeddable":true,"href":"https:\/\/www.cent.uo.edu.cu\/cbm\/wp-json\/wp\/v2\/users\/20"}],"replies":[{"embeddable":true,"href":"https:\/\/www.cent.uo.edu.cu\/cbm\/wp-json\/wp\/v2\/comments?post=492"}],"version-history":[{"count":1,"href":"https:\/\/www.cent.uo.edu.cu\/cbm\/wp-json\/wp\/v2\/pages\/492\/revisions"}],"predecessor-version":[{"id":493,"href":"https:\/\/www.cent.uo.edu.cu\/cbm\/wp-json\/wp\/v2\/pages\/492\/revisions\/493"}],"wp:attachment":[{"href":"https:\/\/www.cent.uo.edu.cu\/cbm\/wp-json\/wp\/v2\/media?parent=492"}],"curies":[{"name":"wp","href":"https:\/\/api.w.org\/{rel}","templated":true}]}}