{"id":75,"date":"2020-07-02T18:16:00","date_gmt":"2020-07-02T16:16:00","guid":{"rendered":"http:\/\/www.cent.uo.edu.cu\/cbm\/?page_id=75"},"modified":"2021-03-22T17:59:48","modified_gmt":"2021-03-22T16:59:48","slug":"mision-vision-objeto-social","status":"publish","type":"page","link":"https:\/\/www.cent.uo.edu.cu\/cbm\/mision-vision-objeto-social\/","title":{"rendered":"Misi\u00f3n &#8211; Visi\u00f3n &#8211; Objeto Social"},"content":{"rendered":"\n<p><strong>Misi\u00f3n<\/strong><\/p>\n\n\n\n<p>Satisfacer las necesidades especializadas de salud y formaci\u00f3n del mercado nacional e internacional, desarrollando y comercializando productos competitivos y sostenibles de alta tecnolog\u00eda para el diagn\u00f3stico y tratamiento m\u00e9dico, con \u00e9nfasis en la resonancia magn\u00e9tica, distingui\u00e9ndose por la profesionalidad de sus especialistas.<\/p>\n\n\n\n<p><strong>Visi\u00f3n<\/strong><\/p>\n\n\n\n<p>Somos el centro l\u00edder en Am\u00e9rica Latina en la investigaci\u00f3n y comercializaci\u00f3n de productos de alta tecnolog\u00eda para el diagn\u00f3stico y tratamiento m\u00e9dico, con \u00e9nfasis en la Resonancia.<\/p>\n\n\n\n<p><strong>Objeto Social<\/strong><\/p>\n\n\n\n<p>Prestar servicios acad\u00e9micos de pregrado, posgrado, cursos especializados, inscripci\u00f3n de eventos, consultor\u00edas, proyectos, valoraciones, aplicaciones, servicios cient\u00edficos-t\u00e9cnicos y profesionales, de transferencia de tecnolog\u00edas y asistencia t\u00e9cnica, as\u00ed como comercializar los resultados de la ciencia, la t\u00e9cnica e innovaci\u00f3n.<\/p>\n\n\n\n<p>En Febrero de 2011, la Resoluci\u00f3n Ministerial del MEP 33\/2011 redefini\u00f3 el objeto social orientado hacia un entorno empresarial de alta tecnolog\u00eda con vista a cerrar ciclo en las producciones cient\u00edficas y tecnol\u00f3gicas y aprob\u00f3 la Resoluci\u00f3n Ministerial del MES 76\/2011 constituyendo al Centro de Biof\u00edsica M\u00e9dica como Unidad Presupuestada, subordinada al Ministerio de Educaci\u00f3n Superior y adscrita a la Universidad de Oriente.<\/p>\n","protected":false},"excerpt":{"rendered":"<p>Misi\u00f3n Satisfacer las necesidades especializadas de salud y formaci\u00f3n del mercado nacional e internacional, desarrollando y comercializando productos competitivos y sostenibles de alta tecnolog\u00eda para el diagn\u00f3stico y tratamiento m\u00e9dico, con \u00e9nfasis en la resonancia magn\u00e9tica, distingui\u00e9ndose por la profesionalidad de sus especialistas. Visi\u00f3n Somos el centro l\u00edder en Am\u00e9rica Latina en la investigaci\u00f3n y [&hellip;]<\/p>\n","protected":false},"author":19,"featured_media":0,"parent":0,"menu_order":0,"comment_status":"closed","ping_status":"closed","template":"","meta":{"site-sidebar-layout":"default","site-content-layout":"","ast-site-content-layout":"default","site-content-style":"default","site-sidebar-style":"default","ast-global-header-display":"","ast-banner-title-visibility":"","ast-main-header-display":"","ast-hfb-above-header-display":"","ast-hfb-below-header-display":"","ast-hfb-mobile-header-display":"","site-post-title":"","ast-breadcrumbs-content":"","ast-featured-img":"","footer-sml-layout":"","ast-disable-related-posts":"","theme-transparent-header-meta":"","adv-header-id-meta":"","stick-header-meta":"","header-above-stick-meta":"","header-main-stick-meta":"","header-below-stick-meta":"","astra-migrate-meta-layouts":"default","ast-page-background-enabled":"default","ast-page-background-meta":{"desktop":{"background-color":"var(--ast-global-color-4)","background-image":"","background-repeat":"repeat","background-position":"center center","background-size":"auto","background-attachment":"scroll","background-type":"","background-media":"","overlay-type":"","overlay-color":"","overlay-opacity":"","overlay-gradient":""},"tablet":{"background-color":"","background-image":"","background-repeat":"repeat","background-position":"center center","background-size":"auto","background-attachment":"scroll","background-type":"","background-media":"","overlay-type":"","overlay-color":"","overlay-opacity":"","overlay-gradient":""},"mobile":{"background-color":"","background-image":"","background-repeat":"repeat","background-position":"center center","background-size":"auto","background-attachment":"scroll","background-type":"","background-media":"","overlay-type":"","overlay-color":"","overlay-opacity":"","overlay-gradient":""}},"ast-content-background-meta":{"desktop":{"background-color":"var(--ast-global-color-5)","background-image":"","background-repeat":"repeat","background-position":"center center","background-size":"auto","background-attachment":"scroll","background-type":"","background-media":"","overlay-type":"","overlay-color":"","overlay-opacity":"","overlay-gradient":""},"tablet":{"background-color":"var(--ast-global-color-5)","background-image":"","background-repeat":"repeat","background-position":"center center","background-size":"auto","background-attachment":"scroll","background-type":"","background-media":"","overlay-type":"","overlay-color":"","overlay-opacity":"","overlay-gradient":""},"mobile":{"background-color":"var(--ast-global-color-5)","background-image":"","background-repeat":"repeat","background-position":"center center","background-size":"auto","background-attachment":"scroll","background-type":"","background-media":"","overlay-type":"","overlay-color":"","overlay-opacity":"","overlay-gradient":""}},"ngg_post_thumbnail":0,"footnotes":""},"class_list":["post-75","page","type-page","status-publish","hentry"],"_links":{"self":[{"href":"https:\/\/www.cent.uo.edu.cu\/cbm\/wp-json\/wp\/v2\/pages\/75","targetHints":{"allow":["GET"]}}],"collection":[{"href":"https:\/\/www.cent.uo.edu.cu\/cbm\/wp-json\/wp\/v2\/pages"}],"about":[{"href":"https:\/\/www.cent.uo.edu.cu\/cbm\/wp-json\/wp\/v2\/types\/page"}],"author":[{"embeddable":true,"href":"https:\/\/www.cent.uo.edu.cu\/cbm\/wp-json\/wp\/v2\/users\/19"}],"replies":[{"embeddable":true,"href":"https:\/\/www.cent.uo.edu.cu\/cbm\/wp-json\/wp\/v2\/comments?post=75"}],"version-history":[{"count":4,"href":"https:\/\/www.cent.uo.edu.cu\/cbm\/wp-json\/wp\/v2\/pages\/75\/revisions"}],"predecessor-version":[{"id":635,"href":"https:\/\/www.cent.uo.edu.cu\/cbm\/wp-json\/wp\/v2\/pages\/75\/revisions\/635"}],"wp:attachment":[{"href":"https:\/\/www.cent.uo.edu.cu\/cbm\/wp-json\/wp\/v2\/media?parent=75"}],"curies":[{"name":"wp","href":"https:\/\/api.w.org\/{rel}","templated":true}]}}