{"id":905,"date":"2021-03-29T17:49:12","date_gmt":"2021-03-29T15:49:12","guid":{"rendered":"https:\/\/www.cent.uo.edu.cu\/cbm\/?page_id=905"},"modified":"2021-03-29T17:49:15","modified_gmt":"2021-03-29T15:49:15","slug":"publicaciones-2016","status":"publish","type":"page","link":"https:\/\/www.cent.uo.edu.cu\/cbm\/publicaciones-2016\/","title":{"rendered":"Publicaciones 2016"},"content":{"rendered":"\n<ol class=\"wp-block-list\" type=\"1\"><li>M. E. S\u00e1nchez Hechavarr\u00eda, R. Carrazana Escalona, T. Ricardo Ferro, M. Drinnan, A. Ciampi, B. The interrelation between time-frequency heart rate variability and pulse transit time during psychophysiological stress, International Journal of psychophysiology, Vol. 108, 2016, p.166. <strong>Grupo 1, <\/strong><strong>WoS<\/strong><\/li><\/ol>\n\n\n\n<ol class=\"wp-block-list\" type=\"1\" start=\"2\"><li>L. A. Rodr\u00edguez Rodr\u00edguez, Y. Monne Clemente y D. Adame Brooks, Sistema de detecci\u00f3n asistido por ordenador para ictus. Imagen Diagn. 2016;7(1):29&#8212;35 <strong>Grupo 1, Scopus<\/strong><strong><\/strong><\/li><\/ol>\n\n\n\n<ol class=\"wp-block-list\" type=\"1\" start=\"3\"><li>Y. Mengana, M. Lores, Determinaci\u00f3n de los tiempos de relajaci\u00f3n T<sub>1<\/sub> y T<sub>2<\/sub> en disoluciones de ca\u00f1a de az\u00facar, Rev. Cubana Qu\u00edm. Vol. 28, no.1, 2016, 364-377. <strong>Grupo 2<\/strong><\/li><\/ol>\n\n\n\n<ol class=\"wp-block-list\" type=\"1\" start=\"4\"><li>M. Lores Guevara, Y. Mengana Torres, J. C. Garc\u00eda Naranjo, A. Ram\u00edrez Aguilera, L. Su\u00e1rez Beyrio, M. Marichal Felue, T. Sim\u00f3n Brada and J. Philipp\u00e9. Water efflux in red blood cells of sickle cell patients under spontaneous deoxygenation. Journal of Biosciences and Medicines (JBM), aceptado para diciembre. 2016. <strong>Grupo 2<\/strong><\/li><\/ol>\n\n\n\n<ol class=\"wp-block-list\" type=\"1\" start=\"5\"><li>M. E. S\u00e1nchez Hechavarr\u00eda, B. T. Ricardo Ferro, A. Ram\u00edrez Aguilera, R. R. Fern\u00e1ndez de la Vara Prieto, R. Sarmiento Gonz\u00e1lez, Contextualizaci\u00f3n de las ecuaciones para la estimaci\u00f3n de la estatura a partir de la hemibraza en una poblaci\u00f3n santiaguera, MEDISAN 2016; 20(8):2018-2025. <strong>Grupo 2<\/strong><\/li><\/ol>\n\n\n\n<ol class=\"wp-block-list\" type=\"1\" start=\"6\"><li>C. Diaz Novo, Descripci\u00f3n cinem\u00e1tica de la marcha en pacientes con ataxia espinocerebelosa de tipo 2, MEDISAN, dic. 2016. <strong>Grupo 2<\/strong><\/li><\/ol>\n\n\n\n<ol class=\"wp-block-list\" type=\"1\" start=\"7\"><li>Ana Cecilia Villa-Parra, Denis Delisle-Rodr\u00edguez, Alberto L\u00f3pez-Delis, Teodiano Freire Bastosa, Anselmo Frizera-Neto, Exploraci\u00f3n de patrones de EMGs\/EEG orientada al control de exoesqueletos de extremidad inferior, Cognitive Area Networks, vol. 1, n\u00ba 3, Junio 2016, <strong>Grupo 3<\/strong><\/li><\/ol>\n\n\n\n<ol class=\"wp-block-list\" type=\"1\" start=\"8\"><li>Yulianela Mengana T., Luis Rodr\u00edguez L., R. A. Miller C. Estrategia del proceso ense\u00f1anza-aprendizaje de la asignatura: F\u00edsica de los sistemas biol\u00f3gicos del cuerpo humano. Revista Didasc@lia de Did\u00e1ctica y Educaci\u00f3n. <strong>Grupo 3<\/strong><\/li><\/ol>\n\n\n\n<ol class=\"wp-block-list\" type=\"1\" start=\"9\"><li>Denis Delisle-Rodriguez, Ana Cecilia Villa-Parra, Alberto L\u00f3pez-Delis, Anselmo Frizera-Neto, Eduardo Rocon and Teodiano Freire-BastosNon-supervised Feature Selection: Evaluation in a BCI for Single-Trial Recognition of Gait Preparation\/Stop, Converging Clinical and Engineering Research on Neurorehabilitation II, Biosystems &amp; Biorobotics 15, Springer International Publishing AG 2017. <strong>Cap\u00edtulo de Libro<\/strong><\/li><\/ol>\n","protected":false},"excerpt":{"rendered":"<p>M. E. S\u00e1nchez Hechavarr\u00eda, R. Carrazana Escalona, T. Ricardo Ferro, M. Drinnan, A. Ciampi, B. The interrelation between time-frequency heart rate variability and pulse transit time during psychophysiological stress, International Journal of psychophysiology, Vol. 108, 2016, p.166. Grupo 1, WoS L. A. Rodr\u00edguez Rodr\u00edguez, Y. Monne Clemente y D. Adame Brooks, Sistema de detecci\u00f3n asistido [&hellip;]<\/p>\n","protected":false},"author":20,"featured_media":0,"parent":0,"menu_order":0,"comment_status":"closed","ping_status":"closed","template":"","meta":{"site-sidebar-layout":"default","site-content-layout":"","ast-site-content-layout":"default","site-content-style":"default","site-sidebar-style":"default","ast-global-header-display":"","ast-banner-title-visibility":"","ast-main-header-display":"","ast-hfb-above-header-display":"","ast-hfb-below-header-display":"","ast-hfb-mobile-header-display":"","site-post-title":"","ast-breadcrumbs-content":"","ast-featured-img":"","footer-sml-layout":"","ast-disable-related-posts":"","theme-transparent-header-meta":"","adv-header-id-meta":"","stick-header-meta":"","header-above-stick-meta":"","header-main-stick-meta":"","header-below-stick-meta":"","astra-migrate-meta-layouts":"default","ast-page-background-enabled":"default","ast-page-background-meta":{"desktop":{"background-color":"var(--ast-global-color-4)","background-image":"","background-repeat":"repeat","background-position":"center center","background-size":"auto","background-attachment":"scroll","background-type":"","background-media":"","overlay-type":"","overlay-color":"","overlay-opacity":"","overlay-gradient":""},"tablet":{"background-color":"","background-image":"","background-repeat":"repeat","background-position":"center center","background-size":"auto","background-attachment":"scroll","background-type":"","background-media":"","overlay-type":"","overlay-color":"","overlay-opacity":"","overlay-gradient":""},"mobile":{"background-color":"","background-image":"","background-repeat":"repeat","background-position":"center center","background-size":"auto","background-attachment":"scroll","background-type":"","background-media":"","overlay-type":"","overlay-color":"","overlay-opacity":"","overlay-gradient":""}},"ast-content-background-meta":{"desktop":{"background-color":"var(--ast-global-color-5)","background-image":"","background-repeat":"repeat","background-position":"center center","background-size":"auto","background-attachment":"scroll","background-type":"","background-media":"","overlay-type":"","overlay-color":"","overlay-opacity":"","overlay-gradient":""},"tablet":{"background-color":"var(--ast-global-color-5)","background-image":"","background-repeat":"repeat","background-position":"center center","background-size":"auto","background-attachment":"scroll","background-type":"","background-media":"","overlay-type":"","overlay-color":"","overlay-opacity":"","overlay-gradient":""},"mobile":{"background-color":"var(--ast-global-color-5)","background-image":"","background-repeat":"repeat","background-position":"center center","background-size":"auto","background-attachment":"scroll","background-type":"","background-media":"","overlay-type":"","overlay-color":"","overlay-opacity":"","overlay-gradient":""}},"ngg_post_thumbnail":0,"footnotes":""},"class_list":["post-905","page","type-page","status-publish","hentry"],"_links":{"self":[{"href":"https:\/\/www.cent.uo.edu.cu\/cbm\/wp-json\/wp\/v2\/pages\/905","targetHints":{"allow":["GET"]}}],"collection":[{"href":"https:\/\/www.cent.uo.edu.cu\/cbm\/wp-json\/wp\/v2\/pages"}],"about":[{"href":"https:\/\/www.cent.uo.edu.cu\/cbm\/wp-json\/wp\/v2\/types\/page"}],"author":[{"embeddable":true,"href":"https:\/\/www.cent.uo.edu.cu\/cbm\/wp-json\/wp\/v2\/users\/20"}],"replies":[{"embeddable":true,"href":"https:\/\/www.cent.uo.edu.cu\/cbm\/wp-json\/wp\/v2\/comments?post=905"}],"version-history":[{"count":1,"href":"https:\/\/www.cent.uo.edu.cu\/cbm\/wp-json\/wp\/v2\/pages\/905\/revisions"}],"predecessor-version":[{"id":906,"href":"https:\/\/www.cent.uo.edu.cu\/cbm\/wp-json\/wp\/v2\/pages\/905\/revisions\/906"}],"wp:attachment":[{"href":"https:\/\/www.cent.uo.edu.cu\/cbm\/wp-json\/wp\/v2\/media?parent=905"}],"curies":[{"name":"wp","href":"https:\/\/api.w.org\/{rel}","templated":true}]}}