{"id":1332,"date":"2021-05-28T17:34:00","date_gmt":"2021-05-28T21:34:00","guid":{"rendered":"https:\/\/www.cent.uo.edu.cu\/cemzoc-uo\/?page_id=1332"},"modified":"2022-11-29T12:01:20","modified_gmt":"2022-11-29T16:01:20","slug":"quienes-somos","status":"publish","type":"page","link":"https:\/\/www.cent.uo.edu.cu\/cemzoc-uo\/quienes-somos\/","title":{"rendered":"\u00bfQui\u00e9nes Somos?"},"content":{"rendered":"\n<p><strong>Centro de Estudios Multidisciplinarios de Zonas Costeras<\/strong> <strong>(CEMZOC)<\/strong><\/p>\n\n\n\n<p><strong>Visi\u00f3n<\/strong><\/p>\n\n\n<p align=\"justify\">Deseamos ser un Centro de Estudios l\u00edder en la formaci\u00f3n e investigaci\u00f3n sobre el manejo integrado, el riesgo y la vulnerabilidad costera, en el \u00e1mbito nacional e internacional ,que proporcione nuevos conocimientos y capacidades institucionales de excelencia, que contribuyan a&nbsp; la sostenibilidad de la zona costera y su adaptaci\u00f3n al cambio clim\u00e1tico para lo cual cuenta con un equipo interdisciplinario altamente calificado, innovativo y efectivo ,&nbsp; que trabaja en un ambiente de honestidad, colaboraci\u00f3n y alto compromiso social.<\/p>\n\n\n<p><strong>Misi\u00f3n<\/strong><\/p>\n\n\n<p align=\"justify\">Desarrollar investigaciones y formar capacidades sobre el ecosistema costero desde la perspectiva del manejo integrado, mediante un enfoque inter y multidisciplinario, rigor cient\u00edfico y con profesionales de alta experiencia, profesionalidad, y competitividad, que contribuyan a la toma de decisiones efectivas para garantizar el desarrollo sostenible de la zona costera y la adaptaci\u00f3n al cambio clim\u00e1tico.<\/p>\n\n\n<p><strong>L\u00edneas de Investigaci\u00f3n<\/strong><\/p>\n\n\n\n<p>Ordenamiento territorial y manejo integrado de cuencas hidrogr\u00e1ficas y zonas costeras.<\/p>\n\n\n\n<p>Cambio clim\u00e1tico, desastres naturales y gesti\u00f3n integrada de riesgos en zonas costeras. &nbsp;&nbsp;<\/p>\n\n\n\n<p>La experiencia del CEMZOC tiene un amplio reconocimiento tanto nacional como internacional, con varios proyectos de investigaci\u00f3n llevados a cabo en los 18 a\u00f1os de fundaci\u00f3n del centro y un gran n\u00famero de publicaciones en revistas de alto impacto en las categor\u00edas y l\u00edneas de investigaci\u00f3n antes mencionadas (<a rel=\"noreferrer noopener\" href=\"https:\/\/scholar.google.es\/citations?user=ISeoDUIAAAAJ&amp;hl=es\" target=\"_blank\"><em>Google scholar<\/em><\/a>).<\/p>\n\n\n\n<p><strong>Estamos en:<\/strong><\/p>\n\n\n\n<iframe loading=\"lazy\" src=\"https:\/\/www.google.com\/maps\/d\/u\/1\/embed?mid=175o2MEa8k9OZXEmDbs1iqbFF6k-tBok&amp;ehbc=2E312F\" width=\"640\" height=\"480\"><\/iframe>\n","protected":false},"excerpt":{"rendered":"<p>Centro de Estudios Multidisciplinarios de Zonas Costeras (CEMZOC) Visi\u00f3n Deseamos ser un Centro de Estudios l\u00edder en la formaci\u00f3n e investigaci\u00f3n sobre el manejo integrado, el riesgo y la vulnerabilidad costera, en el \u00e1mbito nacional e internacional ,que proporcione nuevos&hellip; <\/p>\n","protected":false},"author":21,"featured_media":0,"parent":0,"menu_order":1,"comment_status":"closed","ping_status":"closed","template":"","meta":{"_mc_calendar":[],"footnotes":""},"class_list":["post-1332","page","type-page","status-publish","hentry"],"_links":{"self":[{"href":"https:\/\/www.cent.uo.edu.cu\/cemzoc-uo\/wp-json\/wp\/v2\/pages\/1332","targetHints":{"allow":["GET"]}}],"collection":[{"href":"https:\/\/www.cent.uo.edu.cu\/cemzoc-uo\/wp-json\/wp\/v2\/pages"}],"about":[{"href":"https:\/\/www.cent.uo.edu.cu\/cemzoc-uo\/wp-json\/wp\/v2\/types\/page"}],"author":[{"embeddable":true,"href":"https:\/\/www.cent.uo.edu.cu\/cemzoc-uo\/wp-json\/wp\/v2\/users\/21"}],"replies":[{"embeddable":true,"href":"https:\/\/www.cent.uo.edu.cu\/cemzoc-uo\/wp-json\/wp\/v2\/comments?post=1332"}],"version-history":[{"count":8,"href":"https:\/\/www.cent.uo.edu.cu\/cemzoc-uo\/wp-json\/wp\/v2\/pages\/1332\/revisions"}],"predecessor-version":[{"id":4135,"href":"https:\/\/www.cent.uo.edu.cu\/cemzoc-uo\/wp-json\/wp\/v2\/pages\/1332\/revisions\/4135"}],"wp:attachment":[{"href":"https:\/\/www.cent.uo.edu.cu\/cemzoc-uo\/wp-json\/wp\/v2\/media?parent=1332"}],"curies":[{"name":"wp","href":"https:\/\/api.w.org\/{rel}","templated":true}]}}