{"id":1634,"date":"2021-06-15T09:15:52","date_gmt":"2021-06-15T13:15:52","guid":{"rendered":"https:\/\/www.cent.uo.edu.cu\/cemzoc-uo\/?page_id=1634"},"modified":"2021-06-22T17:18:30","modified_gmt":"2021-06-22T21:18:30","slug":"evaluacion-de-publicaciones","status":"publish","type":"page","link":"https:\/\/www.cent.uo.edu.cu\/cemzoc-uo\/posgrado\/para-investigadores\/impacto-de-las-publicaciones\/evaluacion-de-publicaciones\/","title":{"rendered":"Herramientas para conocer el \u00edndice de impacto"},"content":{"rendered":"\n<div class=\"su-accordion su-u-trim\">\n<div class=\"su-spoiler su-spoiler-style-default su-spoiler-icon-plus\" data-scroll-offset=\"0\" data-anchor-in-url=\"no\"><div class=\"su-spoiler-title\" tabindex=\"0\" role=\"button\"><span class=\"su-spoiler-icon\"><\/span>Journal Citation Reports (JCR)<\/div><div class=\"su-spoiler-content su-u-clearfix su-u-trim\"><p align=\"justify\">El Journal Citation Reports (JCR &#8216;Informes sobre citas en revistas cient\u00edficas&#8217;) es una publicaci\u00f3n anual que realiza el Instituto para la Informaci\u00f3n Cient\u00edfica, que actualmente es parte de la empresa Clarivate. Esta publicaci\u00f3n eval\u00faa el impacto y relevancia de las principales revistas cient\u00edficas del campo de las ciencias aplicadas y sociales. Originalmente era parte del Science Citation Index, y actualmente est\u00e1 realizado a partir de los datos que este contiene.<\/p>\n<p align=\"justify\"><b>Datos de Impacto y cuartil de una revista concreta en JCR.<\/b><\/p>\n<p align=\"justify\">Para cada revista incluida en el Journal Citation Reports podemos ver una fecha con todos sus datos, editorial, ISSN, Factor de impacto para todos los a\u00f1os disponibles y cuart\u00edl en las categor\u00edas en la que est\u00e9 encuadrada, adem\u00e1s de otras m\u00e9tricas que se est\u00e1n incorporando \u00faltimamente.<\/p>\n<p align=\"justify\"><b>\u00bfTienen Factor de Impacto todas las revistas de la Web of Science?<\/b><\/p>\n<p align=\"justify\">No, en la Web of Science hay m\u00e1s revistas que en el Journal Citation Reports, pues antes de pasar al JCR las revistas deben estar indexadas un tiempo en la Web of Science para poder hacer los c\u00e1lculos de citas recibidas. Adem\u00e1s, las revistas de Arte y Humanidades no tienen Factor de Impacto, excepto las de Historia y Lingu\u00edstica.<\/p>\n<p align=\"justify\"><b><a href=\"http:\/\/mjl.clarivate.com\/cgi-bin\/jrnlst\/jlresults.cgi?PC=MASTER\" target=\"_blank\" rel=\"noopener\"><i>Consulte el Master Journal List<\/i> <\/a><\/b><\/p>\n<p align=\"justify\">Este listado muestra todas las revistas indexadas en la Web of Science, anque no todas aparecen luego en el JCR. En cualquier caso estar en este listado ya es un indicio de calidad de una revista<\/p>\n<p align=\"justify\"><b><a href=\"http:\/\/mjl.clarivate.com\/cgi-bin\/jrnlst\/jlresults.cgi?PC=EX\" target=\"_blank\" rel=\"noopener\"><i>Emerging Source Citation Index<\/i> <\/a><\/b><\/p>\n<p align=\"justify\">Esta base de datos, perteneciente a la Web of Science, contiene un \u00edndice de todas las revistas que est\u00e1n siendo evaluadas para ser incluidas en el JCR, son actualmente unas 5.000. Tambi\u00e9n es un indicio de calidad estar en este listado. Los art\u00edculos de estas revistas son visibles en la Web of Science.<\/p>\n<p><b>Acceder a: <a href=\"https:\/\/mjl.clarivate.com\/home\" target=\"_blank\" rel=\"noopener\"><i>Journal Citation Reports<\/i> <\/a> <\/b><\/p>\n<\/div><\/div>\n  <div class=\"su-spoiler su-spoiler-style-default su-spoiler-icon-plus su-spoiler-closed\" data-scroll-offset=\"0\" data-anchor-in-url=\"no\"><div class=\"su-spoiler-title\" tabindex=\"0\" role=\"button\"><span class=\"su-spoiler-icon\"><\/span>SCImago Journal Rank (SJR)<\/div><div class=\"su-spoiler-content su-u-clearfix su-u-trim\"><p align=\"justify\">Es un factor de medici\u00f3n que establece la calidad de las publicaciones cient\u00edficas bas\u00e1ndose en el recuento de citas obtenidas por cada publicaci\u00f3n. El c\u00e1lculo de este \u00edndice se realiza contabilizando el n\u00famero de citas recibidas ponderando la importancia o prestigio de las revistas de las que proceden dichas citas.<\/p>\n<p><b>\u00bfC\u00f3mo se calcula?<\/b><\/p>\n<p align=\"justify\">El indicador SJR se realiza sobre el c\u00e1lculo de las citas recibidas por las revistas en un periodo de 3 a\u00f1os, otorgando un peso mayor a las citas procedentes de revistas de alto prestigio (aquellas con altas tasas de citaci\u00f3n y baja autocitaci\u00f3n) utilizando para ello el algoritmo de Google PageRank.<\/p>\n<p align=\"justify\">Scimago Journal Rank (SJR) calcula su m\u00e9trica de impacto, llamada SJR, bas\u00e1ndose en la informaci\u00f3n incluida en la base de datos Scopus, de la empresa Elsevier. Ha sido desarrollado por SCImago, grupo de investigaci\u00f3n del Consejo Superior de Investigaciones Cient\u00edficas (CSIC), y de las universidades de Granada, Extremadura, Carlos III (Madrid) y Alcal\u00e1 de Henares.<\/p>\n<p><b>Acceder a: <a href=\"http:\/\/www.scimagojr.com\/\" target=\"_blank\" rel=\"noopener\"><i>Scimago Journal Rank<\/i> <\/a> <\/b><\/p>\n<\/div><\/div>\n  <div class=\"su-spoiler su-spoiler-style-default su-spoiler-icon-plus su-spoiler-closed\" data-scroll-offset=\"0\" data-anchor-in-url=\"no\"><div class=\"su-spoiler-title\" tabindex=\"0\" role=\"button\"><span class=\"su-spoiler-icon\"><\/span>Scopus<\/div><div class=\"su-spoiler-content su-u-clearfix su-u-trim\"><p align=\"justify\">Scopus es una base de datos bibliogr\u00e1fica de res\u00famenes y citas de art\u00edculos de revistas cient\u00edficas. Cubre aproximadamente 24.500 t\u00edtulos de publicaciones seriadas (revistas, conferencias, series de libros de investigaci\u00f3n) de m\u00e1s de 5000 editores en 140 pa\u00edses, incluyendo revistas revisadas por pares de las \u00e1reas de ciencias, tecnolog\u00eda, medicina y ciencias sociales, incluyendo artes y humanidades.1\u200b La plataforma tecnol\u00f3gica es desarrollada por Elsevier y es accesible en la Web para los subscriptores, pero el ingreso al \u00edndice y su revaluaci\u00f3n es gestionado por un comit\u00e9 editorial independiente de Elsevier.<\/p>\n<p align=\"justify\">Scopus tambi\u00e9n ofrece perfiles de autor que cubre afiliaciones, n\u00famero de publicaciones y sus datos bibliogr\u00e1ficos, referencias y detalles del n\u00famero de citas que ha recibido cada documento publicado. Tiene sistemas de alerta que permite a quien se registre rastrear los cambios de un perfil. Usando la opci\u00f3n Scopus Author Preview se pueden realizar b\u00fasquedas por autor, usando el nombre de afiliado como limitador, verificar la identificaci\u00f3n del autor y poner un sistema de aviso autom\u00e1tico que alerte de los cambios en la p\u00e1gina del autor mediante RSS o e-mail.<\/p>\n<p align=\"justify\">Dado que Elsevier es el propietario de Scopus y tambi\u00e9n uno de los principales editores internacionales de revistas cient\u00edficas, se cre\u00f3 una Junta de Selecci\u00f3n y Asesoramiento de Contenidos Scopus en 2009 independiente e internacional para evitar el posible conflicto de inter\u00e9s en la Elecci\u00f3n de revistas a la hora de incluirlas en la base de datos y mantener una pol\u00edtica de cobertura de contenido abierta y transparente, independientemente del editor. 2\u200b La junta directiva se compone de cient\u00edficos y bibliotecarios especializados.<\/p>\n<p><b>Acceder a: <a href=\"https:\/\/www.scopus.com\/sources?zone=TopNavBar&amp;origin=NO%20ORIGIN%20DEFINED\" target=\"_blank\" rel=\"noopener\"><i>Scopus Sources<\/i> <\/a> <\/b><\/p>\n<\/div><\/div>\n<\/div>\n","protected":false},"excerpt":{"rendered":"","protected":false},"author":21,"featured_media":0,"parent":1958,"menu_order":0,"comment_status":"closed","ping_status":"closed","template":"","meta":{"_mc_calendar":[],"footnotes":""},"class_list":["post-1634","page","type-page","status-publish","hentry"],"_links":{"self":[{"href":"https:\/\/www.cent.uo.edu.cu\/cemzoc-uo\/wp-json\/wp\/v2\/pages\/1634","targetHints":{"allow":["GET"]}}],"collection":[{"href":"https:\/\/www.cent.uo.edu.cu\/cemzoc-uo\/wp-json\/wp\/v2\/pages"}],"about":[{"href":"https:\/\/www.cent.uo.edu.cu\/cemzoc-uo\/wp-json\/wp\/v2\/types\/page"}],"author":[{"embeddable":true,"href":"https:\/\/www.cent.uo.edu.cu\/cemzoc-uo\/wp-json\/wp\/v2\/users\/21"}],"replies":[{"embeddable":true,"href":"https:\/\/www.cent.uo.edu.cu\/cemzoc-uo\/wp-json\/wp\/v2\/comments?post=1634"}],"version-history":[{"count":22,"href":"https:\/\/www.cent.uo.edu.cu\/cemzoc-uo\/wp-json\/wp\/v2\/pages\/1634\/revisions"}],"predecessor-version":[{"id":1959,"href":"https:\/\/www.cent.uo.edu.cu\/cemzoc-uo\/wp-json\/wp\/v2\/pages\/1634\/revisions\/1959"}],"up":[{"embeddable":true,"href":"https:\/\/www.cent.uo.edu.cu\/cemzoc-uo\/wp-json\/wp\/v2\/pages\/1958"}],"wp:attachment":[{"href":"https:\/\/www.cent.uo.edu.cu\/cemzoc-uo\/wp-json\/wp\/v2\/media?parent=1634"}],"curies":[{"name":"wp","href":"https:\/\/api.w.org\/{rel}","templated":true}]}}