{"id":1661,"date":"2021-06-15T10:02:25","date_gmt":"2021-06-15T14:02:25","guid":{"rendered":"https:\/\/www.cent.uo.edu.cu\/cemzoc-uo\/?page_id=1661"},"modified":"2021-06-15T10:15:13","modified_gmt":"2021-06-15T14:15:13","slug":"para-investigadores","status":"publish","type":"page","link":"https:\/\/www.cent.uo.edu.cu\/cemzoc-uo\/posgrado\/para-investigadores\/","title":{"rendered":"Para investigadores"},"content":{"rendered":"\n<p align=\"justify\">Los enlaces que aparecen en este ac\u00e1pite constituyen un soporte de ayuda para todos los investigadores vinculados al Centro de Estudios Multidisciplinarios de Zonas Costeras (CEMZOC), a los miembros de los proyectos de investigaci\u00f3n, estudiantes de pre y posgrado, as\u00ed como a todos los investigadores que dichos contenidos les pueda resultar de utilidad.<\/p>\n\n\n\n<p><strong><em>Nota<\/em><\/strong>: Los contenidos aqu\u00ed expuestos, aunque por organizaci\u00f3n dentro del sitio web, est\u00e1n ubicados dentro del men\u00fa \u00abPosgrado\u00bb, no constituyen un curso de posgrado oficial del centro.<\/p>\n","protected":false},"excerpt":{"rendered":"<p>Los enlaces que aparecen en este ac\u00e1pite constituyen un soporte de ayuda para todos los investigadores vinculados al Centro de Estudios Multidisciplinarios de Zonas Costeras (CEMZOC), a los miembros de los proyectos de investigaci\u00f3n, estudiantes de pre y posgrado, as\u00ed&hellip; <\/p>\n","protected":false},"author":21,"featured_media":0,"parent":229,"menu_order":3,"comment_status":"closed","ping_status":"closed","template":"","meta":{"_mc_calendar":[],"footnotes":""},"class_list":["post-1661","page","type-page","status-publish","hentry"],"_links":{"self":[{"href":"https:\/\/www.cent.uo.edu.cu\/cemzoc-uo\/wp-json\/wp\/v2\/pages\/1661","targetHints":{"allow":["GET"]}}],"collection":[{"href":"https:\/\/www.cent.uo.edu.cu\/cemzoc-uo\/wp-json\/wp\/v2\/pages"}],"about":[{"href":"https:\/\/www.cent.uo.edu.cu\/cemzoc-uo\/wp-json\/wp\/v2\/types\/page"}],"author":[{"embeddable":true,"href":"https:\/\/www.cent.uo.edu.cu\/cemzoc-uo\/wp-json\/wp\/v2\/users\/21"}],"replies":[{"embeddable":true,"href":"https:\/\/www.cent.uo.edu.cu\/cemzoc-uo\/wp-json\/wp\/v2\/comments?post=1661"}],"version-history":[{"count":5,"href":"https:\/\/www.cent.uo.edu.cu\/cemzoc-uo\/wp-json\/wp\/v2\/pages\/1661\/revisions"}],"predecessor-version":[{"id":1666,"href":"https:\/\/www.cent.uo.edu.cu\/cemzoc-uo\/wp-json\/wp\/v2\/pages\/1661\/revisions\/1666"}],"up":[{"embeddable":true,"href":"https:\/\/www.cent.uo.edu.cu\/cemzoc-uo\/wp-json\/wp\/v2\/pages\/229"}],"wp:attachment":[{"href":"https:\/\/www.cent.uo.edu.cu\/cemzoc-uo\/wp-json\/wp\/v2\/media?parent=1661"}],"curies":[{"name":"wp","href":"https:\/\/api.w.org\/{rel}","templated":true}]}}