{"id":1713,"date":"2021-06-15T11:32:03","date_gmt":"2021-06-15T15:32:03","guid":{"rendered":"https:\/\/www.cent.uo.edu.cu\/cemzoc-uo\/?page_id=1713"},"modified":"2021-06-22T17:23:22","modified_gmt":"2021-06-22T21:23:22","slug":"indice-h","status":"publish","type":"page","link":"https:\/\/www.cent.uo.edu.cu\/cemzoc-uo\/posgrado\/para-investigadores\/impacto-de-autores\/indice-h\/","title":{"rendered":"M\u00e1s sobre el \u00cdndice &#8211; H"},"content":{"rendered":"\n<p><p align=\"justify\">Es una m\u00e9trica propuesta por Jorge Hirsch, investigador de F\u00edsica de la Universidad de California, en 2005 con el objetivo de&nbsp;<strong>medir la distribuci\u00f3n de las citas que han recibido los trabajos cient\u00edficos de un investigador<\/strong>. Se trata de un balance entre el n\u00famero de citas que recibe un investigador y el n\u00famero de publicaciones que ha realizado a lo largo de su carrera, es decir, una media entre cantidad y calidad.<\/p><\/p>\n\n\n\n<p><p align=\"justify\">Un investigador tendr\u00e1 por ejemplo un \u00edndice H de 20 si tiene al menos 20 publicaciones que haya recibido al menos 20 citas cada una.<br><br>Su simplicidad y la facilidad para calcularlo ha hecho que tenga una gran aceptaci\u00f3n y se est\u00e9 utilizando en los sistemas de evaluaci\u00f3n de la investigaci\u00f3n. Se puede aplicar tanto a autores como a revistas.<\/p><\/p>\n\n\n\n<p><p align=\"justify\">Hay que tener en cuenta que su valor depender\u00e1 del tama\u00f1o del \u00e1rea cient\u00edfica del autor y del n\u00famero de publicaciones. En \u00e1reas grandes como Biolog\u00eda, Medicina, Qu\u00edmica, etc se dan valores m\u00e1s altos que en otras \u00e1reas como Geograf\u00eda, Sociolog\u00eda, Derecho, etc. Tambi\u00e9n es l\u00f3gico encontrar valores m\u00e1s altos de indice H en autores con una larga trayectoria investigadora que en noveles.<\/p><\/p>\n\n\n\n<p><strong>D\u00f3nde localizo mi Indice H<\/strong><\/p>\n\n\n\n<p><p align=\"justify\">Existen varias herramientas para localizar el indice H de un investigador de forma autom\u00e1tica pues aportan datos de citas recibidas por cada art\u00edculo.<\/p><\/p>\n\n\n\n<p>Los valores pueden variar entre estas fuentes pues cada una indexa diferente cobertura de revistas, no tienen porqu\u00e9 coincidir. El \u00edndice h de un investigador depende de la fuente consultada:&nbsp;<a href=\"https:\/\/mjl.clarivate.com\/home\">Web of Science (WoS)<\/a>,&nbsp;<a href=\"https:\/\/www.scopus.com\/freelookup\/form\/author.uri?zone=TopNavBar&amp;origin=sbrowse\" target=\"_blank\" rel=\"noreferrer noopener\">Scopus<\/a>&nbsp;o&nbsp;<a rel=\"noreferrer noopener\" href=\"https:\/\/scholar.google.es\/citations\" target=\"_blank\">Google Scholar Citations<\/a>. Deben&nbsp;tenerse en cuenta s\u00f3lo art\u00edculos y rese\u00f1as&nbsp;publicadas en revistas ya que en estos recursos, el \u00edndice se calcula para todo tipo de documentos.<\/p>\n\n\n\n<p><strong>Algunas consideraciones<\/strong><\/p>\n\n\n\n<p><p align=\"justify\">Aunque el Indice H se ha convertido en una m\u00e9trica consolidada para evaluar curriculums de investigadores por las diferentes agencias, hay que tener en cuenta algunos aspectos, limitaciones o inconvenientes.<\/p><\/p>\n\n\n\n<p align=\"justify\"><ul class=\"wp-block-list\"><li>No permite comparar investigadores de diferentes \u00e1reas, pues las pautas de citaci\u00f3n y tama\u00f1o del \u00e1rea determinan el valor del Indice H.<\/li><li>Las diferentes herramientas que miden este \u00edndice dan valores difentes seg\u00fan su cobertura de revistas y puede que no recojan el total de publicaciones de un investigador<\/li><li>No tiene en cuenta la calidad de las revistas donde se publica, solo el n\u00famero de citas por art\u00edculo<\/li><li>Su valor depende del n\u00famero de publicaciones por lo tanto siempre podr\u00e1 ser m\u00e1s alto en investigadores con una larga trayectoria, a no ser que se calcule para un periodo concreto de a\u00f1os.<\/li><\/ul><\/p>\n","protected":false},"excerpt":{"rendered":"<p>Es una m\u00e9trica propuesta por Jorge Hirsch, investigador de F\u00edsica de la Universidad de California, en 2005 con el objetivo de&nbsp;medir la distribuci\u00f3n de las citas que han recibido los trabajos cient\u00edficos de un investigador. Se trata de un balance&hellip; <\/p>\n","protected":false},"author":21,"featured_media":0,"parent":1961,"menu_order":0,"comment_status":"closed","ping_status":"closed","template":"","meta":{"_mc_calendar":[],"footnotes":""},"class_list":["post-1713","page","type-page","status-publish","hentry"],"_links":{"self":[{"href":"https:\/\/www.cent.uo.edu.cu\/cemzoc-uo\/wp-json\/wp\/v2\/pages\/1713","targetHints":{"allow":["GET"]}}],"collection":[{"href":"https:\/\/www.cent.uo.edu.cu\/cemzoc-uo\/wp-json\/wp\/v2\/pages"}],"about":[{"href":"https:\/\/www.cent.uo.edu.cu\/cemzoc-uo\/wp-json\/wp\/v2\/types\/page"}],"author":[{"embeddable":true,"href":"https:\/\/www.cent.uo.edu.cu\/cemzoc-uo\/wp-json\/wp\/v2\/users\/21"}],"replies":[{"embeddable":true,"href":"https:\/\/www.cent.uo.edu.cu\/cemzoc-uo\/wp-json\/wp\/v2\/comments?post=1713"}],"version-history":[{"count":7,"href":"https:\/\/www.cent.uo.edu.cu\/cemzoc-uo\/wp-json\/wp\/v2\/pages\/1713\/revisions"}],"predecessor-version":[{"id":1963,"href":"https:\/\/www.cent.uo.edu.cu\/cemzoc-uo\/wp-json\/wp\/v2\/pages\/1713\/revisions\/1963"}],"up":[{"embeddable":true,"href":"https:\/\/www.cent.uo.edu.cu\/cemzoc-uo\/wp-json\/wp\/v2\/pages\/1961"}],"wp:attachment":[{"href":"https:\/\/www.cent.uo.edu.cu\/cemzoc-uo\/wp-json\/wp\/v2\/media?parent=1713"}],"curies":[{"name":"wp","href":"https:\/\/api.w.org\/{rel}","templated":true}]}}