{"id":1721,"date":"2021-06-15T11:48:43","date_gmt":"2021-06-15T15:48:43","guid":{"rendered":"https:\/\/www.cent.uo.edu.cu\/cemzoc-uo\/?page_id=1721"},"modified":"2021-06-22T17:35:52","modified_gmt":"2021-06-22T21:35:52","slug":"indicios-de-calidad-de-los-investigadores-citas-recibidas","status":"publish","type":"page","link":"https:\/\/www.cent.uo.edu.cu\/cemzoc-uo\/posgrado\/para-investigadores\/impacto-de-autores\/indicios-de-calidad-de-los-investigadores-citas-recibidas\/","title":{"rendered":"Indicios de calidad"},"content":{"rendered":"\n<p><strong>Citas recibidas por un trabajo<\/strong><\/p>\n\n\n\n<p><p align=\"justify\">Adem\u00e1s&nbsp;de la&nbsp;calidad&nbsp;formal del&nbsp;medio&nbsp;en que se&nbsp;publica&nbsp;una&nbsp;investigaci\u00f3n, la&nbsp;evaluaci\u00f3n&nbsp;de la producci\u00f3n cient\u00edfica&nbsp;tambi\u00e9n&nbsp;se basa&nbsp;en la repercusi\u00f3n o impacto&nbsp;de cada&nbsp;aportaci\u00f3n individual. Para ello se utilizan los \u00edndices de citas, recursos que recopilan informaci\u00f3n sobre las citas bibliogr\u00e1ficas recibidas por un trabajo&nbsp;a partir de su publicaci\u00f3n.&nbsp;A diferencia de los \u00edndices de impacto, \u00fanicos para cada revista y a\u00f1o de publicaci\u00f3n, las citas recibidas por un trabajo son acumulativas, por lo que son un valor variable que puede crecer con el tiempo.<\/p><\/p>\n\n\n\n<p><p align=\"justify\">A la hora de aportar las citas recibidas por un trabajo, existe una jerarqu\u00eda&nbsp;que comienza con los \u00edndices de citas contenidos en Web of Science (WoS):&nbsp;Science Citation Index (SCIE),&nbsp;Social Sciences Citation Index (SSCI)&nbsp;y&nbsp;Arts &amp; Humanities Citation Index (AHCI), seguidos por los obtenidos en&nbsp;Scopus&nbsp;y finalmente, si no tuvi\u00e9ramos citas en ninguno de los recursos anteriores,&nbsp;Google Scholar. A nivel&nbsp;nacional existen \u00edndices como&nbsp;Dialnet M\u00e9tricas&nbsp;para \u00e1reas de Ciencias Sociales y Humanidades (de momento, s\u00f3lo cubre los \u00e1mbitos tem\u00e1ticos de Educaci\u00f3n,Deporte, Documentaci\u00f3n y Comunicaci\u00f3n)&nbsp;. Adem\u00e1s, algunas bases de datos internacionales&nbsp;especializadas ofrecen tambi\u00e9n informaci\u00f3n sobre las citas recibidas por un trabajo.<\/p><\/p>\n\n\n\n<p><strong>Citas recibidas por un investigador<\/strong><\/p>\n\n\n\n<p><p align=\"justify\">El conjunto de citas&nbsp;acumuladas por los distintos trabajos firmados por un autor, durante toda su carrera investigadora o durante un per\u00edodo de tiempo determinado, por ejemplo los \u00faltimos cinco a\u00f1os, se localiza tambi\u00e9n en los \u00edndices de citas&nbsp;de la&nbsp;Web of Science:&nbsp;Science Citation Index (SCIE),&nbsp;Social Sciences Citation Index (SSCI)&nbsp;y&nbsp;Arts &amp; Humanities Citation Index (AHCI), en&nbsp;Scopus, o de manera secundaria, en&nbsp;Google Scholar&nbsp;o&nbsp;Microsoft Academic. Tambi\u00e9n en los \u00edndices nacionales&nbsp;de Ciencias Sociales y Humanidades incluidos en&nbsp;Dialnet M\u00e9tricas&nbsp;(\u00e1mbitos tem\u00e1ticos de Educaci\u00f3n, Deporte, Documentaci\u00f3n y Comunicaci\u00f3n). Por \u00faltimo, es posible&nbsp;encontrarlos en algunas&nbsp;bases de datos&nbsp;internacionales especializadas.<\/p><\/p>\n\n\n\n<p><p align=\"justify\">En&nbsp;Web of Science&nbsp;o&nbsp;Scopus&nbsp;es posible obtener&nbsp;adem\u00e1s&nbsp;informes de citas detallados de un autor en los que se pueden excluir las autocitas, ver los resultados en forma de mapa de citas o establecer alertas para&nbsp;estar al d\u00eda de cuando&nbsp;se reciben nuevas citaciones de nuestros trabajos (o de toda nuestra producci\u00f3n cient\u00edfica). Tambi\u00e9n permiten v\u00eda formulario subsanar posibles errores en la atribuci\u00f3n de autor\u00eda de los documentos en ellas incluidos. A trav\u00e9s de&nbsp;Google Scholar Citations&nbsp;podemos crear un perfil&nbsp;personal en el que a\u00f1adiremos nuestra producci\u00f3n cient\u00edfica incluida en Google Scholar para poder obtener&nbsp;indicadores como el total de citas o las citas&nbsp;de los \u00faltimos cinco a\u00f1os.<\/p><\/p>\n\n\n\n<p><em>Fuente: https:\/\/biblioguias.uam.es\/evaluacion\/calidad_investigadores\/citas<\/em><\/p>\n","protected":false},"excerpt":{"rendered":"<p>Citas recibidas por un trabajo Adem\u00e1s&nbsp;de la&nbsp;calidad&nbsp;formal del&nbsp;medio&nbsp;en que se&nbsp;publica&nbsp;una&nbsp;investigaci\u00f3n, la&nbsp;evaluaci\u00f3n&nbsp;de la producci\u00f3n cient\u00edfica&nbsp;tambi\u00e9n&nbsp;se basa&nbsp;en la repercusi\u00f3n o impacto&nbsp;de cada&nbsp;aportaci\u00f3n individual. Para ello se utilizan los \u00edndices de citas, recursos que recopilan informaci\u00f3n sobre las citas bibliogr\u00e1ficas recibidas por un&hellip; <\/p>\n","protected":false},"author":21,"featured_media":0,"parent":1961,"menu_order":1,"comment_status":"closed","ping_status":"closed","template":"","meta":{"_mc_calendar":[],"footnotes":""},"class_list":["post-1721","page","type-page","status-publish","hentry"],"_links":{"self":[{"href":"https:\/\/www.cent.uo.edu.cu\/cemzoc-uo\/wp-json\/wp\/v2\/pages\/1721","targetHints":{"allow":["GET"]}}],"collection":[{"href":"https:\/\/www.cent.uo.edu.cu\/cemzoc-uo\/wp-json\/wp\/v2\/pages"}],"about":[{"href":"https:\/\/www.cent.uo.edu.cu\/cemzoc-uo\/wp-json\/wp\/v2\/types\/page"}],"author":[{"embeddable":true,"href":"https:\/\/www.cent.uo.edu.cu\/cemzoc-uo\/wp-json\/wp\/v2\/users\/21"}],"replies":[{"embeddable":true,"href":"https:\/\/www.cent.uo.edu.cu\/cemzoc-uo\/wp-json\/wp\/v2\/comments?post=1721"}],"version-history":[{"count":3,"href":"https:\/\/www.cent.uo.edu.cu\/cemzoc-uo\/wp-json\/wp\/v2\/pages\/1721\/revisions"}],"predecessor-version":[{"id":1724,"href":"https:\/\/www.cent.uo.edu.cu\/cemzoc-uo\/wp-json\/wp\/v2\/pages\/1721\/revisions\/1724"}],"up":[{"embeddable":true,"href":"https:\/\/www.cent.uo.edu.cu\/cemzoc-uo\/wp-json\/wp\/v2\/pages\/1961"}],"wp:attachment":[{"href":"https:\/\/www.cent.uo.edu.cu\/cemzoc-uo\/wp-json\/wp\/v2\/media?parent=1721"}],"curies":[{"name":"wp","href":"https:\/\/api.w.org\/{rel}","templated":true}]}}