{"id":1727,"date":"2021-06-15T11:59:00","date_gmt":"2021-06-15T15:59:00","guid":{"rendered":"https:\/\/www.cent.uo.edu.cu\/cemzoc-uo\/?page_id=1727"},"modified":"2021-06-17T11:03:01","modified_gmt":"2021-06-17T15:03:01","slug":"perfiles-e-identificadores-de-autor","status":"publish","type":"page","link":"https:\/\/www.cent.uo.edu.cu\/cemzoc-uo\/posgrado\/para-investigadores\/perfiles-e-identificadores-de-autor\/","title":{"rendered":"Perfiles e identificadores de autor"},"content":{"rendered":"\n<p><p align=\"justify\"><em><strong>&#8211; <\/strong><\/em><strong>Los identificadores de autor&nbsp;<\/strong><em><strong>&nbsp;<\/strong><\/em>son sistemas de identificaci\u00f3n que tienen por objetivo proporcionar unos c\u00f3digos num\u00e9ricos o alfanum\u00e9ricos, \u00fanicos y permamentes para cada investigador, para evitar errores o confusiones entre nombres parecidos, facilitando la b\u00fasqueda, asignaci\u00f3n y visualizaci\u00f3n de la producci\u00f3n cientifica de cualquier autor a nivel mundial y sus m\u00e9tricas de impacto. Estos c\u00f3digos son buscables en las bases de datos. Los m\u00e1s conocidos y consolidados son&nbsp;<em><strong>ORCID ID<\/strong>,&nbsp;<strong>Publons-Researcher ID<\/strong>&nbsp;y&nbsp;<strong>Author ID de Scopus<\/strong><\/em>, aunque existen algunos m\u00e1s como ISNI, VIAF, etc.<\/p><\/p>\n\n\n\n<p><p align=\"justify\"><em><strong>&#8211; <\/strong><\/em><strong>Los perfiles de autor<\/strong>&nbsp;son perfiles curriculares, que aunque no asignan c\u00f3digos a los autores, s\u00ed que permiten reunir toda su producci\u00f3n cient\u00edfica facilitando su identificaci\u00f3n, m\u00e9tricas y divulgaci\u00f3n, como&nbsp;<em><strong>Google Scholar Citations<\/strong>,&nbsp;<strong>ResearchGate<\/strong>,&nbsp;<strong>Adademia.edu<\/strong>,&nbsp;<strong>Dialnet<\/strong>,<\/em>&nbsp;etc.<\/p><\/p>\n\n\n\n<p><strong>Principales caracteristicas:<\/strong><\/p>\n\n\n\n<ul class=\"wp-block-list\"><li><p align=\"justify\">&nbsp;Aunque la mayor\u00eda de perfiles son voluntarios, los crea el propio autor (ORCID, Publons, etc), otros son autom\u00e1ticos, los crean las bases de datos, como Scopus o Dialnet.<\/p><\/li><li><p align=\"justify\">&nbsp;Permiten normalizar el nombre del autor, agrupando posibles variantes y la instituci\u00f3n a la que pertenece, actual o anteriores. Da m\u00e1s precision a la b\u00fasqueda de un autor.<\/p><\/li><li><p align=\"justify\">&nbsp;Facilitan la identificaci\u00f3n de la producci\u00f3n cient\u00edfica de un autor y sus m\u00e9tricas de impacto, citas, Indice H, etc.<\/p><\/li><li><p align=\"justify\">&nbsp;Aumentan la visibilidad y difusi\u00f3n de la producci\u00f3n cient\u00edfica<\/p><\/li><li><p align=\"justify\">&nbsp;Se pueden enlazar entre si los diferentes perfiles de un mismo autor, facilitando el intercambio de datos.<\/p><\/li><\/ul>\n\n\n\n<p><strong>Identificadores de autor con c\u00f3digo<\/strong><\/p>\n\n\n\n<div class=\"su-tabs su-tabs-style-default su-tabs-mobile-stack\" data-active=\"1\" data-scroll-offset=\"0\" data-anchor-in-url=\"no\"><div class=\"su-tabs-nav\"><span class=\"\" data-url=\"\" data-target=\"blank\" tabindex=\"0\" role=\"button\">Resercher ID - Publons<\/span><span class=\"\" data-url=\"\" data-target=\"blank\" tabindex=\"0\" role=\"button\">Scopus Author ID<\/span><span class=\"\" data-url=\"\" data-target=\"blank\" tabindex=\"0\" role=\"button\">ORCID<\/span><\/div><div class=\"su-tabs-panes\"><div class=\"su-tabs-pane su-u-clearfix su-u-trim\" data-title=\"Resercher ID - Publons\"><p align=\"justify\">El identificador de autor Researcher ID, vinculado a la Web of Science, de Clarivate Analytics, fue de los primeros sistemas de asignaci\u00f3n de c\u00f3digos alfanum\u00e9ricos a los investigadores.<\/p>\n<p align=\"justify\">Desde 2019 ha quedado integrado en la plataforma de perfiles de autor Publons, tambi\u00e9n vinculada a la Web of Science. Es de acceso libre y permite crear un perfil a cualquier investigador de forma voluntaria.<\/p>\n<p align=\"justify\">Permite a\u00f1adir publicaciones directamente desde WOS y otras plataformas. Adem\u00e1s de publicaciones cientificas, art\u00edculos, libros, etc tambi\u00e9n permite a\u00f1adir revisiones para revistas. Aporta datos de citas y m\u00e9tricas de impacto.<\/p>\n<p align=\"justify\">Actualmente es necesario disponer de este c\u00f3digo para solicitar Proyectos de Investigaci\u00f3n en algunas \u00e1reas.<\/p>\n<p align=\"justify\"><b>Crear perfil:<\/b><\/p>\n<p align=\"justify\">Podemos acceder a Publons de dos formas:<\/p>\n<p align=\"justify\"> Desde la Web of Science tenemos a su vez dos accesos, en el men\u00fa principal arriba y en el desplegable Herramientas.<\/p>\n<p align=\"justify\"> Directamente entrando en su web: Publons.<\/p>\n<p align=\"justify\">La forma m\u00e1s f\u00e1cil y directa de a\u00f1adir publicaciones al perfil Publons es desde la Web of Science.<\/p>\n<p align=\"justify\">Hacemos una b\u00fasqueda de nuestras publicaciones indexadas en la WOS, por t\u00edtulo o por autor, las marcamos  y las exportamos a Publons.<\/p>\n<p align=\"justify\"><b>M\u00e9tricas:<\/b><\/p>\n<p align=\"justify\">Una de las ventajas de tener un perfil  en Publons, aparte de disponer del idetificador Researcher ID, es obtener algunas m\u00e9tricas basadas en citas recibidas por nuestras pubilcaciones.<\/p>\n<p align=\"justify\">Para ver las m\u00e9tricas utilizamos en el men\u00fa de la izquierda la opci\u00f3n Publica Profile.<\/p>\n<p align=\"justify\"><b>Integraci\u00f3n con ORCID:<\/b><\/p>\n<p align=\"justify\">Si se dispone de identificador ORCID es interesante vincular y sincronizar los dos c\u00f3digos, para que se muestren juntos en los dos perfiles y para facilitar la transferencia de publicaciones entre ellos.<\/p>\n\n<\/div>\n<div class=\"su-tabs-pane su-u-clearfix su-u-trim\" data-title=\"Scopus Author ID\">\n<p align=\"justify\"><b>Perfil de autor en Scopus<\/b><\/p>\n<p align=\"justify\">Los perfiles de autor en Scopus son autom\u00e1ticos, los genera la propia base de datos con los datos de los autores que firman las publicaciones que recoge dicha base de datos, procedentes de unas 24.000 revistas, libros y congresos.<\/p>\n<p align=\"justify\">A cada autor Scopus le asigna un c\u00f3digo llamado Author ID, que permitir\u00e1 identifcarlo de forma un\u00edvoca y facilitar as\u00ed su identificaci\u00f3n y b\u00fasqueda de publicaciones. Adem\u00e1s, aporta datos de m\u00e9tricas de impacto, citas, indice H, etc.<\/p>\n<p align=\"justify\"><b>Modificar perfil:<\/b><\/p>\n<p align=\"justify\">Debido al proceso autom\u00e1tico de creaci\u00f3n, los perfiles a veces contienen errores tipogr\u00e1ficos, duplicados, publicaciones que no corresponden al autor o bien ausencia de publicaciones que deber\u00edan estar, sobre todo en nombres y apellidos de autor comunes.<\/p>\n<p align=\"justify\">Si se detectan estos errores se pueden corregir f\u00e1cilmente,pues Scopus incluye en cada perfil un enlace donde poder modificarlo y corregirlo (Edit Author profile). Es necesario tener una cuenta en Scopus para poder hacerlo, tan solo debemos registrarnos con un correo institucional  tipo @uo.edu.cu. Nos permite corregir el nombre, la afiliaci\u00f3n y las publicaciones asignadas, pudiendo a\u00f1adir o quitar las que correspondan.<\/p>\n<p align=\"justify\"><b>M\u00e9tricas:<\/b><\/p>\n<p align=\"justify\">Cada perfil de autor de Scopus ofrece informaci\u00f3n sobre m\u00e9tricas como el Indice H, el total de citas, citas por a\u00f1os, citas por art\u00edculo, etc, que est\u00e1n permanentemente actualizadas en funci\u00f3n de las citas que se van contabilizando en Scopus.<\/p>\n<p align=\"justify\"><b>Integraci\u00f3n con ORCID:<\/b><\/p>\n<p align=\"justify\">Si el autor dispone tambi\u00e9n de identificaci\u00f3n en ORCDI es conveniente sincronizar los dos perfiles, es f\u00e1cil de hacer desde el propio perifl, en la opci\u00f3n Profile actions &#8211; Connect to ORCID ,nos pedir\u00e1 las credenciales de nuestra cuenta de ORCID y sincroniza las publicaciones adem\u00e1s de vincular los dos perfiles. <\/p>\n<\/div>\n<div class=\"su-tabs-pane su-u-clearfix su-u-trim\" data-title=\"ORCID\"><p align=\"justify\">(Open Researcher and Contribution ID) es un proyecto que tiene por objetivo proporcionar un identificador \u00fanico y permanente para cada investigador, para evitar errores y confusiones en los nombres de los autores, en el momento de identificar su producci\u00f3n cient\u00edfica y poder distinguir claramente sus publicaciones, ayudando al mismo tiempo a su divulgaci\u00f3n.<\/p>\n\n<p align=\"justify\">ORCID es un proyecto abierto, sin \u00e1nimo de lucro, de colaboraci\u00f3n entre varios sectores, apoyado por importantes editoriales como Elsevier y Nature Publishing Group, centros de investigaci\u00f3n como el CERN o el MIT, universidades, etc, que ofrece un sistema para crear y mantener un registro \u00fanico de investigadores.<\/p>\n\n<p align=\"justify\">Proporciona tambi\u00e9n un perfil curricular donde alojar toda la producci\u00f3n cient\u00edfica de un autor, que permite enlazar y sincronizar con otros perfiles personales de investigador (Researcher ID, Scopus ID, My Citations Google Scholar, etc.).<\/p>\n<p><a href=\"https:\/\/www.cent.uo.edu.cu\/cemzoc-uo\/posgrado\/para-investigadores\/perfiles-e-identificadores-de-autor\/orcid-open-researcher-and-contribution-id\/\"><b><i>M\u00e1s acerca de ORCID&#8230;<\/i><\/b><\/a><\/p>\n<\/div><\/div><\/div>\n\n\n\n<p><em>Fuente: https:\/\/biblioguias.unex.es\/c.php?g=675640&amp;p=4810327<\/em><\/p>\n","protected":false},"excerpt":{"rendered":"<p>&#8211; Los identificadores de autor&nbsp;&nbsp;son sistemas de identificaci\u00f3n que tienen por objetivo proporcionar unos c\u00f3digos num\u00e9ricos o alfanum\u00e9ricos, \u00fanicos y permamentes para cada investigador, para evitar errores o confusiones entre nombres parecidos, facilitando la b\u00fasqueda, asignaci\u00f3n y visualizaci\u00f3n de la&hellip; <\/p>\n","protected":false},"author":21,"featured_media":0,"parent":1661,"menu_order":4,"comment_status":"closed","ping_status":"closed","template":"","meta":{"_mc_calendar":[],"footnotes":""},"class_list":["post-1727","page","type-page","status-publish","hentry"],"_links":{"self":[{"href":"https:\/\/www.cent.uo.edu.cu\/cemzoc-uo\/wp-json\/wp\/v2\/pages\/1727","targetHints":{"allow":["GET"]}}],"collection":[{"href":"https:\/\/www.cent.uo.edu.cu\/cemzoc-uo\/wp-json\/wp\/v2\/pages"}],"about":[{"href":"https:\/\/www.cent.uo.edu.cu\/cemzoc-uo\/wp-json\/wp\/v2\/types\/page"}],"author":[{"embeddable":true,"href":"https:\/\/www.cent.uo.edu.cu\/cemzoc-uo\/wp-json\/wp\/v2\/users\/21"}],"replies":[{"embeddable":true,"href":"https:\/\/www.cent.uo.edu.cu\/cemzoc-uo\/wp-json\/wp\/v2\/comments?post=1727"}],"version-history":[{"count":18,"href":"https:\/\/www.cent.uo.edu.cu\/cemzoc-uo\/wp-json\/wp\/v2\/pages\/1727\/revisions"}],"predecessor-version":[{"id":1814,"href":"https:\/\/www.cent.uo.edu.cu\/cemzoc-uo\/wp-json\/wp\/v2\/pages\/1727\/revisions\/1814"}],"up":[{"embeddable":true,"href":"https:\/\/www.cent.uo.edu.cu\/cemzoc-uo\/wp-json\/wp\/v2\/pages\/1661"}],"wp:attachment":[{"href":"https:\/\/www.cent.uo.edu.cu\/cemzoc-uo\/wp-json\/wp\/v2\/media?parent=1727"}],"curies":[{"name":"wp","href":"https:\/\/api.w.org\/{rel}","templated":true}]}}