{"id":1756,"date":"2021-06-16T09:40:32","date_gmt":"2021-06-16T13:40:32","guid":{"rendered":"https:\/\/www.cent.uo.edu.cu\/cemzoc-uo\/?page_id=1756"},"modified":"2021-06-16T09:55:08","modified_gmt":"2021-06-16T13:55:08","slug":"buscadores-cientificos","status":"publish","type":"page","link":"https:\/\/www.cent.uo.edu.cu\/cemzoc-uo\/posgrado\/para-investigadores\/buscadores-cientificos\/","title":{"rendered":"Buscadores Cient\u00edficos"},"content":{"rendered":"\n<div class=\"su-accordion su-u-trim\">\n  <div class=\"su-spoiler su-spoiler-style-default su-spoiler-icon-plus su-spoiler-closed\" data-scroll-offset=\"0\" data-anchor-in-url=\"no\"><div class=\"su-spoiler-title\" tabindex=\"0\" role=\"button\"><span class=\"su-spoiler-icon\"><\/span>Web of Science<\/div><div class=\"su-spoiler-content su-u-clearfix su-u-trim\"><p align=\"justify\"> Web of Science (WoS) es un servicio en l\u00ednea de informaci\u00f3n cient\u00edfica, suministrado por Clarivate Analytics (antes, de Thomson Reuters), integrado en ISI Web of Knowledge, WoK. Facilita el acceso a un conjunto de bases de datos en las que aparecen citas de art\u00edculos de revistas cient\u00edficas, libros y otros tipos de material impreso que abarcan todos los campos del conocimiento acad\u00e9mico. Permite acceder a las publicaciones previas de una determinada investigaci\u00f3n publicada a trav\u00e9s del acceso a sus referencias bibliogr\u00e1ficas citadas, o tambi\u00e9n, a las publicaciones que citan un documento determinado para descubrir el impacto de un trabajo cient\u00edfico sobre la investigaci\u00f3n actual. Por \u00faltimo, permite conectarse al texto completo de publicaciones primarias y otros recursos y acceder a ellos mediante un sistema de b\u00fasqueda basado en palabras clave.<\/p>\nUrl: <a href=\"https:\/\/clarivate.com\/products\/web-of-science\/\" target=\"_blank\" rel=\"noopener\"><b><i> https:\/\/clarivate.com\/products\/web-of-science\/<\/i><\/b><\/a>\n<\/div><\/div>\n  <div class=\"su-spoiler su-spoiler-style-default su-spoiler-icon-plus su-spoiler-closed\" data-scroll-offset=\"0\" data-anchor-in-url=\"no\"><div class=\"su-spoiler-title\" tabindex=\"0\" role=\"button\"><span class=\"su-spoiler-icon\"><\/span>ScienceDirect<\/div><div class=\"su-spoiler-content su-u-clearfix su-u-trim\"><p align=\"justify\">ScienceDirect es un sitio web que proporciona acceso por suscripci\u00f3n a una gran base de datos de b\u00fasqueda cient\u00edfica y m\u00e9dica. Alberga m\u00e1s de 12 millones de piezas de contenido de 3500 revistas acad\u00e9micas y 34 000 libros electr\u00f3nicos. Las revistas est\u00e1n agrupadas en cuatro secciones principales: Ingenier\u00eda y Ciencias F\u00edsicas, Ciencias de Vida, Ciencias de Salud, y Humanidades y Ciencias Sociales. Los res\u00famenes est\u00e1n disponibles de forma libre y gratuita, pero el acceso a sus textos completos (en PDF y, para publicaciones m\u00e1s nuevas, tambi\u00e9n HTML) generalmente requiere una suscripci\u00f3n o de pago por visi\u00f3n.<\/p>\nUrl: <a href=\"https:\/\/www.sciencedirect.com\/\" target=\"_blank\" rel=\"noopener\"><b><i> https:\/\/www.sciencedirect.com<\/i><\/b><\/a>\n<\/div><\/div>\n  <div class=\"su-spoiler su-spoiler-style-default su-spoiler-icon-plus su-spoiler-closed\" data-scroll-offset=\"0\" data-anchor-in-url=\"no\"><div class=\"su-spoiler-title\" tabindex=\"0\" role=\"button\"><span class=\"su-spoiler-icon\"><\/span>Scopus<\/div><div class=\"su-spoiler-content su-u-clearfix su-u-trim\"><p align=\"justify\">Scopus es una base de datos bibliogr\u00e1fica de res\u00famenes y citas de art\u00edculos de revistas cient\u00edficas. Cubre aproximadamente 24.500 t\u00edtulos de publicaciones seriadas (revistas, conferencias, series de libros de investigaci\u00f3n) de m\u00e1s de 5000 editores en 140 pa\u00edses, incluyendo revistas revisadas por pares de las \u00e1reas de ciencias, tecnolog\u00eda, medicina y ciencias sociales, incluyendo artes y humanidades. La plataforma tecnol\u00f3gica es desarrollada por Elsevier y es accesible en la Web para los subscriptores, pero el ingreso al \u00edndice y su revaluaci\u00f3n es gestionado por un comit\u00e9 editorial independiente de Elsevier.<\/p>\nUrl: <a href=\"https:\/\/www.elsevier.com\/es-es\/solutions\/scopus\" target=\"_blank\" rel=\"noopener\"><b><i>https:\/\/www.elsevier.com\/es-es\/solutions\/scopus<\/i><\/b><\/a>\n<\/div><\/div>\n  <div class=\"su-spoiler su-spoiler-style-default su-spoiler-icon-plus su-spoiler-closed\" data-scroll-offset=\"0\" data-anchor-in-url=\"no\"><div class=\"su-spoiler-title\" tabindex=\"0\" role=\"button\"><span class=\"su-spoiler-icon\"><\/span>Google Acad\u00e9mico<\/div><div class=\"su-spoiler-content su-u-clearfix su-u-trim\"><p align=\"justify\">Google Acad\u00e9mico (en ingl\u00e9s, Google Scholar) es un buscador de Google enfocado y especializado en la b\u00fasqueda de contenido y bibliograf\u00eda cient\u00edfico-acad\u00e9mica. El sitio indexa editoriales, bibliotecas, repositorios, bases de datos bibliogr\u00e1ficas, entre otros; y entre sus resultados se pueden encontrar citas, enlaces a libros, art\u00edculos de revistas cient\u00edficas, comunicaciones y congresos, informes cient\u00edfico-t\u00e9cnicos, tesis, tesinas y archivos depositados en repositorios.<\/p>\nUrl:<a href=\"https:\/\/scholar.google.es\/schhp?hl=es\" target=\"_blank\" rel=\"noopener\"><b><i> https:\/\/scholar.google.es<\/i><\/b><\/a>\n<\/div><\/div>\n  <div class=\"su-spoiler su-spoiler-style-default su-spoiler-icon-plus su-spoiler-closed\" data-scroll-offset=\"0\" data-anchor-in-url=\"no\"><div class=\"su-spoiler-title\" tabindex=\"0\" role=\"button\"><span class=\"su-spoiler-icon\"><\/span>Springer Science<\/div><div class=\"su-spoiler-content su-u-clearfix su-u-trim\"><p align=\"justify\">Springer Science+Business Media o Springer es una editorial global que publica libros, libros electr\u00f3nicos y publicaciones cient\u00edficas de revisi\u00f3n por pares relacionados con ciencia, tecnolog\u00eda y medicina (STM: science, technical &#038; medical). Springer tambi\u00e9n hospeda varias bases de datos cient\u00edficas, incluyendo SpringerLink, SpringerProtocols y SpringerImages. Las publicaciones de libros incluyen mayoritariamente trabajos de investigaci\u00f3n, libros de texto, monograf\u00edas y series de libros. M\u00e1s de 35 mil t\u00edtulos est\u00e1n disponibles como libros electr\u00f3nicos, organizados en 13 colecciones tem\u00e1ticas. Dentro del \u00e1mbito de STM, Springer es la mayor editorial de libros, y la segunda m\u00e1s grande a nivel mundial en publicaciones cient\u00edficas (despu\u00e9s de Elsevier), con m\u00e1s de 60 casas de publicaci\u00f3n, alrededor de 2000 publicaciones cient\u00edficas, 6500 nuevos libros publicados cada a\u00f1o, ventas de 880 millones de euros (en 2008) y m\u00e1s de 5000 empleados. Springer tiene sus principales oficinas en Berl\u00edn, Heidelberg, Dordrecht y Nueva York.<\/p>\nUrl:<a href=\"https:\/\/www.springer.com\/\" target=\"_blank\" rel=\"noopener\"><b><i> https:\/\/www.springer.com<\/i><\/b><\/a>\n<\/div><\/div>\n  <div class=\"su-spoiler su-spoiler-style-default su-spoiler-icon-plus su-spoiler-closed\" data-scroll-offset=\"0\" data-anchor-in-url=\"no\"><div class=\"su-spoiler-title\" tabindex=\"0\" role=\"button\"><span class=\"su-spoiler-icon\"><\/span>PubMed<\/div><div class=\"su-spoiler-content su-u-clearfix su-u-trim\"><p align=\"justify\">PubMed es un motor de b\u00fasqueda de libre acceso que permite consultar principal y mayoritariamente los contenidos de la base de datos MEDLINE, aunque tambi\u00e9n una variedad de revista cient\u00edficas de similar calidad pero que no son parte de MEDLINE. A trav\u00e9s de este buscador es posible acceder a referencias bibliogr\u00e1ficas y res\u00famenes de estos art\u00edculos de investigaci\u00f3n biom\u00e9dica. Ofrecido por la Biblioteca Nacional de Medicina de los Estados Unidos como parte de Entrez. MEDLINE tiene alrededor de 4800 revistas publicadas en los Estados Unidos y en m\u00e1s de 70 pa\u00edses del mundo. Actualmente re\u00fane m\u00e1s de 30.000.000 citas y desde principios del siglo XXI est\u00e1 en marcha un proceso en el que contin\u00faan la carga paulatina de citas anteriores a 1966, que ya incluye art\u00edculos desde 1871. Desde 1971 a 1997 el acceso en l\u00ednea a MEDLINE era posible a trav\u00e9s de suscripciones institucionales realizadas por bibliotecas universitarias, centros de investigaci\u00f3n, etc. Desde junio de 1997 tambi\u00e9n se puede consultar MEDLINE de forma gratuita desde Internet a trav\u00e9s del interfaz PubMed.<\/p>\nUrl:<a href=\"https:\/\/pubmed.ncbi.nlm.nih.gov\/\" target=\"_blank\" rel=\"noopener\"><b><i> https:\/\/pubmed.ncbi.nlm.nih.gov<\/i><\/b><\/a>\n<\/div><\/div>\n  <div class=\"su-spoiler su-spoiler-style-default su-spoiler-icon-plus su-spoiler-closed\" data-scroll-offset=\"0\" data-anchor-in-url=\"no\"><div class=\"su-spoiler-title\" tabindex=\"0\" role=\"button\"><span class=\"su-spoiler-icon\"><\/span>Institute of Electrical and Electronics Engineers<\/div><div class=\"su-spoiler-content su-u-clearfix su-u-trim\"><p align=\"justify\">El Instituto de Ingenieros El\u00e9ctricos y Electr\u00f3nicos (conocido por sus siglas IEEE, le\u00eddo i-triple-e en Hispanoam\u00e9rica o i-e-cubo en Espa\u00f1a; en ingl\u00e9s Institute of Electrical and Electronics Engineers) es una asociaci\u00f3n mundial de ingenieros dedicada a la normalizaci\u00f3n y el desarrollo en \u00e1reas t\u00e9cnicas. Con cerca de 425 000 miembros y voluntarios en 160 pa\u00edses, es la mayor asociaci\u00f3n internacional sin \u00e1nimo de lucro formada por profesionales de las nuevas tecnolog\u00edas, como ingenieros electricistas, ingenieros electr\u00f3nicos, ingenieros de sistemas, ingenieros en computaci\u00f3n, matem\u00e1ticos aplicados, ingenieros en biomedicina, ingenieros en telecomunicaci\u00f3n, ingenieros en mecatr\u00f3nica, ingenieros en telem\u00e1tica, cibern\u00e9ticos, ingenieros en software, etc.<\/p>\nUrl:<a href=\"https:\/\/ieeexplore.ieee.org\/Xplore\/home.jsp\" target=\"_blank\" rel=\"noopener\"><b><i> https:\/\/ieeexplore.ieee.org<\/i><\/b><\/a>\n<\/div><\/div>\n  <div class=\"su-spoiler su-spoiler-style-default su-spoiler-icon-plus su-spoiler-closed\" data-scroll-offset=\"0\" data-anchor-in-url=\"no\"><div class=\"su-spoiler-title\" tabindex=\"0\" role=\"button\"><span class=\"su-spoiler-icon\"><\/span>Microsoft Academic<\/div><div class=\"su-spoiler-content su-u-clearfix su-u-trim\"><p align=\"justify\">Microsoft Acad\u00e9mico es un motor de b\u00fasqueda web p\u00fablico y libre para literatura y publicaciones cient\u00edficas, desarrollado por Microsoft Research. El servicio reemplaza el proyecto de b\u00fasqueda de Microsoft denominado Microsoft Academic Search, el cual dej\u00f3 de funcionar en 2012.  Con su nuevo nombre fue lanzado en 2016, con un nuevo dise\u00f1o y motor de b\u00fasqueda, utilizando tecnolog\u00edas de b\u00fasqueda sem\u00e1ntica. Contiene un \u00edndice para m\u00e1s de 220 millones de publicaciones, 88 millones de los cuales son art\u00edculos de revistas cient\u00edficas.<\/p>\nUrl:<a href=\"https:\/\/academic.microsoft.com\/home\" target=\"_blank\" rel=\"noopener\"><b><i> https:\/\/academic.microsoft.com<\/i><\/b><\/a>\n<\/div><\/div>\n  <div class=\"su-spoiler su-spoiler-style-default su-spoiler-icon-plus su-spoiler-closed\" data-scroll-offset=\"0\" data-anchor-in-url=\"no\"><div class=\"su-spoiler-title\" tabindex=\"0\" role=\"button\"><span class=\"su-spoiler-icon\"><\/span>ResearchGate<\/div><div class=\"su-spoiler-content su-u-clearfix su-u-trim\"><p align=\"justify\">ResearchGate es una red social en Internet y una herramienta de colaboraci\u00f3n dirigida a personas que hacen ciencia de cualquier disciplina. La plataforma ofrece acceso gratuito a las aplicaciones Web 2.0 m\u00e1s modernas, por ejemplo, una b\u00fasqueda sem\u00e1ntica de art\u00edculos de revistas cient\u00edficas en una base de datos con m\u00e1s de 35 millones de registros, foros, grupos de discusi\u00f3n, etc. En solo dos a\u00f1os, la plataforma con sede en Boston y Berl\u00edn hab\u00eda alcanzado 1 400 000 integrantes, y en mayo de 2013 ya contaba con 2 800 000 personas, muchas de ellas hispanohablantes. En 2012 se anunci\u00f3 la posibilidad de lanzar versiones de la p\u00e1gina en varios idiomas, incluyendo el castellano.<\/p>\nUrl:<a href=\"https:\/\/www.researchgate.net\/\" target=\"_blank\" rel=\"noopener\"><b><i> https:\/\/www.researchgate.net<\/i><\/b><\/a>\n<\/div><\/div>\n  <div class=\"su-spoiler su-spoiler-style-default su-spoiler-icon-plus su-spoiler-closed\" data-scroll-offset=\"0\" data-anchor-in-url=\"no\"><div class=\"su-spoiler-title\" tabindex=\"0\" role=\"button\"><span class=\"su-spoiler-icon\"><\/span>SciELO<\/div><div class=\"su-spoiler-content su-u-clearfix su-u-trim\"><p align=\"justify\">SciELO (Scientific Electronic Library Online o Biblioteca Cient\u00edfica Electr\u00f3nica en L\u00ednea) es un proyecto de biblioteca electr\u00f3nica, iniciativa de la Fundaci\u00f3n para el Apoyo a la Investigaci\u00f3n del Estado de S\u00e3o Paulo, Brasil (Fundaci\u00f3n de Apoyo a la Investigaci\u00f3n del Estado de S\u00e3o Paulo \u2014 FAPESP) y del Centro Latinoamericano y del Caribe de Informaci\u00f3n en Ciencias de la Salud (BIREME), que permite la publicaci\u00f3n electr\u00f3nica de ediciones completas de las revistas cient\u00edficas mediante una plataforma de software que posibilita el acceso a trav\u00e9s de distintos mecanismos, incluyendo listas de t\u00edtulos y por materia, \u00edndices de autores y materias y un motor de b\u00fasqueda.<\/p>\nUrl:<a href=\"https:\/\/scielo.org\/es\/\" target=\"_blank\" rel=\"noopener\"><b><i> https:\/\/scielo.org<\/i><\/b><\/a>\n<\/div><\/div>\n  <div class=\"su-spoiler su-spoiler-style-default su-spoiler-icon-plus su-spoiler-closed\" data-scroll-offset=\"0\" data-anchor-in-url=\"no\"><div class=\"su-spoiler-title\" tabindex=\"0\" role=\"button\"><span class=\"su-spoiler-icon\"><\/span>Directory of Open Access Journals<\/div><div class=\"su-spoiler-content su-u-clearfix su-u-trim\"><p align=\"justify\">El Directory of Open Access Journals (DOAJ) es una lista de revistas de acceso libre, cient\u00edficas y acad\u00e9micas, que cumplen con est\u00e1ndares de alta calidad como la revisi\u00f3n por pares y el control de calidad editorial. Todas cumplen con la condici\u00f3n de ser gratuitas para todos al momento de su publicaci\u00f3n, sobre la base de la definici\u00f3n de acceso libre adoptada en la Budapest Open Access Initiative (BOAI). El objetivo del DOAJ es \u00abincrementar la visibilidad y facilitar el uso de revistas cient\u00edficas y acad\u00e9micas de acceso libre, de manera que se promueve su mayor uso e impacto.\u00bb<\/p>\n<p align=\"justify\">Debido a que el acceso libre es un fen\u00f3meno mundial, el DOAJ incluye publicaciones de todo el mundo en muchos idiomas. Es posible navegar por las revistas o buscar por art\u00edculos en el interior de muchas revistas, por medio de una interfaz. En mayo de 2009, la base de datos bibliogr\u00e1fica conten\u00eda 4.177 revistas, de las cuales 1.531 estaban catalogadas a nivel de art\u00edculo.<\/p>\nUrl: <a href=\"https:\/\/doaj.org\/\" target=\"_blank\" rel=\"noopener\"><b><i>https:\/\/doaj.org<\/i><\/b><\/a>\n<\/div><\/div>\n  <div class=\"su-spoiler su-spoiler-style-default su-spoiler-icon-plus su-spoiler-closed\" data-scroll-offset=\"0\" data-anchor-in-url=\"no\"><div class=\"su-spoiler-title\" tabindex=\"0\" role=\"button\"><span class=\"su-spoiler-icon\"><\/span>Latindex<\/div><div class=\"su-spoiler-content su-u-clearfix su-u-trim\"><p align=\"justify\">Latindex (Sistema Regional de Informaci\u00f3n en L\u00ednea para Revistas Cient\u00edficas de Am\u00e9rica Latina, el Caribe, Espa\u00f1a y Portugal) es un sistema de informaci\u00f3n acad\u00e9mica, sin fines de lucro y de consulta gratuita, especializado en revistas acad\u00e9micas editadas en Iberoam\u00e9rica; ofrece tambi\u00e9n informaci\u00f3n sobre revistas de vocaci\u00f3n latinoamericanista editadas fuera de la regi\u00f3n. El sistema es fruto de la cooperaci\u00f3n entre distintas instituciones de 23 pa\u00edses.<\/p>\nUrl:<a href=\"https:\/\/www.latindex.org\/latindex\/inicio\" target=\"_blank\" rel=\"noopener\"><b><i> https:\/\/www.latindex.org\/latindex\/inicio<\/i><\/b><\/a>\n<\/div><\/div>\n  <div class=\"su-spoiler su-spoiler-style-default su-spoiler-icon-plus su-spoiler-closed\" data-scroll-offset=\"0\" data-anchor-in-url=\"no\"><div class=\"su-spoiler-title\" tabindex=\"0\" role=\"button\"><span class=\"su-spoiler-icon\"><\/span>JSTOR<\/div><div class=\"su-spoiler-content su-u-clearfix su-u-trim\"><p align=\"justify\">JSTOR (abreviatura en ingl\u00e9s de Journal STORage, \u00abalmac\u00e9n de publicaciones peri\u00f3dicas\u00bb) es un sistema de almacenamiento en l\u00ednea de publicaciones acad\u00e9micas. Fundada en 1995, JSTOR es una sociedad estadounidense con base en la ciudad de Nueva York.<\/p>\n<p align=\"justify\">JSTOR fue concebida como la soluci\u00f3n a uno de los mayores problemas que deben enfrentar hoy las bibliotecas (especialmente las universitarias y las de investigaci\u00f3n) debido al creciente aumento de publicaciones acad\u00e9micas en la actualidad. William G. Bowen, su fundador, fue presidente de la Universidad de Princeton desde el a\u00f1o 1972 al 1988. En general, a muchas bibliotecas se les hac\u00eda excesivamente costoso el mantener una interesante colecci\u00f3n de publicaciones debido a cuestiones de espacio, por lo que encontraron en JSTOR una soluci\u00f3n viable a dicha cuesti\u00f3n, digitalizando muchos de sus t\u00edtulos y almacen\u00e1ndolos en su base de datos en l\u00ednea con la confianza en que estos permanecer\u00edan disponibles a largo plazo.<\/p>\nUrl:<a href=\"https:\/\/www.jstor.org\/\" target=\"_blank\" rel=\"noopener\"><b><i> https:\/\/www.jstor.org<\/i><\/b><\/a>\n<\/div><\/div>\n  <div class=\"su-spoiler su-spoiler-style-default su-spoiler-icon-plus su-spoiler-closed\" data-scroll-offset=\"0\" data-anchor-in-url=\"no\"><div class=\"su-spoiler-title\" tabindex=\"0\" role=\"button\"><span class=\"su-spoiler-icon\"><\/span>Chemical Abstracts Service<\/div><div class=\"su-spoiler-content su-u-clearfix su-u-trim\"><p align=\"justify\">Chemical Abstracts Service (CAS) es una divisi\u00f3n de American Chemical Society (ACS) que produce Chemical Abstracts y productos relacionados. Est\u00e1 localizada en Columbus, Ohio, EE. UU. CAS proporciona la mayor base de datos (el N\u00famero de registro CAS) revelada p\u00fablicamente sobre Qu\u00edmica, y la hace accesible buscando y creando software que provee enlaces a la literatura y las patentes originales. El t\u00e9rmino \u00abChemical Abstracts\u00bb se usa frecuentemente para aplicar a todos los diferentes productos, pero las distintas partes tienen ahora nombres espec\u00edficos. En 2007, el Servicio de Chemical Abstracts estaba dise\u00f1ado por el ACS National Historical Chemical Landmark, en reconocimiento a su significado en la mayor parte de las investigaciones cient\u00edficas dentro de la Qu\u00edmica.<\/p>\nUrl:<a href=\"https:\/\/www.cas.org\/\" target=\"_blank\" rel=\"noopener\"><b><i> https:\/\/www.cas.org<\/i><\/b><\/a>\n<\/div><\/div>\n  <div class=\"su-spoiler su-spoiler-style-default su-spoiler-icon-plus su-spoiler-closed\" data-scroll-offset=\"0\" data-anchor-in-url=\"no\"><div class=\"su-spoiler-title\" tabindex=\"0\" role=\"button\"><span class=\"su-spoiler-icon\"><\/span>WorldWideScience<\/div><div class=\"su-spoiler-content su-u-clearfix su-u-trim\"><p align=\"justify\">WorldWideScience.org es un motor de b\u00fasqueda cient\u00edfica global (bases de datos acad\u00e9micas y motores de b\u00fasqueda) dise\u00f1ado para acelerar el descubrimiento y el progreso cient\u00edfico mediante la aceleraci\u00f3n del intercambio de conocimientos cient\u00edficos. A trav\u00e9s de una asociaci\u00f3n multilateral, WorldWideScience.org permite a cualquier persona con acceso a Internet lanzar una b\u00fasqueda de una sola vez en las bases de datos y portales cient\u00edficos nacionales de m\u00e1s de 70 pa\u00edses, que cubren todos los continentes habitados del mundo y m\u00e1s de tres cuartas partes de la poblaci\u00f3n mundial. Desde la perspectiva del usuario, WorldWideScience.org hace que las bases de datos act\u00faen como si fueran un todo unificado.<\/p>\nUrl: <a href=\"https:\/\/worldwidescience.org\/\" target=\"_blank\" rel=\"noopener\"><b><i>https:\/\/worldwidescience.org<\/i><\/b><\/a>\n<\/div><\/div>\n  <div class=\"su-spoiler su-spoiler-style-default su-spoiler-icon-plus su-spoiler-closed\" data-scroll-offset=\"0\" data-anchor-in-url=\"no\"><div class=\"su-spoiler-title\" tabindex=\"0\" role=\"button\"><span class=\"su-spoiler-icon\"><\/span>Redalyc<\/div><div class=\"su-spoiler-content su-u-clearfix su-u-trim\"><p align=\"justify\">La Red de Revistas Cient\u00edficas de Am\u00e9rica Latina y el Caribe, Espa\u00f1a y Portugal (Redalyc) es un proyecto acad\u00e9mico para la difusi\u00f3n en acceso abierto de la actividad cient\u00edfica editorial de todo el mundo, bajo un modelo liderado por la academia y no lucrativo. Redalyc se ha constituido en un sistema de indizaci\u00f3n, visibilidad, interoperabilidad, producci\u00f3n editorial y preservaci\u00f3n. Asimismo, se ha constituido en un sistema de informaci\u00f3n cient\u00edfica que proporciona indicadores en torno a la publicaci\u00f3n, la colaboraci\u00f3n y el uso de literatura cient\u00edfica. Redalyc es impulsado por la Universidad Aut\u00f3noma del Estado de M\u00e9xico, en colaboraci\u00f3n con cientos de instituciones de educaci\u00f3n superior, centros de investigaci\u00f3n, asociaciones profesionales y editoriales de todo el mundo y cuenta (marzo de 2019) con un acervo de 1304 revistas cient\u00edficas, 48 512 fasc\u00edculos y m\u00e1s de 600 000 art\u00edculos cient\u00edficos disponibles a texto completo.<\/p>\nUrl: <a href=\"https:\/\/www.redalyc.org\/\" target=\"_blank\" rel=\"noopener\"><b><i>https:\/\/www.redalyc.org<\/i><\/b><\/a>\n<\/div><\/div>\n  <div class=\"su-spoiler su-spoiler-style-default su-spoiler-icon-plus su-spoiler-closed\" data-scroll-offset=\"0\" data-anchor-in-url=\"no\"><div class=\"su-spoiler-title\" tabindex=\"0\" role=\"button\"><span class=\"su-spoiler-icon\"><\/span>Dialnet<\/div><div class=\"su-spoiler-content su-u-clearfix su-u-trim\"><p align=\"justify\">Dialnet es un portal de difusi\u00f3n de la producci\u00f3n cient\u00edfica hispana cuyo funcionamiento se inici\u00f3 en 2001 especializado en ciencias humanas y sociales. El portal est\u00e1 gestionado por la Fundaci\u00f3n Dialnet, de la Universidad de La Rioja, una entidad sin \u00e1nimo de lucro creada en febrero de 2009 para la gesti\u00f3n y desarrollo de una de las mayores bases de datos de literatura cient\u00edfica del mundo. Su base de datos, de acceso libre, fue creada por la Universidad de La Rioja (Espa\u00f1a) y constituye una hemeroteca virtual que contiene los \u00edndices de las revistas cient\u00edficas y human\u00edsticas de Espa\u00f1a, Portugal y Latinoam\u00e9rica. <\/p>\nUrl: <a href=\"https:\/\/dialnet.unirioja.es\/\" target=\"_blank\" rel=\"noopener\"><b><i>https:\/\/dialnet.unirioja.es<\/i><\/b><\/a>\n<\/div><\/div>\n<\/div>\n","protected":false},"excerpt":{"rendered":"","protected":false},"author":21,"featured_media":0,"parent":1661,"menu_order":3,"comment_status":"closed","ping_status":"closed","template":"","meta":{"_mc_calendar":[],"footnotes":""},"class_list":["post-1756","page","type-page","status-publish","hentry"],"_links":{"self":[{"href":"https:\/\/www.cent.uo.edu.cu\/cemzoc-uo\/wp-json\/wp\/v2\/pages\/1756","targetHints":{"allow":["GET"]}}],"collection":[{"href":"https:\/\/www.cent.uo.edu.cu\/cemzoc-uo\/wp-json\/wp\/v2\/pages"}],"about":[{"href":"https:\/\/www.cent.uo.edu.cu\/cemzoc-uo\/wp-json\/wp\/v2\/types\/page"}],"author":[{"embeddable":true,"href":"https:\/\/www.cent.uo.edu.cu\/cemzoc-uo\/wp-json\/wp\/v2\/users\/21"}],"replies":[{"embeddable":true,"href":"https:\/\/www.cent.uo.edu.cu\/cemzoc-uo\/wp-json\/wp\/v2\/comments?post=1756"}],"version-history":[{"count":5,"href":"https:\/\/www.cent.uo.edu.cu\/cemzoc-uo\/wp-json\/wp\/v2\/pages\/1756\/revisions"}],"predecessor-version":[{"id":1767,"href":"https:\/\/www.cent.uo.edu.cu\/cemzoc-uo\/wp-json\/wp\/v2\/pages\/1756\/revisions\/1767"}],"up":[{"embeddable":true,"href":"https:\/\/www.cent.uo.edu.cu\/cemzoc-uo\/wp-json\/wp\/v2\/pages\/1661"}],"wp:attachment":[{"href":"https:\/\/www.cent.uo.edu.cu\/cemzoc-uo\/wp-json\/wp\/v2\/media?parent=1756"}],"curies":[{"name":"wp","href":"https:\/\/api.w.org\/{rel}","templated":true}]}}