{"id":1783,"date":"2021-06-17T09:45:34","date_gmt":"2021-06-17T13:45:34","guid":{"rendered":"https:\/\/www.cent.uo.edu.cu\/cemzoc-uo\/?page_id=1783"},"modified":"2021-06-17T16:07:41","modified_gmt":"2021-06-17T20:07:41","slug":"orcid-open-researcher-and-contribution-id","status":"publish","type":"page","link":"https:\/\/www.cent.uo.edu.cu\/cemzoc-uo\/posgrado\/para-investigadores\/perfiles-e-identificadores-de-autor\/orcid-open-researcher-and-contribution-id\/","title":{"rendered":"ORCID (Open Researcher and Contribution ID)"},"content":{"rendered":"\n<p align=\"justify\">(Open Researcher and Contribution ID) es un proyecto que tiene por objetivo proporcionar un&nbsp;<strong>identificador \u00fanico y permanente para cada investigador<\/strong>, para evitar errores y confusiones en los nombres de los autores, en el momento de identificar su producci\u00f3n cient\u00edfica y poder distinguir claramente sus publicaciones, ayudando al mismo tiempo a su divulgaci\u00f3n.<\/p><p align=\"justify\">ORCID es un proyecto abierto, sin \u00e1nimo de lucro, de colaboraci\u00f3n entre varios sectores, apoyado por importantes editoriales como Elsevier y Nature Publishing Group, centros de investigaci\u00f3n como el CERN o el MIT, universidades, etc, que ofrece un sistema para crear y mantener un registro \u00fanico de investigadores.Proporciona tambi\u00e9n un&nbsp;<strong>perfil curricular&nbsp;<\/strong>donde alojar toda la producci\u00f3n cient\u00edfica de un autor, que permite enlazar y sincronizar con otros perfiles personales de investigador (Researcher ID, Scopus ID, My Citations Google Scholar, etc.).<\/p><p align=\"justify\">Actualmente m\u00e1s de diez millones de investigadores disponen de identificador ORCID.&nbsp;<a href=\"https:\/\/orcid.org\/statistics\" target=\"_blank\" rel=\"noreferrer noopener\"><i>Consulte las estad\u00edsticas<\/i>.<\/a><\/p>\n\n\n\n<iframe loading=\"lazy\" width=\"727\" height=\"409\" src=\"https:\/\/www.youtube.com\/embed\/6MtYJ2nquYE\" title=\"YouTube video player\" frameborder=\"0\" allow=\"accelerometer; autoplay; clipboard-write; encrypted-media; gyroscope; picture-in-picture\" allowfullscreen=\"\"><\/iframe>\n\n\n\n<p class=\"has-text-align-center\"><em><sub>Republished from <a rel=\"noreferrer noopener\" href=\"https:\/\/www.youtube.com\/redirect?event=video_description&amp;redir_token=QUFFLUhqazNibDB6dUtkVldkOThUU19MV05rS193LXFTQXxBQ3Jtc0tsa3ZMMi1QRmoyTk9mSWFTbmh0NVNXampkTUR2X2lFeUVJYjZZSlNlaWFHU2h6a2ZTaFlGRUVWd3pZaWdKc3lDS01rZVBldjQzS1hHUGxBaWNack1SQnY0UDVZbUpYWWNaSEpjWFB2cUticG5ZVEQ5NA&amp;q=https%3A%2F%2Fvimeo.com%2F97150912\" target=\"_blank\">https:\/\/vimeo.com\/97150912<\/a> for Indonesian viewers (Unfortunately, Vimeo is blocked in Indonesia)<\/sub><\/em><\/p>\n\n\n\n<p><strong>Para obtener un identificador ORCID es necesario registrarse.<\/strong><\/p>\n\n\n\n<p align=\"justify\">El proceso de registro es muy sencillo y r\u00e1pido, lo debe hacer el propio investigador, tan solo es necesario rellenar un formulario en la&nbsp;<a rel=\"noreferrer noopener\" href=\"https:\/\/orcid.org\/register\" target=\"_blank\">web de ORCID<\/a>. Recuerde que es conveniente<strong>&nbsp;<\/strong>utilizar la cuenta de correo<strong> <em>@uo.edu.cu<\/em>,<\/strong>&nbsp;para que se asocien los&nbsp;ORCID&nbsp; con la instituci\u00f3n de procedencia.<\/p>\n\n\n\n<figure class=\"wp-block-image size-large\"><img loading=\"lazy\" decoding=\"async\" width=\"742\" height=\"596\" src=\"https:\/\/www.cent.uo.edu.cu\/cemzoc-uo\/files\/2021\/06\/orcid.jpg\" alt=\"\" class=\"wp-image-1816\" srcset=\"https:\/\/www.cent.uo.edu.cu\/cemzoc-uo\/files\/2021\/06\/orcid.jpg 742w, https:\/\/www.cent.uo.edu.cu\/cemzoc-uo\/files\/2021\/06\/orcid-300x241.jpg 300w\" sizes=\"auto, (max-width: 742px) 100vw, 742px\" \/><\/figure>\n\n\n\n<p><strong>Crear un perfil curricular en ORCID<\/strong><\/p>\n\n\n\n<p align=\"justify\">Una vez registrado en ORCID, adem\u00e1s de tener el identificador es conveniente confeccionar un perfil curricular, a\u00f1adiendo todos los trabajos acad\u00e9micos y otros datos personales. Estas opciones son configurables y puede elegirse el nivel de visibilidad.<\/p>\n\n\n\n<p align=\"justify\">Solo tiene que a\u00f1adir esta informaci\u00f3n en los apartados correspondientes. Las publicaciones puede a\u00f1adirlas manualmente o bien importandolas de bases de datos como&nbsp;<em>Scopus&nbsp;<\/em>(Autor ID),&nbsp;<em>Web of Science<\/em>&nbsp;(Researcher ID),&nbsp;CrossRef,&nbsp;Dialnet,&nbsp;etc.<\/p>\n\n\n\n<p><strong>Mantener al d\u00eda nuestro perfil en ORCID<\/strong><\/p>\n\n\n\n<p align=\"justify\">ORCID no incorpora de forma autom\u00e1tica nuevas publicaciones, por lo tanto hay que mantener actualizado el perfil de forma peri\u00f3dica. Para actualizar las publicaciones&nbsp;<strong>hay que importar cada nuevo trabajo<\/strong>&nbsp;indexado en Scopus, WOS, Dialnet o cualquier otra base de datos que nos indice, Puede ser adecuado fijarse una periodicidad de actualizaci\u00f3n fija, por ejemplo, una vez al semestre, volver a importar todas nuestras nuevas publicaciones, con el mismo procedimiento que usamos en la primera incorporaci\u00f3n de publicaciones.<\/p>\n\n\n\n<p><strong>A\u00f1adir publicaciones al perfil de autor<\/strong><\/p>\n\n\n\n<p>Se pueden a\u00f1adir las publicaciones de tres formas:<\/p>\n\n\n\n<p><p align=\"justify\">&#8211; Importar un fichero bibtex (estos ficheros los generan los programas de gesti\u00f3n bibliogr\u00e1fica como Endnote, Refworks, y algunas bases de datos bibliogr\u00e1ficas.<\/p><\/p>\n\n\n\n<p>&#8211; A\u00f1adir manualmente cada referencias bibliogr\u00e1fica<\/p>\n\n\n\n<p>&#8211; Importar directamente desde bases de datos como Scopus, Dialnet, Pubmed, etc.<\/p>\n\n\n\n<figure class=\"wp-block-image size-large\"><img loading=\"lazy\" decoding=\"async\" width=\"891\" height=\"214\" src=\"https:\/\/www.cent.uo.edu.cu\/cemzoc-uo\/files\/2021\/06\/obras.jpg\" alt=\"\" class=\"wp-image-1821\" srcset=\"https:\/\/www.cent.uo.edu.cu\/cemzoc-uo\/files\/2021\/06\/obras.jpg 891w, https:\/\/www.cent.uo.edu.cu\/cemzoc-uo\/files\/2021\/06\/obras-300x72.jpg 300w, https:\/\/www.cent.uo.edu.cu\/cemzoc-uo\/files\/2021\/06\/obras-768x184.jpg 768w\" sizes=\"auto, (max-width: 891px) 100vw, 891px\" \/><\/figure>\n\n\n\n<p><strong>Qu\u00e9 hacer con ORCID<\/strong><\/p>\n\n\n\n<ul><li><p align=\"justify\">La finalidad de ORCID es la correcta identificaci\u00f3n del nombre de un investigador, por lo tanto es conveniente que una vez registrado y obtenido este identificador lo incluyas en tu CV, en el pie de firma en tu\/s cuenta\/s de correo, en tu p\u00e1gina web, en redes sociales de tipo cient\u00edfico como&nbsp;<a rel=\"noreferrer noopener\" href=\"https:\/\/www.researchgate.net\/home.Home.html?ref=logo\" target=\"_blank\">ResearchGate<\/a>&nbsp;o&nbsp;<a rel=\"noreferrer noopener\" href=\"http:\/\/www.academia.edu\/\" target=\"_blank\">Academia.edu<\/a>,&nbsp; o cualquier otra plataforma profesional donde tengas un perfil p\u00fablico.<\/p><\/li><li><p align=\"justify\">ORCID elimina la confusi\u00f3n entre nombres parecidos o incluso iguales de varios investigadores, permite atribuir correctamente publicaciones a un autor y facilita las b\u00fasquedas y la evaluaci\u00f3n de la investigaci\u00f3n, aunque el investigador cambie de instituci\u00f3n.<\/p><\/li><li><p align=\"justify\">A partir de ahora siempre que env\u00edes nuevos trabajos a las editoriales para publicar (art\u00edculos, libros, conferencias, tesis, data sets, etc.), incluye tu identificador ORCID y as\u00ed no habr\u00e1 dudas sobre la autor\u00eda de tu trabajo en las distintas bases de datos donde vaya a ser indexado.<\/p><\/li><li><p align=\"justify\">Lo m\u00e1s probable es que ORCID se convierta en un identificador necesario para la participaci\u00f3n en convocatorias, proyectos y ayudas de financiaci\u00f3n p\u00fablica, tanto del \u00e1mbito nacional como internacional. Ya se pide en algunas convocatorias de Proyectos I+D.<\/p><\/li><\/ul>\n\n\n\n<p><strong>Buscar en bases de datos<\/strong><\/p>\n\n\n\n<p align=\"justify\">Algunas bases de datos como&nbsp;Scopus&nbsp;y&nbsp;Web of Science&nbsp;ya permiten buscar autores por su identificador ORCID para facilitar la recuperaci\u00f3n de su producci\u00f3n cient\u00edfica. En otras se ir\u00e1 incorporando esta utilidad en breve.<\/p>\n\n\n\n<p align=\"justify\">&#8211;&nbsp;<strong>Buscador de Scopus<\/strong>. Si sabemos el n\u00ba ORCID del autor a buscar es mejor utilizar el caj\u00f3n de b\u00fasqueda creado para este fin, de esta forma&nbsp;evitamos errores al identificar el nombre de autor.<\/p>\n\n\n\n<p><strong>Colocar el ORCID en tu firma de correos<\/strong><\/p>\n\n\n\n<p align=\"justify\">Para insertar su ORCID en la firma de correo electr\u00f3nico, edite su perfil en la web de Orcid y clique sobre \u00abMostrar su iD en otros sitios\u00bb, copie el c\u00f3digo fuente completo&nbsp;que aparece y, por \u00faltimo, insertelo en la firma de su email institucional en su gestor de correos, por ejemplo Zimbra..&nbsp;Este mismo c\u00f3digo lo podr\u00e1 insertar en blogs, p\u00e1ginas web y en posters que presente a congresos en los que participe.<\/p>\n\n\n\n<p><strong>Recomendaciones de ORCID sobre el env\u00edo a revistas<\/strong><\/p>\n\n\n\n<p align=\"justify\">El&nbsp;<strong>ORCID<\/strong>&nbsp;<strong>iD<\/strong>de los autores de publicaciones cient\u00edficas es ya una realidad y las propias revistas lo exigen.<\/p>\n\n\n\n<p align=\"justify\">Por tanto,&nbsp; es fundamental la inclusi\u00f3n del mismo en la firma cient\u00edfica al env\u00edo de art\u00edculos para su publicaci\u00f3n.<\/p>\n\n\n\n<p align=\"justify\">A continuaci\u00f3n,&nbsp;os&nbsp;damos indicaciones sobre como incluir su identificador Orcid a su firma de investigador.<\/p>\n\n\n\n<p align=\"justify\"><strong>*<\/strong>&nbsp;Se recomienda que los IDs ORCID de los investigadores acompa\u00f1en siempre a la firma del investigador independientemente del formato de la publicaci\u00f3n (HTML, PDF, EPUB, etc.)<\/p>\n\n\n\n<p align=\"justify\"><strong>*<\/strong>&nbsp;Los iDs deben estar claramente asociados a sus respectivos autores, e incluir siempre un hiperv\u00ednculo activo a la URL ORCID.<\/p>\n\n\n\n<p><p align=\"justify\"><strong>*<\/strong>&nbsp;La visualizaci\u00f3n recomendada es el icono verde de ORCID&nbsp;iD (&nbsp;<img decoding=\"async\" alt=\"\" src=\"https:\/\/libapps-eu.s3.amazonaws.com\/accounts\/86186\/images\/iconoorcid_16x16.gif\">), seguido del URI completo (esquema http [s] opcional).<\/p><\/p>\n\n\n\n<p><p align=\"justify\"><strong>*<\/strong>&nbsp;El \u00edcono de iD&nbsp;<img decoding=\"async\" alt=\"\" src=\"https:\/\/libapps-eu.s3.amazonaws.com\/accounts\/86186\/images\/iconoorcid_16x16.gif\">debe ser escalado al texto, y tanto el icono como el URI deben estar vinculados al URI del ORCID&nbsp;<\/p><\/p>\n\n\n\n<p>\u00a0 \u00a0 \u00a0 \u00a0 \u00a0 \u00a0 \u00a0<strong>Author A\u00a0<\/strong><a href=\"http:\/\/orcid.org\/0000-0001-7405-5504\"><\/a>\u00a0<a href=\"https:\/\/orcid.org\/0000-0002-3423-9744\"><a href=\"https:\/\/orcid.org\/0000-0002-3423-9744\">0000-0002-3423-9744<\/a><\/a><\/p>\n\n\n\n<p><strong>*<\/strong>\u00a0Cuando se incluye el esquema de URI (https:\/\/ o http:\/\/), las directrices recomiendan https:<br>\u00a0 \u00a0 \u00a0 \u00a0 \u00a0 \u00a0 \u00a0<strong>Author B<\/strong>\u00a0<a href=\"https:\/\/orcid.org\/0000-0001-5727-2427\"><\/a>\u00a0<a href=\"https:\/\/orcid.org\/0000-0002-3423-9744\">0000-0002-3423-9744<\/a><\/p>\n\n\n\n<p><em><sub>Fuente: https:\/\/biblioguias.unex.es\/orcid\/<\/sub><\/em><\/p>\n","protected":false},"excerpt":{"rendered":"<p>(Open Researcher and Contribution ID) es un proyecto que tiene por objetivo proporcionar un&nbsp;identificador \u00fanico y permanente para cada investigador, para evitar errores y confusiones en los nombres de los autores, en el momento de identificar su producci\u00f3n cient\u00edfica y&hellip; <\/p>\n","protected":false},"author":21,"featured_media":0,"parent":1727,"menu_order":0,"comment_status":"closed","ping_status":"closed","template":"","meta":{"_mc_calendar":[],"footnotes":""},"class_list":["post-1783","page","type-page","status-publish","hentry"],"_links":{"self":[{"href":"https:\/\/www.cent.uo.edu.cu\/cemzoc-uo\/wp-json\/wp\/v2\/pages\/1783","targetHints":{"allow":["GET"]}}],"collection":[{"href":"https:\/\/www.cent.uo.edu.cu\/cemzoc-uo\/wp-json\/wp\/v2\/pages"}],"about":[{"href":"https:\/\/www.cent.uo.edu.cu\/cemzoc-uo\/wp-json\/wp\/v2\/types\/page"}],"author":[{"embeddable":true,"href":"https:\/\/www.cent.uo.edu.cu\/cemzoc-uo\/wp-json\/wp\/v2\/users\/21"}],"replies":[{"embeddable":true,"href":"https:\/\/www.cent.uo.edu.cu\/cemzoc-uo\/wp-json\/wp\/v2\/comments?post=1783"}],"version-history":[{"count":22,"href":"https:\/\/www.cent.uo.edu.cu\/cemzoc-uo\/wp-json\/wp\/v2\/pages\/1783\/revisions"}],"predecessor-version":[{"id":1831,"href":"https:\/\/www.cent.uo.edu.cu\/cemzoc-uo\/wp-json\/wp\/v2\/pages\/1783\/revisions\/1831"}],"up":[{"embeddable":true,"href":"https:\/\/www.cent.uo.edu.cu\/cemzoc-uo\/wp-json\/wp\/v2\/pages\/1727"}],"wp:attachment":[{"href":"https:\/\/www.cent.uo.edu.cu\/cemzoc-uo\/wp-json\/wp\/v2\/media?parent=1783"}],"curies":[{"name":"wp","href":"https:\/\/api.w.org\/{rel}","templated":true}]}}