{"id":1986,"date":"2021-06-24T08:17:35","date_gmt":"2021-06-24T12:17:35","guid":{"rendered":"https:\/\/www.cent.uo.edu.cu\/cemzoc-uo\/?page_id=1986"},"modified":"2021-06-24T08:32:49","modified_gmt":"2021-06-24T12:32:49","slug":"salon-de-reunion-virtual","status":"publish","type":"page","link":"https:\/\/www.cent.uo.edu.cu\/cemzoc-uo\/quienes-somos\/salon-de-reunion-virtual\/","title":{"rendered":"Sal\u00f3n de Reuni\u00f3n Virtual"},"content":{"rendered":"\n<p align=\"justify\"><strong>Jitsi Meet<\/strong>&nbsp;es un sistema gratuito y de c\u00f3digo abierto para hacer videollamadas. Permite utilizarlo sin necesidad de registrarse ni de instalar ning\u00fan programa en tu ordenador. Puedes usarlo desde el navegador otorgando los permisos necesarios a este para gestionar el micr\u00f3fono y la webcam de tu pc. Es totalmente compatible con los principales sistemas operativos de escritorio: Windows, Mac Os y Linux. Adem\u00e1s tienes versiones para plataformas m\u00f3viles como iOS y Android. Estas versiones tambi\u00e9n son totalmente gratuitas.<\/p>\n\n\n\n<figure class=\"wp-block-image size-large is-resized\"><a href=\"https:\/\/conferencias.uo.edu.cu\/cemzoc\" target=\"_blank\" rel=\"noopener\"><img loading=\"lazy\" decoding=\"async\" src=\"https:\/\/www.cent.uo.edu.cu\/cemzoc-uo\/files\/2021\/06\/1_6mTWStwUCx8jJ-I7ZyB2tg-1024x333.png\" alt=\"\" class=\"wp-image-1988\" width=\"453\" height=\"147\" srcset=\"https:\/\/www.cent.uo.edu.cu\/cemzoc-uo\/files\/2021\/06\/1_6mTWStwUCx8jJ-I7ZyB2tg-1024x333.png 1024w, https:\/\/www.cent.uo.edu.cu\/cemzoc-uo\/files\/2021\/06\/1_6mTWStwUCx8jJ-I7ZyB2tg-300x98.png 300w, https:\/\/www.cent.uo.edu.cu\/cemzoc-uo\/files\/2021\/06\/1_6mTWStwUCx8jJ-I7ZyB2tg-768x250.png 768w, https:\/\/www.cent.uo.edu.cu\/cemzoc-uo\/files\/2021\/06\/1_6mTWStwUCx8jJ-I7ZyB2tg.png 1078w\" sizes=\"auto, (max-width: 453px) 100vw, 453px\" \/><\/a><\/figure>\n\n\n\n<p align=\"justify\">El Centro de Estudios Muldidisciplinarios de Zonas Costeras (CEMZOC), utiliza Jitsi para sus reuniones virtuales, disponible en la siguiente direcci\u00f3n, (<strong><em><a rel=\"noreferrer noopener\" href=\"https:\/\/conferencias.uo.edu.cu\/cemzoc\" target=\"_blank\">https:\/\/conferencias.uo.edu.cu\/cemzoc<\/a><\/em><\/strong>).<\/p>\n","protected":false},"excerpt":{"rendered":"<p>Jitsi Meet&nbsp;es un sistema gratuito y de c\u00f3digo abierto para hacer videollamadas. Permite utilizarlo sin necesidad de registrarse ni de instalar ning\u00fan programa en tu ordenador. Puedes usarlo desde el navegador otorgando los permisos necesarios a este para gestionar el&hellip; <\/p>\n","protected":false},"author":21,"featured_media":0,"parent":1332,"menu_order":1,"comment_status":"closed","ping_status":"closed","template":"","meta":{"_mc_calendar":[],"footnotes":""},"class_list":["post-1986","page","type-page","status-publish","hentry"],"_links":{"self":[{"href":"https:\/\/www.cent.uo.edu.cu\/cemzoc-uo\/wp-json\/wp\/v2\/pages\/1986","targetHints":{"allow":["GET"]}}],"collection":[{"href":"https:\/\/www.cent.uo.edu.cu\/cemzoc-uo\/wp-json\/wp\/v2\/pages"}],"about":[{"href":"https:\/\/www.cent.uo.edu.cu\/cemzoc-uo\/wp-json\/wp\/v2\/types\/page"}],"author":[{"embeddable":true,"href":"https:\/\/www.cent.uo.edu.cu\/cemzoc-uo\/wp-json\/wp\/v2\/users\/21"}],"replies":[{"embeddable":true,"href":"https:\/\/www.cent.uo.edu.cu\/cemzoc-uo\/wp-json\/wp\/v2\/comments?post=1986"}],"version-history":[{"count":5,"href":"https:\/\/www.cent.uo.edu.cu\/cemzoc-uo\/wp-json\/wp\/v2\/pages\/1986\/revisions"}],"predecessor-version":[{"id":1996,"href":"https:\/\/www.cent.uo.edu.cu\/cemzoc-uo\/wp-json\/wp\/v2\/pages\/1986\/revisions\/1996"}],"up":[{"embeddable":true,"href":"https:\/\/www.cent.uo.edu.cu\/cemzoc-uo\/wp-json\/wp\/v2\/pages\/1332"}],"wp:attachment":[{"href":"https:\/\/www.cent.uo.edu.cu\/cemzoc-uo\/wp-json\/wp\/v2\/media?parent=1986"}],"curies":[{"name":"wp","href":"https:\/\/api.w.org\/{rel}","templated":true}]}}