{"id":1997,"date":"2021-06-24T08:35:36","date_gmt":"2021-06-24T12:35:36","guid":{"rendered":"https:\/\/www.cent.uo.edu.cu\/cemzoc-uo\/?page_id=1997"},"modified":"2021-06-24T09:59:54","modified_gmt":"2021-06-24T13:59:54","slug":"gestores-de-referencias-bibliograficas","status":"publish","type":"page","link":"https:\/\/www.cent.uo.edu.cu\/cemzoc-uo\/posgrado\/para-investigadores\/gestores-de-referencias-bibliograficas\/","title":{"rendered":"Gestores de Referencias Bibliogr\u00e1ficas"},"content":{"rendered":"\n<p align=\"justify\">Un gestor de referencias bibliogr\u00e1ficas es una aplicaci\u00f3n inform\u00e1tica de base de datos que permite capturar y archivar documentos, organizar referencias, editar bibliograf\u00edas y textos con citas, referenciar en m\u00faltiples estilos, compartir informaci\u00f3n, entre otras funcionalidades. Facilita tener una base de datos personal con tu propia documentaci\u00f3n y sobre esa base de datos te proporciona diversas prestaciones.<br>Existen una gran variedad de gestores bibliogr\u00e1ficos, entre los que se puede mencionar, Mendeley, Zotero, Endnote, CiteULike, Refworks, Papers, Procite, entre otros. En el presente manual utilizaremos Mendeley por ser uno de los gestores m\u00e1s utilizados en todo el mundo y de los de mayor compatibilidad con revistas cient\u00edficas indizadas en bases de datos de reconocido prestigio.<\/p>\n\n\n\n<div class=\"su-tabs su-tabs-style-default su-tabs-mobile-stack\" data-active=\"1\" data-scroll-offset=\"0\" data-anchor-in-url=\"no\"><div class=\"su-tabs-nav\"><span class=\"\" data-url=\"\" data-target=\"blank\" tabindex=\"0\" role=\"button\">Mendeley<\/span><span class=\"\" data-url=\"\" data-target=\"blank\" tabindex=\"0\" role=\"button\">Zotero<\/span><span class=\"\" data-url=\"\" data-target=\"blank\" tabindex=\"0\" role=\"button\">Endnote<\/span><\/div><div class=\"su-tabs-panes\"><div class=\"su-tabs-pane su-u-clearfix su-u-trim\" data-title=\"Mendeley\"><p align=\"justify\">Mendeley es un gestor de referencias bibliogr\u00e1ficas, una herramienta gratuita y multiplataforma (Windows, Linux y Mac) que combina una versi\u00f3n local con una versi\u00f3n web, pudiendo sincronizar ambas, permitiendo de este modo que se pueda consultar la informaci\u00f3n desde cualquier ordenador con conexi\u00f3n a Internet. Dispone tambi\u00e9n de aplicaciones para iPad y iPhone.<\/p>\n\n<p align=\"justify\">Con sede en Londres creado por Jan Reichelt, Victor Henning y Paul Foeckler, fue adquirido en abril de 2013 por Elsevier. La primera versi\u00f3n se public\u00f3 en 2008 y hace unas semanas se lanz\u00f3 la versi\u00f3n 1.10.3.<\/p>\n\n<p align=\"justify\">Mendeley combina caracter\u00edsticas de un gestor de referencias tradicional con las de gestores de referencias sociales, m\u00e1s a\u00fan, con caracter\u00edsticas propias de una verdadera red social para investigadores, en su versi\u00f3n web.<\/p>\n\n<p align=\"justify\">Empezar a trabajar con Mendeley es tan sencillo como crear una cuenta registr\u00e1ndose en <a href=\"https:\/\/www.mendeley.com\/search\/\" target=\"_blank\" rel=\"noopener\"><i>www.mendeley.com<\/i><\/a>,  descargar e instalar la versi\u00f3n de escritorio, Mendeley Desktop.<\/p>\n\n<p align=\"justify\">Desde el punto de vista de un gestor cl\u00e1sico de referencias, Mendeley Desktop, permite crear, mantener, organizar y dar forma a las referencias bibliogr\u00e1ficas de art\u00edculos de revista, libros u otros documentos, y generar m\u00e1s de 6780 formatos de salida para insertar las citas bibliogr\u00e1ficas  en el estilo adecuado al trabajo de investigaci\u00f3n, art\u00edculo o revista en el que deseemos publicar.<\/p>\n\n<p align=\"justify\">\u00bfQu\u00e9 ofrece Mendeley Desktop?<\/p>\n\n<p align=\"justify\">La posibilidad de a\u00f1adir informaci\u00f3n de forma sencilla desde diferentes fuentes y de varios modos:<\/p>\n\n<p align=\"justify\">Al igual que otros gestores se pueden a\u00f1adir referencias de forma manual, importar registros  procedentes de otros gestores en formatos como  EndNote XML, RIS,  BibTeX y Zotero Library (zotero.sqlite) o a partir de identificadores como DOI, PMID, ISBN o ArXIv ID.<\/p>\n\n<p align=\"justify\">Una de sus ventajas es la de incorporar referencias desde PDFs, arrastrando y soltando los archivos PDF en Mendeley Desktop, de esta forma recupera autom\u00e1ticamente los metadatos del documento. Adem\u00e1s dispone de las opciones: Add Folder que a\u00f1ade a Mendeley todos PDF contenidos en una carpeta y Watch Folder que permite que se a\u00f1adan autom\u00e1ticamente los nuevos PDFs incorporados a la carpeta o carpetas seleccionadas. Esta funcionalidad permite integrarlo con Zotero para importar autom\u00e1ticamente las referencias contenidas en la biblioteca de Zotero.<\/p>\n<p align=\"justify\">Tambi\u00e9n es posible la importaci\u00f3n directa desde sitios compatibles, instalando el bot\u00f3n \u201cSave to Mendeley\u201d en la barra de herramientas del navegador. Desde cualquier navegador se incorporan referencias desde sitios como  PubMed, Google Scholar, ScienceDirect, Scopus, SpringerLink, OvidSp o Plos entre otros. Al incorporar las referencias tambi\u00e9n se incorporan los PDFs si el documento es de Acceso Abierto o si la instituci\u00f3n tiene suscripci\u00f3n y navegamos desde sus IPs.<\/p>\n\n<p align=\"justify\">Trabajar con referencias orden\u00e1ndolas, eliminando las duplicadas y organiz\u00e1ndolas f\u00e1cilmente creando carpetas y subcarpetas; especialmente \u00fatil es la  posibilidad de asignar etiquetas (tags) a cada documento para poder establecer filtros.<\/p>\n\n<p align=\"justify\">Una de las caracter\u00edsticas m\u00e1s valoradas de Mendeley es que dispone de un visor de PDF propio, que permite copiar texto,  subrayar, hacer anotaciones y exportar el PDF con estos comentarios para compartirlo con otros colegas envi\u00e1ndolo por email o comparti\u00e9ndolo en grupos privados. Cada vez que se a\u00f1adan nuevas anotaciones ser\u00e1n vistas por los dem\u00e1s miembros del grupo. Adem\u00e1s cuando se realiza la b\u00fasqueda entre las referencias contenidas en la biblioteca tambi\u00e9n busca dentro del texto completo del documento resaltando los t\u00e9rminos utilizados en la b\u00fasqueda.<\/p>\nFuente: <i>http:\/\/www.cobdc.net\/gics\/?p=1057<\/i>\n<\/div>\n<div class=\"su-tabs-pane su-u-clearfix su-u-trim\" data-title=\"Zotero\">\n<p align=\"justify\">Zotero es un gestor de referencias bibliogr\u00e1ficas, libre, abierto y gratuito desarrollado por el Center for History and New Media de la Universidad George Mason que funciona tambi\u00e9n como servicio. Es un programa multiplataforma, estando disponible para los sistemas operativos Windows, Mac OS X y GNU\/Linux.<\/p>\n<p align=\"justify\">El funcionamiento de Zotero se basa en los siguientes principios:<\/p>\n\n<p align=\"justify\">1.- Recopilar. El primer paso para utilizar Zotero consiste en recopilar informaci\u00f3n y a\u00f1adirla a la base de datos de forma autom\u00e1tica mediante captura individuales o m\u00faltiples a partir de un mecanismo de lectura de los metadatos; a partir del DOI, ISBN o de manera manual rellenando los m\u00faltiples campos necesarios para poder referenciar bien los recursos bibliogr\u00e1ficos.<\/p>\n<p align=\"justify\">2.- Organizar. Una vez que hemos a\u00f1adido los recursos a la biblioteca es importante organizarlos para poder encontrarlos en el futuro y para ello ofrece cuatro funcionalidades: colecciones, etiquetas, elementos relacionados y b\u00fasquedas guardadas.<\/p>\n<p align=\"justify\">3.- Citar. Zotero tambi\u00e9n puede ser utilizado para la redacci\u00f3n de art\u00edculos, investigaciones ya que permite citar recursos bibliogr\u00e1ficos dentro del texto, tambi\u00e9n crear referencias bibliogr\u00e1ficas y bibliograf\u00edas de manera casi autom\u00e1tica al integrarse con los procesadores de texto.<\/p>\n<p align=\"justify\">4.- Sincronizar. Es posible crearse una cuenta de usuario gratuita, de esta forma todo lo que almacene se guarda en el ordenador y, tambi\u00e9n, en su servidor. Permite sincronizar la biblioteca de referencias, notas y adjuntos.<\/p>\n<p align=\"justify\">5.- Colaborar. Permite tener la biblioteca en un servidor remoto y, disponiendo de una cuenta de usuario, ofrecer ciertas funciones sociales tales como compartir colecciones (pueden ser p\u00fablicas o restringidas a un grupo de usuarios. Se pueden crear grupos de colaboraci\u00f3n y compartir colecciones.<\/p>\nCaracter\u00edsticas\n<p align=\"justify\">Software libre y de c\u00f3digo abierto, gratuito y multiplataforma. Disponible como programa independiente con conectores opcionales que le permiten trabajar con Chrome o Safari u Opera, o en versi\u00f3n web.<\/p>\n<p align=\"justify\">Almacenamiento y gesti\u00f3n de referencias, etiquetas, notas y archivos adjuntos.<\/p>\n<p align=\"justify\">Extracci\u00f3n autom\u00e1tica de metadatos de documentos PDF (requiere extensi\u00f3n adicional).<\/p>\n<p align=\"justify\">Copias de seguridad y sincronizaci\u00f3n entre varios equipos (requiere creaci\u00f3n de cuenta de usuario).<\/p>\n<p align=\"justify\">B\u00fasqueda completa de texto a trav\u00e9s de documentos.<\/p>\n<p align=\"justify\">Filtrado inteligente, etiquetado y cambio de nombre de archivos PDF.<\/p>\n<p align=\"justify\">Citas y bibliograf\u00edas sincronizadas en Microsoft Word, OpenOffice, LibreOffice y ONLYOFFICE3\u200b, en distintos idiomas.<\/p>\n<p align=\"justify\">Utilizaci\u00f3n del formato Citation Style Language (CSL) para la creaci\u00f3n de estilos de citas bibliogr\u00e1ficas, con m\u00e1s de 8 500 estilos disponibles y posibilidad de crear otros nuevos.<\/p>\n<p align=\"justify\">Soporte para el sistema de integraci\u00f3n bibliogr\u00e1fica COinS y bookmarklet para importar de cualquier sitio que soporte COinS.<\/p>\n<p align=\"justify\">Capacidad para compartir y colaborar en grupo.<\/p>\n<p align=\"justify\">Importaci\u00f3n y exportaci\u00f3n a distintos formatos.<\/p>\n<p align=\"justify\">Importaci\u00f3n de registros desde un gran n\u00famero de bases de datos (por ejemplo, PubMed, Google Scholar, Arxiv, etc.) y tambi\u00e9n de sitios web como YouTube, SlideShare, IMDb, etc.<\/p>\n<p align=\"justify\">Generar informes y cronolog\u00edas de referencias.<\/p>\n<p align=\"justify\">Disponibilidad de aplicaciones de terceros que extienden sus funcionalidades.<\/p>\n<p align=\"justify\">Gran n\u00famero de tipos de registros para distintos tipos de documentos.<\/p>\n<p align=\"justify\">Crear colecciones bibliogr\u00e1ficas de manera local y web (sincronizada).<\/p>\nSitio Oficial:<a href=\"https:\/\/www.zotero.org\/\" target=\"_blank\" rel=\"noopener\"><i> https:\/\/www.zotero.org\/<\/i><\/a>\n<\/div>\n<div class=\"su-tabs-pane su-u-clearfix su-u-trim\" data-title=\"Endnote\">\n<p align=\"justify\">EndNote es un paquete inform\u00e1tico de gesti\u00f3n de referencias, usado para manejar listados bibliogr\u00e1ficos y citas al escribir ensayos y art\u00edculos. Es desarrollado por Clarivate Analytics que lo compr\u00f3 de Thomson Reuters en 2016.<\/p>\n\nCaracter\u00edsticas\n<p align=\"justify\">El programa agrupa los datos bibliogr\u00e1ficos en \u00abbibliotecas\u00bb con extensi\u00f3n de archivo *.enl y una carpeta correspondiente de *.data. Hay varias maneras de agregar una referencia a una biblioteca: manualmente, exportando, importando, etc. El programa presenta al usuario una ventana que contiene un men\u00fa drop-down para seleccionar el tipo de referencia que se requiera (libro, art\u00edculo period\u00edstico, pel\u00edcula, etc.), y los campos asociados con ese registro, tanto en general (autor, t\u00edtulo, a\u00f1o, etc.) como los relacionados con un tipo de referencia en particular (n\u00famero de ISBN, para publicaciones, duraci\u00f3n, para pel\u00edculas, etc.).<\/p>\n<p align=\"justify\">Es posible exportar e importar referencias entre el EndNote y otros programas. Esto permite al usuario manejar listados con m\u00faltiples referencias, ahorrando la tarea de la carga manual. En algunos servicios de indexaci\u00f3n de bases de datos, como PubMed, o determinados buscadores, como Google Acad\u00e9mico, es posible importar directamente las referencias de un art\u00edculo consultado.<\/p>\nSitio Oficial:<a href=\"http:\/\/www.endnote.com\/\" target=\"_blank\" rel=\"noopener\"><i> http:\/\/www.endnote.com<\/i><\/a>\n\n<\/div><\/div><\/div>\n","protected":false},"excerpt":{"rendered":"<p>Un gestor de referencias bibliogr\u00e1ficas es una aplicaci\u00f3n inform\u00e1tica de base de datos que permite capturar y archivar documentos, organizar referencias, editar bibliograf\u00edas y textos con citas, referenciar en m\u00faltiples estilos, compartir informaci\u00f3n, entre otras funcionalidades. Facilita tener una base&hellip; <\/p>\n","protected":false},"author":21,"featured_media":0,"parent":1661,"menu_order":6,"comment_status":"closed","ping_status":"closed","template":"","meta":{"_mc_calendar":[],"footnotes":""},"class_list":["post-1997","page","type-page","status-publish","hentry"],"_links":{"self":[{"href":"https:\/\/www.cent.uo.edu.cu\/cemzoc-uo\/wp-json\/wp\/v2\/pages\/1997","targetHints":{"allow":["GET"]}}],"collection":[{"href":"https:\/\/www.cent.uo.edu.cu\/cemzoc-uo\/wp-json\/wp\/v2\/pages"}],"about":[{"href":"https:\/\/www.cent.uo.edu.cu\/cemzoc-uo\/wp-json\/wp\/v2\/types\/page"}],"author":[{"embeddable":true,"href":"https:\/\/www.cent.uo.edu.cu\/cemzoc-uo\/wp-json\/wp\/v2\/users\/21"}],"replies":[{"embeddable":true,"href":"https:\/\/www.cent.uo.edu.cu\/cemzoc-uo\/wp-json\/wp\/v2\/comments?post=1997"}],"version-history":[{"count":13,"href":"https:\/\/www.cent.uo.edu.cu\/cemzoc-uo\/wp-json\/wp\/v2\/pages\/1997\/revisions"}],"predecessor-version":[{"id":2019,"href":"https:\/\/www.cent.uo.edu.cu\/cemzoc-uo\/wp-json\/wp\/v2\/pages\/1997\/revisions\/2019"}],"up":[{"embeddable":true,"href":"https:\/\/www.cent.uo.edu.cu\/cemzoc-uo\/wp-json\/wp\/v2\/pages\/1661"}],"wp:attachment":[{"href":"https:\/\/www.cent.uo.edu.cu\/cemzoc-uo\/wp-json\/wp\/v2\/media?parent=1997"}],"curies":[{"name":"wp","href":"https:\/\/api.w.org\/{rel}","templated":true}]}}