{"id":2093,"date":"2021-07-08T17:05:12","date_gmt":"2021-07-08T21:05:12","guid":{"rendered":"https:\/\/www.cent.uo.edu.cu\/cemzoc-uo\/?page_id=2093"},"modified":"2021-07-15T09:05:01","modified_gmt":"2021-07-15T13:05:01","slug":"normas-apa-7ma-edicion","status":"publish","type":"page","link":"https:\/\/www.cent.uo.edu.cu\/cemzoc-uo\/posgrado\/para-investigadores\/normas-para-la-presentacion-de-textos-cientificos\/normas-apa-7ma-edicion\/","title":{"rendered":"Normas APA 7ma Edici\u00f3n"},"content":{"rendered":"\n<p align=\"justify\">Las&nbsp;<strong>normas APA<\/strong>&nbsp;son un est\u00e1ndar para la escritura de trabajos escritos. Estas fueron dise\u00f1adas por \u00abAmerican Psychological Association\u00bb (APA) y publicadas en el a\u00f1o 1929. Estas normas tienen el nombre de <strong>estilo APA<\/strong> ya que se enfoca en la est\u00e9tica, orden y estructura de los trabajo escritos.<\/p>\n\n\n\n<p align=\"justify\">Esta fueron dise\u00f1adas por algunos administradores de negocios, psic\u00f3logos y antrop\u00f3logos para lograr&nbsp;establecer un conjunto m\u00ednimo de reglas para el formato de los principales elementos de la escritura cient\u00edfica y acad\u00e9mica. Esto, con el objetivo de facilitar, la comprensi\u00f3n de la lectura y encontrar la informaci\u00f3n de manera m\u00e1s r\u00e1pida.<\/p>\n\n\n\n<p align=\"justify\">Al igual que las dem\u00e1s normas t\u00e9cnicas para el desarrollo de trabajos escritos, el estilo APA fue dise\u00f1ado para mantener una coherencia en el estilo del trabajo.&nbsp;Esto nos permite a leer y entender la estructura de los art\u00edculos de una forma r\u00e1pida. Ademas le permite al lector identificar eficazmente los puntos claves, la tem\u00e1tica y las conclusiones.<\/p>\n\n\n\n<figure class=\"wp-block-image size-large is-resized\"><a href=\"http:\/\/www.cent.uo.edu.cu\/cemzoc-uo\/files\/2021\/07\/Guia-Normas-APA-7ma-edicion.pdf\" target=\"_blank\" rel=\"noopener\"><img loading=\"lazy\" decoding=\"async\" src=\"https:\/\/www.cent.uo.edu.cu\/cemzoc-uo\/files\/2021\/07\/apa7.png\" alt=\"\" class=\"wp-image-2121\" width=\"236\" height=\"338\"\/><\/a><\/figure>\n\n\n\n<p><\/p>\n","protected":false},"excerpt":{"rendered":"<p>Las&nbsp;normas APA&nbsp;son un est\u00e1ndar para la escritura de trabajos escritos. Estas fueron dise\u00f1adas por \u00abAmerican Psychological Association\u00bb (APA) y publicadas en el a\u00f1o 1929. Estas normas tienen el nombre de estilo APA ya que se enfoca en la est\u00e9tica, orden&hellip; <\/p>\n","protected":false},"author":21,"featured_media":0,"parent":2090,"menu_order":0,"comment_status":"closed","ping_status":"closed","template":"","meta":{"_mc_calendar":[],"footnotes":""},"class_list":["post-2093","page","type-page","status-publish","hentry"],"_links":{"self":[{"href":"https:\/\/www.cent.uo.edu.cu\/cemzoc-uo\/wp-json\/wp\/v2\/pages\/2093","targetHints":{"allow":["GET"]}}],"collection":[{"href":"https:\/\/www.cent.uo.edu.cu\/cemzoc-uo\/wp-json\/wp\/v2\/pages"}],"about":[{"href":"https:\/\/www.cent.uo.edu.cu\/cemzoc-uo\/wp-json\/wp\/v2\/types\/page"}],"author":[{"embeddable":true,"href":"https:\/\/www.cent.uo.edu.cu\/cemzoc-uo\/wp-json\/wp\/v2\/users\/21"}],"replies":[{"embeddable":true,"href":"https:\/\/www.cent.uo.edu.cu\/cemzoc-uo\/wp-json\/wp\/v2\/comments?post=2093"}],"version-history":[{"count":7,"href":"https:\/\/www.cent.uo.edu.cu\/cemzoc-uo\/wp-json\/wp\/v2\/pages\/2093\/revisions"}],"predecessor-version":[{"id":2128,"href":"https:\/\/www.cent.uo.edu.cu\/cemzoc-uo\/wp-json\/wp\/v2\/pages\/2093\/revisions\/2128"}],"up":[{"embeddable":true,"href":"https:\/\/www.cent.uo.edu.cu\/cemzoc-uo\/wp-json\/wp\/v2\/pages\/2090"}],"wp:attachment":[{"href":"https:\/\/www.cent.uo.edu.cu\/cemzoc-uo\/wp-json\/wp\/v2\/media?parent=2093"}],"curies":[{"name":"wp","href":"https:\/\/api.w.org\/{rel}","templated":true}]}}