{"id":2213,"date":"2021-07-28T08:48:03","date_gmt":"2021-07-28T12:48:03","guid":{"rendered":"https:\/\/www.cent.uo.edu.cu\/cemzoc-uo\/?page_id=2213"},"modified":"2021-07-28T08:50:10","modified_gmt":"2021-07-28T12:50:10","slug":"lineas-de-investigacion","status":"publish","type":"page","link":"https:\/\/www.cent.uo.edu.cu\/cemzoc-uo\/quienes-somos\/lineas-de-investigacion\/","title":{"rendered":"L\u00edneas de Investigaci\u00f3n"},"content":{"rendered":"\n<p><strong>L\u00edneas de Investigaci\u00f3n<\/strong><\/p>\n\n\n\n<p>Ordenamiento territorial y manejo integrado de cuencas hidrogr\u00e1ficas y zonas costeras.<\/p>\n\n\n\n<p>Cambio clim\u00e1tico, desastres naturales y gesti\u00f3n integrada de riesgos en zonas costeras.<\/p>\n","protected":false},"excerpt":{"rendered":"<p>L\u00edneas de Investigaci\u00f3n Ordenamiento territorial y manejo integrado de cuencas hidrogr\u00e1ficas y zonas costeras. Cambio clim\u00e1tico, desastres naturales y gesti\u00f3n integrada de riesgos en zonas costeras.<\/p>\n","protected":false},"author":21,"featured_media":0,"parent":1332,"menu_order":2,"comment_status":"closed","ping_status":"closed","template":"","meta":{"_mc_calendar":[],"footnotes":""},"class_list":["post-2213","page","type-page","status-publish","hentry"],"_links":{"self":[{"href":"https:\/\/www.cent.uo.edu.cu\/cemzoc-uo\/wp-json\/wp\/v2\/pages\/2213","targetHints":{"allow":["GET"]}}],"collection":[{"href":"https:\/\/www.cent.uo.edu.cu\/cemzoc-uo\/wp-json\/wp\/v2\/pages"}],"about":[{"href":"https:\/\/www.cent.uo.edu.cu\/cemzoc-uo\/wp-json\/wp\/v2\/types\/page"}],"author":[{"embeddable":true,"href":"https:\/\/www.cent.uo.edu.cu\/cemzoc-uo\/wp-json\/wp\/v2\/users\/21"}],"replies":[{"embeddable":true,"href":"https:\/\/www.cent.uo.edu.cu\/cemzoc-uo\/wp-json\/wp\/v2\/comments?post=2213"}],"version-history":[{"count":3,"href":"https:\/\/www.cent.uo.edu.cu\/cemzoc-uo\/wp-json\/wp\/v2\/pages\/2213\/revisions"}],"predecessor-version":[{"id":2216,"href":"https:\/\/www.cent.uo.edu.cu\/cemzoc-uo\/wp-json\/wp\/v2\/pages\/2213\/revisions\/2216"}],"up":[{"embeddable":true,"href":"https:\/\/www.cent.uo.edu.cu\/cemzoc-uo\/wp-json\/wp\/v2\/pages\/1332"}],"wp:attachment":[{"href":"https:\/\/www.cent.uo.edu.cu\/cemzoc-uo\/wp-json\/wp\/v2\/media?parent=2213"}],"curies":[{"name":"wp","href":"https:\/\/api.w.org\/{rel}","templated":true}]}}