{"id":229,"date":"2020-12-23T14:20:09","date_gmt":"2020-12-23T18:20:09","guid":{"rendered":"http:\/\/www.cent.uo.edu.cu\/cemzoc-uo\/?page_id=229"},"modified":"2021-06-07T11:16:48","modified_gmt":"2021-06-07T15:16:48","slug":"posgrado","status":"publish","type":"page","link":"https:\/\/www.cent.uo.edu.cu\/cemzoc-uo\/posgrado\/","title":{"rendered":"Posgrado"},"content":{"rendered":"\n<p><strong>Conozca m\u00e1s acerca de las ofertas de posgrado del Centro de Estudios Multidisciplinarios de Zonas Costeras en los siguientes enlaces:<\/strong><\/p>\n\n\n\n<p><strong><a href=\"https:\/\/www.cent.uo.edu.cu\/cemzoc-uo\/posgrado\/maestria-en-manejo-integrado-de-zonas-costeras\/\">Maestr\u00eda en Manejo Integrado de Zonas Costeras (MIZC)<\/a><\/strong><\/p>\n\n\n\n<p>El futuro M\u00e1ster tendr\u00e1 una amplia y avanzada cultura cient\u00edfica sobre los fen\u00f3menos bi\u00f3ticos, abi\u00f3ticos, econ\u00f3micos, sociales y legales, que ocurren en la zona marino costera y sus cuencas tributarias, en correspondencia con el desarrollo socioecon\u00f3mico, cient\u00edfico, tecnol\u00f3gico y cultural del pa\u00eds. Evaluar\u00e1 problemas relacionados con el manejo integrado de las zonas marino costera y recomendar\u00e1 soluciones desde un enfoque investigativo con una perspectiva multi e interdisciplinaria, que le permita asesorar y dirigir su implementaci\u00f3n.<\/p>\n\n\n\n<p><a href=\"https:\/\/www.cent.uo.edu.cu\/cemzoc-uo\/posgrado\/diplomado\/\"><strong>Diplomado: Formaci\u00f3n de capacidades para la gesti\u00f3n del riesgo en el proceso de enfrentamiento al Cambio Clim\u00e1tico<\/strong>.<\/a><\/p>\n\n\n\n<p>Este programa de superaci\u00f3n profesional tiene como objetivo general: Contribuir a la formaci\u00f3n de capacidades en tomadores de decisiones y actores del desarrollo en ecosistemas costeros de la Regi\u00f3n Oriental de Cuba potenciando la gesti\u00f3n de riesgos en el proceso de enfrentamiento a los impactos del cambio clim\u00e1tico, favoreciendo el dise\u00f1o de acciones de mitigaci\u00f3n y adaptaci\u00f3n a escala local en el marco de la implementaci\u00f3n de la Tarea Vida.<\/p>\n","protected":false},"excerpt":{"rendered":"<p>Conozca m\u00e1s acerca de las ofertas de posgrado del Centro de Estudios Multidisciplinarios de Zonas Costeras en los siguientes enlaces: Maestr\u00eda en Manejo Integrado de Zonas Costeras (MIZC) El futuro M\u00e1ster tendr\u00e1 una amplia y avanzada cultura cient\u00edfica sobre los&hellip; <\/p>\n","protected":false},"author":21,"featured_media":0,"parent":0,"menu_order":2,"comment_status":"closed","ping_status":"closed","template":"","meta":{"_mc_calendar":[],"footnotes":""},"class_list":["post-229","page","type-page","status-publish","hentry"],"_links":{"self":[{"href":"https:\/\/www.cent.uo.edu.cu\/cemzoc-uo\/wp-json\/wp\/v2\/pages\/229","targetHints":{"allow":["GET"]}}],"collection":[{"href":"https:\/\/www.cent.uo.edu.cu\/cemzoc-uo\/wp-json\/wp\/v2\/pages"}],"about":[{"href":"https:\/\/www.cent.uo.edu.cu\/cemzoc-uo\/wp-json\/wp\/v2\/types\/page"}],"author":[{"embeddable":true,"href":"https:\/\/www.cent.uo.edu.cu\/cemzoc-uo\/wp-json\/wp\/v2\/users\/21"}],"replies":[{"embeddable":true,"href":"https:\/\/www.cent.uo.edu.cu\/cemzoc-uo\/wp-json\/wp\/v2\/comments?post=229"}],"version-history":[{"count":2,"href":"https:\/\/www.cent.uo.edu.cu\/cemzoc-uo\/wp-json\/wp\/v2\/pages\/229\/revisions"}],"predecessor-version":[{"id":1590,"href":"https:\/\/www.cent.uo.edu.cu\/cemzoc-uo\/wp-json\/wp\/v2\/pages\/229\/revisions\/1590"}],"wp:attachment":[{"href":"https:\/\/www.cent.uo.edu.cu\/cemzoc-uo\/wp-json\/wp\/v2\/media?parent=229"}],"curies":[{"name":"wp","href":"https:\/\/api.w.org\/{rel}","templated":true}]}}