{"id":23,"date":"2020-10-30T18:57:38","date_gmt":"2020-10-30T22:57:38","guid":{"rendered":"http:\/\/www.cent.uo.edu.cu\/cemzoc-uo\/?page_id=23"},"modified":"2021-06-07T11:18:11","modified_gmt":"2021-06-07T15:18:11","slug":"proyectos","status":"publish","type":"page","link":"https:\/\/www.cent.uo.edu.cu\/cemzoc-uo\/proyectos\/","title":{"rendered":"Proyectos"},"content":{"rendered":"\n<p><strong>Conozca m\u00e1s acerca de las ofertas de los proyectos de investigaci\u00f3n del Centro de Estudios Multidisciplinarios de Zonas Costeras en los siguientes enlaces:<\/strong><\/p>\n\n\n\n<p><strong><a href=\"https:\/\/www.cent.uo.edu.cu\/cemzoc-uo\/proyectos\/gobernanza-adaptativa-al-cambio-climatico-en-municipios-costeros-de-cuba\/\">Gobernanza adaptativa al cambio clim\u00e1tico en municipios costeros de Cuba<\/a><\/strong><\/p>\n\n\n\n<p>Con este proyecto pretendemos dar respuesta al siguiente problema cient\u00edfico: \u00bfC\u00f3mo integrar la agenda gubernamental de enfrentamiento al cambio clim\u00e1tico, en un modelo de gobernanza adaptativa a escala municipal para la gesti\u00f3n del ordenamiento territorial marino costero en Cuba? Este proyecto declara como objeto de investigaci\u00f3n la gobernanza adaptativa, reconoci\u00e9ndose como brecha epist\u00e9mica, las insuficientes referencias te\u00f3ricas y metodol\u00f3gicas para abordar la gobernanza adaptativa a escala municipal, en relaci\u00f3n con los desaf\u00edos del cambio clim\u00e1tico, para la gesti\u00f3n del ordenamiento territorial marino costero en Cuba.<\/p>\n\n\n\n<p>El objetivo general se enmarca en contribuir al an\u00e1lisis y propuestas de los fundamentos (te\u00f3ricos, metodol\u00f3gicos y pr\u00e1cticos) que permitan avanzar hacia una gobernanza adaptativa, en los municipios costeros, ante el impacto del cambio clim\u00e1tico en Cuba.<\/p>\n\n\n\n<p><strong><a href=\"https:\/\/www.cent.uo.edu.cu\/cemzoc-uo\/proyectos\/monitoreo-y-manejo-integrado-de-ecosistemas-costeros-ante-el-cambio-climatico-en-la-region-oriental-de-cuba-ecos\/\">Monitoreo y manejo integrado de ecosistemas costeros ante el cambio clim\u00e1tico en la regi\u00f3n oriental de Cuba. (ECOS)<\/a><\/strong><\/p>\n\n\n\n<p>El actual proyecto de investigaci\u00f3n y desarrollo, posee como&nbsp;objetivo general&nbsp;desarrollar investigaciones que generen nuevos conocimientos relacionados con los ecosistemas costeros, as\u00ed como capacidades de excelencia, v\u00e1lidas para la toma de decisiones en relaci\u00f3n con las acciones de mitigaci\u00f3n y adaptaci\u00f3n para enfrentar el impacto del cambio clim\u00e1tico, en la comunidad universitaria y en la regi\u00f3n oriental de Cuba. De manera espec\u00edfica se pretende contribuir desde la investigaci\u00f3n cient\u00edfica a la caracterizaci\u00f3n, monitoreo y modelaci\u00f3n de aspectos geogr\u00e1ficos, ecol\u00f3gicos y sociales, relacionados con ecosistemas de playas, manglares, cuencas tributarias a la zona costera y bah\u00eda de Santiago de Cuba. Tambi\u00e9n formar capacidades para la gesti\u00f3n del riesgo en el proceso de enfrentamiento al cambio clim\u00e1tico en las zonas costeras y favorecer la formaci\u00f3n integral de los profesionales, estudiantes (de pre y posgrado) en la cultura del cuidado del clima.<\/p>\n\n\n\n<p><strong><a href=\"https:\/\/www.cent.uo.edu.cu\/cemzoc-uo\/proyectos\/tarea-vida\/\">Tarea Vida<\/a><\/strong><\/p>\n\n\n\n<p>Objetivo general: Formar profesionales y desarrollar investigaciones que generen nuevos conocimientos y capacidades de excelencia, v\u00e1lidas para la toma de decisiones en relaci\u00f3n con las acciones de mitigaci\u00f3n y adaptaci\u00f3n para enfrentar el impacto del cambio clim\u00e1tico, en la comunidad universitaria y en la regi\u00f3n oriental de Cuba.\u00a0<\/p>\n","protected":false},"excerpt":{"rendered":"<p>Conozca m\u00e1s acerca de las ofertas de los proyectos de investigaci\u00f3n del Centro de Estudios Multidisciplinarios de Zonas Costeras en los siguientes enlaces: Gobernanza adaptativa al cambio clim\u00e1tico en municipios costeros de Cuba Con este proyecto pretendemos dar respuesta al&hellip; <\/p>\n","protected":false},"author":21,"featured_media":0,"parent":0,"menu_order":4,"comment_status":"closed","ping_status":"closed","template":"","meta":{"_mc_calendar":[],"footnotes":""},"class_list":["post-23","page","type-page","status-publish","hentry"],"_links":{"self":[{"href":"https:\/\/www.cent.uo.edu.cu\/cemzoc-uo\/wp-json\/wp\/v2\/pages\/23","targetHints":{"allow":["GET"]}}],"collection":[{"href":"https:\/\/www.cent.uo.edu.cu\/cemzoc-uo\/wp-json\/wp\/v2\/pages"}],"about":[{"href":"https:\/\/www.cent.uo.edu.cu\/cemzoc-uo\/wp-json\/wp\/v2\/types\/page"}],"author":[{"embeddable":true,"href":"https:\/\/www.cent.uo.edu.cu\/cemzoc-uo\/wp-json\/wp\/v2\/users\/21"}],"replies":[{"embeddable":true,"href":"https:\/\/www.cent.uo.edu.cu\/cemzoc-uo\/wp-json\/wp\/v2\/comments?post=23"}],"version-history":[{"count":2,"href":"https:\/\/www.cent.uo.edu.cu\/cemzoc-uo\/wp-json\/wp\/v2\/pages\/23\/revisions"}],"predecessor-version":[{"id":1592,"href":"https:\/\/www.cent.uo.edu.cu\/cemzoc-uo\/wp-json\/wp\/v2\/pages\/23\/revisions\/1592"}],"wp:attachment":[{"href":"https:\/\/www.cent.uo.edu.cu\/cemzoc-uo\/wp-json\/wp\/v2\/media?parent=23"}],"curies":[{"name":"wp","href":"https:\/\/api.w.org\/{rel}","templated":true}]}}