{"id":25,"date":"2020-10-30T18:57:59","date_gmt":"2020-10-30T22:57:59","guid":{"rendered":"http:\/\/www.cent.uo.edu.cu\/cemzoc-uo\/?page_id=25"},"modified":"2021-06-24T10:19:01","modified_gmt":"2021-06-24T14:19:01","slug":"resultados","status":"publish","type":"page","link":"https:\/\/www.cent.uo.edu.cu\/cemzoc-uo\/resultados\/","title":{"rendered":"Resultados"},"content":{"rendered":"\n<p align=\"justify\"><strong>Resultado cient\u00edfico<\/strong>. Aportes de la investigaci\u00f3n cient\u00edfica que se materializan en sistemas de conocimientos sobre la esencia del&nbsp;objeto&nbsp;o sobre su comportamiento en la pr\u00e1ctica, tales como: modelos,&nbsp;sistemas, metodolog\u00edas,&nbsp;estrategias&nbsp;y producciones materiales, entre otros. Los resultados cient\u00edficos se caracterizan por la interrelaci\u00f3n dial\u00e9ctica entre teor\u00eda y pr\u00e1ctica, y deben ajustarse a determinados requisitos.<\/p>\n\n\n\n<h5 class=\"wp-block-heading\">Definici\u00f3n<\/h5>\n\n\n\n<p align=\"justify\">Un resultado cient\u00edfico es el producto de una actividad en la cual se han utilizado procedimientos cient\u00edficos, que permiten ofrecer soluci\u00f3n a algo, se plasma en recomendaciones,\u00a0descripciones, publicaciones que contienen conocimientos cient\u00edficos o una producci\u00f3n concreta material o su combinaci\u00f3n y resuelven determinada necesidad econ\u00f3mica y social.<\/p>\n\n\n\n<h5 class=\"wp-block-heading\">Requisitos<\/h5>\n\n\n\n<p align=\"justify\">Los resultados cient\u00edficos deben ajustarse a determinados requerimientos, tales como:<\/p>\n\n\n\n<ul class=\"wp-block-list\"><li><p align=\"justify\">Que sean factibles: posibilidad real de su utilizaci\u00f3n y de los recursos que requiere.<\/p><\/li><li><p align=\"justify\">Que sean aplicables: deben expresarse con la suficiente claridad para que sea posible su implementaci\u00f3n por otras personas.<\/p><\/li><li><p align=\"justify\">Generalizables: su condici\u00f3n, aplicabilidad y factibilidad permiten en condiciones normales la extensi\u00f3n del resultado a otros contextos semejantes.<\/p><\/li><li><p align=\"justify\">Pertinencia: por su importancia, valor social y las necesidades a que da respuesta.<\/p><\/li><li><p align=\"justify\">Novedad: por su valor creativo, originalidad, el inter\u00e9s que despierta y el aporte que hace a la teor\u00eda y la pr\u00e1ctica. Adquiere mayor valor el resultado cuando refleja la creaci\u00f3n de algo que hasta el momento no exist\u00eda.<\/p><\/li><li><p align=\"justify\">Validez: por el grado de correspondencia con el objetivo y las necesidades que le dieron origen.<\/p><\/li><li><p align=\"justify\">Innovadores: por el tipo de transformaci\u00f3n que se logra con su introducci\u00f3n en la teor\u00eda y la pr\u00e1ctica educativa.<\/p><\/li><\/ul>\n","protected":false},"excerpt":{"rendered":"<p>Resultado cient\u00edfico. Aportes de la investigaci\u00f3n cient\u00edfica que se materializan en sistemas de conocimientos sobre la esencia del&nbsp;objeto&nbsp;o sobre su comportamiento en la pr\u00e1ctica, tales como: modelos,&nbsp;sistemas, metodolog\u00edas,&nbsp;estrategias&nbsp;y producciones materiales, entre otros. Los resultados cient\u00edficos se caracterizan por la interrelaci\u00f3n&hellip; <\/p>\n","protected":false},"author":21,"featured_media":0,"parent":0,"menu_order":5,"comment_status":"closed","ping_status":"closed","template":"","meta":{"_mc_calendar":[],"footnotes":""},"class_list":["post-25","page","type-page","status-publish","hentry"],"_links":{"self":[{"href":"https:\/\/www.cent.uo.edu.cu\/cemzoc-uo\/wp-json\/wp\/v2\/pages\/25","targetHints":{"allow":["GET"]}}],"collection":[{"href":"https:\/\/www.cent.uo.edu.cu\/cemzoc-uo\/wp-json\/wp\/v2\/pages"}],"about":[{"href":"https:\/\/www.cent.uo.edu.cu\/cemzoc-uo\/wp-json\/wp\/v2\/types\/page"}],"author":[{"embeddable":true,"href":"https:\/\/www.cent.uo.edu.cu\/cemzoc-uo\/wp-json\/wp\/v2\/users\/21"}],"replies":[{"embeddable":true,"href":"https:\/\/www.cent.uo.edu.cu\/cemzoc-uo\/wp-json\/wp\/v2\/comments?post=25"}],"version-history":[{"count":6,"href":"https:\/\/www.cent.uo.edu.cu\/cemzoc-uo\/wp-json\/wp\/v2\/pages\/25\/revisions"}],"predecessor-version":[{"id":2026,"href":"https:\/\/www.cent.uo.edu.cu\/cemzoc-uo\/wp-json\/wp\/v2\/pages\/25\/revisions\/2026"}],"wp:attachment":[{"href":"https:\/\/www.cent.uo.edu.cu\/cemzoc-uo\/wp-json\/wp\/v2\/media?parent=25"}],"curies":[{"name":"wp","href":"https:\/\/api.w.org\/{rel}","templated":true}]}}