{"id":2716,"date":"2021-11-01T16:00:35","date_gmt":"2021-11-01T20:00:35","guid":{"rendered":"https:\/\/www.cent.uo.edu.cu\/cemzoc-uo\/?page_id=2716"},"modified":"2021-11-01T16:32:19","modified_gmt":"2021-11-01T20:32:19","slug":"sciencedirect-publication-ocean-coastal-management","status":"publish","type":"page","link":"https:\/\/www.cent.uo.edu.cu\/cemzoc-uo\/actualidad\/sciencedirect-publication-ocean-coastal-management\/","title":{"rendered":"ScienceDirect Publication: Ocean &#038; Coastal Management"},"content":{"rendered":"<div class=\"feedzy-122366c8854d16d5ce43a555b4c5c3af feedzy-rss\"><div class=\"rss_header\"><h2><a href=\"https:\/\/www.sciencedirect.com\/journal\/ocean-and-coastal-management\" class=\"rss_title\" rel=\"noopener\">ScienceDirect Publication: Ocean &amp; Coastal Management<\/a> <span class=\"rss_description\"> ScienceDirect RSS<\/span><\/h2><\/div><ul><li  style=\"padding: 15px 0 25px\" class=\"rss_item\"><span class=\"title\"><a href=\"https:\/\/www.sciencedirect.com\/science\/article\/pii\/S0964569126001250?dgcid=rss_sd_all\" target=\"_blank\" rel=\" noopener\">Speed optimization for inbound and outbound vessels in estuarine ports considering tidal currents<\/a><\/span><div class=\"rss_content\" style=\"\"><small>en 30 de abril de 2026 a las 12:02 <\/small><p>Publication date: July 2026Source: Ocean &amp; Coastal Management, Volume 278Author(s): Yaqing Shu, Xiaofan Ji, Xiaoqiong Wang, Langxiong Gan, Hailong Cui<\/p><\/div><\/li><li  style=\"padding: 15px 0 25px\" class=\"rss_item\"><span class=\"title\"><a href=\"https:\/\/www.sciencedirect.com\/science\/article\/pii\/S0964569126001092?dgcid=rss_sd_all\" target=\"_blank\" rel=\" noopener\">Hurricane pressure assessment on coral reefs in marine protected areas of the Caribbean and the Gulf of Mexico<\/a><\/span><div class=\"rss_content\" style=\"\"><small>en 30 de abril de 2026 a las 12:02 <\/small><p>Publication date: June 2026Source: Ocean &amp; Coastal Management, Volume 277Author(s): A. Aja-Arteaga, L. Ortiz-Lozano, G. Monta\u00f1o-Moctezuma<\/p><\/div><\/li><li  style=\"padding: 15px 0 25px\" class=\"rss_item\"><span class=\"title\"><a href=\"https:\/\/www.sciencedirect.com\/science\/article\/pii\/S0964569126001341?dgcid=rss_sd_all\" target=\"_blank\" rel=\" noopener\">Editorial Board<\/a><\/span><div class=\"rss_content\" style=\"\"><small>en 30 de abril de 2026 a las 12:02 <\/small><p>Publication date: June 2026Source: Ocean &amp; Coastal Management, Volume 277Author(s):<\/p><\/div><\/li><li  style=\"padding: 15px 0 25px\" class=\"rss_item\"><span class=\"title\"><a href=\"https:\/\/www.sciencedirect.com\/science\/article\/pii\/S0964569126000979?dgcid=rss_sd_all\" target=\"_blank\" rel=\" noopener\">Institutional configurations and ecological participation: An fsQCA\u2013IAD analysis of coastal farmers in China<\/a><\/span><div class=\"rss_content\" style=\"\"><small>en 30 de abril de 2026 a las 12:02 <\/small><p>Publication date: June 2026Source: Ocean &amp; Coastal Management, Volume 277Author(s): Li Qiu, Wenhan Feng, Xiaoyu Yang, Xinman Lu, Han Wang<\/p><\/div><\/li><li  style=\"padding: 15px 0 25px\" class=\"rss_item\"><span class=\"title\"><a href=\"https:\/\/www.sciencedirect.com\/science\/article\/pii\/S0964569126000980?dgcid=rss_sd_all\" target=\"_blank\" rel=\" noopener\">Fish restocking as a conservation strategy: Challenges and opportunities<\/a><\/span><div class=\"rss_content\" style=\"\"><small>en 30 de abril de 2026 a las 12:02 <\/small><p>Publication date: June 2026Source: Ocean &amp; Coastal Management, Volume 277Author(s): Isis Ribeiro Evangelista, \u00c1thila Bertoncini Andrade, Matheus Oliveira Freitas, Leonardo Schlogel Bueno, Claudio Luis Santos Sampaio, Jonas Rodrigues Leite, Luana Barbosa Seixas, Jean Ricardo Sim\u00f5es Vitule, Bianca Bentes, Beatrice Padovani Ferreira, Ma\u00edra Borgonha, Vinicius Abilhoa, Bruna Larissa Maganhe, Eduardo Gomes Sanches, Mauricio Hostim-Silva<\/p><\/div><\/li><li  style=\"padding: 15px 0 25px\" class=\"rss_item\"><span class=\"title\"><a href=\"https:\/\/www.sciencedirect.com\/science\/article\/pii\/S096456912600092X?dgcid=rss_sd_all\" target=\"_blank\" rel=\" noopener\">Multiscale assessment of anthropogenic impacts on a sandy beach social-ecological system: a mixed-methods approach<\/a><\/span><div class=\"rss_content\" style=\"\"><small>en 30 de abril de 2026 a las 12:02 <\/small><p>Publication date: June 2026Source: Ocean &amp; Coastal Management, Volume 277Author(s): Julieta Olalde, Eleonora Celentano, Omar Defeo<\/p><\/div><\/li><li  style=\"padding: 15px 0 25px\" class=\"rss_item\"><span class=\"title\"><a href=\"https:\/\/www.sciencedirect.com\/science\/article\/pii\/S0964569126001080?dgcid=rss_sd_all\" target=\"_blank\" rel=\" noopener\">A GIS-based framework for hybrid offshore wind and floating solar power plants in Australia<\/a><\/span><div class=\"rss_content\" style=\"\"><small>en 30 de abril de 2026 a las 12:02 <\/small><p>Publication date: June 2026Source: Ocean &amp; Coastal Management, Volume 277Author(s): Fida Ali, Rodney A. Stewart, Mohammad J. Sanjari, Jennifer A. Hayward, Robert C. Nicholson, Amir Etemad-Shahidi<\/p><\/div><\/li><li  style=\"padding: 15px 0 25px\" class=\"rss_item\"><span class=\"title\"><a href=\"https:\/\/www.sciencedirect.com\/science\/article\/pii\/S0964569126000943?dgcid=rss_sd_all\" target=\"_blank\" rel=\" noopener\">Evaluation of CO<sub>2<\/sub> emission efficiency in Chinese ports: A non-homogeneous DEA game model incorporating undesirable outputs<\/a><\/span><div class=\"rss_content\" style=\"\"><small>en 30 de abril de 2026 a las 12:02 <\/small><p>Publication date: June 2026Source: Ocean &amp; Coastal Management, Volume 277Author(s): Xing Liu, Xianhua Wu, Junwei Chen, Weipan Zhang<\/p><\/div><\/li><li  style=\"padding: 15px 0 25px\" class=\"rss_item\"><span class=\"title\"><a href=\"https:\/\/www.sciencedirect.com\/science\/article\/pii\/S0964569126001006?dgcid=rss_sd_all\" target=\"_blank\" rel=\" noopener\">Distribution and density of baleen whales and delphinids in the European Macaronesia<\/a><\/span><div class=\"rss_content\" style=\"\"><small>en 30 de abril de 2026 a las 12:02 <\/small><p>Publication date: June 2026Source: Ocean &amp; Coastal Management, Volume 277Author(s): Lu\u00eds Freitas, Ana Ca\u00f1adas, Ruth Esteban, M\u00f3nica P\u00e9rez-Gil, M\u00f3nica A. Silva, Antonella Servidio, Enrique P\u00e9rez-Gil, Nuria Varo-Cruz, Jos\u00e9 Antonio V\u00e1zquez, Enara Marcos Ipi\u00f1a, Gustavo Tejera, Jo\u00e3o Gon\u00e7alves, Diana Almeida, Lu\u00eds Berimbau, Cl\u00e0udia Auladell Quintana, Raul Zabala Belenguer, Filipe Henriques, William Hunt, Camilo Saavedra, Gilberto P. Carreira<\/p><\/div><\/li><li  style=\"padding: 15px 0 25px\" class=\"rss_item\"><span class=\"title\"><a href=\"https:\/\/www.sciencedirect.com\/science\/article\/pii\/S0964569126001134?dgcid=rss_sd_all\" target=\"_blank\" rel=\" noopener\">Geoecological analysis of the coastal-marine zone of the gulf of Montijo, Veraguas, Panama<\/a><\/span><div class=\"rss_content\" style=\"\"><small>en 30 de abril de 2026 a las 12:02 <\/small><p>Publication date: June 2026Source: Ocean &amp; Coastal Management, Volume 277Author(s): Jaime Rivera-Sol\u00eds, Onel P\u00e9rez-Fern\u00e1ndez, Juan De La Lastra, Adolfo Quesada-Rom\u00e1n<\/p><\/div><\/li><li  style=\"padding: 15px 0 25px\" class=\"rss_item\"><span class=\"title\"><a href=\"https:\/\/www.sciencedirect.com\/science\/article\/pii\/S0964569126001146?dgcid=rss_sd_all\" target=\"_blank\" rel=\" noopener\">Climate change\u2013induced thermal load as a natural form of thermal pollution in semi-enclosed seas<\/a><\/span><div class=\"rss_content\" style=\"\"><small>en 30 de abril de 2026 a las 12:02 <\/small><p>Publication date: June 2026Source: Ocean &amp; Coastal Management, Volume 277Author(s): Veysi Kartal, Muhammet Camci, Fatih Bayrak, Yavuz Kirim<\/p><\/div><\/li><li  style=\"padding: 15px 0 25px\" class=\"rss_item\"><span class=\"title\"><a href=\"https:\/\/www.sciencedirect.com\/science\/article\/pii\/S0964569126001018?dgcid=rss_sd_all\" target=\"_blank\" rel=\" noopener\">Acquisition or platform? Optimal entry strategies for a carrier in shipping logistics supply chains<\/a><\/span><div class=\"rss_content\" style=\"\"><small>en 30 de abril de 2026 a las 12:02 <\/small><p>Publication date: June 2026Source: Ocean &amp; Coastal Management, Volume 277Author(s): Wei Xing, Jun Li, Shaorui Zhou, Wenyong Jiang, Jihong Chen<\/p><\/div><\/li><li  style=\"padding: 15px 0 25px\" class=\"rss_item\"><span class=\"title\"><a href=\"https:\/\/www.sciencedirect.com\/science\/article\/pii\/S0964569126001195?dgcid=rss_sd_all\" target=\"_blank\" rel=\" noopener\">Risk assessment for beach users: application to the rocky coasts of the Algarve, Portugal<\/a><\/span><div class=\"rss_content\" style=\"\"><small>en 30 de abril de 2026 a las 12:02 <\/small><p>Publication date: June 2026Source: Ocean &amp; Coastal Management, Volume 277Author(s): Julius John Dimabayao, \u00d3scar Ferreira, Carlos Loureiro<\/p><\/div><\/li><li  style=\"padding: 15px 0 25px\" class=\"rss_item\"><span class=\"title\"><a href=\"https:\/\/www.sciencedirect.com\/science\/article\/pii\/S0964569126001213?dgcid=rss_sd_all\" target=\"_blank\" rel=\" noopener\">Legacy effects of river floods intensify coastal water quality degradation<\/a><\/span><div class=\"rss_content\" style=\"\"><small>en 30 de abril de 2026 a las 12:02 <\/small><p>Publication date: July 2026Source: Ocean &amp; Coastal Management, Volume 278Author(s): Chenmin Guo, Xuena Yang, Wen Wu, Xiuren Li, Zhaopeng Ren, Shengkang Liang, Xiaoxia Yu, Dehai Song<\/p><\/div><\/li><li  style=\"padding: 15px 0 25px\" class=\"rss_item\"><span class=\"title\"><a href=\"https:\/\/www.sciencedirect.com\/science\/article\/pii\/S0964569126001122?dgcid=rss_sd_all\" target=\"_blank\" rel=\" noopener\">Advocating for sustained and site-specific restoration initiatives: Ecopath model-based evaluation of eutrophic bay ecosystems in East China Sea<\/a><\/span><div class=\"rss_content\" style=\"\"><small>en 30 de abril de 2026 a las 12:02 <\/small><p>Publication date: June 2026Source: Ocean &amp; Coastal Management, Volume 277Author(s): Rongliang Zhang, Lu Shou, Xu Wang, Lukuo Ma, Guodong Li, Lang Chen, Yanbin Tang, Qinghe Liu, Yibo Liao, Jiangning Zeng, Wei Huang<\/p><\/div><\/li><li  style=\"padding: 15px 0 25px\" class=\"rss_item\"><span class=\"title\"><a href=\"https:\/\/www.sciencedirect.com\/science\/article\/pii\/S096456912600116X?dgcid=rss_sd_all\" target=\"_blank\" rel=\" noopener\">A hybrid sparse-semantic image classification framework to support marine and coastal monitoring and management<\/a><\/span><div class=\"rss_content\" style=\"\"><small>en 30 de abril de 2026 a las 12:02 <\/small><p>Publication date: June 2026Source: Ocean &amp; Coastal Management, Volume 277Author(s): Ying Shi, Lan Song, Luocheng Wu, Huanhuan Li<\/p><\/div><\/li><li  style=\"padding: 15px 0 25px\" class=\"rss_item\"><span class=\"title\"><a href=\"https:\/\/www.sciencedirect.com\/science\/article\/pii\/S0964569126001171?dgcid=rss_sd_all\" target=\"_blank\" rel=\" noopener\">Blue carbon stocks, accumulation rates and knowledge gaps in Africa<\/a><\/span><div class=\"rss_content\" style=\"\"><small>en 30 de abril de 2026 a las 12:02 <\/small><p>Publication date: June 2026Source: Ocean &amp; Coastal Management, Volume 277Author(s): Janine B. Adams, Paula Pattrick, Pere Masqu\u00e9, Dennis Adotey, Elsheikh Bashir Ali, Abdelgadir Bashir Mohamed Awatif, Mohamed Fathi Ben Hamouda, Moncef Benmansour, Joseph F. Charles, Jerome Harlay, Lucienne Human, Linet Kiteresi Imbayi, Rashid Omari Ismail, Anesu Machite, Nezha Mejjad, Athi N. Mfikili, Ndanu Mumo, Maurice Ndeye, Wilfried Essow\u00e8 Panassa, Issa Sakho<\/p><\/div><\/li><li  style=\"padding: 15px 0 25px\" class=\"rss_item\"><span class=\"title\"><a href=\"https:\/\/www.sciencedirect.com\/science\/article\/pii\/S0964569126001201?dgcid=rss_sd_all\" target=\"_blank\" rel=\" noopener\">Estimation of the three coastal blue carbon pools in <em>Avicennia germinans<\/em> and <em>Rhizophora racemosa<\/em> within the Cacheu River Mangroves Natural Park (PNTC), Guinea-Bissau<\/a><\/span><div class=\"rss_content\" style=\"\"><small>en 30 de abril de 2026 a las 12:02 <\/small><p>Publication date: June 2026Source: Ocean &amp; Coastal Management, Volume 277Author(s): Xu Wang, Namir Domingos Raimundo Lopes, Tianxin Li, Nametso Matomela, Rui Moutinho S\u00e1<\/p><\/div><\/li><li  style=\"padding: 15px 0 25px\" class=\"rss_item\"><span class=\"title\"><a href=\"https:\/\/www.sciencedirect.com\/science\/article\/pii\/S0964569126000955?dgcid=rss_sd_all\" target=\"_blank\" rel=\" noopener\">Transition from vulnerability to viability in small-scale fisheries: A diagnostic framework<\/a><\/span><div class=\"rss_content\" style=\"\"><small>en 30 de abril de 2026 a las 12:02 <\/small><p>Publication date: June 2026Source: Ocean &amp; Coastal Management, Volume 277Author(s): Md. Ruyel Miah, Prateep Kumar Nayak, Ratana Chuenpagdee<\/p><\/div><\/li><li  style=\"padding: 15px 0 25px\" class=\"rss_item\"><span class=\"title\"><a href=\"https:\/\/www.sciencedirect.com\/science\/article\/pii\/S0964569126000931?dgcid=rss_sd_all\" target=\"_blank\" rel=\" noopener\">The role of legislation, policy and regulation in estuarine management: from an international to a regional scale<\/a><\/span><div class=\"rss_content\" style=\"\"><small>en 30 de abril de 2026 a las 12:02 <\/small><p>Publication date: June 2026Source: Ocean &amp; Coastal Management, Volume 277Author(s): F. Afonso, M. Fernandes, M.C. Austen, S. Broszeit, A.C. Brito<\/p><\/div><\/li><li  style=\"padding: 15px 0 25px\" class=\"rss_item\"><span class=\"title\"><a href=\"https:\/\/www.sciencedirect.com\/science\/article\/pii\/S0964569126000918?dgcid=rss_sd_all\" target=\"_blank\" rel=\" noopener\">Corrigendum to \u201cWastewater pollution undermines coastal marine protection: Implications for 30&#215;30 and effective conservation\u201d [Ocean Coast Manag. 276 (2026) 108150]<\/a><\/span><div class=\"rss_content\" style=\"\"><small>en 30 de abril de 2026 a las 12:02 <\/small><p>Publication date: June 2026Source: Ocean &amp; Coastal Management, Volume 277Author(s): David E. Carrasco Rivera, Amelia S. Wenger<\/p><\/div><\/li><li  style=\"padding: 15px 0 25px\" class=\"rss_item\"><span class=\"title\"><a href=\"https:\/\/www.sciencedirect.com\/science\/article\/pii\/S0964569126000992?dgcid=rss_sd_all\" target=\"_blank\" rel=\" noopener\">Corrigendum to \u201cPerceptions of diver-fishermen and recreational divers on lionfish as a threat in the Parque Nacional Arrecife Alacranes, southern Gulf of Mexico\u201d [Ocean Coastal Manag. 193 (2020) 105225]<\/a><\/span><div class=\"rss_content\" style=\"\"><small>en 30 de abril de 2026 a las 12:02 <\/small><p>Publication date: June 2026Source: Ocean &amp; Coastal Management, Volume 277Author(s): Alberto Cen-L\u00f3pez, Alfonso Aguilar-Perera<\/p><\/div><\/li><li  style=\"padding: 15px 0 25px\" class=\"rss_item\"><span class=\"title\"><a href=\"https:\/\/www.sciencedirect.com\/science\/article\/pii\/S0964569126001225?dgcid=rss_sd_all\" target=\"_blank\" rel=\" noopener\">Beach law in the anthropocene<\/a><\/span><div class=\"rss_content\" style=\"\"><small>en 30 de abril de 2026 a las 12:02 <\/small><p>Publication date: July 2026Source: Ocean &amp; Coastal Management, Volume 278Author(s): Timothy F. Smith, Justine Bell-James, John Page, Anja Scheffers, Giorgio Cataldo, Jennifer Corrin, Hossein Esmaeili, Miguel Frohlich, Adrienne Paul, Thomas Perroud, Jill Robbie, Hui Wang<\/p><\/div><\/li><li  style=\"padding: 15px 0 25px\" class=\"rss_item\"><span class=\"title\"><a href=\"https:\/\/www.sciencedirect.com\/science\/article\/pii\/S0964569126001237?dgcid=rss_sd_all\" target=\"_blank\" rel=\" noopener\">Influence of beach nourishment on the ecological rehabilitation of sandy beaches: A case study of Beihai Silver Beach on the southern coast of China<\/a><\/span><div class=\"rss_content\" style=\"\"><small>en 30 de abril de 2026 a las 12:02 <\/small><p>Publication date: July 2026Source: Ocean &amp; Coastal Management, Volume 278Author(s): Hongshuai Qi, Min Chen, Shuting Zeng, Shunling Wu, Xiaoli Song, Haiqin Duan, Jiayu Li, Feng Cai<\/p><\/div><\/li><li  style=\"padding: 15px 0 25px\" class=\"rss_item\"><span class=\"title\"><a href=\"https:\/\/www.sciencedirect.com\/science\/article\/pii\/S0964569126001286?dgcid=rss_sd_all\" target=\"_blank\" rel=\" noopener\">Prediction and interpretation of vessel transit time through port breakwaters using machine learning<\/a><\/span><div class=\"rss_content\" style=\"\"><small>en 30 de abril de 2026 a las 12:02 <\/small><p>Publication date: July 2026Source: Ocean &amp; Coastal Management, Volume 278Author(s): Gil-Ho Shin<\/p><\/div><\/li><li  style=\"padding: 15px 0 25px\" class=\"rss_item\"><span class=\"title\"><a href=\"https:\/\/www.sciencedirect.com\/science\/article\/pii\/S096456912600044X?dgcid=rss_sd_all\" target=\"_blank\" rel=\" noopener\">The value of bottom trawling in Europe<\/a><\/span><div class=\"rss_content\" style=\"\"><small>en 30 de abril de 2026 a las 12:02 <\/small><p>Publication date: Available online 28 April 2026Source: Ocean &amp; Coastal ManagementAuthor(s): Katherine D. Millage, Juan Mayorga, Sara Orofino, Trisha B. Atwood, Alan M. Friedlander, Louise S.L. Teh, Maria L.D. Palomares, U. Rashid Sumaila, Enric Sala<\/p><\/div><\/li><\/ul> <\/div><style type=\"text\/css\" media=\"all\">.feedzy-rss .rss_item .rss_image{float:left;position:relative;border:none;text-decoration:none;max-width:100%}.feedzy-rss .rss_item .rss_image span{display:inline-block;position:absolute;width:100%;height:100%;background-position:50%;background-size:cover}.feedzy-rss .rss_item .rss_image{margin:.3em 1em 0 0;content-visibility:auto}.feedzy-rss ul{list-style:none}.feedzy-rss ul li{display:inline-block}<\/style>","protected":false},"excerpt":{"rendered":"","protected":false},"author":21,"featured_media":0,"parent":818,"menu_order":0,"comment_status":"closed","ping_status":"closed","template":"","meta":{"_mc_calendar":[],"footnotes":""},"class_list":["post-2716","page","type-page","status-publish","hentry"],"_links":{"self":[{"href":"https:\/\/www.cent.uo.edu.cu\/cemzoc-uo\/wp-json\/wp\/v2\/pages\/2716","targetHints":{"allow":["GET"]}}],"collection":[{"href":"https:\/\/www.cent.uo.edu.cu\/cemzoc-uo\/wp-json\/wp\/v2\/pages"}],"about":[{"href":"https:\/\/www.cent.uo.edu.cu\/cemzoc-uo\/wp-json\/wp\/v2\/types\/page"}],"author":[{"embeddable":true,"href":"https:\/\/www.cent.uo.edu.cu\/cemzoc-uo\/wp-json\/wp\/v2\/users\/21"}],"replies":[{"embeddable":true,"href":"https:\/\/www.cent.uo.edu.cu\/cemzoc-uo\/wp-json\/wp\/v2\/comments?post=2716"}],"version-history":[{"count":4,"href":"https:\/\/www.cent.uo.edu.cu\/cemzoc-uo\/wp-json\/wp\/v2\/pages\/2716\/revisions"}],"predecessor-version":[{"id":2841,"href":"https:\/\/www.cent.uo.edu.cu\/cemzoc-uo\/wp-json\/wp\/v2\/pages\/2716\/revisions\/2841"}],"up":[{"embeddable":true,"href":"https:\/\/www.cent.uo.edu.cu\/cemzoc-uo\/wp-json\/wp\/v2\/pages\/818"}],"wp:attachment":[{"href":"https:\/\/www.cent.uo.edu.cu\/cemzoc-uo\/wp-json\/wp\/v2\/media?parent=2716"}],"curies":[{"name":"wp","href":"https:\/\/api.w.org\/{rel}","templated":true}]}}