{"id":289,"date":"2021-01-13T20:58:16","date_gmt":"2021-01-13T20:58:16","guid":{"rendered":"http:\/\/www.cent.uo.edu.cu\/cemzoc-uo\/?page_id=289"},"modified":"2026-04-16T13:41:26","modified_gmt":"2026-04-16T17:41:26","slug":"monitoreo-y-manejo-integrado-de-ecosistemas-costeros-ante-el-cambio-climatico-en-la-region-oriental-de-cuba-ecos","status":"publish","type":"page","link":"https:\/\/www.cent.uo.edu.cu\/cemzoc-uo\/proyectos\/monitoreo-y-manejo-integrado-de-ecosistemas-costeros-ante-el-cambio-climatico-en-la-region-oriental-de-cuba-ecos\/","title":{"rendered":"Monitoreo y manejo integrado de ecosistemas costeros ante el cambio clim\u00e1tico en la regi\u00f3n oriental de Cuba. (ECOS)"},"content":{"rendered":"\n<p><strong>JEFE DEL PROYECTO:<\/strong><\/p>\n\n\n\n<p>Dr.C.Yunior Ram\u00f3n Vel\u00e1zquez Labrada.<\/p>\n\n\n\n<p>Grado y Categor\u00eda Cient\u00edfica y\/o Docente: Doctor en Ciencias Pedag\u00f3gicas. Profesor Titular.<\/p>\n\n\n\n<p>Entidad: Centro de Estudios Multidisciplinarios de Zonas Costeras, Facultad de Construcciones, Universidad de Oriente.<\/p>\n\n\n\n<p><strong>RESUMEN DEL PROYECTO:<\/strong><\/p>\n\n\n\n<p>El actual proyecto de investigaci\u00f3n y desarrollo, posee como <strong>objetivo general<\/strong> desarrollar investigaciones que generen nuevos conocimientos relacionados con los ecosistemas costeros, as\u00ed como capacidades de excelencia, v\u00e1lidas para la toma de decisiones en relaci\u00f3n con las acciones de mitigaci\u00f3n y adaptaci\u00f3n para enfrentar el impacto del cambio clim\u00e1tico, en la comunidad universitaria y en la regi\u00f3n oriental de Cuba. De manera espec\u00edfica se pretende contribuir desde la investigaci\u00f3n cient\u00edfica a la caracterizaci\u00f3n, monitoreo y modelaci\u00f3n de aspectos geogr\u00e1ficos, ecol\u00f3gicos y sociales, relacionados con ecosistemas de playas, manglares, cuencas tributarias a la zona costera y bah\u00eda de Santiago de Cuba. Tambi\u00e9n formar capacidades para la gesti\u00f3n del riesgo en el proceso de enfrentamiento al cambio clim\u00e1tico en las zonas costeras y favorecer la formaci\u00f3n integral de los profesionales, estudiantes (de pre y posgrado) en la cultura del cuidado del clima.<\/p>\n\n\n\n<p>En consecuencia con el enfoque mixto de la metodolog\u00eda de la investigaci\u00f3n social, se contar\u00e1 con investigaciones que transiten desde fines exploratorios, hacia otros descriptivos, correlacionales y explicativos. Se tendr\u00e1n en cuenta m\u00e9todos del nivel te\u00f3rico y emp\u00edrico. Adem\u00e1s, el estudio de casos, la fotointerpretaci\u00f3n y digitalizaci\u00f3n de la l\u00ednea costera, a partir de im\u00e1genes satelitales georreferenciadas del navegador Google Earth y el empleo de los softwares como ArcGIS 10.4.1, AutoCadMap 3D (2018) y Surfer 16, Estad\u00edstico R, el paquete de programas SMS (Water Surface Modelling System). Se tendr\u00e1n en cuenta diferentes metodolog\u00edas como: \u201cLineamientos metodol\u00f3gicos para la realizaci\u00f3n de los estudios de peligro, vulnerabilidad y riesgos de desastres de inundaci\u00f3n por penetraciones del mar, inundaci\u00f3n por intensas lluvias y afectaciones por fuertes vientos\u201d (CITMA, 2010), con los aportes realizados por el CEMZOC, 2015. Tambi\u00e9n ICAPTU II (Red Iberoamericana PROPLAYAS, 2015), con las modificaciones correspondientes; se tendr\u00e1n en cuenta tambi\u00e9n la gu\u00eda para el monitoreo de playas (Vel\u00e1zquez et al., 2019), la metodolog\u00eda para el diagn\u00f3stico del estado de salud de los manglares (Cruz, 2012). En las propuestas de manejo integrado se ser\u00e1 consecuente con el ciclo de manejo costero, a partir de asumir los aspectos generales propuestos por Olsen (1999), seg\u00fan Gonz\u00e1lez D\u00edaz (2015) y Ap\u00edn (2014). Las investigaciones ser\u00e1n realizadas atendiendo a las normas de citaci\u00f3n de Publication manual of the American Psychological Association (APA), 7th ed. (2019).<\/p>\n\n\n\n<p>Los <strong>principales resultados<\/strong> se centran en un Manual para el monitoreo de ecosistemas costeros ante el cambio clim\u00e1tico; estudio geogr\u00e1fico, ecol\u00f3gico y social en ecosistemas de playa en la regi\u00f3n oriental de Cuba; evaluaci\u00f3n de la influencia del cambio clim\u00e1tico en los par\u00e1metros farmacogn\u00f3sticos de las hojas de especies medicinales que crecen en zonas costeras (<em>Coccoloba uvifera<\/em> L. y <em>Rhizophora mangle<\/em> L.); metodolog\u00eda para la identificaci\u00f3n de tipos de hidrocarburos derramados en la Bah\u00eda de Santiago de Cuba; actualizaci\u00f3n de la l\u00ednea base de cuencas hidrogr\u00e1ficas tributarias a la zona costera, as\u00ed como propuesta del Plan de manejo; evaluaci\u00f3n del servicio ecosist\u00e9mico de mitigaci\u00f3n por retenci\u00f3n del carbono org\u00e1nico que realiza el manglar ante el impacto del cambio clim\u00e1tico; Actualizaci\u00f3n de los estudios de Peligro, Vulnerabilidad y Riesgo (PVR) por inundaciones costeras en los municipios Santiago de Cuba y Guam\u00e1, as\u00ed como formaci\u00f3n de capacidades para la gesti\u00f3n del riesgo en el proceso de enfrentamiento al cambio clim\u00e1tico en zonas costeras, cada uno de los cuales presenta tareas espec\u00edficas para su cumplimiento. Lo anterior servir\u00eda de respuesta a la prioridad planteada por el Ministerio de Educaci\u00f3n superior de Cuba, consistente en la educaci\u00f3n ambiental, gesti\u00f3n del conocimiento, generaci\u00f3n y transferencia de tecnolog\u00edas para contribuir en mayor medida a los planes de adaptaci\u00f3n y mitigaci\u00f3n de las problem\u00e1ticas ambientales con \u00e9nfasis en zonas de mayor vulnerabilidad por los efectos del cambio clim\u00e1tico (Tarea Vida).<\/p>\n\n\n\n<p><strong>BENEFICIARIOS DIRECTOS:<\/strong><\/p>\n\n\n\n<ol class=\"wp-block-list\" type=\"1\"><li>Universidades de la regi\u00f3n oriental del pa\u00eds (Universidad de Oriente, Universidad de Moa)<\/li><li>Delegaci\u00f3n provincial del CITMA en Santiago de Cuba. (UMA).<\/li><li>Centro Provincial de Gesti\u00f3n del riesgo de desastres en Santiago de Cuba.<\/li><li>Empresa Provincial de Flora y Fauna en Santiago de Cuba.<\/li><li>Direcci\u00f3n Provincial de Salud P\u00fablica en Santiago de Cuba.<\/li><li>Delegaci\u00f3n provincial de Recursos Hidr\u00e1ulicos (DPRH), Santiago de Cuba.<\/li><li>Instituto de Planificaci\u00f3n F\u00edsica en Santiago de Cuba.<\/li><li>BIOECO en Santiago de Cuba.<\/li><li>GEOMINERA en Santiago de Cuba.<\/li><li>GEOCUBA Oriente Sur, Santiago de Cuba.<\/li><li>CATEDES, CITMA Guant\u00e1namo.<\/li><li>INSMET en Santiago de Cuba.<\/li><li>Comunidades Costeras de los municipios Santiago de Cuba, Guam\u00e1, Moa, Frank Pa\u00eds.<\/li><\/ol>\n","protected":false},"excerpt":{"rendered":"<p>JEFE DEL PROYECTO: Dr.C.Yunior Ram\u00f3n Vel\u00e1zquez Labrada. Grado y Categor\u00eda Cient\u00edfica y\/o Docente: Doctor en Ciencias Pedag\u00f3gicas. Profesor Titular. Entidad: Centro de Estudios Multidisciplinarios de Zonas Costeras, Facultad de Construcciones, Universidad de Oriente. RESUMEN DEL PROYECTO: El actual proyecto de&hellip; <\/p>\n","protected":false},"author":21,"featured_media":0,"parent":23,"menu_order":3,"comment_status":"closed","ping_status":"closed","template":"","meta":{"_mc_calendar":[],"footnotes":""},"class_list":["post-289","page","type-page","status-publish","hentry"],"_links":{"self":[{"href":"https:\/\/www.cent.uo.edu.cu\/cemzoc-uo\/wp-json\/wp\/v2\/pages\/289","targetHints":{"allow":["GET"]}}],"collection":[{"href":"https:\/\/www.cent.uo.edu.cu\/cemzoc-uo\/wp-json\/wp\/v2\/pages"}],"about":[{"href":"https:\/\/www.cent.uo.edu.cu\/cemzoc-uo\/wp-json\/wp\/v2\/types\/page"}],"author":[{"embeddable":true,"href":"https:\/\/www.cent.uo.edu.cu\/cemzoc-uo\/wp-json\/wp\/v2\/users\/21"}],"replies":[{"embeddable":true,"href":"https:\/\/www.cent.uo.edu.cu\/cemzoc-uo\/wp-json\/wp\/v2\/comments?post=289"}],"version-history":[{"count":1,"href":"https:\/\/www.cent.uo.edu.cu\/cemzoc-uo\/wp-json\/wp\/v2\/pages\/289\/revisions"}],"predecessor-version":[{"id":291,"href":"https:\/\/www.cent.uo.edu.cu\/cemzoc-uo\/wp-json\/wp\/v2\/pages\/289\/revisions\/291"}],"up":[{"embeddable":true,"href":"https:\/\/www.cent.uo.edu.cu\/cemzoc-uo\/wp-json\/wp\/v2\/pages\/23"}],"wp:attachment":[{"href":"https:\/\/www.cent.uo.edu.cu\/cemzoc-uo\/wp-json\/wp\/v2\/media?parent=289"}],"curies":[{"name":"wp","href":"https:\/\/api.w.org\/{rel}","templated":true}]}}