{"id":3129,"date":"2022-02-23T15:46:59","date_gmt":"2022-02-23T19:46:59","guid":{"rendered":"https:\/\/www.cent.uo.edu.cu\/cemzoc-uo\/?page_id=3129"},"modified":"2022-02-23T15:48:41","modified_gmt":"2022-02-23T19:48:41","slug":"salon-de-reunion-virtual","status":"publish","type":"page","link":"https:\/\/www.cent.uo.edu.cu\/cemzoc-uo\/proyectos\/monitoreo-y-manejo-integrado-de-ecosistemas-costeros-ante-el-cambio-climatico-en-la-region-oriental-de-cuba-ecos\/salon-de-reunion-virtual\/","title":{"rendered":"Sal\u00f3n de Reuni\u00f3n Virtual"},"content":{"rendered":"\n<p><strong>Jitsi Meet<\/strong>\u00a0es un sistema gratuito y de c\u00f3digo abierto para hacer videollamadas. Permite utilizarlo sin necesidad de registrarse ni de instalar ning\u00fan programa en tu ordenador. Puedes usarlo desde el navegador otorgando los permisos necesarios a este para gestionar el micr\u00f3fono y la webcam de tu pc. Es totalmente compatible con los principales sistemas operativos de escritorio: Windows, Mac Os y Linux. Adem\u00e1s tienes versiones para plataformas m\u00f3viles como iOS y Android. Estas versiones tambi\u00e9n son totalmente gratuitas.<\/p>\n\n\n\n<div class=\"wp-block-image\"><figure class=\"aligncenter is-resized\"><img loading=\"lazy\" decoding=\"async\" src=\"https:\/\/www.cent.uo.edu.cu\/cemzoc-uo\/files\/2021\/06\/1_6mTWStwUCx8jJ-I7ZyB2tg-1024x333.png\" alt=\"\" width=\"560\" height=\"182\"\/><\/figure><\/div>\n\n\n\n<p>El Proyecto ECOS, utilizar\u00e1 el siguiente enlace para sus reuniones virtuales (<strong><em><a href=\"https:\/\/meet.jit.si\/CemzocUO\" target=\"_blank\" rel=\"noreferrer noopener\">https:\/\/meet.jit.si\/CemzocUO<\/a><\/em><\/strong>).<\/p>\n","protected":false},"excerpt":{"rendered":"<p>Jitsi Meet\u00a0es un sistema gratuito y de c\u00f3digo abierto para hacer videollamadas. Permite utilizarlo sin necesidad de registrarse ni de instalar ning\u00fan programa en tu ordenador. Puedes usarlo desde el navegador otorgando los permisos necesarios a este para gestionar el&hellip; <\/p>\n","protected":false},"author":21,"featured_media":0,"parent":289,"menu_order":5,"comment_status":"closed","ping_status":"closed","template":"","meta":{"_mc_calendar":[],"footnotes":""},"class_list":["post-3129","page","type-page","status-publish","hentry"],"_links":{"self":[{"href":"https:\/\/www.cent.uo.edu.cu\/cemzoc-uo\/wp-json\/wp\/v2\/pages\/3129","targetHints":{"allow":["GET"]}}],"collection":[{"href":"https:\/\/www.cent.uo.edu.cu\/cemzoc-uo\/wp-json\/wp\/v2\/pages"}],"about":[{"href":"https:\/\/www.cent.uo.edu.cu\/cemzoc-uo\/wp-json\/wp\/v2\/types\/page"}],"author":[{"embeddable":true,"href":"https:\/\/www.cent.uo.edu.cu\/cemzoc-uo\/wp-json\/wp\/v2\/users\/21"}],"replies":[{"embeddable":true,"href":"https:\/\/www.cent.uo.edu.cu\/cemzoc-uo\/wp-json\/wp\/v2\/comments?post=3129"}],"version-history":[{"count":1,"href":"https:\/\/www.cent.uo.edu.cu\/cemzoc-uo\/wp-json\/wp\/v2\/pages\/3129\/revisions"}],"predecessor-version":[{"id":3130,"href":"https:\/\/www.cent.uo.edu.cu\/cemzoc-uo\/wp-json\/wp\/v2\/pages\/3129\/revisions\/3130"}],"up":[{"embeddable":true,"href":"https:\/\/www.cent.uo.edu.cu\/cemzoc-uo\/wp-json\/wp\/v2\/pages\/289"}],"wp:attachment":[{"href":"https:\/\/www.cent.uo.edu.cu\/cemzoc-uo\/wp-json\/wp\/v2\/media?parent=3129"}],"curies":[{"name":"wp","href":"https:\/\/api.w.org\/{rel}","templated":true}]}}