{"id":4395,"date":"2023-03-01T10:14:58","date_gmt":"2023-03-01T14:14:58","guid":{"rendered":"https:\/\/www.cent.uo.edu.cu\/cemzoc-uo\/?page_id=4395"},"modified":"2023-03-01T10:15:33","modified_gmt":"2023-03-01T14:15:33","slug":"servicios-cientificos-tecnicos","status":"publish","type":"page","link":"https:\/\/www.cent.uo.edu.cu\/cemzoc-uo\/quienes-somos\/servicios-cientificos-tecnicos\/","title":{"rendered":"Servicios Cient\u00edficos T\u00e9cnicos"},"content":{"rendered":"\n<p>1. Asesor\u00eda para dise\u00f1o, instrumentaci\u00f3n y control de estrategia ambiental de la empresa<\/p>\n\n\n\n<p>2. Asesor\u00eda para dise\u00f1o y evaluaci\u00f3n de Planes de manejo integrado de zonas costeras dentro de los Programas de desarrollo local en los municipios costeros<\/p>\n\n\n\n<p>3. Asesor\u00eda para el dise\u00f1o, instrumentaci\u00f3n y control Tarea Vida a escala empresarial.<\/p>\n\n\n\n<p>4. Asesor\u00eda para el dise\u00f1o y evaluaci\u00f3n de los avances de la alineaci\u00f3n de los ODS a las estrategias empresariales e institucionales.<\/p>\n\n\n\n<p>5. Asesor\u00edas para el dise\u00f1o, instrumentaci\u00f3n, y control de los Planes de prevenci\u00f3n de riesgos ante desastres naturales.<\/p>\n\n\n\n<p>6. Asesor\u00eda para la actualizaci\u00f3n y evaluaci\u00f3n de los Planes de Manejo Integrado de Bah\u00edas y zonas costeras.<\/p>\n\n\n\n<p>7. Asesor\u00eda para la obtenci\u00f3n de reconocimiento ambiental a playas de usos tur\u00edsticos.<\/p>\n\n\n\n<p>8. Asesor\u00eda para la obtenci\u00f3n de licencias ambientales.<\/p>\n\n\n\n<p>9. Consultor\u00edas para la resoluci\u00f3n de conflictos ambientales<\/p>\n\n\n\n<p>10. Consultor\u00edas para la mediaci\u00f3n de conflictos derivados de los usos y recursos en las zonas costeras<\/p>\n\n\n\n<p>11. Consultor\u00edas sobre legislaci\u00f3n ambiental<\/p>\n\n\n\n<p>12. Elaboraci\u00f3n de planes de manejo integrado de zonas costeras.<\/p>\n\n\n\n<p>13. Monitorio sobre la erosi\u00f3n costera en playas<\/p>\n\n\n\n<p>14. Monitoreo sobre estado de salud de los ecosistemas de manglares<\/p>\n\n\n\n<p>15. Diagn\u00f3stico y l\u00ednea base f\u00edsico geogr\u00e1fica, jur\u00eddico institucional y socioecon\u00f3mica cultural de municipios costeros.<\/p>\n\n\n\n<p>16. C\u00e1lculo de vulnerabilidades socioambientales a escala empresarial y territorial.<\/p>\n\n\n\n<p>17. Evaluaci\u00f3n de impacto (origen y destino) de contaminaci\u00f3n por hidrocarburos en la bah\u00eda de Santiago de Cuba.<\/p>\n\n\n\n<p>18. Entrenamiento en Sistemas de Informaci\u00f3n Geogr\u00e1ficas (SIG) y teledetecci\u00f3n para estudios ambientales.<\/p>\n\n\n\n<p>19. An\u00e1lisis y procesamiento de la informaci\u00f3n ambiental.<\/p>\n\n\n\n<p>20. Evaluaci\u00f3n de impacto de proyectos de desarrollo a nivel territorial<\/p>\n\n\n\n<p>21. Entrenamientos sobre publicaciones cient\u00edficas en revistas de alto impacto.<\/p>\n\n\n\n<p>22. Herramientas inform\u00e1ticas en el proceso de formaci\u00f3n cient\u00edfica.<\/p>\n\n\n\n<p>23. T\u00e9cnicas y habilidades de negociaci\u00f3n en asuntos ambientales y marinos costeros.<\/p>\n\n\n\n<p>24. Maestr\u00eda<\/p>\n\n\n\n<p>25. Diplomado<\/p>\n\n\n\n<p>26. Cursos<\/p>\n","protected":false},"excerpt":{"rendered":"<p>1. Asesor\u00eda para dise\u00f1o, instrumentaci\u00f3n y control de estrategia ambiental de la empresa 2. Asesor\u00eda para dise\u00f1o y evaluaci\u00f3n de Planes de manejo integrado de zonas costeras dentro de los Programas de desarrollo local en los municipios costeros 3. Asesor\u00eda&hellip; <\/p>\n","protected":false},"author":21,"featured_media":0,"parent":1332,"menu_order":4,"comment_status":"closed","ping_status":"closed","template":"","meta":{"_mc_calendar":[],"footnotes":""},"class_list":["post-4395","page","type-page","status-publish","hentry"],"_links":{"self":[{"href":"https:\/\/www.cent.uo.edu.cu\/cemzoc-uo\/wp-json\/wp\/v2\/pages\/4395","targetHints":{"allow":["GET"]}}],"collection":[{"href":"https:\/\/www.cent.uo.edu.cu\/cemzoc-uo\/wp-json\/wp\/v2\/pages"}],"about":[{"href":"https:\/\/www.cent.uo.edu.cu\/cemzoc-uo\/wp-json\/wp\/v2\/types\/page"}],"author":[{"embeddable":true,"href":"https:\/\/www.cent.uo.edu.cu\/cemzoc-uo\/wp-json\/wp\/v2\/users\/21"}],"replies":[{"embeddable":true,"href":"https:\/\/www.cent.uo.edu.cu\/cemzoc-uo\/wp-json\/wp\/v2\/comments?post=4395"}],"version-history":[{"count":1,"href":"https:\/\/www.cent.uo.edu.cu\/cemzoc-uo\/wp-json\/wp\/v2\/pages\/4395\/revisions"}],"predecessor-version":[{"id":4396,"href":"https:\/\/www.cent.uo.edu.cu\/cemzoc-uo\/wp-json\/wp\/v2\/pages\/4395\/revisions\/4396"}],"up":[{"embeddable":true,"href":"https:\/\/www.cent.uo.edu.cu\/cemzoc-uo\/wp-json\/wp\/v2\/pages\/1332"}],"wp:attachment":[{"href":"https:\/\/www.cent.uo.edu.cu\/cemzoc-uo\/wp-json\/wp\/v2\/media?parent=4395"}],"curies":[{"name":"wp","href":"https:\/\/api.w.org\/{rel}","templated":true}]}}