{"id":473,"date":"2021-03-10T17:15:28","date_gmt":"2021-03-10T21:15:28","guid":{"rendered":"http:\/\/www.cent.uo.edu.cu\/cemzoc-uo\/?page_id=473"},"modified":"2021-06-17T09:29:59","modified_gmt":"2021-06-17T13:29:59","slug":"redcostaius","status":"publish","type":"page","link":"https:\/\/www.cent.uo.edu.cu\/cemzoc-uo\/redcostaius\/","title":{"rendered":"RedJUS"},"content":{"rendered":"\n<p><strong>Red de Juristas Marino Costeros<\/strong><\/p>\n\n\n\n<figure class=\"wp-block-image size-large is-resized\"><img loading=\"lazy\" decoding=\"async\" src=\"https:\/\/www.cent.uo.edu.cu\/cemzoc-uo\/files\/2021\/03\/Propuesta_Final_Color.png\" alt=\"\" class=\"wp-image-474\" width=\"282\" height=\"181\" srcset=\"https:\/\/www.cent.uo.edu.cu\/cemzoc-uo\/files\/2021\/03\/Propuesta_Final_Color.png 900w, https:\/\/www.cent.uo.edu.cu\/cemzoc-uo\/files\/2021\/03\/Propuesta_Final_Color-300x193.png 300w, https:\/\/www.cent.uo.edu.cu\/cemzoc-uo\/files\/2021\/03\/Propuesta_Final_Color-768x495.png 768w\" sizes=\"auto, (max-width: 282px) 100vw, 282px\" \/><\/figure>\n\n\n\n<p><strong>Objetivo<\/strong>: Abrir espacios de interacci\u00f3n, cooperaci\u00f3n y solidaridad en la tarea de generar, difundir y transferir el conocimiento, sobre la base de la complementariedad y el beneficio mutuo, de manera tal que ello genere una mejora de la calidad y pertinencia en la gesti\u00f3n y gobernanza marino costera, la investigaci\u00f3n cient\u00edfica y la innovaci\u00f3n.<\/p>\n\n\n\n<p><strong>Ejes centrales de investigaci\u00f3n:<\/strong><\/p>\n\n\n\n<p>1.- Manejo integrado de riesgo y zona costera ante el impacto del cambio clim\u00e1tico.<\/p>\n\n\n\n<p>2.- An\u00e1lisis t\u00e9cnico jur\u00eddico de las iniciativas legislativas sobre ordenamiento territorial marino costero.<\/p>\n\n\n\n<p>Se potenciar\u00e1 desde las ciencias jur\u00eddicas, para los ejes centrales de investigaci\u00f3n las siguientes instituciones:<\/p>\n\n\n\n<p>&#8211; Modelos de gobernanza<\/p>\n\n\n\n<p>&#8211; Responsabilidad jur\u00eddica<\/p>\n\n\n\n<p>&#8211; Autorregulaci\u00f3n regulada<\/p>\n\n\n\n<p>&#8211; T\u00e9cnicas legislativas<\/p>\n\n\n\n<p>&#8211; Derecho ambiental internacional<\/p>\n\n\n\n<p>&#8211; Soluci\u00f3n de conflictos ambientales<\/p>\n\n\n\n<p>Los resultados de ciencia generados por la Red, estar\u00e1n orientados a dar cumplimiento a la Tarea 2 del Plan de Estado Cubano para el enfrentamiento al cambio clim\u00e1tico, consistente en: \u00abimplementar las normas jur\u00eddicas necesarias para respaldar la ejecuci\u00f3n del Plan de Estado; as\u00ed como asegurar su estricto cumplimiento, con particular atenci\u00f3n en las medidas encaminadas a reducir la vulnerabilidad del patrimonio construido, priorizando los asentamientos costeros amenazados\u00bb.<\/p>\n","protected":false},"excerpt":{"rendered":"<p>Red de Juristas Marino Costeros Objetivo: Abrir espacios de interacci\u00f3n, cooperaci\u00f3n y solidaridad en la tarea de generar, difundir y transferir el conocimiento, sobre la base de la complementariedad y el beneficio mutuo, de manera tal que ello genere una&hellip; <\/p>\n","protected":false},"author":21,"featured_media":0,"parent":0,"menu_order":6,"comment_status":"closed","ping_status":"closed","template":"","meta":{"_mc_calendar":[],"footnotes":""},"class_list":["post-473","page","type-page","status-publish","hentry"],"_links":{"self":[{"href":"https:\/\/www.cent.uo.edu.cu\/cemzoc-uo\/wp-json\/wp\/v2\/pages\/473","targetHints":{"allow":["GET"]}}],"collection":[{"href":"https:\/\/www.cent.uo.edu.cu\/cemzoc-uo\/wp-json\/wp\/v2\/pages"}],"about":[{"href":"https:\/\/www.cent.uo.edu.cu\/cemzoc-uo\/wp-json\/wp\/v2\/types\/page"}],"author":[{"embeddable":true,"href":"https:\/\/www.cent.uo.edu.cu\/cemzoc-uo\/wp-json\/wp\/v2\/users\/21"}],"replies":[{"embeddable":true,"href":"https:\/\/www.cent.uo.edu.cu\/cemzoc-uo\/wp-json\/wp\/v2\/comments?post=473"}],"version-history":[{"count":4,"href":"https:\/\/www.cent.uo.edu.cu\/cemzoc-uo\/wp-json\/wp\/v2\/pages\/473\/revisions"}],"predecessor-version":[{"id":1781,"href":"https:\/\/www.cent.uo.edu.cu\/cemzoc-uo\/wp-json\/wp\/v2\/pages\/473\/revisions\/1781"}],"wp:attachment":[{"href":"https:\/\/www.cent.uo.edu.cu\/cemzoc-uo\/wp-json\/wp\/v2\/media?parent=473"}],"curies":[{"name":"wp","href":"https:\/\/api.w.org\/{rel}","templated":true}]}}