{"id":477,"date":"2021-03-10T17:31:31","date_gmt":"2021-03-10T17:31:31","guid":{"rendered":"http:\/\/www.cent.uo.edu.cu\/cemzoc-uo\/?page_id=477"},"modified":"2021-03-10T19:38:57","modified_gmt":"2021-03-10T19:38:57","slug":"evidencias","status":"publish","type":"page","link":"https:\/\/www.cent.uo.edu.cu\/cemzoc-uo\/proyectos\/gobernanza-adaptativa-al-cambio-climatico-en-municipios-costeros-de-cuba\/evidencias\/","title":{"rendered":"Evidencias"},"content":{"rendered":"\n<p><strong>Reuni\u00f3n de Proyecto Marzo 2021<\/strong><\/p>\n\n\n\n<p>Se realiz\u00f3 el 5 de marzo de 2021 a las 10:00 am horas la primera reuni\u00f3n del Proyecto, en modalidad online por las condiciones generadas por la situaci\u00f3n epidemiol\u00f3gica del pa\u00eds y el necesario aislamiento social. Participan 14 de los 18 investigadores. Se despacha con cada investigador las responsabilidades que le han sido asignadas para dar cumplimiento en el a\u00f1o 2021 a los resultados planificados. Se toman un conjunto de acuerdos para el avance cient\u00edfico y de gesti\u00f3n del proyecto.<\/p>\n\n\n\n<figure class=\"wp-block-image size-large is-resized\"><img loading=\"lazy\" decoding=\"async\" src=\"https:\/\/www.cent.uo.edu.cu\/cemzoc-uo\/files\/2021\/03\/Reunion_proyecto-1024x473.jpg\" alt=\"\" class=\"wp-image-478\" width=\"753\" height=\"348\" srcset=\"https:\/\/www.cent.uo.edu.cu\/cemzoc-uo\/files\/2021\/03\/Reunion_proyecto-1024x473.jpg 1024w, https:\/\/www.cent.uo.edu.cu\/cemzoc-uo\/files\/2021\/03\/Reunion_proyecto-300x138.jpg 300w, https:\/\/www.cent.uo.edu.cu\/cemzoc-uo\/files\/2021\/03\/Reunion_proyecto-768x355.jpg 768w, https:\/\/www.cent.uo.edu.cu\/cemzoc-uo\/files\/2021\/03\/Reunion_proyecto.jpg 1354w\" sizes=\"auto, (max-width: 753px) 100vw, 753px\" \/><\/figure>\n\n\n\n<figure class=\"wp-block-image size-large is-resized\"><img loading=\"lazy\" decoding=\"async\" src=\"https:\/\/www.cent.uo.edu.cu\/cemzoc-uo\/files\/2021\/03\/Reunion_proyecto_1-1024x473.jpg\" alt=\"\" class=\"wp-image-479\" width=\"756\" height=\"349\" srcset=\"https:\/\/www.cent.uo.edu.cu\/cemzoc-uo\/files\/2021\/03\/Reunion_proyecto_1-1024x473.jpg 1024w, https:\/\/www.cent.uo.edu.cu\/cemzoc-uo\/files\/2021\/03\/Reunion_proyecto_1-300x138.jpg 300w, https:\/\/www.cent.uo.edu.cu\/cemzoc-uo\/files\/2021\/03\/Reunion_proyecto_1-768x355.jpg 768w, https:\/\/www.cent.uo.edu.cu\/cemzoc-uo\/files\/2021\/03\/Reunion_proyecto_1.jpg 1354w\" sizes=\"auto, (max-width: 756px) 100vw, 756px\" \/><\/figure>\n\n\n\n<figure class=\"wp-block-image size-large is-resized\"><img loading=\"lazy\" decoding=\"async\" src=\"https:\/\/www.cent.uo.edu.cu\/cemzoc-uo\/files\/2021\/03\/Reunion_proyecto_2-1024x473.jpg\" alt=\"\" class=\"wp-image-480\" width=\"761\" height=\"352\" srcset=\"https:\/\/www.cent.uo.edu.cu\/cemzoc-uo\/files\/2021\/03\/Reunion_proyecto_2-1024x473.jpg 1024w, https:\/\/www.cent.uo.edu.cu\/cemzoc-uo\/files\/2021\/03\/Reunion_proyecto_2-300x138.jpg 300w, https:\/\/www.cent.uo.edu.cu\/cemzoc-uo\/files\/2021\/03\/Reunion_proyecto_2-768x354.jpg 768w, https:\/\/www.cent.uo.edu.cu\/cemzoc-uo\/files\/2021\/03\/Reunion_proyecto_2.jpg 1352w\" sizes=\"auto, (max-width: 761px) 100vw, 761px\" \/><\/figure>\n","protected":false},"excerpt":{"rendered":"<p>Reuni\u00f3n de Proyecto Marzo 2021 Se realiz\u00f3 el 5 de marzo de 2021 a las 10:00 am horas la primera reuni\u00f3n del Proyecto, en modalidad online por las condiciones generadas por la situaci\u00f3n epidemiol\u00f3gica del pa\u00eds y el necesario aislamiento&hellip; <\/p>\n","protected":false},"author":21,"featured_media":0,"parent":285,"menu_order":0,"comment_status":"closed","ping_status":"closed","template":"","meta":{"_mc_calendar":[],"footnotes":""},"class_list":["post-477","page","type-page","status-publish","hentry"],"_links":{"self":[{"href":"https:\/\/www.cent.uo.edu.cu\/cemzoc-uo\/wp-json\/wp\/v2\/pages\/477","targetHints":{"allow":["GET"]}}],"collection":[{"href":"https:\/\/www.cent.uo.edu.cu\/cemzoc-uo\/wp-json\/wp\/v2\/pages"}],"about":[{"href":"https:\/\/www.cent.uo.edu.cu\/cemzoc-uo\/wp-json\/wp\/v2\/types\/page"}],"author":[{"embeddable":true,"href":"https:\/\/www.cent.uo.edu.cu\/cemzoc-uo\/wp-json\/wp\/v2\/users\/21"}],"replies":[{"embeddable":true,"href":"https:\/\/www.cent.uo.edu.cu\/cemzoc-uo\/wp-json\/wp\/v2\/comments?post=477"}],"version-history":[{"count":2,"href":"https:\/\/www.cent.uo.edu.cu\/cemzoc-uo\/wp-json\/wp\/v2\/pages\/477\/revisions"}],"predecessor-version":[{"id":484,"href":"https:\/\/www.cent.uo.edu.cu\/cemzoc-uo\/wp-json\/wp\/v2\/pages\/477\/revisions\/484"}],"up":[{"embeddable":true,"href":"https:\/\/www.cent.uo.edu.cu\/cemzoc-uo\/wp-json\/wp\/v2\/pages\/285"}],"wp:attachment":[{"href":"https:\/\/www.cent.uo.edu.cu\/cemzoc-uo\/wp-json\/wp\/v2\/media?parent=477"}],"curies":[{"name":"wp","href":"https:\/\/api.w.org\/{rel}","templated":true}]}}