{"id":6155,"date":"2026-01-27T11:11:57","date_gmt":"2026-01-27T15:11:57","guid":{"rendered":"https:\/\/www.cent.uo.edu.cu\/cemzoc-uo\/?page_id=6155"},"modified":"2026-04-16T13:40:45","modified_gmt":"2026-04-16T17:40:45","slug":"gestion-sostenible-de-los-espacios-litorales-del-oriente-cubano","status":"publish","type":"page","link":"https:\/\/www.cent.uo.edu.cu\/cemzoc-uo\/proyectos\/gestion-sostenible-de-los-espacios-litorales-del-oriente-cubano\/","title":{"rendered":"Gesti\u00f3n sostenible de los espacios litorales del Oriente cubano"},"content":{"rendered":"\n<p>Participan Universidad de Oriente, Cuba y Universidad de Le Mans, Francia<\/p>\n\n\n\n<p>Periodo: 2024-2026<\/p>\n\n\n\n<p>Coordinado por:<\/p>\n\n\n\n<ul class=\"wp-block-list\">\n<li>Dr. Ofelia P\u00e9rez Montero<\/li>\n<\/ul>\n\n\n\n<p>Universidad de Oriente. Director. Centro de Estudio Multidisciplinarios de Zonas Costeras- CEMZOC<\/p>\n\n\n\n<ul class=\"wp-block-list\">\n<li>Dr. Fran\u00e7ois Laurent<\/li>\n<\/ul>\n\n\n\n<p>Le Mans Universit\u00e9 (Fran\u00e7a)<\/p>\n\n\n\n<p>Diretor do laborat\u00f3rio ESO \u2013 Le Mans<\/p>\n\n\n\n<p>Objetivo: Establecer un marco de di\u00e1logo interdisciplinario entre las ciencias naturales y las ciencias sociales para el estudio integral del ecosistema litoral, vinculando el an\u00e1lisis de la fauna marina e intermareal con los procesos de aceptaci\u00f3n social de las medidas dirigidas a la protecci\u00f3n del patrimonio natural.<\/p>\n","protected":false},"excerpt":{"rendered":"<p>Participan Universidad de Oriente, Cuba y Universidad de Le Mans, Francia Periodo: 2024-2026 Coordinado por: Universidad de Oriente. Director. Centro de Estudio Multidisciplinarios de Zonas Costeras- CEMZOC Le Mans Universit\u00e9 (Fran\u00e7a) Diretor do laborat\u00f3rio ESO \u2013 Le Mans Objetivo: Establecer&hellip; <\/p>\n","protected":false},"author":21,"featured_media":0,"parent":23,"menu_order":1,"comment_status":"closed","ping_status":"closed","template":"","meta":{"_mc_calendar":[],"footnotes":""},"class_list":["post-6155","page","type-page","status-publish","hentry"],"_links":{"self":[{"href":"https:\/\/www.cent.uo.edu.cu\/cemzoc-uo\/wp-json\/wp\/v2\/pages\/6155","targetHints":{"allow":["GET"]}}],"collection":[{"href":"https:\/\/www.cent.uo.edu.cu\/cemzoc-uo\/wp-json\/wp\/v2\/pages"}],"about":[{"href":"https:\/\/www.cent.uo.edu.cu\/cemzoc-uo\/wp-json\/wp\/v2\/types\/page"}],"author":[{"embeddable":true,"href":"https:\/\/www.cent.uo.edu.cu\/cemzoc-uo\/wp-json\/wp\/v2\/users\/21"}],"replies":[{"embeddable":true,"href":"https:\/\/www.cent.uo.edu.cu\/cemzoc-uo\/wp-json\/wp\/v2\/comments?post=6155"}],"version-history":[{"count":2,"href":"https:\/\/www.cent.uo.edu.cu\/cemzoc-uo\/wp-json\/wp\/v2\/pages\/6155\/revisions"}],"predecessor-version":[{"id":6159,"href":"https:\/\/www.cent.uo.edu.cu\/cemzoc-uo\/wp-json\/wp\/v2\/pages\/6155\/revisions\/6159"}],"up":[{"embeddable":true,"href":"https:\/\/www.cent.uo.edu.cu\/cemzoc-uo\/wp-json\/wp\/v2\/pages\/23"}],"wp:attachment":[{"href":"https:\/\/www.cent.uo.edu.cu\/cemzoc-uo\/wp-json\/wp\/v2\/media?parent=6155"}],"curies":[{"name":"wp","href":"https:\/\/api.w.org\/{rel}","templated":true}]}}