{"id":955,"date":"2021-05-06T20:12:06","date_gmt":"2021-05-06T20:12:06","guid":{"rendered":"https:\/\/www.cent.uo.edu.cu\/cemzoc-uo\/?page_id=955"},"modified":"2021-05-18T19:58:18","modified_gmt":"2021-05-18T19:58:18","slug":"taller-1","status":"publish","type":"page","link":"https:\/\/www.cent.uo.edu.cu\/cemzoc-uo\/proyectos\/monitoreo-y-manejo-integrado-de-ecosistemas-costeros-ante-el-cambio-climatico-en-la-region-oriental-de-cuba-ecos\/taller-1\/","title":{"rendered":"Taller # 1"},"content":{"rendered":"\n<p><strong>Marco te\u00f3rico metodol\u00f3gico y l\u00ednea base de partida del proyecto.<\/strong><\/p>\n\n\n\n<figure class=\"wp-block-image size-large is-resized\"><a href=\"http:\/\/www.cent.uo.edu.cu\/cemzoc-uo\/files\/2021\/05\/TALLER_ECOS_21.pdf\" rel=\"noopener\"><img loading=\"lazy\" decoding=\"async\" src=\"http:\/\/www.cent.uo.edu.cu\/cemzoc-uo\/files\/2021\/05\/taller_ecos_2.jpg\" alt=\"\" class=\"wp-image-778\" width=\"600\" height=\"250\"><\/a><\/figure>\n\n\n\n<h4 class=\"wp-block-heading\"><strong>Aspectos generales<\/strong><\/h4>\n\n\n\n<p>El I Taller del Proyecto ECOS, cont\u00f3 con la presencia de 17 profesores y excepto dos compa\u00f1eros cuyas causas de inasistencia a\u00fan se desconocen, los ausentes presentaron problemas serios de salud y problemas familiares que les imped\u00edan asistir al taller. En correspondencia con el Programa Cient\u00edfico, el Taller estuvo coordinado por el Dr.C. Yunior R. Vel\u00e1zquez Labrada y presidido por la Dr.C. Ofelia P\u00e9rez Montero. Se realizaron m\u00e1s de 40 intervenciones aportadoras de criterios s\u00f3lidos en relaci\u00f3n a los diferentes resultados de ciencia. Se precis\u00f3 la importancia del rigor cient\u00edfico en la concepci\u00f3n y desarrollo de las investigaciones, de manera que el monitoreo en los distintos ecosistemas considere los m\u00e1s recientes estudios acerca de estos temas por la comunidad cient\u00edfica internacional, as\u00ed como su robustez para tributar a la toma de decisiones. Los participantes recibieron el Certificado de participaci\u00f3n, a trav\u00e9s de sus correos electr\u00f3nicos. Las evidencias pueden encontrarse en la p\u00e1gina web del CEMZOC.<\/p>\n\n\n\n<figure class=\"wp-block-image size-large\"><img loading=\"lazy\" decoding=\"async\" width=\"1024\" height=\"491\" src=\"http:\/\/www.cent.uo.edu.cu\/cemzoc-uo\/files\/2021\/05\/taller_ecos_1-1024x491.jpg\" alt=\"\" class=\"wp-image-951\" srcset=\"https:\/\/www.cent.uo.edu.cu\/cemzoc-uo\/files\/2021\/05\/taller_ecos_1-1024x491.jpg 1024w, https:\/\/www.cent.uo.edu.cu\/cemzoc-uo\/files\/2021\/05\/taller_ecos_1-300x144.jpg 300w, https:\/\/www.cent.uo.edu.cu\/cemzoc-uo\/files\/2021\/05\/taller_ecos_1-768x369.jpg 768w, https:\/\/www.cent.uo.edu.cu\/cemzoc-uo\/files\/2021\/05\/taller_ecos_1.jpg 1267w\" sizes=\"auto, (max-width: 1024px) 100vw, 1024px\" \/><\/figure>\n\n\n\n<h4 class=\"wp-block-heading\"><strong>Acuerdos:<\/strong><\/h4>\n\n\n\n<ol class=\"wp-block-list\" type=\"1\"><li>Asumir los referentes te\u00f3ricos planteados por la Dra. Ofelia P\u00e9rez Montero, durante la apertura del Taller, como lineamientos para todas las investigaciones del proyecto. Dicha presentaci\u00f3n estar\u00e1 disponible en el Grupo del Proyecto ECOS en Mendeley.<\/li><\/ol>\n\n\n\n<p>Responsables: Investigadores del proyecto. Fecha de control: 3 de junio de 2021.\u00a0<\/p>\n\n\n\n<p><strong>A.<\/strong>&#8211; Entrega por los investigadores de la versi\u00f3n inicialdelametodolog\u00eda para cada resultado de ciencia.Responsable: Investigadores del proyecto. Fechade entrega aresponsablesde resultados de ciencia, con copia aJefe proyecto:28de mayode 2021.<\/p>\n\n\n\n<p><strong>B.<\/strong>&#8211; Elaboraci\u00f3n y socializaci\u00f3nde la versi\u00f3n inicialdel esquema metodol\u00f3gico del proyecto. Responsables: Dr.C.Ofelia P\u00e9rez Montero y Dr.C. Yunior Vel\u00e1zquez.Fecha: Hasta 3 de juniode 2021.<\/p>\n\n\n\n<p><strong>C.<\/strong>&#8211; Posponer la realizaci\u00f3n del II Taller del Proyecto ECOS \u0308Dise\u00f1o de investigaci\u00f3n e Instrumentos a aplicar por cada investigador \u0308, en la modalidad virtual, el pr\u00f3ximo d\u00eda 3 de junio de 2021, a las 9:00 am.(La intenci\u00f3n es discutir a profundidad las metodolog\u00edas para cada resultado, para lo cual dedicaremos diferentes sesiones de trabajo seg\u00fan el tipo de ecosistema. En este sentido, se orienta la adopci\u00f3n de todas las medidas de aseguramiento tecnol\u00f3gico que garanticen la presentaci\u00f3n de los resultados por cada autor, en el horario que luego se precisar\u00e1 en el programa cient\u00edfico).LA DISCUSI\u00d3N SE CENTRAR\u00c1 EN LAS T\u00c9CNICAS, INSTRUMENTOS Y CRONOGRAMADE APLICACI\u00d3N.<\/p>\n\n\n\n<figure class=\"wp-block-image size-large\"><img loading=\"lazy\" decoding=\"async\" width=\"1024\" height=\"495\" src=\"https:\/\/www.cent.uo.edu.cu\/cemzoc-uo\/files\/2021\/05\/taller_ecos_3-1024x495.jpg\" alt=\"\" class=\"wp-image-960\" srcset=\"https:\/\/www.cent.uo.edu.cu\/cemzoc-uo\/files\/2021\/05\/taller_ecos_3-1024x495.jpg 1024w, https:\/\/www.cent.uo.edu.cu\/cemzoc-uo\/files\/2021\/05\/taller_ecos_3-300x145.jpg 300w, https:\/\/www.cent.uo.edu.cu\/cemzoc-uo\/files\/2021\/05\/taller_ecos_3-768x371.jpg 768w, https:\/\/www.cent.uo.edu.cu\/cemzoc-uo\/files\/2021\/05\/taller_ecos_3.jpg 1236w\" sizes=\"auto, (max-width: 1024px) 100vw, 1024px\" \/><\/figure>\n\n\n\n<p>Como parte de la organizaci\u00f3n del Taller, se realizar\u00e1n las presentaciones por resultados de ciencia, que en sentido general tributan a: <\/p>\n\n\n\n<p><strong>1.- <\/strong>Manual para el monitoreo de ecosistemas costeros ante el cambio clim\u00e1tico.<\/p>\n\n\n\n<p><strong>2.- <\/strong>Estudio geogr\u00e1fico, ecol\u00f3gico y social en ecosistemas de playa en la regi\u00f3n oriental de Cuba.<\/p>\n\n\n\n<p><strong>3.- <\/strong>Evaluaci\u00f3n de la influencia del cambio clim\u00e1tico en los par\u00e1metros farmacogn\u00f3sticos de las hojas de especies medicinales que crecen en zonas costeras (Coccoloba uvifera (L.) L. Uva caleta y Rhizophora mangle L. Mangle rojo).<\/p>\n\n\n\n<p><strong>4.- <\/strong>Metodolog\u00eda para la identificaci\u00f3n de tipos de hidrocarburos derramados en la Bah\u00eda de Santiago de Cuba.<\/p>\n\n\n\n<p><strong>5.- <\/strong>Actualizaci\u00f3n de la l\u00ednea base de cuencas hidrogr\u00e1ficas tributarias a la zona costera, as\u00ed como propuesta del Plan de manejo.<\/p>\n\n\n\n<p><strong>6.- <\/strong>Evaluaci\u00f3n del servicio ecosist\u00e9mico de mitigaci\u00f3n por retenci\u00f3n del carbono org\u00e1nico que realiza el manglar ante el impacto del cambio clim\u00e1tico. <\/p>\n\n\n\n<p><strong>7.- <\/strong>Actualizaci\u00f3n de los estudios de Peligro, Vulnerabilidad y Riesgo (PVR) por inundaciones costeras en los municipios Santiago de Cuba y Guam\u00e1.P\u00e1g. <\/p>\n\n\n\n<p><strong>8.- <\/strong>Formaci\u00f3n de capacidades para la gesti\u00f3n del riesgo en el proceso de enfrentamiento al cambio clim\u00e1tico en zonas costeras.<\/p>\n\n\n\n<p><strong>9.- <\/strong>Gesti\u00f3n econ\u00f3mica del proyecto.Lo anterior implica que al interior de cada resultado los responsables de cada tarea se deber\u00e1n poner de acuerdo para realizar las propuestas que se presentar\u00e1n en el taller, para lo cual cada uno debe tener listo lo que le corresponde hacer en relaci\u00f3n a la metodolog\u00eda de su resultado individual. En los pr\u00f3ximos d\u00edas se realizar\u00e1n otras precisiones.<\/p>\n\n\n\n<figure class=\"wp-block-image size-large\"><img loading=\"lazy\" decoding=\"async\" width=\"1024\" height=\"478\" src=\"https:\/\/www.cent.uo.edu.cu\/cemzoc-uo\/files\/2021\/05\/taller_ecos_4-1024x478.jpg\" alt=\"\" class=\"wp-image-961\" srcset=\"https:\/\/www.cent.uo.edu.cu\/cemzoc-uo\/files\/2021\/05\/taller_ecos_4-1024x478.jpg 1024w, https:\/\/www.cent.uo.edu.cu\/cemzoc-uo\/files\/2021\/05\/taller_ecos_4-300x140.jpg 300w, https:\/\/www.cent.uo.edu.cu\/cemzoc-uo\/files\/2021\/05\/taller_ecos_4-768x358.jpg 768w, https:\/\/www.cent.uo.edu.cu\/cemzoc-uo\/files\/2021\/05\/taller_ecos_4-642x300.jpg 642w, https:\/\/www.cent.uo.edu.cu\/cemzoc-uo\/files\/2021\/05\/taller_ecos_4.jpg 1327w\" sizes=\"auto, (max-width: 1024px) 100vw, 1024px\" \/><\/figure>\n\n\n\n<p><strong>D.- <\/strong>Entrega al jefe de proyecto, de la versi\u00f3n actualizadade lal\u00edneas base y metodolog\u00eda, a partir de las recomendaciones realizadas en ambos talleres, para su evaluaci\u00f3n colectiva.En relaci\u00f3n a la versi\u00f3n actualizadade la l\u00ednea base de cada resultado planificado teniendo en cuenta las recomendaciones del I Taller, es importante que en su estructura se considere, entre otrosaspectos:T\u00edtulo del resultado, autor principal, coautores, antecedentes, referentes te\u00f3ricos actualizados, definici\u00f3n de las variables y su operacionalizaci\u00f3n (indicadores, par\u00e1metros); \u00e1rea de estudio, mapa y caracterizaci\u00f3n.En relaci\u00f3n a la metodolog\u00eda,dichos informes deben explicitar el m\u00e9todo cient\u00edfico, las ventajas de la metodolog\u00eda que se asume (con modificaciones o no) o se propone; se presentar\u00e1n las t\u00e9cnicas, instrumentos, en correspondencia con las variables, indicadores y par\u00e1metros ya establecidos, de manera que se obtengauna data cient\u00edficamente recogida, suficiente y justificada, v\u00e1lida para la toma de decisiones. Es importante tener en cuenta el adecuado nivel de rigurosidad cient\u00edfica en correspondencia con los resultados internacionalesen cada \u00e1rea espec\u00edfica seg\u00fan publicaciones existentes en revista de GRUPO 1. En este sentido, cada informeser\u00e1 sometidoa un proceso de evaluaci\u00f3n por una comisi\u00f3n de profesores miembros del proyecto,con la intenci\u00f3n de realizar recomendaciones para su perfeccionamiento. Dichas recomendaciones se centrar\u00e1n en el cumplimiento de la estructura metodol\u00f3gica, nivel de actualizaci\u00f3n del contenido_ los referentes te\u00f3ricos deber\u00e1n ser de los \u00faltimos tres a\u00f1os en su generalidad, discusi\u00f3n cient\u00edfica que demuestre la pertinencia del objeto de investigaci\u00f3n. Responsables: Investigadores del proyecto. Fecha de entrega de los informes: 11de juniode 2021.<\/p>\n\n\n\n<p><strong>E.- <\/strong>Evaluaci\u00f3nde los informespor la comisi\u00f3n seleccionada. Fecha. Hasta el 18de junio.<\/p>\n\n\n\n<p><strong>F.- <\/strong>Atenci\u00f3n por los investigadores a las recomendaciones derivadas del proceso de evaluaci\u00f3n. Hasta el 23de junio de 2021.<\/p>\n\n\n\n<p><strong>G.- <\/strong>Entrega de la versi\u00f3n final del informe por cada investigador. Fecha: 23 de junio de 2021.<\/p>\n\n\n\n<p><strong>H.- <\/strong>Elaboraci\u00f3n del esquema metodol\u00f3gico integrado del proyecto, por los Doctores Ofelia P\u00e9rez Montero y Yunior Vel\u00e1zquez. Fecha: Hasta 29 de junio de 2021.<\/p>\n\n\n\n<p><strong>I.-<\/strong> Socializaci\u00f3n de la propuesta de esquema metodol\u00f3gico integrado del proyecto entre los miembros del proyecto. Fecha: 30 de junio de 2021.<\/p>\n\n\n\n<p><strong>J.- <\/strong>Aprobaci\u00f3n final de la propuesta metodol\u00f3gica del proyecto, en la reuni\u00f3n del proyecto, el 8 de julio de 2021. <\/p>\n\n\n\n<p><strong>3.- <\/strong>Seminario Cient\u00edfico Metodol\u00f3gico para la presentaci\u00f3n del estado actual de redacci\u00f3n del libro Componentes y procesos naturales en la zona costera. Ponente: Dr. L\u00edber Galb\u00e1n. Participan: Miembros del proyecto que son parte del claustro de la Maestr\u00eda en MIZC. Invitados: Miembros del proyecto.Fecha: 17de juniode 2021 Hora: 9:00am Enlace de conexi\u00f3n: www.conferencias.uo.edu.cu\/cemzoc<\/p>\n\n\n\n<p><strong>4.- <\/strong>Lograr que todos los investigadores accedan al grupo del proyecto en Mendeley y consulten los materiales bibliogr\u00e1ficos disponibles. Para ello, los que ya enviaron sus correos de acceso a dicha plataforma, deber\u00e1n aceptar la invitaci\u00f3n realizada y que aparece en la bandeja de entrada del correo; de igual manera los 12 profesores que faltan por enviar sus direcciones de correo al jefe de proyecto deber\u00e1n hacerlo en esta semana.Responsables: Investigadoresdel proyecto. Fecha de control: 3 de juniode 2021.<\/p>\n\n\n\n<p><strong>5.- <\/strong>Preparar la base cartogr\u00e1fica de los sectores costeros a estudiar, con la capa inicial que utilizar\u00e1 cada investigador y que luego enriquecer\u00e1 producto a los monitoreos. Entrega de las im\u00e1genesactualizadas del \u00e1rea de estudio a cada investigador.Responsable: Ing. Juan Ram\u00f3n Castellanos Gonz\u00e1lez. Fecha de control: Viernes 20de mayo de 2021.<\/p>\n\n\n\n<p><strong>6.- <\/strong>Impartici\u00f3n de un curso b\u00e1sico sobreQGIS.En este caso elIng. Juan Ram\u00f3n Castellanos realizar\u00e1 las precisiones a trav\u00e9s del grupo de WhatsApp.Responsable: Ing. Juan Ram\u00f3n Castellanos Gonz\u00e1lez. Fecha de control: 3 de juniode 2021.<\/p>\n\n\n\n<p>Agradecemos a todos por la gesti\u00f3n de ciencia que realizan y los exhortamos a avanzar en el cumplimiento de los objetivos y resultados propuestos. Podr\u00e1n encontrar otras informaciones acerca del proyecto en http:\/\/www.cent.uo.edu.cu\/cemzoc-uo\/<\/p>\n","protected":false},"excerpt":{"rendered":"<p>Marco te\u00f3rico metodol\u00f3gico y l\u00ednea base de partida del proyecto. Aspectos generales El I Taller del Proyecto ECOS, cont\u00f3 con la presencia de 17 profesores y excepto dos compa\u00f1eros cuyas causas de inasistencia a\u00fan se desconocen, los ausentes presentaron problemas&hellip; <\/p>\n","protected":false},"author":21,"featured_media":0,"parent":289,"menu_order":1,"comment_status":"closed","ping_status":"closed","template":"","meta":{"_mc_calendar":[],"footnotes":""},"class_list":["post-955","page","type-page","status-publish","hentry"],"_links":{"self":[{"href":"https:\/\/www.cent.uo.edu.cu\/cemzoc-uo\/wp-json\/wp\/v2\/pages\/955","targetHints":{"allow":["GET"]}}],"collection":[{"href":"https:\/\/www.cent.uo.edu.cu\/cemzoc-uo\/wp-json\/wp\/v2\/pages"}],"about":[{"href":"https:\/\/www.cent.uo.edu.cu\/cemzoc-uo\/wp-json\/wp\/v2\/types\/page"}],"author":[{"embeddable":true,"href":"https:\/\/www.cent.uo.edu.cu\/cemzoc-uo\/wp-json\/wp\/v2\/users\/21"}],"replies":[{"embeddable":true,"href":"https:\/\/www.cent.uo.edu.cu\/cemzoc-uo\/wp-json\/wp\/v2\/comments?post=955"}],"version-history":[{"count":5,"href":"https:\/\/www.cent.uo.edu.cu\/cemzoc-uo\/wp-json\/wp\/v2\/pages\/955\/revisions"}],"predecessor-version":[{"id":1084,"href":"https:\/\/www.cent.uo.edu.cu\/cemzoc-uo\/wp-json\/wp\/v2\/pages\/955\/revisions\/1084"}],"up":[{"embeddable":true,"href":"https:\/\/www.cent.uo.edu.cu\/cemzoc-uo\/wp-json\/wp\/v2\/pages\/289"}],"wp:attachment":[{"href":"https:\/\/www.cent.uo.edu.cu\/cemzoc-uo\/wp-json\/wp\/v2\/media?parent=955"}],"curies":[{"name":"wp","href":"https:\/\/api.w.org\/{rel}","templated":true}]}}