{"id":993,"date":"2021-05-14T21:25:41","date_gmt":"2021-05-14T21:25:41","guid":{"rendered":"https:\/\/www.cent.uo.edu.cu\/cemzoc-uo\/?page_id=993"},"modified":"2021-05-18T19:28:38","modified_gmt":"2021-05-18T19:28:38","slug":"i-taller-cientifico","status":"publish","type":"page","link":"https:\/\/www.cent.uo.edu.cu\/cemzoc-uo\/proyectos\/gobernanza-adaptativa-al-cambio-climatico-en-municipios-costeros-de-cuba\/i-taller-cientifico\/","title":{"rendered":"I Taller Cient\u00edfico"},"content":{"rendered":"\n<p><strong>Acta del I Taller del proyecto de investigaci\u00f3n: Gobernanza adaptativa al cambio clim\u00e1tico en municipios costeros de Cuba.<\/strong><\/p>\n\n\n\n<p><strong>I Taller: Marco te\u00f3rico metodol\u00f3gico y l\u00ednea base.<\/strong><\/p>\n\n\n\n<p>Hora: 9:30 am<\/p>\n\n\n\n<p>Modalidad: Online<\/p>\n\n\n\n<figure class=\"wp-block-image size-large\"><img loading=\"lazy\" decoding=\"async\" width=\"600\" height=\"433\" src=\"https:\/\/www.cent.uo.edu.cu\/cemzoc-uo\/files\/2021\/05\/Promo_Taller_Gobernanza_2-1.jpg\" alt=\"\" class=\"wp-image-997\" srcset=\"https:\/\/www.cent.uo.edu.cu\/cemzoc-uo\/files\/2021\/05\/Promo_Taller_Gobernanza_2-1.jpg 600w, https:\/\/www.cent.uo.edu.cu\/cemzoc-uo\/files\/2021\/05\/Promo_Taller_Gobernanza_2-1-300x217.jpg 300w\" sizes=\"auto, (max-width: 600px) 100vw, 600px\" \/><\/figure>\n\n\n\n<p>Aspectos conceptuales para abordar la gobernanza adaptativa: referentes te\u00f3ricos, sistema jur\u00eddico e institucionalidad del Estado Cubano, ejes vertebradores del dise\u00f1o de pol\u00edticas p\u00fablicas.<\/p>\n\n\n\n<figure class=\"wp-block-image size-large is-resized\"><a href=\"http:\/\/www.cent.uo.edu.cu\/cemzoc-uo\/files\/2021\/05\/3-PRESENTACION-DEL-TALLER-1-2021.pdf\" target=\"_blank\" rel=\"noopener\"><img loading=\"lazy\" decoding=\"async\" src=\"http:\/\/www.cent.uo.edu.cu\/cemzoc-uo\/files\/2021\/05\/Presentacion.jpg\" alt=\"\" class=\"wp-image-778\" width=\"600\" height=\"250\"><\/a><\/figure>\n\n\n\n<p><\/p>\n\n\n\n<p><strong><em>Asistencia:<\/em><\/strong><\/p>\n\n\n\n<figure class=\"wp-block-table\"><table><tbody><tr><td>&nbsp;<\/td><td><strong>Nombres y apellidos<\/strong><\/td><td><strong>Procedencia<\/strong><\/td><\/tr><tr><td>1<\/td><td>Dr.C. Ofelia P\u00e9rez Montero<\/td><td>CEMZOC<\/td><\/tr><tr><td>2<\/td><td>Dr.C. Rogelio Garc\u00eda Tejera<\/td><td>CEMZOC<\/td><\/tr><tr><td>3<\/td><td>Dr. C Jorge Mesa V\u00e1zquez<\/td><td>CEMZOC<\/td><\/tr><tr><td>4<\/td><td>Dr.C. Alexis Santiago P\u00e9rez Montero<\/td><td>CEMZOC<\/td><\/tr><tr><td>5<\/td><td>Dr.C. Yunior Ram\u00f3n Vel\u00e1zquez Labrada<\/td><td>CEMZOC<\/td><\/tr><tr><td>6<\/td><td>MSc. Liliana Mesa Mesa<\/td><td>CEMZOC<\/td><\/tr><tr><td>7<\/td><td>Ing. Juan Ram\u00f3n Castellanos Gonz\u00e1lez<\/td><td>CEMZOC<\/td><\/tr><tr><td>8<\/td><td>Msc.Yanet Cruz Portorreal<\/td><td>CEMZOC<\/td><\/tr><tr><td>9<\/td><td>Dr. Ram\u00f3n Yordanis Alarc\u00f3n Borges<\/td><td>CEMZOC<\/td><\/tr><tr><td>10<\/td><td>Msc. Ada Guzon Camporredondo<\/td><td>CEDEL<\/td><\/tr><tr><td>11<\/td><td>MsC. Mar\u00eda Teresa Durand Silveira<\/td><td>INRH-Delegaci\u00f3n Provincial Santiago de Cuba<\/td><\/tr><tr><td>12<\/td><td>MsC. Abel Dorta Arminagc<\/td><td>Dpto de Ingenier\u00eda Hidr\u00e1ulica-FCO-UO<\/td><\/tr><tr><td>13<\/td><td>Lic. Haydee Quiala P\u00e9rez<\/td><td>Dpto de Comunicaci\u00f3n de la UO.<\/td><\/tr><tr><td>14<\/td><td>MsC. Vivian D\u00edaz L\u00f3pez<\/td><td>Dpto de Comunicaci\u00f3n de la UO.<\/td><\/tr><tr><td>15<\/td><td>MsC. Aymara Ferrera Berguez<\/td><td>Dpto de Sociolog\u00eda FCS-UO<\/td><\/tr><tr><td>16<\/td><td>Lic. Daynier Hern\u00e1ndez Mestre<\/td><td>IGT-Habana<\/td><\/tr><\/tbody><\/table><\/figure>\n\n\n\n<p>Comienza el taller con la presentaci\u00f3n de la Msc. Ada Guzon Camporredondo, Directora del programa Nacional del desarrollo local en Cuba.<\/p>\n\n\n\n<p>A continuaci\u00f3n, la Dr.C. Ofelia P\u00e9rez Montero realiza su ponencia y le sigue el Dr. Ram\u00f3n Yordanis Alarc\u00f3n Borges, Jefe del proyecto.<\/p>\n\n\n\n<p><em><u>Principales valoraciones y acuerdos:<\/u><\/em><\/p>\n\n\n\n<p>Dr. Ram\u00f3n Yordanis Alarc\u00f3n Borges: El proyecto tiene concebido hacer un diagn\u00f3stico de las contradicciones normativas que existen para darles soluci\u00f3n, en la zona de estudios. El centro demanda fortalecernos en el sistema de informaci\u00f3n geogr\u00e1fica.<\/p>\n\n\n\n<p>Dr.C. Rogelio Garc\u00eda Tejera: Se esclareci\u00f3 bien el tema de Gobernanza adaptativa. Se utilizar\u00e1 el QGIS porque es un software libre. Con relaci\u00f3n a las cuencas hidrogr\u00e1ficas vamos a enfocarnos en los municipios Guam\u00e1 y Santiago de Cuba.<\/p>\n\n\n\n<p>Guam\u00e1: La mula, Semilla, Las calabazas<\/p>\n\n\n\n<p>Santiago de Cuba: Rio Cobre, Siboney, San Juan, Baconao, Guaos-Gasc\u00f3n.<\/p>\n\n\n\n<p>Dr.C. Ofelia P\u00e9rez Montero: Los jefes de proyectos deben de tener las im\u00e1genes de las zonas donde van a trabajar.<\/p>\n\n\n\n<p>Dr.C. Alexis Santiago P\u00e9rez Montero: Definir la escala de trabajo en que se va a plantear la integraci\u00f3n de los mapas.<\/p>\n\n\n\n<p>Dr.C. Ofelia P\u00e9rez Montero: Se debe proyectar y fortalecer la discusi\u00f3n por grupos cient\u00edficos de las principales \u00e1reas de conocimientos, tales como:<\/p>\n\n\n\n<ul class=\"wp-block-list\"><li>Grupo aspectos jur\u00eddicos;<\/li><li>Grupo relacionado con la actividad empresarial en las zonas costeras;<\/li><li>Grupo agenda comunicativa;<\/li><li>Grupo cuencas hidrogr\u00e1ficas.<strong><\/strong><\/li><\/ul>\n\n\n\n<p><strong>Acuerdos:<\/strong><\/p>\n\n\n\n<p>1-. Subir las presentaciones realizadas por los ponentes al grupo Mendeley, cumpliendo con las normas del Manual de Identidad de la Universidad de Oriente.<\/p>\n\n\n\n<p>2-. Se propone por la investigadora MsC. Mar\u00eda Teresa Durand, que un miembro del proyecto pertenezca al Consejo Provincial de cuencas hidrogr\u00e1ficas, por el tiempo que dure el proyecto, a los efectos de mantener un v\u00ednculo directo de las acciones de ciencia en este \u00f3rgano decisor de la provincia para la gesti\u00f3n de cuencas hidrogr\u00e1ficas. Se propone al Dr. Ram\u00f3n Alarc\u00f3n Borges, que se desempe\u00f1a como Jefe del proyecto.<\/p>\n\n\n\n<p>3-. Se propone una capacitaci\u00f3n inicialmente online y luego presencial cuando las condiciones epidemiol\u00f3gicas lo permitan, sobre el SIG QGIS.<\/p>\n\n\n\n<p>4-. Antes de la capacitaci\u00f3n se definir\u00e1n por los investigadores: Rogelio Garc\u00eda, Juan Ram\u00f3n Castellanos y Dayniel Hern\u00e1ndez las principales obras cient\u00edficas que hay que auto estudiar para alcanzar competencias profesionales de uso del SIG QGIS. Se colocar\u00e1n en el gestor bibliogr\u00e1fico que usa el proyecto y en la p\u00e1gina web del centro de estudios.<\/p>\n\n\n\n<p>5-. Se planifica el pr\u00f3ximo taller para el 10 de junio de 2021 a las 9:00 am v\u00eda online. En este taller se realizar\u00e1n las presentaciones de los siguientes grupos de cient\u00edficos:<\/p>\n\n\n\n<ul class=\"wp-block-list\"><li>Grupo aspectos jur\u00eddicos: Dr. Ram\u00f3n Alarc\u00f3n.<\/li><li>Grupo relacionado con la actividad empresarial en las zonas costeras: Dr. Alexis Figueredo.<\/li><li>Grupo agenda comunicativa: MsC. Vivian D\u00edaz, Lic,. Haydee Quiala.<\/li><li>Grupo cuencas hidrogr\u00e1ficas: MsC. Maria Teresa Durand, MsC. Abel Dorta.<strong><\/strong><\/li><\/ul>\n\n\n\n<p>Estos se concentrar\u00e1n en exponer la l\u00ednea base de la tem\u00e1tica central del grupo relacionada con la gobernanza adaptativa en el \u00e1rea de estudio.<\/p>\n\n\n\n<figure class=\"wp-block-image size-large is-resized\"><img loading=\"lazy\" decoding=\"async\" src=\"https:\/\/www.cent.uo.edu.cu\/cemzoc-uo\/files\/2021\/05\/Evidencia_Taller_2-1-1024x473.jpg\" alt=\"\" class=\"wp-image-994\" width=\"735\" height=\"339\" srcset=\"https:\/\/www.cent.uo.edu.cu\/cemzoc-uo\/files\/2021\/05\/Evidencia_Taller_2-1-1024x473.jpg 1024w, https:\/\/www.cent.uo.edu.cu\/cemzoc-uo\/files\/2021\/05\/Evidencia_Taller_2-1-300x139.jpg 300w, https:\/\/www.cent.uo.edu.cu\/cemzoc-uo\/files\/2021\/05\/Evidencia_Taller_2-1-768x355.jpg 768w, https:\/\/www.cent.uo.edu.cu\/cemzoc-uo\/files\/2021\/05\/Evidencia_Taller_2-1.jpg 1295w\" sizes=\"auto, (max-width: 735px) 100vw, 735px\" \/><\/figure>\n\n\n\n<figure class=\"wp-block-image size-large is-resized\"><img loading=\"lazy\" decoding=\"async\" src=\"https:\/\/www.cent.uo.edu.cu\/cemzoc-uo\/files\/2021\/05\/Evidencia_Taller_3-1024x480.jpg\" alt=\"\" class=\"wp-image-995\" width=\"736\" height=\"345\" srcset=\"https:\/\/www.cent.uo.edu.cu\/cemzoc-uo\/files\/2021\/05\/Evidencia_Taller_3-1024x480.jpg 1024w, https:\/\/www.cent.uo.edu.cu\/cemzoc-uo\/files\/2021\/05\/Evidencia_Taller_3-300x141.jpg 300w, https:\/\/www.cent.uo.edu.cu\/cemzoc-uo\/files\/2021\/05\/Evidencia_Taller_3-768x360.jpg 768w, https:\/\/www.cent.uo.edu.cu\/cemzoc-uo\/files\/2021\/05\/Evidencia_Taller_3-642x300.jpg 642w, https:\/\/www.cent.uo.edu.cu\/cemzoc-uo\/files\/2021\/05\/Evidencia_Taller_3.jpg 1330w\" sizes=\"auto, (max-width: 736px) 100vw, 736px\" \/><\/figure>\n\n\n\n<figure class=\"wp-block-image size-large is-resized\"><img loading=\"lazy\" decoding=\"async\" src=\"https:\/\/www.cent.uo.edu.cu\/cemzoc-uo\/files\/2021\/05\/Evidencia_Taller_6-1024x439.jpg\" alt=\"\" class=\"wp-image-996\" width=\"740\" height=\"318\" srcset=\"https:\/\/www.cent.uo.edu.cu\/cemzoc-uo\/files\/2021\/05\/Evidencia_Taller_6-1024x439.jpg 1024w, https:\/\/www.cent.uo.edu.cu\/cemzoc-uo\/files\/2021\/05\/Evidencia_Taller_6-300x129.jpg 300w, https:\/\/www.cent.uo.edu.cu\/cemzoc-uo\/files\/2021\/05\/Evidencia_Taller_6-768x330.jpg 768w, https:\/\/www.cent.uo.edu.cu\/cemzoc-uo\/files\/2021\/05\/Evidencia_Taller_6.jpg 1333w\" sizes=\"auto, (max-width: 740px) 100vw, 740px\" \/><\/figure>\n\n\n\n<p>No habiendo otro asunto que tratar se da por terminado el Taller, siendo las 11:30 am del d\u00eda antes se\u00f1alado, para constancia de lo cual firma la secretaria con visto bueno del jefe de proyecto.<\/p>\n","protected":false},"excerpt":{"rendered":"<p>Acta del I Taller del proyecto de investigaci\u00f3n: Gobernanza adaptativa al cambio clim\u00e1tico en municipios costeros de Cuba. I Taller: Marco te\u00f3rico metodol\u00f3gico y l\u00ednea base. Hora: 9:30 am Modalidad: Online Aspectos conceptuales para abordar la gobernanza adaptativa: referentes te\u00f3ricos,&hellip; <\/p>\n","protected":false},"author":21,"featured_media":0,"parent":285,"menu_order":1,"comment_status":"closed","ping_status":"closed","template":"","meta":{"_mc_calendar":[],"footnotes":""},"class_list":["post-993","page","type-page","status-publish","hentry"],"_links":{"self":[{"href":"https:\/\/www.cent.uo.edu.cu\/cemzoc-uo\/wp-json\/wp\/v2\/pages\/993","targetHints":{"allow":["GET"]}}],"collection":[{"href":"https:\/\/www.cent.uo.edu.cu\/cemzoc-uo\/wp-json\/wp\/v2\/pages"}],"about":[{"href":"https:\/\/www.cent.uo.edu.cu\/cemzoc-uo\/wp-json\/wp\/v2\/types\/page"}],"author":[{"embeddable":true,"href":"https:\/\/www.cent.uo.edu.cu\/cemzoc-uo\/wp-json\/wp\/v2\/users\/21"}],"replies":[{"embeddable":true,"href":"https:\/\/www.cent.uo.edu.cu\/cemzoc-uo\/wp-json\/wp\/v2\/comments?post=993"}],"version-history":[{"count":8,"href":"https:\/\/www.cent.uo.edu.cu\/cemzoc-uo\/wp-json\/wp\/v2\/pages\/993\/revisions"}],"predecessor-version":[{"id":1080,"href":"https:\/\/www.cent.uo.edu.cu\/cemzoc-uo\/wp-json\/wp\/v2\/pages\/993\/revisions\/1080"}],"up":[{"embeddable":true,"href":"https:\/\/www.cent.uo.edu.cu\/cemzoc-uo\/wp-json\/wp\/v2\/pages\/285"}],"wp:attachment":[{"href":"https:\/\/www.cent.uo.edu.cu\/cemzoc-uo\/wp-json\/wp\/v2\/media?parent=993"}],"curies":[{"name":"wp","href":"https:\/\/api.w.org\/{rel}","templated":true}]}}