{"id":127,"date":"2014-01-10T20:18:03","date_gmt":"2014-01-10T20:18:03","guid":{"rendered":"http:\/\/www.cent.uo.edu.cu\/cenpis\/?page_id=127"},"modified":"2017-10-23T14:52:18","modified_gmt":"2017-10-23T14:52:18","slug":"investigacion","status":"publish","type":"page","link":"https:\/\/www.cent.uo.edu.cu\/cenpis\/investigacion\/","title":{"rendered":"Investigaci\u00f3n"},"content":{"rendered":"<h4><strong>Principales l\u00edneas de investigaci\u00f3n:<\/strong><\/h4>\n<h4><strong>Neurotecnolog\u00ed\u00ada<\/strong><\/h4>\n<p>An\u00e1lisis, procesamiento, desarrollo de indicadores, clasificaci\u00f3n y reconocimiento de biose\u00f1ales que reflejen el comportamiento del Sistema Nervioso Central (SNC) para obtener m\u00e9todos, dispositivos y herramientas computacionales que ayuden en el diagn\u00f3stico y seguimiento de enfermedades del mismo. Indicadores cuantitativos a partir del Electroencefalograma (EEG) para el diagn\u00f3stico de patolog\u00edas del SNC. Estudio de movimientos oculares en Ataxia y Esquizofrenia, formas de medici\u00f3n, algoritmos e indicadores robustos a artefactos.<\/p>\n<h4><strong>Sistemas de Visi\u00f3n<\/strong><\/h4>\n<p>Investigaciones en visi\u00f3n por computadora, estudios de forma y textura. Desarrollo de sistemas para el procesamiento, mejoramiento y reconocimiento de im\u00e1genes para identificaci\u00f3n y seguimiento de objetos y personas. Manejo automatizado de equipamiento a estos efectos y desarrollo de aplicaciones.<\/p>\n<h4><strong>Procesamiento de Voz<\/strong><\/h4>\n<p>An\u00e1lisis y procesamiento de Voz, Habla, Llanto Infantil, Reconocimiento de Patrones y estudios de Neuropsicolog\u00eda encaminados al desarrollo de aplicaciones m\u00e9dicas.<\/p>\n<h4><strong>Instrumentaci\u00f3n y procesamiento de se\u00f1ales cardiovasculares<\/strong><\/h4>\n<p>Investigaci\u00f3n de fono y electrocardiograma, estudio de la variabilidad de la frecuencia cardiaca y b\u00fasqueda de indicadores robustos a artefactos. Desarrollo de sistemas para adquirir, procesar y analizar se\u00f1ales cardiovasculares para mejorar el diagn\u00f3stico ante patolog\u00edas. Desarrollo de herramientas computacionales. Electrocardiograf\u00eda de larga duraci\u00f3n y monitoreo cardiaco no invasivo y no restrictivo.<\/p>\n","protected":false},"excerpt":{"rendered":"<p>Principales l\u00edneas de investigaci\u00f3n: Neurotecnolog\u00ed\u00ada An\u00e1lisis, procesamiento, desarrollo de indicadores, clasificaci\u00f3n y reconocimiento de biose\u00f1ales que reflejen el comportamiento del Sistema Nervioso Central (SNC) para obtener m\u00e9todos, dispositivos y herramientas computacionales que ayuden en el diagn\u00f3stico y seguimiento de enfermedades &hellip; <a href=\"https:\/\/www.cent.uo.edu.cu\/cenpis\/investigacion\/\">Sigue leyendo <span class=\"meta-nav\">&rarr;<\/span><\/a><\/p>\n","protected":false},"author":10,"featured_media":0,"parent":0,"menu_order":2,"comment_status":"closed","ping_status":"closed","template":"","meta":{"ngg_post_thumbnail":0,"footnotes":""},"class_list":["post-127","page","type-page","status-publish","hentry"],"_links":{"self":[{"href":"https:\/\/www.cent.uo.edu.cu\/cenpis\/wp-json\/wp\/v2\/pages\/127","targetHints":{"allow":["GET"]}}],"collection":[{"href":"https:\/\/www.cent.uo.edu.cu\/cenpis\/wp-json\/wp\/v2\/pages"}],"about":[{"href":"https:\/\/www.cent.uo.edu.cu\/cenpis\/wp-json\/wp\/v2\/types\/page"}],"author":[{"embeddable":true,"href":"https:\/\/www.cent.uo.edu.cu\/cenpis\/wp-json\/wp\/v2\/users\/10"}],"replies":[{"embeddable":true,"href":"https:\/\/www.cent.uo.edu.cu\/cenpis\/wp-json\/wp\/v2\/comments?post=127"}],"version-history":[{"count":2,"href":"https:\/\/www.cent.uo.edu.cu\/cenpis\/wp-json\/wp\/v2\/pages\/127\/revisions"}],"predecessor-version":[{"id":129,"href":"https:\/\/www.cent.uo.edu.cu\/cenpis\/wp-json\/wp\/v2\/pages\/127\/revisions\/129"}],"wp:attachment":[{"href":"https:\/\/www.cent.uo.edu.cu\/cenpis\/wp-json\/wp\/v2\/media?parent=127"}],"curies":[{"name":"wp","href":"https:\/\/api.w.org\/{rel}","templated":true}]}}