{"id":131,"date":"2014-01-10T20:22:17","date_gmt":"2014-01-10T20:22:17","guid":{"rendered":"http:\/\/www.cent.uo.edu.cu\/cenpis\/?page_id=131"},"modified":"2017-01-27T15:36:27","modified_gmt":"2017-01-27T15:36:27","slug":"grupo-de-neurotecnologia","status":"publish","type":"page","link":"https:\/\/www.cent.uo.edu.cu\/cenpis\/investigacion\/grupos-de-investigacion\/grupo-de-neurotecnologia\/","title":{"rendered":"Grupo de Neurotecnolog\u00eda"},"content":{"rendered":"<h4>L\u00ednea de Trabajo: Neurotecnolog\u00ed\u00ada<\/h4>\n<h4><\/h4>\n<h4>Este grupo tiene como objetivos en su trabajo el desarrollo de herramientas nuevas para analizar e influir sobre el sistema nervioso del ser humano en especial el cerebro. Estas tecnolog\u00edas incluyen simulaciones de modelos neurales, aparatos para interconectar el cerebro con sistemas electr\u00f3nicos y aparatos para medir y analizar la actividad cerebral.<\/h4>\n<h2><\/h2>\n<h2>Jefe de Grupo<\/h2>\n<p><a title=\"Dr.C. Enrique Juan Mara\u00f1\u00f3n Reyes\" href=\"http:\/\/www.cent.uo.edu.cu\/cenpis\/generales\/colectivo\/dr-c-enrique-juan-maranon-reyes\/\">Dr.C. Enrique Juan Mara\u00f1\u00f3n Reyes<\/a><\/p>\n<h2>Integrantes<\/h2>\n<p><a title=\"Ing. Yissel Rodr\u00edguez Aldana\" href=\"http:\/\/www.cent.uo.edu.cu\/cenpis\/generales\/colectivo\/ing-yissel-rodriguez-aldana\/\">Ing. Yissel Rodr\u00edguez Aldana<\/p>\n","protected":false},"excerpt":{"rendered":"<p>L\u00ednea de Trabajo: Neurotecnolog\u00ed\u00ada Este grupo tiene como objetivos en su trabajo el desarrollo de herramientas nuevas para analizar e influir sobre el sistema nervioso del ser humano en especial el cerebro. Estas tecnolog\u00edas incluyen simulaciones de modelos neurales, aparatos &hellip; <a href=\"https:\/\/www.cent.uo.edu.cu\/cenpis\/investigacion\/grupos-de-investigacion\/grupo-de-neurotecnologia\/\">Sigue leyendo <span class=\"meta-nav\">&rarr;<\/span><\/a><\/p>\n","protected":false},"author":10,"featured_media":0,"parent":385,"menu_order":0,"comment_status":"closed","ping_status":"closed","template":"","meta":{"ngg_post_thumbnail":0,"footnotes":""},"class_list":["post-131","page","type-page","status-publish","hentry"],"_links":{"self":[{"href":"https:\/\/www.cent.uo.edu.cu\/cenpis\/wp-json\/wp\/v2\/pages\/131","targetHints":{"allow":["GET"]}}],"collection":[{"href":"https:\/\/www.cent.uo.edu.cu\/cenpis\/wp-json\/wp\/v2\/pages"}],"about":[{"href":"https:\/\/www.cent.uo.edu.cu\/cenpis\/wp-json\/wp\/v2\/types\/page"}],"author":[{"embeddable":true,"href":"https:\/\/www.cent.uo.edu.cu\/cenpis\/wp-json\/wp\/v2\/users\/10"}],"replies":[{"embeddable":true,"href":"https:\/\/www.cent.uo.edu.cu\/cenpis\/wp-json\/wp\/v2\/comments?post=131"}],"version-history":[{"count":4,"href":"https:\/\/www.cent.uo.edu.cu\/cenpis\/wp-json\/wp\/v2\/pages\/131\/revisions"}],"predecessor-version":[{"id":483,"href":"https:\/\/www.cent.uo.edu.cu\/cenpis\/wp-json\/wp\/v2\/pages\/131\/revisions\/483"}],"up":[{"embeddable":true,"href":"https:\/\/www.cent.uo.edu.cu\/cenpis\/wp-json\/wp\/v2\/pages\/385"}],"wp:attachment":[{"href":"https:\/\/www.cent.uo.edu.cu\/cenpis\/wp-json\/wp\/v2\/media?parent=131"}],"curies":[{"name":"wp","href":"https:\/\/api.w.org\/{rel}","templated":true}]}}