{"id":133,"date":"2014-01-10T20:23:52","date_gmt":"2014-01-10T20:23:52","guid":{"rendered":"http:\/\/www.cent.uo.edu.cu\/cenpis\/?page_id=133"},"modified":"2017-10-23T20:42:22","modified_gmt":"2017-10-23T20:42:22","slug":"sesiones-cientificas","status":"publish","type":"page","link":"https:\/\/www.cent.uo.edu.cu\/cenpis\/investigacion\/sesiones-cientificas\/","title":{"rendered":"Sesiones Cient\u00edficas"},"content":{"rendered":"<p><a href=\"http:\/\/www.cent.uo.edu.cu\/cenpis\/ano-2012\/\">Sesiones Cient\u00edficas CENPIS 2012<\/a> (<span style=\"color: #993300\">13<\/span>)<\/p>\n<p><a href=\"http:\/\/www.cent.uo.edu.cu\/cenpis\/ano-2013\/\">Sesiones Cient\u00edficas CENPIS 2013<\/a> (<span style=\"color: #993300\">13<\/span>)<\/p>\n<p><a href=\"http:\/\/www.cent.uo.edu.cu\/cenpis\/ano-2014\/\">Sesiones Cient\u00edficas CENPIS 2014<\/a> (<span style=\"color: #993300\">12<\/span>)<\/p>\n<p><a href=\"http:\/\/www.cent.uo.edu.cu\/cenpis\/ano-2015\/\">Sesiones Cient\u00edficas CENPIS 2015<\/a>\u00a0(<span style=\"color: #993300\">10<\/span>)<\/p>\n<p><a href=\"http:\/\/www.cent.uo.edu.cu\/cenpis\/ano-2016\/\">Sesiones Cient\u00edficas CENPIS 2016<\/a>\u00a0(<span style=\"color: #993300\">5<\/span>)<\/p>\n<p><a href=\"http:\/\/www.cent.uo.edu.cu\/cenpis\/ano-2017\/\">Sesiones Cient\u00edficas CENPIS 2017<\/a>\u00a0<span style=\"color: #000000\">(<span style=\"color: #993300\">5<\/span>)<br \/>\n<\/span><\/p>\n<p>&nbsp;<\/p>\n<p>&nbsp;<\/p>\n","protected":false},"excerpt":{"rendered":"<p>Sesiones Cient\u00edficas CENPIS 2012 (13) Sesiones Cient\u00edficas CENPIS 2013 (13) Sesiones Cient\u00edficas CENPIS 2014 (12) Sesiones Cient\u00edficas CENPIS 2015\u00a0(10) Sesiones Cient\u00edficas CENPIS 2016\u00a0(5) Sesiones Cient\u00edficas CENPIS 2017\u00a0(5) &nbsp; &nbsp;<\/p>\n","protected":false},"author":10,"featured_media":0,"parent":127,"menu_order":5,"comment_status":"closed","ping_status":"closed","template":"","meta":{"ngg_post_thumbnail":0,"footnotes":""},"class_list":["post-133","page","type-page","status-publish","hentry"],"_links":{"self":[{"href":"https:\/\/www.cent.uo.edu.cu\/cenpis\/wp-json\/wp\/v2\/pages\/133","targetHints":{"allow":["GET"]}}],"collection":[{"href":"https:\/\/www.cent.uo.edu.cu\/cenpis\/wp-json\/wp\/v2\/pages"}],"about":[{"href":"https:\/\/www.cent.uo.edu.cu\/cenpis\/wp-json\/wp\/v2\/types\/page"}],"author":[{"embeddable":true,"href":"https:\/\/www.cent.uo.edu.cu\/cenpis\/wp-json\/wp\/v2\/users\/10"}],"replies":[{"embeddable":true,"href":"https:\/\/www.cent.uo.edu.cu\/cenpis\/wp-json\/wp\/v2\/comments?post=133"}],"version-history":[{"count":11,"href":"https:\/\/www.cent.uo.edu.cu\/cenpis\/wp-json\/wp\/v2\/pages\/133\/revisions"}],"predecessor-version":[{"id":805,"href":"https:\/\/www.cent.uo.edu.cu\/cenpis\/wp-json\/wp\/v2\/pages\/133\/revisions\/805"}],"up":[{"embeddable":true,"href":"https:\/\/www.cent.uo.edu.cu\/cenpis\/wp-json\/wp\/v2\/pages\/127"}],"wp:attachment":[{"href":"https:\/\/www.cent.uo.edu.cu\/cenpis\/wp-json\/wp\/v2\/media?parent=133"}],"curies":[{"name":"wp","href":"https:\/\/api.w.org\/{rel}","templated":true}]}}