{"id":137,"date":"2014-01-10T20:25:31","date_gmt":"2014-01-10T20:25:31","guid":{"rendered":"http:\/\/www.cent.uo.edu.cu\/cenpis\/?page_id=137"},"modified":"2017-10-23T14:28:32","modified_gmt":"2017-10-23T14:28:32","slug":"grupo-de-bioingenieria","status":"publish","type":"page","link":"https:\/\/www.cent.uo.edu.cu\/cenpis\/investigacion\/grupos-de-investigacion\/grupo-de-bioingenieria\/","title":{"rendered":"Grupo de Bioingenier\u00eda"},"content":{"rendered":"<h4>L\u00ednea de Trabajo: Instrumentaci\u00f3n y procesamiento de se\u00f1ales cardiovasculares<\/h4>\n<p>Sus antecedentes se remontan al antiguo Grupo de Equipos M\u00e9dicos creado en 1987 en el Departamento de Electr\u00f3nica de la Universidad de Oriente (actualmente, Departamento de Telecomunicaciones) y cuya misi\u00f3n se centr\u00f3 en el dise\u00f1o de equipos m\u00e9dicos (prototipos) dedicados al tratamiento de sangre (M\u00e1quinas de hemodi\u00e1lisis extracorp\u00f3rea y Monitor de Plasmaferesis por Filtraci\u00f3n).<\/p>\n<p>En marzo del 2001, el Grupo de Equipos M\u00e9dicos redefine su perfil investigativo convirti\u00e9ndose en el actual Grupo de Bioingenier\u00eda (GBIO) del Centro de Estudios de Neurociencias y Procesamiento de Im\u00e1genes y Se\u00f1ales (CENPIS). Su misi\u00f3n se ha centrado en el desarrollo de sistemas para adquisici\u00f3n, procesamiento y an\u00e1lisis de se\u00f1ales del sistema cardiovascular.<\/p>\n<p>El GBIO ha mantenido relaciones de trabajo estables con grupos afines en otras universidades, en particular la Universidad Polit\u00e9cnica de Catalu\u00f1a en Barcelona. Tiene publicaciones sobre los temas en los que trabaja, numerosas presentaciones en congresos internacionales, presentaciones y premios nacionales en el Forum de Ciencia y T\u00e9cnica y una destacada participaci\u00f3n en el postgrado.<\/p>\n<h2>Proyectos<\/h2>\n<p>\u201cEvaluaci\u00f3n de la se\u00f1al cardiorespiratoria mediante el an\u00e1lisis del ECG ambulatorio de larga duraci\u00f3n\u201d\u00a0<a title=\"Evaluaci\u00f3n de la se\u00f1al cardiorespiratoria mediante el an\u00e1lisis del ECG ambulatorio de larga duraci\u00f3n.\" href=\"http:\/\/localhost\/wp\/investigacion\/proyectos\/evaluacion-de-la-senal-cardiorespiratoria-mediante-el-analisis-del-ecg-ambulatorio-de-larga-duracion\/\"><em>Leer m\u00e1s\u2026<\/em><\/a><\/p>\n<p>\u201cDevelopment of methods and tools for continuous EEG monitoring in intensive care units in case of vascular brain accidents\u201d\u00a0<a title=\"Development of methods and tools for continuous EEG monitoring in intensive care units in case of vascular brain accidents\" href=\"http:\/\/localhost\/wp\/investigacion\/proyectos\/development-of-methods-and-tools-for-continuous-eeg-monitoring-in-intensive-care-units-in-case-of-vascular-brain-accidents\/\"><em>Leer m\u00e1s\u2026<\/em><\/a><\/p>\n<p>\u201cDevelopment of methods and tools for ambulatory electrocardiographic signal processing and analysis\u201d\u00a0<a title=\"Development of methods and tools for ambulatory electrocardiographic signal processing and analysis\" href=\"http:\/\/localhost\/wp\/investigacion\/proyectos\/development-of-methods-and-tools-for-ambulatory-electrocardiographic-signal-processing-and-analysis\/\">Leer m\u00e1s\u2026\u00a0<\/a><\/p>\n<h2>Jefe de Grupo<\/h2>\n<p><a title=\"Dr.C. Carlos R. V\u00e1zquez Seisdedos\" href=\"http:\/\/www.cent.uo.edu.cu\/cenpis\/generales\/colectivo\/dr-c-carlos-r-vazquez-seisdedos\/\">Dr.C. Carlos R. V\u00e1zquez Seisdedos<\/a><\/p>\n<h2>Integrantes<\/h2>\n<p><a title=\"Dr.C. Fernando E. Vald\u00e9s P\u00e9rez\" href=\"http:\/\/www.cent.uo.edu.cu\/cenpis\/generales\/colectivo\/dr-c-fernando-e-valdes-perez\/\">Dr.C. Fernando E. Vald\u00e9s P\u00e9rez<\/a><\/p>\n","protected":false},"excerpt":{"rendered":"<p>L\u00ednea de Trabajo: Instrumentaci\u00f3n y procesamiento de se\u00f1ales cardiovasculares Sus antecedentes se remontan al antiguo Grupo de Equipos M\u00e9dicos creado en 1987 en el Departamento de Electr\u00f3nica de la Universidad de Oriente (actualmente, Departamento de Telecomunicaciones) y cuya misi\u00f3n se &hellip; <a href=\"https:\/\/www.cent.uo.edu.cu\/cenpis\/investigacion\/grupos-de-investigacion\/grupo-de-bioingenieria\/\">Sigue leyendo <span class=\"meta-nav\">&rarr;<\/span><\/a><\/p>\n","protected":false},"author":10,"featured_media":0,"parent":385,"menu_order":0,"comment_status":"closed","ping_status":"closed","template":"","meta":{"ngg_post_thumbnail":0,"footnotes":""},"class_list":["post-137","page","type-page","status-publish","hentry"],"_links":{"self":[{"href":"https:\/\/www.cent.uo.edu.cu\/cenpis\/wp-json\/wp\/v2\/pages\/137","targetHints":{"allow":["GET"]}}],"collection":[{"href":"https:\/\/www.cent.uo.edu.cu\/cenpis\/wp-json\/wp\/v2\/pages"}],"about":[{"href":"https:\/\/www.cent.uo.edu.cu\/cenpis\/wp-json\/wp\/v2\/types\/page"}],"author":[{"embeddable":true,"href":"https:\/\/www.cent.uo.edu.cu\/cenpis\/wp-json\/wp\/v2\/users\/10"}],"replies":[{"embeddable":true,"href":"https:\/\/www.cent.uo.edu.cu\/cenpis\/wp-json\/wp\/v2\/comments?post=137"}],"version-history":[{"count":5,"href":"https:\/\/www.cent.uo.edu.cu\/cenpis\/wp-json\/wp\/v2\/pages\/137\/revisions"}],"predecessor-version":[{"id":714,"href":"https:\/\/www.cent.uo.edu.cu\/cenpis\/wp-json\/wp\/v2\/pages\/137\/revisions\/714"}],"up":[{"embeddable":true,"href":"https:\/\/www.cent.uo.edu.cu\/cenpis\/wp-json\/wp\/v2\/pages\/385"}],"wp:attachment":[{"href":"https:\/\/www.cent.uo.edu.cu\/cenpis\/wp-json\/wp\/v2\/media?parent=137"}],"curies":[{"name":"wp","href":"https:\/\/api.w.org\/{rel}","templated":true}]}}