{"id":143,"date":"2014-01-10T20:29:18","date_gmt":"2014-01-10T20:29:18","guid":{"rendered":"http:\/\/www.cent.uo.edu.cu\/cenpis\/?page_id=143"},"modified":"2017-10-23T14:45:38","modified_gmt":"2017-10-23T14:45:38","slug":"proyectos","status":"publish","type":"page","link":"https:\/\/www.cent.uo.edu.cu\/cenpis\/investigacion\/proyectos\/","title":{"rendered":"Proyectos"},"content":{"rendered":"<p>\u201cDesarrollo de m\u00e9todos y herramientas para el procesamiento y an\u00e1lisis de movimientos oculares\u201d<a title=\"Desarrollo de m\u00e9todos y herramientas para el procesamiento y an\u00e1lisis de movimientos oculares\" href=\"http:\/\/www.cent.uo.edu.cu\/cenpis\/proyectos\/desarrollo-de-metodos-y-herramientas-para-el-procesamiento-y-analisis-de-movimientos-oculares\/\"><em>Leer m\u00e1s\u2026<\/em><\/a><\/p>\n<p>\u201cEvaluaci\u00f3n de la se\u00f1al cardiorespiratoria mediante el an\u00e1lisis del ECG ambulatorio de larga duraci\u00f3n\u201d\u00a0<a title=\"Evaluaci\u00f3n de la se\u00f1al cardiorespiratoria mediante el an\u00e1lisis del ECG ambulatorio de larga duraci\u00f3n.\" href=\"http:\/\/www.cent.uo.edu.cu\/cenpis\/proyectos\/evaluacion-de-la-senal-cardiorespiratoria-mediante-el-analisis-del-ecg-ambulatorio-de-larga-duracion\/\"><em>Leer m\u00e1s\u2026<\/em><\/a><\/p>\n<p>\u201cIndicadores psicol\u00f3gicos y neurocognitivos para la evaluaci\u00f3n y caracterizaci\u00f3n neuropsicol\u00f3gica y neuroling\u00fc\u00edstica del paciente af\u00e1sico\u201d\u00a0<a title=\"Indicadores psicol\u00f3gicos y neurocognitivos para la evaluaci\u00f3n y caracterizaci\u00f3n neuropsicol\u00f3gica y neuroling\u00fc\u00edstica del paciente af\u00e1sico\" href=\"http:\/\/www.cent.uo.edu.cu\/cenpis\/proyectos\/indicadores-psicologicos-y-neurocognitivos-para-la-evaluacion-y-caracterizacion-neuropsicologica-y-neurolinguistica-del-paciente-afasico\/\"><em>Leer m\u00e1s\u2026<\/em><\/a><\/p>\n<p>\u201cValidaci\u00f3n y normalizaci\u00f3n del test de Exploraci\u00f3n de la Sensibilidad Visual al Movimiento\u201d\u00a0<a title=\"Validaci\u00f3n y normalizaci\u00f3n del test de Exploraci\u00f3n de la Sensibilidad Visual al Movimiento\" href=\"http:\/\/www.cent.uo.edu.cu\/cenpis\/proyectos\/validacion-y-normalizacion-del-test-de-exploracion-de-la-sensibilidad-visual-al-movimiento\/\"><em>Leer m\u00e1s\u2026<\/em><\/a><\/p>\n<p>\u201cDesarrollo de medios de diagn\u00f3stico y seguimiento de patolog\u00edas del SNC y su validaci\u00f3n cl\u00ednica\u201d<a title=\"Desarrollo de medios de diagn\u00f3stico y seguimiento de patolog\u00edas del SNC y su validaci\u00f3n cl\u00ednica\" href=\"http:\/\/www.cent.uo.edu.cu\/cenpis\/proyectos\/desarrollo-de-medios-de-diagnostico-y-seguimiento-de-patologias-del-snc-y-su-validacion-clinica\/\"><em>Leer m\u00e1s\u2026<\/em><\/a><\/p>\n<p>\u201cEstimaci\u00f3n de pose y seguimiento de m\u00faltiples locutores en espacios inteligentes usando fusi\u00f3n audiovisual\u201d\u00a0<a title=\"Estimaci\u00f3n de pose y seguimiento de m\u00faltiples locutores en espacios inteligentes usando fusi\u00f3n audiovisual\" href=\"http:\/\/www.cent.uo.edu.cu\/cenpis\/proyectos\/estimacion-de-pose-y-seguimiento-de-multiples-locutores-en-espacios-inteligentes-usando-fusion-audiovisual\/\"><em>Leer m\u00e1s\u2026<\/em><\/a><\/p>\n<p>\u201cSistema de preprocesamiento y reconocimiento de im\u00e1genes (Saibal)\u201d<a title=\"Saibal\" href=\"http:\/\/www.cent.uo.edu.cu\/cenpis\/proyectos\/saibal\/\">\u00a0<em>Leer m\u00e1s\u2026<\/em><\/a><\/p>\n<p>\u201cDesarrollo de m\u00e9todos y herramientas para el monitoreo intraoperatorio y de EEG continuo\u201d\u00a0<a title=\"Desarrollo de m\u00e9todos y herramientas para monitoreo intraoperatorio y de Electroencefalograf\u00eda continua (EEGc). Es un proyecto asociado a al Programa: Creaci\u00f3n de una Plataforma de I +D  en Neurotecnolog\u00eda.\" href=\"http:\/\/www.cent.uo.edu.cu\/cenpis\/proyectos\/desarrollo-de-metodos-y-herramientas-para-monitoreo-intraoperatorio-y-de-electroencefalografia-continua-eegc-es-un-proyecto-asociado-a-al-programa-creacion-de-una-plataforma-de-i-d-en-neurotecno\/\"><em>Leer m\u00e1s\u2026<\/em><\/a><\/p>\n<p>\u201cValidaci\u00f3n de un preclasificador de llanto Infantil en reci\u00e9n nacidos normales y patol\u00f3gicos con hipoxia\u201d\u00a0<a title=\"Validaci\u00f3n de un preclasificador de llanto Infantil en reci\u00e9n nacidos normales y patol\u00f3gicos con hipoxia.\" href=\"http:\/\/www.cent.uo.edu.cu\/cenpis\/proyectos\/validacion-de-un-preclasificador-de-llanto-infantil-en-recien-nacidos-normales-y-patologicos-con-hipoxia\/\"><em>Leer m\u00e1s\u2026<\/em><\/a><\/p>\n<p>\u201cDevelopment of methods and tools for continuous EEG monitoring in intensive care units in case of vascular brain accidents\u201d\u00a0<a title=\"Development of methods and tools for continuous EEG monitoring in intensive care units in case of vascular brain accidents\" href=\"http:\/\/www.cent.uo.edu.cu\/cenpis\/proyectos\/development-of-methods-and-tools-for-continuous-eeg-monitoring-in-intensive-care-units-in-case-of-vascular-brain-accidents\/\"><em>Leer m\u00e1s\u2026<\/em><\/a><\/p>\n<p>\u201cDevelopment of methods and tools for ambulatory electrocardiographic signal processing and analysis\u201d\u00a0<a title=\"Development of methods and tools for ambulatory electrocardiographic signal processing and analysis\" href=\"http:\/\/www.cent.uo.edu.cu\/cenpis\/proyectos\/development-of-methods-and-tools-for-ambulatory-electrocardiographic-signal-processing-and-analysis\/\"><em>Leer m\u00e1s\u2026<\/em><\/a><\/p>\n<p>\u201cPerceptual evaluation of induced cries from normal and abnormal infants\u201d\u00a0<a title=\"Perceptual evaluation of induced cries from normal and abnormal infants\" href=\"http:\/\/www.cent.uo.edu.cu\/cenpis\/proyectos\/perceptual-evaluation-of-induced-cries-from-normal-and-abnormal-infants\/\"><em>Leer m\u00e1s\u2026<\/em><\/a><\/p>\n","protected":false},"excerpt":{"rendered":"<p>\u201cDesarrollo de m\u00e9todos y herramientas para el procesamiento y an\u00e1lisis de movimientos oculares\u201dLeer m\u00e1s\u2026 \u201cEvaluaci\u00f3n de la se\u00f1al cardiorespiratoria mediante el an\u00e1lisis del ECG ambulatorio de larga duraci\u00f3n\u201d\u00a0Leer m\u00e1s\u2026 \u201cIndicadores psicol\u00f3gicos y neurocognitivos para la evaluaci\u00f3n y caracterizaci\u00f3n neuropsicol\u00f3gica y &hellip; <a href=\"https:\/\/www.cent.uo.edu.cu\/cenpis\/investigacion\/proyectos\/\">Sigue leyendo <span class=\"meta-nav\">&rarr;<\/span><\/a><\/p>\n","protected":false},"author":10,"featured_media":0,"parent":127,"menu_order":1,"comment_status":"closed","ping_status":"closed","template":"","meta":{"ngg_post_thumbnail":0,"footnotes":""},"class_list":["post-143","page","type-page","status-publish","hentry"],"_links":{"self":[{"href":"https:\/\/www.cent.uo.edu.cu\/cenpis\/wp-json\/wp\/v2\/pages\/143","targetHints":{"allow":["GET"]}}],"collection":[{"href":"https:\/\/www.cent.uo.edu.cu\/cenpis\/wp-json\/wp\/v2\/pages"}],"about":[{"href":"https:\/\/www.cent.uo.edu.cu\/cenpis\/wp-json\/wp\/v2\/types\/page"}],"author":[{"embeddable":true,"href":"https:\/\/www.cent.uo.edu.cu\/cenpis\/wp-json\/wp\/v2\/users\/10"}],"replies":[{"embeddable":true,"href":"https:\/\/www.cent.uo.edu.cu\/cenpis\/wp-json\/wp\/v2\/comments?post=143"}],"version-history":[{"count":3,"href":"https:\/\/www.cent.uo.edu.cu\/cenpis\/wp-json\/wp\/v2\/pages\/143\/revisions"}],"predecessor-version":[{"id":362,"href":"https:\/\/www.cent.uo.edu.cu\/cenpis\/wp-json\/wp\/v2\/pages\/143\/revisions\/362"}],"up":[{"embeddable":true,"href":"https:\/\/www.cent.uo.edu.cu\/cenpis\/wp-json\/wp\/v2\/pages\/127"}],"wp:attachment":[{"href":"https:\/\/www.cent.uo.edu.cu\/cenpis\/wp-json\/wp\/v2\/media?parent=143"}],"curies":[{"name":"wp","href":"https:\/\/api.w.org\/{rel}","templated":true}]}}